{"id":9889,"date":"2026-02-04T17:47:54","date_gmt":"2026-02-04T15:47:54","guid":{"rendered":"https:\/\/inprojournal.org\/?page_id=9889"},"modified":"2026-02-04T17:47:54","modified_gmt":"2026-02-04T15:47:54","slug":"2020-6-13","status":"publish","type":"page","link":"https:\/\/inprojournal.org\/en\/2020-6-13\/","title":{"rendered":"2020-6-13"},"content":{"rendered":"\n<p><\/p>\n\n\n\n<div class=\"wp-block-columns is-layout-flex wp-container-core-columns-is-layout-9d6595d7 wp-block-columns-is-layout-flex\">\n<div class=\"wp-block-column is-layout-flow wp-block-column-is-layout-flow\" style=\"flex-basis:33.33%\">\n<figure class=\"wp-block-image size-large is-resized\"><img loading=\"lazy\" decoding=\"async\" width=\"734\" height=\"1024\" src=\"https:\/\/inprojournal.org\/wp-content\/uploads\/2023\/03\/018-cover-734x1024.jpg\" alt=\"\" class=\"wp-image-3609\" style=\"width:217px;height:302px\" srcset=\"https:\/\/inprojournal.org\/wp-content\/uploads\/2023\/03\/018-cover-734x1024.jpg 734w, https:\/\/inprojournal.org\/wp-content\/uploads\/2023\/03\/018-cover-215x300.jpg 215w, https:\/\/inprojournal.org\/wp-content\/uploads\/2023\/03\/018-cover-768x1071.jpg 768w, https:\/\/inprojournal.org\/wp-content\/uploads\/2023\/03\/018-cover-1101x1536.jpg 1101w, https:\/\/inprojournal.org\/wp-content\/uploads\/2023\/03\/018-cover-1468x2048.jpg 1468w, https:\/\/inprojournal.org\/wp-content\/uploads\/2023\/03\/018-cover-scaled.jpg 1835w\" sizes=\"auto, (max-width: 734px) 100vw, 734px\" \/><\/figure>\n\n\n\n<div style=\"height:26px\" aria-hidden=\"true\" class=\"wp-block-spacer\"><\/div>\n\n\n\n<p class=\"has-small-font-size\">Theory and practice of intellectual property<br>\u2116 6 \/ 2020<\/p>\n\n\n\n<p class=\"has-small-font-size\">ISSN (Print) 2308-0361<br>ISSN (Online) 2519-2744<\/p>\n\n\n\n<div class=\"wp-block-buttons has-custom-font-size is-content-justification-left is-layout-flex wp-container-core-buttons-is-layout-fdcfc74e wp-block-buttons-is-layout-flex\" style=\"font-size:10px\">\n<div class=\"wp-block-button is-style-outline is-style-outline--1\"><a class=\"wp-block-button__link has-black-color has-text-color has-custom-font-size wp-element-button\" href=\"https:\/\/drive.google.com\/file\/d\/15tlJIsB10CBLHKkpHSFsHq6ZgIC2DRvD\/view\" style=\"border-radius:10px;font-size:10px\" target=\"_blank\" rel=\"noreferrer noopener\"><img loading=\"lazy\" decoding=\"async\" width=\"14\" height=\"14\" class=\"wp-image-362\" style=\"width: 14px;\" src=\"https:\/\/test.inprojournal.org\/wp-content\/uploads\/2023\/01\/free-icon-pdf-201153.png\" alt=\"\" srcset=\"https:\/\/inprojournal.org\/wp-content\/uploads\/2023\/01\/free-icon-pdf-201153.png 512w, https:\/\/inprojournal.org\/wp-content\/uploads\/2023\/01\/free-icon-pdf-201153-300x300.png 300w, https:\/\/inprojournal.org\/wp-content\/uploads\/2023\/01\/free-icon-pdf-201153-150x150.png 150w, https:\/\/inprojournal.org\/wp-content\/uploads\/2023\/01\/free-icon-pdf-201153-450x450.png 450w, https:\/\/inprojournal.org\/wp-content\/uploads\/2023\/01\/free-icon-pdf-201153-106x106.png 106w, https:\/\/inprojournal.org\/wp-content\/uploads\/2023\/01\/free-icon-pdf-201153-80x80.png 80w\" sizes=\"auto, (max-width: 14px) 100vw, 14px\" \/> PDF (Ukrainian)<\/a><\/div>\n<\/div>\n\n\n\n<div style=\"height:26px\" aria-hidden=\"true\" class=\"wp-block-spacer\"><\/div>\n\n\n\n<p class=\"has-small-font-size\">DOI: <a href=\"https:\/\/doi.org\/10.33731\/62020.234050\">https:\/\/doi.org\/10.33731\/62020.234050<\/a><\/p>\n\n\n\n<p class=\"has-small-font-size\">Published \u00a0\u00a0\u00a0\u00a0\u00a02020-12-01<\/p>\n\n\n\n<div style=\"height:8px\" aria-hidden=\"true\" class=\"wp-block-spacer\"><\/div>\n\n\n\n<figure class=\"wp-block-image size-full is-resized\"><img decoding=\"async\" src=\"https:\/\/inprojournal.org\/wp-content\/uploads\/2025\/11\/CC-2.png\" alt=\"\" class=\"wp-image-6960\" style=\"width:131px;height:auto\"\/><\/figure>\n\n\n\n<p class=\"has-small-font-size\"><\/p>\n\n\n\n<p class=\"has-small-font-size\"><\/p>\n<\/div>\n\n\n\n<div class=\"wp-block-column is-layout-flow wp-block-column-is-layout-flow\" style=\"flex-basis:66.66%\">\n<p class=\"has-medium-font-size\"><strong>Remote work and human capital: new challenges and threats (international experience)<\/strong><\/p>\n\n\n\n<div style=\"height:40px\" aria-hidden=\"true\" class=\"wp-block-spacer\"><\/div>\n\n\n\n<p><strong>Oleksandr Burov<\/strong><br>Ukraine<br><a href=\"https:\/\/orcid.org\/0000-0003-0733-1120\">https:\/\/orcid.org\/0000-0003-0733-1120<\/a><\/p>\n\n\n\n<p><\/p>\n\n\n\n<div style=\"height:40px\" aria-hidden=\"true\" class=\"wp-block-spacer\"><\/div>\n\n\n\n<p><strong>Abstract<br><\/strong>The article considers the role of human capital in the transition to the remote work. The analysis of world changes in the field of safe and effective use of digital business environment and qualification of workforce in the conditions of growth of remote work is carried out. The analysis was conducted in the following areas: general features of the digitalizing in crisis and innovation, a new paradigm of business \u00abData is the new gold\u00bb, the organization of the workforce in the transition to teleworking, the priorities of today&#8217;s professions, the problems of cybersecurity in teleworking.<\/p>\n\n\n\n<p>It has been articulated that the main requirements for the today\u2019s workforce are intellectual and creative abilities, competence in the field of creation and use of ICT, big data (data science, data mining, data analytics) and artificial intelligence, the role of which has grown even more due to the COVID-19 pandemic. The human component of intellectual capital (in the form of knowledge, skills and competencies, as well as intellectual and creative abilities) is gaining new importance in the digital economy.<\/p>\n\n\n\n<p>The analysis of relationship of the crisis and innovation made on the basis of the Clarivate Derwent report has demonstrated the impact of the pandemic on the global life cycle of research and innovation projects in the first half of 2020, namely that COVID-19 violated innovation strategy of the innovative leaders worldwide. The analysis has demonstrated: in the new conditions of accelerated digitalization, ingenuity and speed of decision-making and innovation are needed more than ever. These priorities will affect the world economy in the coming year.<\/p>\n\n\n\n<p>Special attention in analysis has been paid to the new business paradigm related to use and role of data. It was highlighted that digitization generates vast amounts of data that offer many opportunities for business, human well-being, and the environment. As a result, new capabilities and opportunities arise for business with the ecosystem of cooperation and partnership, as well as collaboration of stakeholders.<\/p>\n\n\n\n<p>The core of changes in digitalization is reskilling and upskilling of the workforce accounting new workplaces and new requirements for them. It is recognized that talent management and creative people selection can be the main engine in future transformation of economics, and workforce becomes an effective pole for investments. At the same time, it is argued that remote worker is outside the scope of corporate protection, and virtually any production information, like human capital, becomes much more vulnerable in such conditions and requires appropriate cybersecurity methods.<\/p>\n\n\n\n<p>As a conclusion, it is articulated that the ability of companies to use big data is beginning to play a significant role in the economy, which in turn requires the involvement and training of data processing and analysis specialists. The direction of professions that is being actively formed recently \u2014 data science \u2014 is one of the most priority in the labor market. At the same time, the labor market needs skills and abilities in the field of interpersonal communication (soft skills), which are able to ensure the effective operation of people and systems of hybrid intelligence \u00abhuman-artificial intelligence\u00bb.<\/p>\n\n\n\n<p>For the further research it has been recommended a comprehensive study of protection of objects and subjects of intellectual property in open networks.<\/p>\n\n\n\n<p><strong>Keywords: <\/strong>human capital, remote work, cybersecurity, workforce, digital economics<\/p>\n\n\n\n<div style=\"height:40px\" aria-hidden=\"true\" class=\"wp-block-spacer\"><\/div>\n\n\n\n<p><strong>References<\/strong><\/p>\n\n\n\n<p>Shaping the Future of Digital Economy and New Value Creation. 2020 World Economic Forum.<br><a href=\"https:\/\/www.weforum.org\/platforms\/shaping-the-future-of-digital-economy-and-new-value-creation\">https:\/\/www.weforum.org\/platforms\/shaping-the-future-of-digital-economy-and-new-value-creation<\/a><\/p>\n\n\n\n<p>Reddy S., Morelix A. Companies now face an urgent choice: go digital, or go bust. 2020 World Economic Forum, 19 Oct 2020.<br><a href=\"https:\/\/www.weforum.org\/agenda\/2020\/10\/digital-transformation-or-bust\/\">https:\/\/www.weforum.org\/agenda\/2020\/10\/digital-transformation-or-bust\/<\/a><\/p>\n\n\n\n<p>Insider intelegent.<br><a href=\"https:\/\/www.emarketer.com\/content\/global-ecommerce-2020\">https:\/\/www.emarketer.com\/content\/global-ecommerce-2020<\/a><\/p>\n\n\n\n<p>Koz\u00e1k, S., Ru\u017eick\u00fd, E., \u0160tefanovi\u010d, J., &#038; Schindler, F. Research an education for industry 4.0: Present development. Cybernetics &#038; Informatics (K&#038;I). 2018. P.1\u22128.<\/p>\n\n\n\n<p>The Global Risks Report. World Economic Forum. January 2020.<br><a href=\"http:\/\/reports.weforum.org\/global-risks-report-2020\/\">http:\/\/reports.weforum.org\/global-risks-report-2020\/<\/a><\/p>\n\n\n\n<p>Kim Jinyoung and Park Cyn-Young: Education, Skill Training, and Lifelong Learning in the Era of Technological Revolution. Asian Development Bank Economics Working Paper Series. # 606, (January 2020).<\/p>\n\n\n\n<p>\u0411\u0438\u043a\u043e\u0432 \u0412. \u042e. \u0426\u0438\u0444\u0440\u043e\u0432\u0430 \u0442\u0440\u0430\u043d\u0441\u0444\u043e\u0440\u043c\u0430\u0446\u0456\u044f \u0441\u0443\u0441\u043f\u0456\u043b\u044c\u0441\u0442\u0432\u0430 \u0456 \u0440\u043e\u0437\u0432\u0438\u0442\u043e\u043a \u043a\u043e\u043c\u043f\u2019\u044e\u0442\u0435\u0440\u043d\u043e-\u0442\u0435\u0445\u043d\u043e\u043b\u043e\u0433\u0456\u0447\u043d\u043e\u0457 \u043f\u043b\u0430\u0442\u0444\u043e\u0440\u043c\u0438 \u043e\u0441\u0432\u0456\u0442\u0438 \u0456 \u043d\u0430\u0443\u043a\u0438 \u0423\u043a\u0440\u0430\u0457\u043d\u0438. \u041c\u0430\u0442\u0435\u0440\u0456\u0430\u043b\u0438 \u043c\u0435\u0442\u043e\u0434\u043e\u043b\u043e\u0433\u0456\u0447\u043d\u043e\u0433\u043e \u0441\u0435\u043c\u0456\u043d\u0430\u0440\u0443 \u041d\u0410\u041f\u041d \u0423\u043a\u0440\u0430\u0457\u043d\u0438 \u00ab\u0406\u043d\u0444\u043e\u0440\u043c\u0430\u0446\u0456\u0439\u043d\u043e-\u0446\u0438\u0444\u0440\u043e\u0432\u0438\u0439 \u043e\u0441\u0432\u0456\u0442\u043d\u0456\u0439 \u043f\u0440\u043e\u0441\u0442\u0456\u0440 \u0423\u043a\u0440\u0430\u0457\u043d\u0438: \u0442\u0440\u0430\u043d\u0441\u0444\u043e\u0440\u043c\u0430\u0446\u0456\u0439\u043d\u0456 \u043f\u0440\u043e\u0446\u0435\u0441\u0438 \u0456 \u043f\u0435\u0440\u0441\u043f\u0435\u043a\u0442\u0438\u0432\u0438 \u0440\u043e\u0437\u0432\u0438\u0442\u043a\u0443\u00bb. 4 \u043a\u0432\u0456\u0442\u043d\u044f 2019 \u0440. \/ \u0437\u0430 \u0440\u0435\u0434. \u0412. \u0413. \u041a\u0440\u0435\u043c\u0435\u043d\u044f, \u041e. \u0406. \u041b\u044f\u0448\u0435\u043d\u043a\u0430. \u041a\u0438\u0457\u0432 , 2019. \u0421. 20\u221226.<\/p>\n\n\n\n<p>Jesuthasan R., Chan Q. What talent means in the post-COVID-19 workplace. World Economic Forum.<br><a href=\"https:\/\/www.weforum.org\/agenda\/2020\/08\/work-talent-human-capital-covid-19\/\">https:\/\/www.weforum.org\/agenda\/2020\/08\/work-talent-human-capital-covid-19\/<\/a><\/p>\n\n\n\n<p>Resetting the Future of Work Agenda: Disruption and Renewal in a Post-COVID World. WHITE PAPER, October 2020. 2020 World Economic Forum.<br><a href=\"http:\/\/www3.weforum.org\/docs\/WEF_NES_Resetting_FOW_Agenda_2020.pdf\">http:\/\/www3.weforum.org\/docs\/WEF_NES_Resetting_FOW_Agenda_2020.pdf<\/a><\/p>\n\n\n\n<p>Sowmyanarayan S. Recreating Work as a Blend of Virtual and Physical Experiences. Harvard Business Review Analytic Services. September 21, 2020.<br><a href=\"https:\/\/hbr.org\/sponsored\/2020\/09\/recreating-work-as-a-blend-of-virtual-and-physical-experiences-2\">https:\/\/hbr.org\/sponsored\/2020\/09\/recreating-work-as-a-blend-of-virtual-and-physical-experiences-2<\/a><\/p>\n\n\n\n<p>Weiner J A radical new strategy for lifetime reskilling must be the bedrock of UK economic recovery. Confederation of British Industry. October 19, 2020.<br><a href=\"https:\/\/www.cbi.org.uk\/media-centre\/articles\/a-radical-new-strategy-for-lifetime-reskilling-must-be-the-bedrock-of-uk-economic-recovery-cbi\/\">https:\/\/cbi.org.uk\/media-centre\/articles\/a-radical-new-strategy-for-lifetime-reskilling-must-be-the-bedrock-of-uk-economic-recovery-cbi\/<\/a><\/p>\n\n\n\n<p>The Future of Jobs 2020. October 2020. 2020 World Economic Forum.<br><a href=\"https:\/\/weforum.org\">https:\/\/weforum.org<\/a><\/p>\n\n\n\n<p>Javed N. Future Economy: Upskilling Exporters &#038; Reskilling Manufacturers. Modern Diplomacy. October 18. 2020.<br><a href=\"https:\/\/moderndiplomacy.eu\/2020\/10\/18 \/future-economy-upskilling-exporters-reskilling-manufacturers\/\">https:\/\/moderndiplomacy.eu\/2020\/10\/18 \/future-economy-upskilling-exporters-reskilling-manufacturers\/<\/a><\/p>\n\n\n\n<p>Schwab, Klaus. The Fourth Industrial Revolution: what it means, how to respond. January 14, 2016.<br><a href=\"https:\/\/www.weforum.org\/agenda\/2016\/01\/the-fourth-industrial-revolution-what-it-means-and-how-to-respond\/\">https:\/\/www.weforum.org\/agenda\/2016\/01\/the-fourth-industrial-revolution-what-it-means-and-how-to-respond\/<\/a><\/p>\n\n\n\n<p>Manavi J. The Next Normal: Building resilience in the post-COVID-19 workspace. Observer research foundation. Oct 20. 2020.<br><a href=\"https:\/\/www.orfonline.org\/expert-speak\/next-normal-building-resilience-post-covid19-workspace\/\">https:\/\/www.orfonline.org\/expert-speak\/next-normal-building-resilience-post-covid19-workspace\/<\/a><\/p>\n\n\n\n<p>The Future of Work. A Nexus of Strategy and Execution. Harvard Business Review. Business Analytics. Dec 6, 2019. Harvard Business School Publishing.<br><a href=\"https:\/\/hbr.org\/hbr-analytic-services\">https:\/\/hbr.org\/hbr-analytic-services<\/a><\/p>\n\n\n\n<p>Walsh A., Resch R. 6 ways the COVID-19 pandemic could change our approach to human capital. 2020 World Economic Forum. 6 Aug, 2020.<br><a href=\"https:\/\/www.weforum.org\/agenda\/2020\/08\/6-ways-covid-19-will-advance-human-capital-strategies-and-governance\/\">https:\/\/weforum.org\/agenda\/2020\/08\/6-ways-covid-19-will-advance-human-capital-strategies-and-governance\/<\/a><\/p>\n\n\n\n<p>Hockey G. R. J., Gaillard A. W. K., Burov O. Operator functional state: the assessment and prediction of human performance degradation in complex tasks. IOS Press. 2003. 384 p.<\/p>\n\n\n\n<p>RSI Security. What is cyber resilience and why is it important? August 14, 2019.<br><a href=\"https:\/\/blog.rsisecurity.com\/what-is-cyber-resilience-and-why-is-it-important\/\">https:\/\/blog.rsisecurity.com\/what-is-cyber-resilience-and-why-is-it-important\/<\/a><\/p>\n\n\n\n<p>Chasing change: Innovation and patent activity during COVID-19. Clarivate Derwent.<br><a href=\"https:\/\/clarivate.com\/derwent\/wp-content\/uploads\/sites\/3\/dlm_uploads \/2020\/06\/DW507408683-COVID-19-Report_FINAL.pdf?utm_campaign=EM1_ Report_Derwent_COVID_19_Survey_Apr_IPS_Global_2020_ClientsProspects\">https:\/\/clarivate.com\/derwent\/wp-content\/uploads\/sites\/3\/dlm_uploads \/2020\/06\/DW507408683-COVID-19-Report_FINAL.pdf?utm_campaign=EM1_ Report_Derwent_COVID_19_Survey_Apr_IPS_Global_2020_ClientsProspects<\/a><\/p>\n\n\n\n<p>Derwent Top 100 Global Innovators 2020. Clarivate Analytics.<br><a href=\"https:\/\/clarivate.com\/derwent\/wp-content\/uploads\/sites\/3\/dlm_uploads\/2020\/02\/Top100_FINAL_DigitalONLY.pdf\">https:\/\/clarivate.com\/derwent\/wp-content\/uploads\/sites\/3\/dlm_uploads\/2020\/02\/Top100_FINAL_DigitalONLY.pdf<\/a><\/p>\n\n\n\n<p>A New Paradigm for Business of Data. Briefing paper July 29, 2020. World Economic Forum.<br><a href=\"https:\/\/www.weforum.org\/reports\/new-paradigm-for-business-of-data\">https:\/\/www.weforum.org\/reports\/new-paradigm-for-business-of-data<\/a><\/p>\n\n\n\n<p>Vigliarolo B. Employees new to working remotely are a security risk. Security, June 22, 2020.<br><a href=\"https:\/\/www.techrepublic.com\/article\/employees-new-to-working-remotely-are-a-security-risk\/\">https:\/\/www.techrepublic.com\/article\/employees-new-to-working-remotely-are-a-security-risk\/<\/a><\/p>\n\n\n\n<p>Pipikaite A., and Davis N. Why cybersecurity matters more than ever during the coronavirus pandemic. World Economic Forum.<br><a href=\"https:\/\/www.weforum.org\/agenda\/2020\/03\/coronavirus-pandemic-cybersecurity.2020\">https:\/\/www.weforum.org\/agenda\/2020\/03\/coronavirus-pandemic-cybersecurity.2020<\/a><\/p>\n\n\n\n<p>\u0411\u0438\u043a\u043e\u0432 \u0412. \u042e., \u0411\u0443\u0440\u043e\u0432 \u041e. \u042e., \u0414\u0435\u043c\u0435\u043d\u0442\u0456\u0454\u0432\u0441\u044c\u043a\u0430 \u041d. \u041f. \u041a\u0456\u0431\u0435\u0440\u0431\u0435\u0437\u043f\u0435\u043a\u0430 \u0432 \u0446\u0438\u0444\u0440\u043e\u0432\u043e\u043c\u0443 \u043d\u0430\u0432\u0447\u0430\u043b\u044c\u043d\u043e\u043c\u0443 \u0441\u0435\u0440\u0435\u0434\u043e\u0432\u0438\u0449\u0456. \u0406\u043d\u0444\u043e\u0440\u043c\u0430\u0446\u0456\u0439\u043d\u0456 \u0442\u0435\u0445\u043d\u043e\u043b\u043e\u0433\u0456\u0457 \u0456 \u0437\u0430\u0441\u043e\u0431\u0438 \u043d\u0430\u0432\u0447\u0430\u043d\u043d\u044f. 2019. \u0422\u043e\u043c. 70. \u2116 2. \u0421. 313\u2212331.<br><a href=\"https:\/\/journal.iitta.gov.ua\/index.php\/itlt\/article\/view\/2876\">https:\/\/journal.iitta.gov.ua\/index.php\/itlt\/article\/view\/2876<\/a><\/p>\n<\/div>\n<\/div>\n","protected":false},"excerpt":{"rendered":"<p>Theory and practice of intellectual property\u2116 6 \/ 2020 ISSN (Print) 2308-0361ISSN (Online) 2519-2744 DOI: https:\/\/doi.org\/10.33731\/62020.234050 Published \u00a0\u00a0\u00a0\u00a0\u00a02020-12-01 Remote work and human capital: new challenges and threats (international experience) Oleksandr BurovUkrainehttps:\/\/orcid.org\/0000-0003-0733-1120 AbstractThe article considers the role of human capital in the transition to the remote work. The analysis of world changes in the field of [&hellip;]<\/p>\n","protected":false},"author":1,"featured_media":0,"parent":0,"menu_order":0,"comment_status":"closed","ping_status":"closed","template":"","meta":{"footnotes":""},"class_list":["post-9889","page","type-page","status-publish","hentry"],"_links":{"self":[{"href":"https:\/\/inprojournal.org\/en\/wp-json\/wp\/v2\/pages\/9889","targetHints":{"allow":["GET"]}}],"collection":[{"href":"https:\/\/inprojournal.org\/en\/wp-json\/wp\/v2\/pages"}],"about":[{"href":"https:\/\/inprojournal.org\/en\/wp-json\/wp\/v2\/types\/page"}],"author":[{"embeddable":true,"href":"https:\/\/inprojournal.org\/en\/wp-json\/wp\/v2\/users\/1"}],"replies":[{"embeddable":true,"href":"https:\/\/inprojournal.org\/en\/wp-json\/wp\/v2\/comments?post=9889"}],"version-history":[{"count":2,"href":"https:\/\/inprojournal.org\/en\/wp-json\/wp\/v2\/pages\/9889\/revisions"}],"predecessor-version":[{"id":9891,"href":"https:\/\/inprojournal.org\/en\/wp-json\/wp\/v2\/pages\/9889\/revisions\/9891"}],"wp:attachment":[{"href":"https:\/\/inprojournal.org\/en\/wp-json\/wp\/v2\/media?parent=9889"}],"curies":[{"name":"wp","href":"https:\/\/api.w.org\/{rel}","templated":true}]}}