{"id":9683,"date":"2026-02-01T15:07:53","date_gmt":"2026-02-01T13:07:53","guid":{"rendered":"https:\/\/inprojournal.org\/?page_id=9683"},"modified":"2026-02-05T12:45:07","modified_gmt":"2026-02-05T10:45:07","slug":"2021-1-1","status":"publish","type":"page","link":"https:\/\/inprojournal.org\/en\/2021-1-1\/","title":{"rendered":"2021-1-1"},"content":{"rendered":"\n<p><\/p>\n\n\n\n<div class=\"wp-block-columns is-layout-flex wp-container-core-columns-is-layout-9d6595d7 wp-block-columns-is-layout-flex\">\n<div class=\"wp-block-column is-layout-flow wp-block-column-is-layout-flow\" style=\"flex-basis:33.33%\">\n<figure class=\"wp-block-image size-large is-resized\"><img loading=\"lazy\" decoding=\"async\" width=\"734\" height=\"1024\" src=\"https:\/\/inprojournal.org\/wp-content\/uploads\/2023\/03\/018-cover-734x1024.jpg\" alt=\"\" class=\"wp-image-3609\" style=\"width:217px;height:302px\" srcset=\"https:\/\/inprojournal.org\/wp-content\/uploads\/2023\/03\/018-cover-734x1024.jpg 734w, https:\/\/inprojournal.org\/wp-content\/uploads\/2023\/03\/018-cover-215x300.jpg 215w, https:\/\/inprojournal.org\/wp-content\/uploads\/2023\/03\/018-cover-768x1071.jpg 768w, https:\/\/inprojournal.org\/wp-content\/uploads\/2023\/03\/018-cover-1101x1536.jpg 1101w, https:\/\/inprojournal.org\/wp-content\/uploads\/2023\/03\/018-cover-1468x2048.jpg 1468w, https:\/\/inprojournal.org\/wp-content\/uploads\/2023\/03\/018-cover-scaled.jpg 1835w\" sizes=\"auto, (max-width: 734px) 100vw, 734px\" \/><\/figure>\n\n\n\n<div style=\"height:26px\" aria-hidden=\"true\" class=\"wp-block-spacer\"><\/div>\n\n\n\n<p class=\"has-small-font-size\">Theory and practice of intellectual property<br>\u2116 1 \/ 2021<\/p>\n\n\n\n<p class=\"has-small-font-size\">ISSN (Print) 2308-0361<br>ISSN (Online) 2519-2744<\/p>\n\n\n\n<div class=\"wp-block-buttons has-custom-font-size is-content-justification-left is-layout-flex wp-container-core-buttons-is-layout-fdcfc74e wp-block-buttons-is-layout-flex\" style=\"font-size:10px\">\n<div class=\"wp-block-button is-style-outline is-style-outline--1\"><a class=\"wp-block-button__link has-black-color has-text-color has-custom-font-size wp-element-button\" href=\"https:\/\/drive.google.com\/file\/d\/1AtGYsGyer7qaGDYdbNAV4ZGp0DpI_06v\/view\" style=\"border-radius:10px;font-size:10px\" target=\"_blank\" rel=\"noreferrer noopener\"><img loading=\"lazy\" decoding=\"async\" width=\"14\" height=\"14\" class=\"wp-image-362\" style=\"width: 14px;\" src=\"https:\/\/test.inprojournal.org\/wp-content\/uploads\/2023\/01\/free-icon-pdf-201153.png\" alt=\"\" srcset=\"https:\/\/inprojournal.org\/wp-content\/uploads\/2023\/01\/free-icon-pdf-201153.png 512w, https:\/\/inprojournal.org\/wp-content\/uploads\/2023\/01\/free-icon-pdf-201153-300x300.png 300w, https:\/\/inprojournal.org\/wp-content\/uploads\/2023\/01\/free-icon-pdf-201153-150x150.png 150w, https:\/\/inprojournal.org\/wp-content\/uploads\/2023\/01\/free-icon-pdf-201153-450x450.png 450w, https:\/\/inprojournal.org\/wp-content\/uploads\/2023\/01\/free-icon-pdf-201153-106x106.png 106w, https:\/\/inprojournal.org\/wp-content\/uploads\/2023\/01\/free-icon-pdf-201153-80x80.png 80w\" sizes=\"auto, (max-width: 14px) 100vw, 14px\" \/> PDF (Ukrainian)<\/a><\/div>\n<\/div>\n\n\n\n<div style=\"height:26px\" aria-hidden=\"true\" class=\"wp-block-spacer\"><\/div>\n\n\n\n<p class=\"has-small-font-size\">DOI: <a href=\"https:\/\/doi.org\/10.33731\/12021.234167\">https:\/\/doi.org\/10.33731\/12021.234167<\/a><\/p>\n\n\n\n<p class=\"has-small-font-size\">Published \u00a0\u00a0\u00a0\u00a0\u00a02021-02-01<\/p>\n\n\n\n<div style=\"height:8px\" aria-hidden=\"true\" class=\"wp-block-spacer\"><\/div>\n\n\n\n<figure class=\"wp-block-image size-full is-resized\"><img decoding=\"async\" src=\"https:\/\/inprojournal.org\/wp-content\/uploads\/2025\/11\/CC-2.png\" alt=\"\" class=\"wp-image-6960\" style=\"width:131px;height:auto\"\/><\/figure>\n\n\n\n<p class=\"has-small-font-size\"><\/p>\n\n\n\n<p class=\"has-small-font-size\"><\/p>\n<\/div>\n\n\n\n<div class=\"wp-block-column is-layout-flow wp-block-column-is-layout-flow\" style=\"flex-basis:66.66%\">\n<p class=\"has-medium-font-size\"><strong>Legal regulation of creative industries in Ukraine<\/strong><\/p>\n\n\n\n<div style=\"height:40px\" aria-hidden=\"true\" class=\"wp-block-spacer\"><\/div>\n\n\n\n<p><strong>Olha Ulitina<\/strong><br>Ukraine<br><a href=\"https:\/\/orcid.org\/0000-0003-0230-9477\">https:\/\/orcid.org\/0000-0003-0230-9477<\/a><\/p>\n\n\n\n<p><strong>Daria Pyliuchenko<\/strong><br>Ukraine<br><a href=\"https:\/\/orcid.org\/0000-0002-3318-3793\">https:\/\/orcid.org\/0000-0002-3318-3793<\/a><\/p>\n\n\n\n<div style=\"height:40px\" aria-hidden=\"true\" class=\"wp-block-spacer\"><\/div>\n\n\n\n<p><strong>Abstract<br><\/strong>Creative industries \u2014 is a field that exists at the intersection of economics, law and other sciences. In a modern world, where creativity comes to the fore, the relevance of creative industries is growing every day. Creative industries are of great importance for the development of culture, entertainment and tourism.<\/p>\n\n\n\n<p>Fields related to the creative industries are primarily characterized by great creative potential. Their development and support at the state level are the key points to the economic prosperity and strengthening the relations between foreign countries. Given the great importance of creative industries in the current existence of developed countries, it is important to create conditions for their most effective functioning, and this primarily applies to the legal regulation in these areas.<\/p>\n\n\n\n<p>The rapid changes in society, which is influenced by the creative industries, indicates that the legal system, legislation and doctrinal concepts in this area need to be updated.<\/p>\n\n\n\n<p>The article deals with the issues of creative industries legal regulation in Ukraine. The article reveals the essence of the concept of creative industries and highlights the main features that characterize them. Different approaches to defining the concept of creative industries are revealed. The historical development of this concept in the context of economics and law is considered. The correlation of the creative industries with intellectual property, and with copyright in particular, has been determined.<\/p>\n\n\n\n<p>The authors review the main legislative acts that are designed to regulate the activities in creative industries. Certain problematic issues in this context are revealed, in particular gaps and conflicts in the conceptual apparatus used in the field of creative industries legal regulation.<\/p>\n\n\n\n<p>The legal regulation of the creative industries is largely based on the legal provisions of intellectual property law, because the creative industries activities are closely linked to the creation and use of intellectual property objects, including copyright. However, each industry also has a list of legislation that is narrower and focuses on<br>the specifics of this area.<\/p>\n\n\n\n<p><strong>Keywords: <\/strong>creative industries, culture industries, creative economy, intellectual property, copyright<\/p>\n\n\n\n<div style=\"height:40px\" aria-hidden=\"true\" class=\"wp-block-spacer\"><\/div>\n\n\n\n<p><strong>References<\/strong><\/p>\n\n\n\n<p>Alejandra Luzardo, Leticia Gasca Launching an Orange Future: Fifteen Questions for Getting to Know the Creative Entrepreneurs of Latin America and the Caribbean. Inter-American Development Bank, 2018. 160 \u0441.<\/p>\n\n\n\n<p>Max Horkheimer, Theodor W. Adorno Dialectic of enlightenment: philosophical fragments \/ edited by Gunzelin Schmid Noerr ; translated by Edmund Jephcott. [Stanford, Calif.] : Stanford University Press, 2002. 282 \u0441.<\/p>\n\n\n\n<p>Creative Industries Mapping (2001).<br><a href=\"https:\/\/assets.publishing.service.gov.uk\/government\/uploads\/system\/uploads\/attachment_data\/file\/183544\/2001part1-foreword2001.pdf\">https:\/\/assets.publishing.service.gov.uk\/government\/uploads\/system\/uploads\/attachment_data\/file\/183544\/2001part1-foreword2001.pdf<\/a><\/p>\n\n\n\n<p>Ugn\u0117 Daubarait\u0117, Gra\u017eina Startiene The Role of Creative Industries in Economic Development of Lithuania and Latvia. Eurasian Studies in Business and Economics, 2016. 91\u2013103 \u0441.<br><a href=\"https:\/\/doi.org\/10.1007\/978-3-319-46319-3_5\">https:\/\/doi.org\/10.1007\/978-3-319-46319-3_5<\/a><\/p>\n\n\n\n<p>What do we Mean by the Cultural and Creative Industries?<br><a href=\"https:\/\/en.unesco.org\/creativity\/sites\/creativity\/files\/digital-library\/What%20Do%20We%20Mean%20by%20CCI.PDF\">https:\/\/en.unesco.org\/creativity\/sites\/creativity\/files\/digital-library\/What%20Do%20We%20Mean%20by%20CCI.PDF<\/a><\/p>\n\n\n\n<p>\u041f\u0440\u043e \u043a\u0443\u043b\u044c\u0442\u0443\u0440\u0443 : \u0417\u0430\u043a\u043e\u043d \u0423\u043a\u0440\u0430\u0457\u043d\u0438 \u0432\u0456\u0434 14.12.2010 \u0440. \u2116 2778-VI. \u0414\u0430\u0442\u0430 \u043e\u043d\u043e\u0432\u043b\u0435\u043d\u043d\u044f: 16.07.2020.<br><a href=\"https:\/\/zakon.rada.gov.ua\/laws\/show\/2778-17\/ed20200716#Text\">https:\/\/zakon.rada.gov.ua\/laws\/show\/2778-17\/ed20200716#Text<\/a><\/p>\n\n\n\n<p>\u041f\u0440\u043e \u0437\u0430\u0442\u0432\u0435\u0440\u0434\u0436\u0435\u043d\u043d\u044f \u0432\u0438\u0434\u0456\u0432 \u0435\u043a\u043e\u043d\u043e\u043c\u0456\u0447\u043d\u043e\u0457 \u0434\u0456\u044f\u043b\u044c\u043d\u043e\u0441\u0442\u0456, \u044f\u043a\u0456 \u043d\u0430\u043b\u0435\u0436\u0430\u0442\u044c \u0434\u043e \u043a\u0440\u0435\u0430\u0442\u0438\u0432\u043d\u0438\u0445 \u0456\u043d\u0434\u0443\u0441\u0442\u0440\u0456\u0439 : \u0440\u043e\u0437\u043f\u043e\u0440\u044f\u0434\u0436\u0435\u043d\u043d\u044f \u041a\u0430\u0431\u0456\u043d\u0435\u0442\u0443 \u041c\u0456\u043d\u0456\u0441\u0442\u0440\u0456\u0432 \u0423\u043a\u0440\u0430\u0457\u043d\u0438 \u0432\u0456\u0434 24.04.2019 \u0440. \u2116 265-\u0440.<br><a href=\"https:\/\/zakon.rada.gov.ua\/laws\/show\/265-2019-\u0440#Text\">https:\/\/zakon.rada.gov.ua\/laws\/show\/265-2019-\u0440#Text<\/a><\/p>\n\n\n\n<p>\u041f\u0440\u043e \u0430\u0432\u0442\u043e\u0440\u0441\u044c\u043a\u0435 \u043f\u0440\u0430\u0432\u043e \u0456 \u0441\u0443\u043c\u0456\u0436\u043d\u0456 \u043f\u0440\u0430\u0432\u0430 : \u0417\u0430\u043a\u043e\u043d \u0423\u043a\u0440\u0430\u0457\u043d\u0438 \u0432\u0456\u0434 23.12.1993 \u0440. \u2116\u20083792-XII.<br><a href=\"https:\/\/zakon.rada.gov.ua\/laws\/show\/3792-12#Text\">https:\/\/zakon.rada.gov.ua\/laws\/show\/3792-12#Text<\/a><\/p>\n\n\n\n<p>\u041f\u0440\u043e \u0437\u0430\u0442\u0432\u0435\u0440\u0434\u0436\u0435\u043d\u043d\u044f \u043c\u0456\u043d\u0456\u043c\u0430\u043b\u044c\u043d\u0438\u0445 \u0441\u0442\u0430\u0432\u043e\u043a \u0432\u0438\u043d\u0430\u0433\u043e\u0440\u043e\u0434\u0438 (\u0440\u043e\u044f\u043b\u0442\u0456) \u0437\u0430 \u0432\u0438\u043a\u043e\u0440\u0438\u0441\u0442\u0430\u043d\u043d\u044f \u043e\u0431\u2019\u0454\u043a\u0442\u0456\u0432 \u0430\u0432\u0442\u043e\u0440\u0441\u044c\u043a\u043e\u0433\u043e \u043f\u0440\u0430\u0432\u0430 \u0456 \u0441\u0443\u043c\u0456\u0436\u043d\u0438\u0445 \u043f\u0440\u0430\u0432 : \u043f\u043e\u0441\u0442\u0430\u043d\u043e\u0432\u0430 \u041a\u0430\u0431\u0456\u043d\u0435\u0442\u0443 \u041c\u0456\u043d\u0456\u0441\u0442\u0440\u0456\u0432 \u0423\u043a\u0440\u0430\u0457\u043d\u0438 \u0432\u0456\u0434 18.01.2003 \u0440. \u2116 72.<br><a href=\"https:\/\/zakon.rada.gov.ua\/laws\/show\/72-2003-\u043f#Text\">https:\/\/zakon.rada.gov.ua\/laws\/show\/72-2003-\u043f#Text<\/a><\/p>\n\n\n\n<p>\u041f\u0440\u043e \u0432\u0438\u0434\u0430\u0432\u043d\u0438\u0447\u0443 \u0441\u043f\u0440\u0430\u0432\u0443 : \u0417\u0430\u043a\u043e\u043d \u0423\u043a\u0440\u0430\u0457\u043d\u0438 \u0432\u0456\u0434 05.06.1997 \u0440. \u2116 318\/97-\u0412\u0420.<br><a href=\"https:\/\/zakon.rada.gov.ua\/laws\/show\/318\/97-\u0432\u0440#Text\">https:\/\/zakon.rada.gov.ua\/laws\/show\/318\/97-\u0432\u0440#Text<\/a><\/p>\n\n\n\n<p>\u041f\u0440\u043e \u0434\u0435\u0440\u0436\u0430\u0432\u043d\u0443 \u043f\u0456\u0434\u0442\u0440\u0438\u043c\u043a\u0443 \u043a\u043d\u0438\u0433\u043e\u0432\u0438\u0434\u0430\u0432\u043d\u0438\u0447\u043e\u0457 \u0441\u043f\u0440\u0430\u0432\u0438 \u0432 \u0423\u043a\u0440\u0430\u0457\u043d\u0456 : \u0417\u0430\u043a\u043e\u043d \u0423\u043a\u0440\u0430\u0457\u043d\u0438 \u0432\u0456\u0434 06.03.2003 \u0440. \u2116 601-IV.<br><a href=\"https:\/\/zakon.rada.gov.ua\/laws\/show\/601-15#Text\">https:\/\/zakon.rada.gov.ua\/laws\/show\/601-15#Text<\/a><\/p>\n\n\n\n<p>\u041f\u0440\u043e \u0434\u0440\u0443\u043a\u043e\u0432\u0430\u043d\u0456 \u0437\u0430\u0441\u043e\u0431\u0438 \u043c\u0430\u0441\u043e\u0432\u043e\u0457 \u0456\u043d\u0444\u043e\u0440\u043c\u0430\u0446\u0456\u0457 (\u043f\u0440\u0435\u0441\u0443) \u0432 \u0423\u043a\u0440\u0430\u0457\u043d\u0456 : \u0417\u0430\u043a\u043e\u043d \u0423\u043a\u0440\u0430\u0457\u043d\u0438 \u0432\u0456\u0434 16.11.1992 \u0440. \u2116 2782-XII.<br><a href=\"https:\/\/zakon.rada.gov.ua\/laws\/show\/2782-12#Text\">https:\/\/zakon.rada.gov.ua\/laws\/show\/2782-12#Text<\/a><\/p>\n\n\n\n<p>\u041f\u0440\u043e \u0440\u043e\u0437\u043f\u043e\u0432\u0441\u044e\u0434\u0436\u0435\u043d\u043d\u044f \u043f\u0440\u0438\u043c\u0456\u0440\u043d\u0438\u043a\u0456\u0432 \u0430\u0443\u0434\u0456\u043e\u0432\u0456\u0437\u0443\u0430\u043b\u044c\u043d\u0438\u0445 \u0442\u0432\u043e\u0440\u0456\u0432, \u0444\u043e\u043d\u043e\u0433\u0440\u0430\u043c, \u0432\u0456\u0434\u0435\u043e\u0433\u0440\u0430\u043c, \u043a\u043e\u043c\u043f\u02bc\u044e\u0442\u0435\u0440\u043d\u0438\u0445 \u043f\u0440\u043e\u0433\u0440\u0430\u043c, \u0431\u0430\u0437 \u0434\u0430\u043d\u0438\u0445 : \u0417\u0430\u043a\u043e\u043d \u0423\u043a\u0440\u0430\u0457\u043d\u0438 \u0432\u0456\u0434 23.03.2000 \u0440. \u2116\u20081587-III.<br><a href=\"https:\/\/zakon.rada.gov.ua\/laws\/show\/1587-14#Text\">https:\/\/zakon.rada.gov.ua\/laws\/show\/1587-14#Text<\/a><\/p>\n\n\n\n<p>\u041f\u0440\u043e \u043a\u0456\u043d\u0435\u043c\u0430\u0442\u043e\u0433\u0440\u0430\u0444\u0456\u044e : \u0417\u0430\u043a\u043e\u043d \u0423\u043a\u0440\u0430\u0457\u043d\u0438 \u0432\u0456\u0434 13.01.1998 \u0440. \u2116 9\/98-\u0412\u0420.<br><a href=\"https:\/\/zakon.rada.gov.ua\/laws\/show\/9\/98-\u0432\u0440#Text\">https:\/\/zakon.rada.gov.ua\/laws\/show\/9\/98-\u0432\u0440#Text<\/a><\/p>\n\n\n\n<p>\u041f\u0440\u043e \u0442\u0435\u043b\u0435\u0431\u0430\u0447\u0435\u043d\u043d\u044f \u0456 \u0440\u0430\u0434\u0456\u043e\u043c\u043e\u0432\u043b\u0435\u043d\u043d\u044f : \u0417\u0430\u043a\u043e\u043d \u0423\u043a\u0440\u0430\u0457\u043d\u0438 \u0432\u0456\u0434 21.12.1993 \u0440. \u2116 3759-XII.<br><a href=\"https:\/\/zakon.rada.gov.ua\/laws\/show\/3759-12#Text\">https:\/\/zakon.rada.gov.ua\/laws\/show\/3759-12#Text<\/a><\/p>\n\n\n\n<p>\u041f\u0440\u043e \u0456\u043d\u0444\u043e\u0440\u043c\u0430\u0446\u0456\u0439\u043d\u0456 \u0430\u0433\u0435\u043d\u0442\u0441\u0442\u0432\u0430 : \u0417\u0430\u043a\u043e\u043d \u0423\u043a\u0440\u0430\u0457\u043d\u0438 \u0432\u0456\u0434 28.02.1995 \u0440. \u2116 74\/95-\u0412\u0420.<br><a href=\"https:\/\/zakon.rada.gov.ua\/laws\/show\/74\/95-\u0432\u0440#Text\">https:\/\/zakon.rada.gov.ua\/laws\/show\/74\/95-\u0432\u0440#Text<\/a><\/p>\n\n\n\n<p>\u041f\u0440\u043e \u0456\u043d\u0444\u043e\u0440\u043c\u0430\u0446\u0456\u044e : \u0417\u0430\u043a\u043e\u043d \u0423\u043a\u0440\u0430\u0457\u043d\u0438 \u0432\u0456\u0434 02.10.1992 \u0440. \u2116 2657-XII.<br><a href=\"https:\/\/zakon.rada.gov.ua\/laws\/show\/2657-12#Text\">https:\/\/zakon.rada.gov.ua\/laws\/show\/2657-12#Text<\/a><\/p>\n\n\n\n<p>\u041f\u0440\u043e \u0434\u0435\u0440\u0436\u0430\u0432\u043d\u0443 \u0442\u0430\u0454\u043c\u043d\u0438\u0446\u044e : \u0417\u0430\u043a\u043e\u043d \u0423\u043a\u0440\u0430\u0457\u043d\u0438 \u0432\u0456\u0434 21.01.1994 \u0440. \u2116 3855-XII.<br><a href=\"https:\/\/zakon.rada.gov.ua\/laws\/show\/3855-12#Text\">https:\/\/zakon.rada.gov.ua\/laws\/show\/3855-12#Text<\/a><\/p>\n\n\n\n<p>\u041a\u043b\u0430\u0441\u0438\u0444\u0456\u043a\u0430\u0446\u0456\u044f \u0432\u0438\u0434\u0456\u0432 \u0435\u043a\u043e\u043d\u043e\u043c\u0456\u0447\u043d\u043e\u0457 \u0434\u0456\u044f\u043b\u044c\u043d\u043e\u0441\u0442\u0456 \u0414\u041a 009:2010 : \u043d\u0430\u043a\u0430\u0437, \u043a\u043b\u0430\u0441\u0438\u0444\u0456\u043a\u0430\u0442\u043e\u0440 \u0414\u0435\u0440\u0436\u0441\u043f\u043e\u0436\u0438\u0432\u0441\u0442\u0430\u043d\u0434\u0430\u0440\u0442\u0443 \u0423\u043a\u0440\u0430\u0457\u043d\u0438 \u0432\u0456\u0434 11.10.2010 \u2116 457. \u0414\u0430\u0442\u0430 \u043e\u043d\u043e\u0432\u043b\u0435\u043d\u043d\u044f: 24.02.2020.<br><a href=\"https:\/\/zakon.rada.gov.ua\/rada\/show\/vb457609-10#Text\">https:\/\/zakon.rada.gov.ua\/rada\/show\/vb457609-10#Text<\/a><\/p>\n\n\n\n<p>\u041f\u0440\u043e \u043d\u0430\u0443\u043a\u043e\u0432\u0443 \u0456 \u043d\u0430\u0443\u043a\u043e\u0432\u043e-\u0442\u0435\u0445\u043d\u0456\u0447\u043d\u0443 \u0434\u0456\u044f\u043b\u044c\u043d\u0456\u0441\u0442\u044c : \u0417\u0430\u043a\u043e\u043d \u0423\u043a\u0440\u0430\u0457\u043d\u0438 \u0432\u0456\u0434 26.11.2015 \u0440. \u2116 848-VIII.<br><a href=\"https:\/\/zakon.rada.gov.ua\/laws\/show\/848-19#Text\">https:\/\/zakon.rada.gov.ua\/laws\/show\/848-19#Text<\/a><\/p>\n\n\n\n<p>\u041f\u0440\u043e \u043d\u0430\u0443\u043a\u043e\u0432\u043e-\u0442\u0435\u0445\u043d\u0456\u0447\u043d\u0443 \u0456\u043d\u0444\u043e\u0440\u043c\u0430\u0446\u0456\u044e : \u0417\u0430\u043a\u043e\u043d \u0423\u043a\u0440\u0430\u0457\u043d\u0438 \u0432\u0456\u0434 25.06.1993 \u0440. \u2116 3322-XII.<br><a href=\"https:\/\/zakon.rada.gov.ua\/laws\/show\/3322-12#Text\">https:\/\/zakon.rada.gov.ua\/laws\/show\/3322-12#Text<\/a><\/p>\n\n\n\n<p>\u041f\u0440\u043e \u0440\u0435\u043a\u043b\u0430\u043c\u0443 : \u0417\u0430\u043a\u043e\u043d \u0423\u043a\u0440\u0430\u0457\u043d\u0438 \u0432\u0456\u0434 03.07.1996 \u0440. \u2116 270\/96-\u0412\u0420.<br><a href=\"https:\/\/zakon.rada.gov.ua\/laws\/show\/270\/96-\u0432\u0440#Text\">https:\/\/zakon.rada.gov.ua\/laws\/show\/270\/96-\u0432\u0440#Text<\/a><\/p>\n\n\n\n<p>\u041f\u0440\u043e \u0437\u0430\u0445\u0438\u0441\u0442 \u0432\u0456\u0434 \u043d\u0435\u0434\u043e\u0431\u0440\u043e\u0441\u043e\u0432\u0456\u0441\u043d\u043e\u0457 \u043a\u043e\u043d\u043a\u0443\u0440\u0435\u043d\u0446\u0456\u0457 : \u0417\u0430\u043a\u043e\u043d \u0423\u043a\u0440\u0430\u0457\u043d\u0438 \u0432\u0456\u0434 07.06.1996 \u0440. \u2116 236\/96-\u0412\u0420.<br><a href=\"https:\/\/zakon.rada.gov.ua\/laws\/show\/236\/96-\u0432\u0440#Text\">https:\/\/zakon.rada.gov.ua\/laws\/show\/236\/96-\u0432\u0440#Text<\/a><\/p>\n\n\n\n<p>\u041f\u0440\u043e \u0442\u0435\u0430\u0442\u0440\u0438 \u0456 \u0442\u0435\u0430\u0442\u0440\u0430\u043b\u044c\u043d\u0443 \u0441\u043f\u0440\u0430\u0432\u0443 : \u0417\u0430\u043a\u043e\u043d \u0423\u043a\u0440\u0430\u0457\u043d\u0438 \u0432\u0456\u0434 31.05.2005 \u0440. \u2116 2605-IV.<br><a href=\"https:\/\/zakon.rada.gov.ua\/laws\/show\/2605-15#Text\">https:\/\/zakon.rada.gov.ua\/laws\/show\/2605-15#Text<\/a><\/p>\n\n\n\n<p>\u041f\u0440\u043e \u0433\u0430\u0441\u0442\u0440\u043e\u043b\u044c\u043d\u0456 \u0437\u0430\u0445\u043e\u0434\u0438 \u0432 \u0423\u043a\u0440\u0430\u0457\u043d\u0456 : \u0417\u0430\u043a\u043e\u043d \u0423\u043a\u0440\u0430\u0457\u043d\u0438 \u0432\u0456\u0434 10.07.2003 \u0440. \u2116 1115-IV.&nbsp;<br><a href=\"https:\/\/zakon.rada.gov.ua\/laws\/show\/1115-15#Text\">https:\/\/zakon.rada.gov.ua\/laws\/show\/1115-15#Text<\/a><\/p>\n\n\n\n<p>\u041f\u0440\u043e \u0431\u0456\u0431\u043b\u0456\u043e\u0442\u0435\u043a\u0438 \u0456 \u0431\u0456\u0431\u043b\u0456\u043e\u0442\u0435\u0447\u043d\u0443 \u0441\u043f\u0440\u0430\u0432\u0443 : \u0417\u0430\u043a\u043e\u043d \u0423\u043a\u0440\u0430\u0457\u043d\u0438 \u0432\u0456\u0434 27.01.1995 \u0440. \u2116\u200832\/95-\u0412\u0420.<br><a href=\"https:\/\/zakon.rada.gov.ua\/laws\/show\/32\/95-\u0432\u0440#Text\">https:\/\/zakon.rada.gov.ua\/laws\/show\/32\/95-\u0432\u0440#Text<\/a><\/p>\n\n\n\n<p>\u041f\u0440\u043e \u041d\u0430\u0446\u0456\u043e\u043d\u0430\u043b\u044c\u043d\u0438\u0439 \u0430\u0440\u0445\u0456\u0432\u043d\u0438\u0439 \u0444\u043e\u043d\u0434 \u0442\u0430 \u0430\u0440\u0445\u0456\u0432\u043d\u0456 \u0443\u0441\u0442\u0430\u043d\u043e\u0432\u0438 : \u0417\u0430\u043a\u043e\u043d \u0423\u043a\u0440\u0430\u0457\u043d\u0438 \u0432\u0456\u0434 24.12.1993 \u0440. \u2116 3814-XII.<br><a href=\"https:\/\/zakon.rada.gov.ua\/laws\/show\/3814-12#Text\">https:\/\/zakon.rada.gov.ua\/laws\/show\/3814-12#Text<\/a><\/p>\n\n\n\n<p>\u041f\u0440\u043e \u043c\u0443\u0437\u0435\u0457 \u0442\u0430 \u043c\u0443\u0437\u0435\u0439\u043d\u0443 \u0441\u043f\u0440\u0430\u0432\u0443 : \u0417\u0430\u043a\u043e\u043d \u0423\u043a\u0440\u0430\u0457\u043d\u0438 \u0432\u0456\u0434 29.06.1995 \u0440. \u2116 249\/95-\u0412\u0420.<br><a href=\"https:\/\/zakon.rada.gov.ua\/laws\/show\/249\/95-\u0432\u0440#Text\">https:\/\/zakon.rada.gov.ua\/laws\/show\/249\/95-\u0432\u0440#Text<\/a><\/p>\n\n\n\n<p>\u041f\u0440\u043e \u043e\u0445\u043e\u0440\u043e\u043d\u0443 \u043f\u0440\u0430\u0432 \u043d\u0430 \u043f\u0440\u043e\u043c\u0438\u0441\u043b\u043e\u0432\u0456 \u0437\u0440\u0430\u0437\u043a\u0438 : \u0417\u0430\u043a\u043e\u043d \u0423\u043a\u0440\u0430\u0457\u043d\u0438 \u0432\u0456\u0434 15.12.1993 \u0440. \u2116\u20083688-XII.<br><a href=\"https:\/\/zakon.rada.gov.ua\/laws\/show\/3688-12#Text\">https:\/\/zakon.rada.gov.ua\/laws\/show\/3688-12#Text<\/a><\/p>\n<\/div>\n<\/div>\n","protected":false},"excerpt":{"rendered":"<p>Theory and practice of intellectual property\u2116 1 \/ 2021 ISSN (Print) 2308-0361ISSN (Online) 2519-2744 DOI: https:\/\/doi.org\/10.33731\/12021.234167 Published \u00a0\u00a0\u00a0\u00a0\u00a02021-02-01 Legal regulation of creative industries in Ukraine Olha UlitinaUkrainehttps:\/\/orcid.org\/0000-0003-0230-9477 Daria PyliuchenkoUkrainehttps:\/\/orcid.org\/0000-0002-3318-3793 AbstractCreative industries \u2014 is a field that exists at the intersection of economics, law and other sciences. In a modern world, where creativity comes to the [&hellip;]<\/p>\n","protected":false},"author":1,"featured_media":0,"parent":0,"menu_order":0,"comment_status":"closed","ping_status":"closed","template":"","meta":{"footnotes":""},"class_list":["post-9683","page","type-page","status-publish","hentry"],"_links":{"self":[{"href":"https:\/\/inprojournal.org\/en\/wp-json\/wp\/v2\/pages\/9683","targetHints":{"allow":["GET"]}}],"collection":[{"href":"https:\/\/inprojournal.org\/en\/wp-json\/wp\/v2\/pages"}],"about":[{"href":"https:\/\/inprojournal.org\/en\/wp-json\/wp\/v2\/types\/page"}],"author":[{"embeddable":true,"href":"https:\/\/inprojournal.org\/en\/wp-json\/wp\/v2\/users\/1"}],"replies":[{"embeddable":true,"href":"https:\/\/inprojournal.org\/en\/wp-json\/wp\/v2\/comments?post=9683"}],"version-history":[{"count":4,"href":"https:\/\/inprojournal.org\/en\/wp-json\/wp\/v2\/pages\/9683\/revisions"}],"predecessor-version":[{"id":9953,"href":"https:\/\/inprojournal.org\/en\/wp-json\/wp\/v2\/pages\/9683\/revisions\/9953"}],"wp:attachment":[{"href":"https:\/\/inprojournal.org\/en\/wp-json\/wp\/v2\/media?parent=9683"}],"curies":[{"name":"wp","href":"https:\/\/api.w.org\/{rel}","templated":true}]}}