{"id":9600,"date":"2026-01-31T20:13:24","date_gmt":"2026-01-31T18:13:24","guid":{"rendered":"https:\/\/inprojournal.org\/?page_id=9600"},"modified":"2026-02-03T21:35:11","modified_gmt":"2026-02-03T19:35:11","slug":"2021-3-5","status":"publish","type":"page","link":"https:\/\/inprojournal.org\/en\/2021-3-5\/","title":{"rendered":"2021-3-5"},"content":{"rendered":"\n<p><\/p>\n\n\n\n<div class=\"wp-block-columns is-layout-flex wp-container-core-columns-is-layout-9d6595d7 wp-block-columns-is-layout-flex\">\n<div class=\"wp-block-column is-layout-flow wp-block-column-is-layout-flow\" style=\"flex-basis:33.33%\">\n<figure class=\"wp-block-image size-large is-resized\"><img loading=\"lazy\" decoding=\"async\" width=\"734\" height=\"1024\" src=\"https:\/\/inprojournal.org\/wp-content\/uploads\/2023\/03\/018-cover-734x1024.jpg\" alt=\"\" class=\"wp-image-3609\" style=\"width:217px;height:302px\" srcset=\"https:\/\/inprojournal.org\/wp-content\/uploads\/2023\/03\/018-cover-734x1024.jpg 734w, https:\/\/inprojournal.org\/wp-content\/uploads\/2023\/03\/018-cover-215x300.jpg 215w, https:\/\/inprojournal.org\/wp-content\/uploads\/2023\/03\/018-cover-768x1071.jpg 768w, https:\/\/inprojournal.org\/wp-content\/uploads\/2023\/03\/018-cover-1101x1536.jpg 1101w, https:\/\/inprojournal.org\/wp-content\/uploads\/2023\/03\/018-cover-1468x2048.jpg 1468w, https:\/\/inprojournal.org\/wp-content\/uploads\/2023\/03\/018-cover-scaled.jpg 1835w\" sizes=\"auto, (max-width: 734px) 100vw, 734px\" \/><\/figure>\n\n\n\n<div style=\"height:26px\" aria-hidden=\"true\" class=\"wp-block-spacer\"><\/div>\n\n\n\n<p class=\"has-small-font-size\">Theory and practice of intellectual property<br>\u2116 3 \/ 2021<\/p>\n\n\n\n<p class=\"has-small-font-size\">ISSN (Print) 2308-0361<br>ISSN (Online) 2519-2744<\/p>\n\n\n\n<div class=\"wp-block-buttons has-custom-font-size is-content-justification-left is-layout-flex wp-container-core-buttons-is-layout-fdcfc74e wp-block-buttons-is-layout-flex\" style=\"font-size:10px\">\n<div class=\"wp-block-button is-style-outline is-style-outline--1\"><a class=\"wp-block-button__link has-black-color has-text-color has-custom-font-size wp-element-button\" href=\"https:\/\/drive.google.com\/file\/d\/1crIXffzQgeydiHpibvqplhoQEywLrs2p\/view\" style=\"border-radius:10px;font-size:10px\" target=\"_blank\" rel=\"noreferrer noopener\"><img loading=\"lazy\" decoding=\"async\" width=\"14\" height=\"14\" class=\"wp-image-362\" style=\"width: 14px;\" src=\"https:\/\/test.inprojournal.org\/wp-content\/uploads\/2023\/01\/free-icon-pdf-201153.png\" alt=\"\" srcset=\"https:\/\/inprojournal.org\/wp-content\/uploads\/2023\/01\/free-icon-pdf-201153.png 512w, https:\/\/inprojournal.org\/wp-content\/uploads\/2023\/01\/free-icon-pdf-201153-300x300.png 300w, https:\/\/inprojournal.org\/wp-content\/uploads\/2023\/01\/free-icon-pdf-201153-150x150.png 150w, https:\/\/inprojournal.org\/wp-content\/uploads\/2023\/01\/free-icon-pdf-201153-450x450.png 450w, https:\/\/inprojournal.org\/wp-content\/uploads\/2023\/01\/free-icon-pdf-201153-106x106.png 106w, https:\/\/inprojournal.org\/wp-content\/uploads\/2023\/01\/free-icon-pdf-201153-80x80.png 80w\" sizes=\"auto, (max-width: 14px) 100vw, 14px\" \/> PDF (Ukrainian)<\/a><\/div>\n<\/div>\n\n\n\n<div style=\"height:26px\" aria-hidden=\"true\" class=\"wp-block-spacer\"><\/div>\n\n\n\n<p class=\"has-small-font-size\">DOI: <a href=\"https:\/\/doi.org\/10.33731\/32021.239583\">https:\/\/doi.org\/10.33731\/32021.239583<\/a><\/p>\n\n\n\n<p class=\"has-small-font-size\">Published \u00a0\u00a0\u00a0\u00a0\u00a02021-09-07<\/p>\n\n\n\n<div style=\"height:8px\" aria-hidden=\"true\" class=\"wp-block-spacer\"><\/div>\n\n\n\n<figure class=\"wp-block-image size-full is-resized\"><img decoding=\"async\" src=\"https:\/\/inprojournal.org\/wp-content\/uploads\/2025\/11\/CC-2.png\" alt=\"\" class=\"wp-image-6960\" style=\"width:131px;height:auto\"\/><\/figure>\n\n\n\n<p class=\"has-small-font-size\"><\/p>\n\n\n\n<div style=\"height:26px\" aria-hidden=\"true\" class=\"wp-block-spacer\"><\/div>\n\n\n\n<p class=\"has-small-font-size\"><\/p>\n<\/div>\n\n\n\n<div class=\"wp-block-column is-layout-flow wp-block-column-is-layout-flow\" style=\"flex-basis:66.66%\">\n<p class=\"has-medium-font-size\"><strong>Artificial intelligence: economy, intellectual property,<br>threats<\/strong><\/p>\n\n\n\n<div style=\"height:40px\" aria-hidden=\"true\" class=\"wp-block-spacer\"><\/div>\n\n\n\n<p><strong>Gennadii Androshchuk<\/strong><br>Ukraine<br><a href=\"https:\/\/orcid.org\/0000-0003-0781-9740\">https:\/\/orcid.org\/0000-0003-0781-9740<\/a><\/p>\n\n\n\n<p><\/p>\n\n\n\n<div style=\"height:40px\" aria-hidden=\"true\" class=\"wp-block-spacer\"><\/div>\n\n\n\n<p><strong>Abstract<br><\/strong>Artificial intelligence (AI) technologies, the spread of which is based on the widespread use of digital information and the rapid growth of computing power, are leaving the realm of purely theoretical research and becoming one of the segments of the world market that can have truly revolutionary consequences. The paper provides economic and legal analysis of the state and trends of AI, identifies its impact on the economy, the importance of the role of intellectual property (IP), assesses the risks, threats and dangers of criminal use of AI, developed mechanisms to counter them. The development of AI technologies as an integral part of \u00abIndustry 4.0\u00bb is considered, the main provisions of the \u00abWhite Paper on Artificial Intelligence\u00bb of the EU are studied. <\/p>\n\n\n\n<p>Over the next decade, the EU plans to spend $20 billion a year on AI development. At the same time, the protection of IP rights in the context of AI development and related technologies has been unconsidered by the Commission, despite the key importance of these rights. In legal regulation, AI is seen as a new challenge for the economy and the legal system, a new phenomenon that has a multiplier effect, a legal phenomenon in the structure of legal relations, a new object for legal regulation.<\/p>\n\n\n\n<p>The introduction of AI in the field of IP creates new legal and economic problems. The creation of AI works is an integral area of activity in the modern digital economy. These circumstances bring to the fore the problem of recognition of authorship in the creation of AI works, the possibility of authors to dispose of their rights and their use of mechanisms for legal protection of IP. The analysis of the cases considered by courts connected with a problem of legal personality of AI is carried out, legislative activity on this question is studied. Possibilities and dangers of criminal use of AI are shown. They are ranked in order of their level of danger \u2014 depending on the harm they may cause, the potential benefit or the benefit of crime. Prospects for the development of AI in Ukraine are shown, the Concept of development of artificial intelligence in Ukraine is analysed. It is concluded that AI should become one of the key drivers of digital transformation and overall growth of Ukraine&#8217;s economy.<\/p>\n\n\n\n<p><strong>Keywords: <\/strong>artificial intelligence, economic impact, intellectual property, regulation, cybersecurity, risks, threats, national security<\/p>\n\n\n\n<div style=\"height:40px\" aria-hidden=\"true\" class=\"wp-block-spacer\"><\/div>\n\n\n\n<p><strong>References<\/strong><\/p>\n\n\n\n<p>\u0410\u043d\u0434\u0440\u043e\u0449\u0443\u043a \u0413. \u0422\u0435\u043d\u0434\u0435\u043d\u0446\u0456\u0457 \u0440\u043e\u0437\u0432\u0438\u0442\u043a\u0443 \u0442\u0435\u0445\u043d\u043e\u043b\u043e\u0433\u0456\u0439 \u0448\u0442\u0443\u0447\u043d\u043e\u0433\u043e \u0456\u043d\u0442\u0435\u043b\u0435\u043a\u0442\u0443: \u0435\u043a\u043e\u043d\u043e\u043c\u0456\u043a\u043e-\u043f\u0440\u0430\u0432\u043e\u0432\u0438\u0439 \u0430\u0441\u043f\u0435\u043a\u0442. \u0422\u0435\u043e\u0440\u0456\u044f \u0456 \u043f\u0440\u0430\u043a\u0442\u0438\u043a\u0430 \u0456\u043d\u0442\u0435\u043b\u0435\u043a\u0442\u0443\u0430\u043b\u044c\u043d\u043e\u0457 \u0432\u043b\u0430\u0441\u043d\u043e\u0441\u0442\u0456. 2019. \u2116\u20083. \u0421. 84\u2212101. \u2116 4. \u0421. 59\u221269.<\/p>\n\n\n\n<p>This alliance aims to accelerate the adoption of inclusive, trusted and transparent AI worldwide.<br><a href=\"https:\/\/www.weforum.org\/agenda\/2021\/01\/global-ai-action-alliance\/\">https:\/\/www.weforum.org\/agenda\/2021\/01\/global-ai-action-alliance\/<\/a><\/p>\n\n\n\n<p>KOMISJA EUROPEJSKA Bruksela, dnia 19.2.2020 r. COM(2020) 65 final BIA\u0141AKSI\u0118GA wsprawie sztucznej inteligencji Europejskie podej\u015bcie do doskona\u0142o\u015bcii zaufania.<br><a href=\"https:\/\/ec.europa.eu\/info\/sites\/info\/files\/commission-white-paper-artificial-intelligence-feb2020_pl.pdf\">https:\/\/ec.europa.eu\/info\/sites\/info\/files\/commission-white-paper-artificial-intelligence-feb2020_pl.pdf<\/a><\/p>\n\n\n\n<p>\u0413\u0435\u043d\u043d\u0430\u0434\u0456\u0439 \u0410\u043d\u0434\u0440\u043e\u0449\u0443\u043a. \u0404\u0432\u0440\u043e\u043a\u043e\u043c\u0456\u0441\u0456\u044f \u043e\u043f\u0443\u0431\u043b\u0456\u043a\u0443\u0432\u0430\u043b\u0430 \u00ab\u0411\u0456\u043b\u0443 \u043a\u043d\u0438\u0433\u0443 \u0437 \u0448\u0442\u0443\u0447\u043d\u043e\u0433\u043e \u0456\u043d\u0442\u0435\u043b\u0435\u043a\u0442\u0443\u00bb.<br><a href=\"https:\/\/yur-gazeta.com\/golovna\/evrokomisiya-opublikuvala-bilu-knigu-z-shtuchnogo-intelektu.html\">https:\/\/yur-gazeta.com\/golovna\/evrokomisiya-opublikuvala-bilu-knigu-z-shtuchnogo-intelektu.html<\/a><\/p>\n\n\n\n<p>World Intellectual Property Indicators 2020.<br><a href=\"https:\/\/www.wipo.int\/edocs\/pubdocs\/en\/wipo_pub_941_2020.pdf\">https:\/\/www.wipo.int\/edocs\/pubdocs\/en\/wipo_pub_941_2020.pdf<\/a><\/p>\n\n\n\n<p>\u0410\u043d\u0434\u0440\u043e\u0449\u0443\u043a \u0413. \u041e. \u0412\u0438\u043d\u0430\u0445\u043e\u0434\u0438 \u0448\u0442\u0443\u0447\u043d\u043e\u0433\u043e \u0456\u043d\u0442\u0435\u043b\u0435\u043a\u0442\u0443. \u0406\u043d\u0442\u0435\u043b\u0435\u043a\u0442\u0443\u0430\u043b\u044c\u043d\u0430 \u0432\u043b\u0430\u0441\u043d\u0456\u0441\u0442\u044c \u0432 \u0423\u043a\u0440\u0430\u0457\u043d\u0456. 2020. \u2116 11. \u0421. 67.<\/p>\n\n\n\n<p>\u0413\u043b\u0443\u0448\u043a\u043e\u0432 \u0412. \u041c. \u041a\u0438\u0431\u0435\u0440\u043d\u0435\u0442\u0438\u043a\u0430. \u0412\u043e\u043f\u0440\u043e\u0441\u044b \u0442\u0435\u043e\u0440\u0438\u0438 \u0438 \u043f\u0440\u0430\u043a\u0442\u0438\u043a\u0438. \u041c\u043e\u0441\u043a\u0432\u0430 : \u041d\u0430\u0443\u043a\u0430, 1986. 488 \u0441.<\/p>\n\n\n\n<p>\u041c\u043e\u0440\u0445\u0430\u0442 \u041f. \u041c. \u041f\u0440\u0430\u0432\u043e\u0441\u0443\u0431\u044a\u0435\u043a\u0442\u043d\u043e\u0441\u0442\u044c \u0438\u0441\u043a\u0443\u0441\u0441\u0442\u0432\u0435\u043d\u043d\u043e\u0433\u043e \u0438\u043d\u0442\u0435\u043b\u043b\u0435\u043a\u0442\u0430 \u0432 \u0441\u0444\u0435\u0440\u0435 \u043f\u0440\u0430\u0432\u0430 \u0438\u043d\u0442\u0435\u043b\u043b\u0435\u043a\u0442\u0443\u0430\u043b\u044c\u043d\u043e\u0439 \u0441\u043e\u0431\u0441\u0442\u0432\u0435\u043d\u043d\u043e\u0441\u0442\u0438: \u0433\u0440\u0430\u0436\u0434\u0430\u043d\u0441\u043a\u043e-\u043f\u0440\u0430\u0432\u043e\u0432\u044b\u0435 \u043f\u0440\u043e\u0431\u043b\u0435\u043c\u044b : \u0434\u0438\u0441\u0441. \u2026 \u0434-\u0440\u0430 \u044e\u0440\u0438\u0434. \u043d\u0430\u0443\u043a. \u0420\u0413\u0410\u0418\u0421. \u041c\u043e\u0441\u043a\u0432\u0430, 2018. \u0421. 243.<\/p>\n\n\n\n<p>\u041f\u0440\u043e \u0430\u0432\u0442\u043e\u0440\u0441\u044c\u043a\u0435 \u043f\u0440\u0430\u0432\u043e, \u0434\u0438\u0437\u0430\u0439\u043d \u0456 \u043f\u0430\u0442\u0435\u043d\u0442\u0438 : \u0417\u0430\u043a\u043e\u043d \u0412\u0435\u043b\u0438\u043a\u043e\u0457 \u0411\u0440\u0438\u0442\u0430\u043d\u0456\u0457 \u0432\u0456\u0434 1988 \u0440\u043e\u043a\u0443.<br><a href=\"https:\/\/www.legislation.gov.uk\/ukpga\/1988\/48\/contents\">https:\/\/www.legislation.gov.uk\/ukpga\/1988\/48\/contents<\/a><\/p>\n\n\n\n<p>\u0410\u0431\u0440\u0430\u043c\u043e\u0432\u0430 \u0415. \u041d., \u0421\u0442\u0430\u0440\u0438\u043a\u043e\u0432\u0430 \u0415. \u0412. \u0418\u0441\u043a\u0443\u0441\u0441\u0442\u0432\u0435\u043d\u043d\u044b\u0439 \u0438\u043d\u0442\u0435\u043b\u043b\u0435\u043a\u0442 \u043a\u0430\u043a \u0441\u0443\u0431\u044a\u0435\u043a\u0442 \u0430\u0432\u0442\u043e\u0440\u0441\u043a\u043e\u0433\u043e \u043f\u0440\u0430\u0432\u0430. \u0413\u0438\u043f\u043e\u0442\u0435\u0437\u0430 \/ Hypothesis. \u041f\u0440\u0430\u0432\u043e. \u042d\u043a\u043e\u043d\u043e\u043c\u0438\u0447\u0435\u0441\u043a\u0438\u0435 \u043d\u0430\u0443\u043a\u0438. 2020. \u2116 1 (10) \u043c\u0430\u0440\u0442. \u0421. 32\u221238.<\/p>\n\n\n\n<p>\u0410\u043d\u0434\u0440\u043e\u0449\u0443\u043a \u0413. \u041e. \u041c\u0430\u0448\u0438\u043d\u0430 \u0432\u0438\u043d\u0430\u0445\u0456\u0434\u043d\u0438\u043a: \u0449\u043e \u0432\u0438\u0440\u0456\u0448\u0438\u043b\u043e \u0404\u041f\u0412. \u0406\u043d\u0442\u0435\u043b\u0435\u043a\u0442\u0443\u0430\u043b\u044c\u043d\u0430 \u0432\u043b\u0430\u0441\u043d\u0456\u0441\u0442\u044c \u0432 \u0423\u043a\u0440\u0430\u0457\u043d\u0456. 2020. \u2116 2. \u0421. 58\u221259.<\/p>\n\n\n\n<p>\u0410\u043d\u0434\u0440\u043e\u0449\u0443\u043a \u0413. \u041e. \u041f\u0440\u0435\u0446\u0435\u0434\u0435\u043d\u0442: \u0442\u0432\u043e\u0440\u0438, \u0441\u0442\u0432\u043e\u0440\u0435\u043d\u0456 AI, \u043c\u0430\u044e\u0442\u044c \u043f\u0440\u0430\u0432\u043e \u043d\u0430 \u0437\u0430\u0445\u0438\u0441\u0442 \u0430\u0432\u0442\u043e\u0440\u0441\u044c\u043a\u0438\u0445 \u043f\u0440\u0430\u0432!? \u0406\u043d\u0442\u0435\u043b\u0435\u043a\u0442\u0443\u0430\u043b\u044c\u043d\u0430 \u0432\u043b\u0430\u0441\u043d\u0456\u0441\u0442\u044c \u0432 \u0423\u043a\u0440\u0430\u0457\u043d\u0456. 2020. \u2116 1. \u0421. 57\u221259.<\/p>\n\n\n\n<p>Caldwell, M., Andrews, J.T.A., Tanay, T. et al. AI-enabled future crime. Crime Sci 9, 14 (2020).&nbsp;<br><a href=\"https:\/\/doi.org\/10.1186\/s40163-020-00123-8\">https:\/\/doi.org\/10.1186\/s40163-020-00123-8<\/a><\/p>\n\n\n\n<p>AI-enabled future crime.<br><a href=\"https:\/\/crimesciencejournal. biomedcentral.com\/articles\/10.1186\/s40163-020-00123-8\">https:\/\/crimesciencejournal.biomedcentral.com\/articles\/10.1186\/s40163-020-00123-8<\/a><\/p>\n\n\n\n<p>Deepfakes\u2019 ranked as most serious AI crime threat.<br><a href=\"https:\/\/www.ucl.ac.uk\/news\/2020\/aug\/deepfakes-ranked-most-serious-ai-crime-threat\">https:\/\/www.ucl.ac.uk\/news\/2020\/aug\/deepfakes-ranked-most-serious-ai-crime-threat<\/a><\/p>\n\n\n\n<p>\u0411\u0430\u0440\u0430\u043d\u043e\u0432 \u041e. \u0410. \u0406\u043d\u0442\u0435\u0440\u043d\u0435\u0442 \u0440\u0435\u0447\u0435\u0439 \u0456 \u0448\u0442\u0443\u0447\u043d\u0438\u0439 \u0456\u043d\u0442\u0435\u043b\u0435\u043a\u0442: \u0432\u0438\u0442\u043e\u043a\u0438 \u043f\u0440\u043e\u0431\u043b\u0435\u043c\u0438 \u043f\u0440\u0430\u0432\u043e\u0432\u043e\u0433\u043e \u0440\u0435\u0433\u0443\u043b\u044e\u0432\u0430\u043d\u043d\u044f (\u0447\u0430\u0441\u0442\u0438\u043d\u0430 1). \u0406\u0422 \u041f\u0440\u0430\u0432\u043e: \u043f\u0440\u043e\u0431\u043b\u0435\u043c\u0438 \u0456 \u043f\u0435\u0440\u0441\u043f\u0435\u043a\u0442\u0438\u0432\u0438 \u0440\u043e\u0437\u0432\u0438\u0442\u043a\u0443 \u0432 \u0423\u043a\u0440\u0430\u0457\u043d\u0456 (\u0414\u0440\u0443\u0433\u0430 \u043c\u0456\u0436\u043d\u0430\u0440\u043e\u0434\u043d\u0430 \u0449\u043e\u0440\u0456\u0447\u043d\u0430 \u043a\u043e\u043d\u0444\u0435\u0440\u0435\u043d\u0446\u0456\u044f).<br><a href=\"http:\/\/aphd.ua\/publication-376\/\">http:\/\/aphd.ua\/publication-376\/<\/a><\/p>\n\n\n\n<p>\u0423 2020-\u043c\u0443 \u041d\u0430\u0446\u043f\u043e\u043b\u0456\u0446\u0456\u044f \u0432\u0438\u043a\u0440\u0438\u043b\u0430 \u043f\u043e\u043d\u0430\u0434 5 000 \u043a\u0456\u0431\u0435\u0440\u0437\u043b\u043e\u0447\u0438\u043d\u0456\u0432.<br><a href=\"https:\/\/yur-gazeta.com\/golovna\/u-2020mu-nacpoliciya-vikrila-ponad-5-000-kiberzlochiniv.html\">https:\/\/yur-gazeta.com\/golovna\/u-2020mu-nacpoliciya-vikrila-ponad-5-000-kiberzlochiniv.html<\/a><\/p>\n\n\n\n<p>\u041d\u041a\u0426\u041a: \u0443 2021 \u0440\u043e\u0446\u0456 \u0432 \u0423\u043a\u0440\u0430\u0457\u043d\u0456 \u0437\u0430\u0444\u0456\u043a\u0441\u043e\u0432\u0430\u043d\u043e \u0432\u0436\u0435 \u043c\u0430\u0439\u0436\u0435 14 \u043c\u0456\u043b\u044c\u0439\u043e\u043d\u0456\u0432 \u0456\u043d\u0446\u0438\u0434\u0435\u043d\u0442\u0456\u0432 \u0443 \u0441\u0444\u0435\u0440\u0456 \u043a\u0456\u0431\u0435\u0440\u0431\u0435\u0437\u043f\u0435\u043a\u0438.<br><a href=\"https:\/\/www.rnbo.gov.ua\/ua\/Diialnist\/4797.html\">https:\/\/www.rnbo.gov.ua\/ua\/Diialnist\/4797.html<\/a><\/p>\n\n\n\n<p>\u0413\u0430\u0439\u0434\u0430\u0439 \u042e\u0440\u0456\u0439. \u0412\u0438\u043a\u043b\u0438\u043a\u0438 \u0431\u043b\u0438\u0437\u044c\u043a\u043e\u0433\u043e \u043c\u0430\u0439\u0431\u0443\u0442\u043d\u044c\u043e\u0433\u043e: \u044f\u043a \u0404\u0421 \u0445\u043e\u0447\u0435 \u0440\u0435\u0433\u0443\u043b\u044e\u0432\u0430\u0442\u0438 \u0448\u0442\u0443\u0447\u043d\u0438\u0439 \u0456\u043d\u0442\u0435\u043b\u0435\u043a\u0442.<br><a href=\"https:\/\/www.eurointegration.com.ua\/articles\/2021\/02\/9\/7119423\/\">https:\/\/www.eurointegration.com.ua\/articles\/2021\/02\/9\/7119423\/<\/a><\/p>\n\n\n\n<p>Intellectual property rights for the development of artificial intelligence technologies.<br><a href=\"https:\/\/www.europarl.europa.eu\/doceo\/document\/TA-9-2020-0277_EN.html\">https:\/\/www.europarl.europa.eu\/doceo\/document\/TA-9-2020-0277_EN.html<\/a><\/p>\n\n\n\n<p>Przegl\u0105d strategii rozwoju sztucznej inteligencji na \u015bwiecie.<br><a href=\"https:\/\/elix.pl\/rynek\/raporty-prezentacje\/2018\/07\/przeglad-strategii-rozwoju-sztucznej-inteligencji-na-swiecie\/\">https:\/\/elix.pl\/rynek\/raporty-prezentacje\/2018\/07\/przeglad-strategii-rozwoju-sztucznej-inteligencji-na-swiecie\/<\/a><\/p>\n\n\n\n<p>\u041f\u0440\u043e \u0441\u0445\u0432\u0430\u043b\u0435\u043d\u043d\u044f \u041a\u043e\u043d\u0446\u0435\u043f\u0446\u0456\u0457 \u0440\u043e\u0437\u0432\u0438\u0442\u043a\u0443 \u0448\u0442\u0443\u0447\u043d\u043e\u0433\u043e \u0456\u043d\u0442\u0435\u043b\u0435\u043a\u0442\u0443 \u0432 \u0423\u043a\u0440\u0430\u0457\u043d\u0456 : \u0420\u043e\u0437\u043f\u043e\u0440\u044f\u0434\u0436\u0435\u043d\u043d\u044f \u041a\u0430\u0431\u0456\u043d\u0435\u0442\u0443 \u041c\u0456\u043d\u0456\u0441\u0442\u0440\u0456\u0432 \u0423\u043a\u0440\u0430\u0457\u043d\u0438&nbsp; \u0432\u0456\u0434 2 \u0433\u0440\u0443\u0434\u043d\u044f 2020 \u0440. \u2116 1556-\u0440.<br><a href=\"http:\/\/search.ligazakon.ua\/l_doc2.nsf\/link1\/KR201556.html\">http:\/\/search.ligazakon.ua\/l_doc2.nsf\/link1\/KR201556.html<\/a><\/p>\n\n\n\n<p>\u041a\u0430\u0440\u0446\u0445\u0438\u044f \u0410. \u0410. \u0418\u0441\u043a\u0443\u0441\u0441\u0442\u0432\u0435\u043d\u043d\u044b\u0439 \u0438\u043d\u0442\u0435\u043b\u043b\u0435\u043a\u0442 \u043a\u0430\u043a \u0441\u0440\u0435\u0434\u0441\u0442\u0432\u043e \u0443\u043f\u0440\u0430\u0432\u043b\u0435\u043d\u0438\u044f \u0432 \u0443\u0441\u043b\u043e\u0432\u0438\u044f\u0445 \u0433\u043b\u043e\u0431\u0430\u043b\u044c\u043d\u044b\u0445 \u0440\u0438\u0441\u043a\u043e\u0432.<br><a href=\"https:\/\/www.kbtu.kz\/images\/elibrary_42715049.pdf\">https:\/\/www.kbtu.kz\/images\/elibrary_42715049.pdf<\/a><\/p>\n\n\n\n<p>WIPO Director General Opens WIPO Conversation on IP and AI: Third Session.<br><a href=\"https:\/\/www.wipo.int\/about-wipo\/en\/dg_tang\/news\/2020\/news_0014.html\">https:\/\/www.wipo.int\/about-wipo\/en\/dg_tang\/news\/2020\/news_0014.html<\/a><\/p>\n<\/div>\n<\/div>\n","protected":false},"excerpt":{"rendered":"<p>Theory and practice of intellectual property\u2116 3 \/ 2021 ISSN (Print) 2308-0361ISSN (Online) 2519-2744 DOI: https:\/\/doi.org\/10.33731\/32021.239583 Published \u00a0\u00a0\u00a0\u00a0\u00a02021-09-07 Artificial intelligence: economy, intellectual property,threats Gennadii AndroshchukUkrainehttps:\/\/orcid.org\/0000-0003-0781-9740 AbstractArtificial intelligence (AI) technologies, the spread of which is based on the widespread use of digital information and the rapid growth of computing power, are leaving the realm of purely [&hellip;]<\/p>\n","protected":false},"author":1,"featured_media":0,"parent":0,"menu_order":0,"comment_status":"closed","ping_status":"closed","template":"","meta":{"footnotes":""},"class_list":["post-9600","page","type-page","status-publish","hentry"],"_links":{"self":[{"href":"https:\/\/inprojournal.org\/en\/wp-json\/wp\/v2\/pages\/9600","targetHints":{"allow":["GET"]}}],"collection":[{"href":"https:\/\/inprojournal.org\/en\/wp-json\/wp\/v2\/pages"}],"about":[{"href":"https:\/\/inprojournal.org\/en\/wp-json\/wp\/v2\/types\/page"}],"author":[{"embeddable":true,"href":"https:\/\/inprojournal.org\/en\/wp-json\/wp\/v2\/users\/1"}],"replies":[{"embeddable":true,"href":"https:\/\/inprojournal.org\/en\/wp-json\/wp\/v2\/comments?post=9600"}],"version-history":[{"count":3,"href":"https:\/\/inprojournal.org\/en\/wp-json\/wp\/v2\/pages\/9600\/revisions"}],"predecessor-version":[{"id":9603,"href":"https:\/\/inprojournal.org\/en\/wp-json\/wp\/v2\/pages\/9600\/revisions\/9603"}],"wp:attachment":[{"href":"https:\/\/inprojournal.org\/en\/wp-json\/wp\/v2\/media?parent=9600"}],"curies":[{"name":"wp","href":"https:\/\/api.w.org\/{rel}","templated":true}]}}