{"id":9493,"date":"2026-01-31T11:27:17","date_gmt":"2026-01-31T09:27:17","guid":{"rendered":"https:\/\/inprojournal.org\/?page_id=9493"},"modified":"2026-02-03T21:38:43","modified_gmt":"2026-02-03T19:38:43","slug":"2021-5-11","status":"publish","type":"page","link":"https:\/\/inprojournal.org\/en\/2021-5-11\/","title":{"rendered":"2021-5-11"},"content":{"rendered":"\n<p><\/p>\n\n\n\n<div class=\"wp-block-columns is-layout-flex wp-container-core-columns-is-layout-9d6595d7 wp-block-columns-is-layout-flex\">\n<div class=\"wp-block-column is-layout-flow wp-block-column-is-layout-flow\" style=\"flex-basis:33.33%\">\n<figure class=\"wp-block-image size-large is-resized\"><img loading=\"lazy\" decoding=\"async\" width=\"734\" height=\"1024\" src=\"https:\/\/inprojournal.org\/wp-content\/uploads\/2023\/03\/018-cover-734x1024.jpg\" alt=\"\" class=\"wp-image-3609\" style=\"width:217px;height:302px\" srcset=\"https:\/\/inprojournal.org\/wp-content\/uploads\/2023\/03\/018-cover-734x1024.jpg 734w, https:\/\/inprojournal.org\/wp-content\/uploads\/2023\/03\/018-cover-215x300.jpg 215w, https:\/\/inprojournal.org\/wp-content\/uploads\/2023\/03\/018-cover-768x1071.jpg 768w, https:\/\/inprojournal.org\/wp-content\/uploads\/2023\/03\/018-cover-1101x1536.jpg 1101w, https:\/\/inprojournal.org\/wp-content\/uploads\/2023\/03\/018-cover-1468x2048.jpg 1468w, https:\/\/inprojournal.org\/wp-content\/uploads\/2023\/03\/018-cover-scaled.jpg 1835w\" sizes=\"auto, (max-width: 734px) 100vw, 734px\" \/><\/figure>\n\n\n\n<div style=\"height:26px\" aria-hidden=\"true\" class=\"wp-block-spacer\"><\/div>\n\n\n\n<p class=\"has-small-font-size\">Theory and practice of intellectual property<br>\u2116 5 \/ 2021<\/p>\n\n\n\n<p class=\"has-small-font-size\">ISSN (Print) 2308-0361<br>ISSN (Online) 2519-2744<\/p>\n\n\n\n<div class=\"wp-block-buttons has-custom-font-size is-content-justification-left is-layout-flex wp-container-core-buttons-is-layout-fdcfc74e wp-block-buttons-is-layout-flex\" style=\"font-size:10px\">\n<div class=\"wp-block-button is-style-outline is-style-outline--1\"><a class=\"wp-block-button__link has-black-color has-text-color has-custom-font-size wp-element-button\" href=\"https:\/\/drive.google.com\/file\/d\/1LrAd18ZrHARkJ5RUPHhJyT55nN-xMCId\/view\" style=\"border-radius:10px;font-size:10px\" target=\"_blank\" rel=\"noreferrer noopener\"><img loading=\"lazy\" decoding=\"async\" width=\"14\" height=\"14\" class=\"wp-image-362\" style=\"width: 14px;\" src=\"https:\/\/test.inprojournal.org\/wp-content\/uploads\/2023\/01\/free-icon-pdf-201153.png\" alt=\"\" srcset=\"https:\/\/inprojournal.org\/wp-content\/uploads\/2023\/01\/free-icon-pdf-201153.png 512w, https:\/\/inprojournal.org\/wp-content\/uploads\/2023\/01\/free-icon-pdf-201153-300x300.png 300w, https:\/\/inprojournal.org\/wp-content\/uploads\/2023\/01\/free-icon-pdf-201153-150x150.png 150w, https:\/\/inprojournal.org\/wp-content\/uploads\/2023\/01\/free-icon-pdf-201153-450x450.png 450w, https:\/\/inprojournal.org\/wp-content\/uploads\/2023\/01\/free-icon-pdf-201153-106x106.png 106w, https:\/\/inprojournal.org\/wp-content\/uploads\/2023\/01\/free-icon-pdf-201153-80x80.png 80w\" sizes=\"auto, (max-width: 14px) 100vw, 14px\" \/> PDF (Ukrainian)<\/a><\/div>\n<\/div>\n\n\n\n<div style=\"height:26px\" aria-hidden=\"true\" class=\"wp-block-spacer\"><\/div>\n\n\n\n<p class=\"has-small-font-size\">DOI: <a href=\"https:\/\/doi.org\/10.33731\/52021.244519\">https:\/\/doi.org\/10.33731\/52021.244519<\/a><\/p>\n\n\n\n<p class=\"has-small-font-size\">Published \u00a0\u00a0\u00a0\u00a0\u00a02021-11-17<\/p>\n\n\n\n<div style=\"height:8px\" aria-hidden=\"true\" class=\"wp-block-spacer\"><\/div>\n\n\n\n<figure class=\"wp-block-image size-full is-resized\"><img decoding=\"async\" src=\"https:\/\/inprojournal.org\/wp-content\/uploads\/2025\/11\/CC-2.png\" alt=\"\" class=\"wp-image-6960\" style=\"width:131px;height:auto\"\/><\/figure>\n\n\n\n<p class=\"has-small-font-size\"><\/p>\n\n\n\n<div style=\"height:26px\" aria-hidden=\"true\" class=\"wp-block-spacer\"><\/div>\n\n\n\n<p class=\"has-small-font-size\"><\/p>\n<\/div>\n\n\n\n<div class=\"wp-block-column is-layout-flow wp-block-column-is-layout-flow\" style=\"flex-basis:66.66%\">\n<p class=\"has-medium-font-size\"><strong>The impact of cybercrime on the digital economy<\/strong><\/p>\n\n\n\n<div style=\"height:40px\" aria-hidden=\"true\" class=\"wp-block-spacer\"><\/div>\n\n\n\n<p><strong>Oleksandr Burov<\/strong><br>Ukraine<br><a href=\"https:\/\/orcid.org\/0000-0003-0733-1120\">https:\/\/orcid.org\/0000-0003-0733-1120<\/a><\/p>\n\n\n\n<p><\/p>\n\n\n\n<div style=\"height:40px\" aria-hidden=\"true\" class=\"wp-block-spacer\"><\/div>\n\n\n\n<p><strong>Abstract<br><\/strong>The article considers factors of cyber hazards for the world economic system that appeared during the pandemic COVID-19, as well as transition of the economy to the \u00abnew normal\u00bb, in the context of digitalization in the following aspects: digitalization and new working conditions, use of hybrid work, biological pandemic and cyberandemic and their influence on changes in the economy, factors of cyber threats to business. It is highlighted that the pandemic and the abrupt transition to the use of remote forms of work have become etraordinary events in the world over the past two years. The objective precondition for such a change in the socio-economic and military features was the reorientation of the world&#8217;s leading economies (primarily the United States and China) to the powerful digitalization of all spheres of human life and, above all, the creation of new technologies. It is noted that China invests more than other countries (including the United States) in advanced technology and training of highly qualified specialists, especially with a doctor degree that requires a high level of digital technology and appropriate literacy, and provides effective adaptation to any working conditions including hybrid.<\/p>\n\n\n\n<p> The emergence of a hybrid working ecosystem and hybrid workforce is analysed, as well as their advantages and disadvantages are substantiated. It is noted that the digital economy has several new aspects compared to the traditional one. The emergence of hybrid work, the corresponding changes in the emergence of hybrid workforce and in the organization of production management are the most dynamic components of change. However, even faster changes are taking place in the security of business, more precisely \u2014 in the growth of its vulnerability due to the rapid development of cyber threats in the digital environment, which the economy has only begun to actively master, but has not yet created the necessary system of self-defence. Remote form of work has given rise to new forms of business \u2014 the creation and use of cyber threats. The emergence of a cyber-pandemic as a result of rapid digitization due to the COVID-19 pandemic and the transition of labour to remote form is analysed. The most important factors of cybersecurity for the successful operation of companies are highlighted.<\/p>\n\n\n\n<p><strong>Keywords: <\/strong>human capital, remote work, cybersecurity, hybrid workforce, digital economics<\/p>\n\n\n\n<div style=\"height:40px\" aria-hidden=\"true\" class=\"wp-block-spacer\"><\/div>\n\n\n\n<p><strong>References<\/strong><\/p>\n\n\n\n<p>Schwab K., Zahidi S. The Future of Jobs Report, October 2020. 2020 World Economic Forum. 163 pp.<\/p>\n\n\n\n<p>Manavi J. The Next Normal: Building resilience in the post-COVID-19 workspace. Observer research foundation. Oct 20. 2020.<br><a href=\"https:\/\/www.orfonline.org\/expert-speak\/next-normal-building-resilience-post-covid19-workspace\">https:\/\/www.orfonline.org\/expert-speak\/next-normal-building-resilience-post-covid19-workspace<\/a><\/p>\n\n\n\n<p>Shaping the Future of Digital Economy and New Value Creation. 2020 World Economic Forum.<br><a href=\"https:\/\/www.weforum.org\/platforms\/shaping-the-future-of-digital-economy-and-new-value-creation\">https:\/\/www.weforum.org\/platforms\/shaping-the-future-of-digital-economy-and-new-value-creation<\/a><\/p>\n\n\n\n<p>Resetting the Future of Work Agenda: Disruption and Renewal in a Post-COVID World. WHITE PAPER, October 2020.&nbsp; 2020 World Economic Forum.<br><a href=\"http:\/\/www3.weforum.org\/docs\/WEF_NES_Resetting_FOW_Agenda_2020.pdf\">http:\/\/www3.weforum.org\/docs\/WEF_NES_Resetting_FOW_Agenda_2020.pdf<\/a><\/p>\n\n\n\n<p>\u0411\u0443\u0442\u043d\u0456\u043a-\u0421\u0456\u0432\u0435\u0440\u0441\u044c\u043a\u0438\u0439 \u041e. \u0411. \u0415\u043a\u043e\u043d\u043e\u043c\u0456\u043a\u043e-\u043f\u0440\u0430\u0432\u043e\u0432\u0456 \u043f\u0435\u0440\u0441\u043f\u0435\u043a\u0442\u0438\u0432\u0438 \u0430\u043a\u0442\u0438\u0432\u0456\u0437\u0430\u0446\u0456\u0457 \u0434\u0456\u044f\u043b\u044c\u043d\u043e\u0441\u0442\u0456 \u043d\u0430\u0443\u043a\u043e\u0432\u0438\u0445 \u043f\u0430\u0440\u043a\u0456\u0432 \u043d\u0430 \u0448\u043b\u044f\u0445\u0443 \u0434\u043e \u043d\u0435\u043e\u0435\u043a\u043e\u043d\u043e\u043c\u0456\u043a\u0438. \u0422\u0435\u043e\u0440\u0456\u044f \u0456 \u043f\u0440\u0430\u043a\u0442\u0438\u043a\u0430 \u0456\u043d\u0442\u0435\u043b\u0435\u043a\u0442\u0443\u0430\u043b\u044c\u043d\u043e\u0457 \u0432\u043b\u0430\u0441\u043d\u043e\u0441\u0442\u0456. 2020. \u2116 3. 82\u221296.<\/p>\n\n\n\n<p>Javed N. Future Economy: Upskilling Exporters &#038; Reskilling Manufacturers. Modern Diplomacy. October 18. 2020.<br><a href=\"https:\/\/moderndiplomacy.eu\/ 2020\/10\/18 \/future-economy-upskilling-exporters-reskilling-manufacturers\/\">https:\/\/moderndiplomacy.eu\/ 2020\/10\/18 \/future-economy-upskilling-exporters-reskilling-manufacturers\/<\/a><\/p>\n\n\n\n<p>Gratton L. An Emerging Landscape of Skills for All. MIT Sloan Management Review. March 08, 2021.<br><a href=\"https:\/\/sloanreview.mit.edu\/article\/an-emerging-landscape-of-skills-for-all\">https:\/\/sloanreview.mit.edu\/article\/an-emerging-landscape-of-skills-for-all<\/a><\/p>\n\n\n\n<p>Koz\u00e1k, S., Ru\u017eick\u00fd, E., \u0160tefanovi\u010d, J., &#038; Schindler, F. Research and education for industry 4.0: Present development. Cybernetics &#038; Informatics (K&#038;I). 2018. P.1\u22128.<\/p>\n\n\n\n<p>Kim Jinyoung and Park Cyn-Young: Education, Skill Training, and Lifelong Learning in the Era of Technological Revolution. Asian Development Bank&nbsp; Economics Working Paper Series. # 606, (January 2020).<\/p>\n\n\n\n<p>Jesuthasan R., Chan Q. What talent means in the post-COVID-19 workplace. World Economic Forum.<br><a href=\"https:\/\/www.weforum.org\/agenda\/2020\/08\/work-talent-human-capital-covid-19\">https:\/\/www.weforum.org\/agenda\/2020\/08\/work-talent-human-capital-covid-19<\/a><\/p>\n\n\n\n<p>Wiles J. Hybrid Workforce Models Speed Digital Transformation. 2020.<br><a href=\"https:\/\/www.gartner.com\/smarterwithgartner\/hybrid-workforce-models-speed-digital-transformation\">https:\/\/www.gartner.com\/smarterwithgartner\/hybrid-workforce-models-speed-digital-transformation<\/a><\/p>\n\n\n\n<p>Burov O., Bykov V., Lytvynova S. ICT evolution: from single computational tasks to modeling of life. In: Proceedings of the 16th International Conference on ICT in Education, Research and Industrial Applications, Integration, Harmonization and Knowledge Transfer, Vol-2393, 2020, pp. 170-177.<br><a href=\"http:\/\/ceur-ws.org\/Vol-2393\/paper_353.pdf\">http:\/\/ceur-ws.org\/Vol-2393\/paper_353.pdf<\/a><\/p>\n\n\n\n<p>Lytvynova S., Burov O. Methods, forms and safety of learning in corporate social networks. ICTERI 2017 &#8211; Proceedings of the 13th International Conference on ICT in Education, Research and Industrial Applications. Integration, Harmonization and Knowledge Transfer&#8221;.- CEUR-WS.-2017.-V.1844.-406-413.<\/p>\n\n\n\n<p>Vigliarolo B. Employees new to working remotely are a security risk. Security, June 22, 2020.<br><a href=\"https:\/\/www.techrepublic.com\/article\/employees-new-to-working-remotely-are-a-security-risk\">https:\/\/www.techrepublic.com\/article\/employees-new-to-working-remotely-are-a-security-risk<\/a><\/p>\n\n\n\n<p>\u0411\u0438\u043a\u043e\u0432 \u0412. \u042e., \u0411\u0443\u0440\u043e\u0432 \u041e. \u042e., \u0414\u0435\u043c\u0435\u043d\u0442\u0456\u0454\u0432\u0441\u044c\u043a\u0430 \u041d. \u041f. \u041a\u0456\u0431\u0435\u0440\u0431\u0435\u0437\u043f\u0435\u043a\u0430 \u0432 \u0446\u0438\u0444\u0440\u043e\u0432\u043e\u043c\u0443 \u043d\u0430\u0432\u0447\u0430\u043b\u044c\u043d\u043e\u043c\u0443 \u0441\u0435\u0440\u0435\u0434\u043e\u0432\u0438\u0449\u0456. \u0406\u043d\u0444\u043e\u0440\u043c\u0430\u0446\u0456\u0439\u043d\u0456 \u0442\u0435\u0445\u043d\u043e\u043b\u043e\u0433\u0456\u0457 \u0456 \u0437\u0430\u0441\u043e\u0431\u0438 \u043d\u0430\u0432\u0447\u0430\u043d\u043d\u044f. 2019. 2(70). \u0421. 313\u2212331.<\/p>\n\n\n\n<p>\u0417\u0430\u0439\u043a\u0456\u0432\u0441\u044c\u043a\u0438\u0439 \u041e., \u041e\u043d\u0456\u0441\u0442\u0440\u0430\u0442 \u041e. \u0421\u0438\u0441\u0442\u0435\u043c\u0430 \u043d\u0430\u0446\u0456\u043e\u043d\u0430\u043b\u044c\u043d\u043e\u0457&nbsp; \u0431\u0435\u0437\u043f\u0435\u043a\u0438 \u0442\u0430 \u043f\u0438\u0442\u0430\u043d\u043d\u044f \u0456\u043d\u0442\u0435\u043b\u0435\u043a\u0442\u0443\u0430\u043b\u044c\u043d\u043e\u0457 \u0432\u043b\u0430\u0441\u043d\u043e\u0441\u0442\u0456. \u0422\u0435\u043e\u0440\u0456\u044f \u0456 \u043f\u0440\u0430\u043a\u0442\u0438\u043a\u0430 \u0456\u043d\u0442\u0435\u043b\u0435\u043a\u0442\u0443\u0430\u043b\u044c\u043d\u043e\u0457 \u0432\u043b\u0430\u0441\u043d\u043e\u0441\u0442\u0456. 2021. \u2116 3. 39\u221247.<\/p>\n\n\n\n<p>Lavrov, E., Pasko, N., Siryk, O., Burov, O., Natalia, M. Mathematical Models for Reducing Functional Networks to Ensure the Reliability and Cybersecurity of Ergatic Control Systems. Proceedings &#8211; 15th International Conference on Advanced Trends in Radioelectronics, Telecommunications and Computer Engineering, TCSET 2020, 2020, pp. 179\u2013184.<\/p>\n\n\n\n<p>Spirin O., Burov O. Models and applied tools for prediction of student ability to effective learning. 14th International Conference on ICT in Education, Research and Industrial Applications. Integration, Harmonization and Knowledge Transfer.&nbsp; CEUR-WS. 2018. V. 2104. 404\u2212411.<\/p>\n\n\n\n<p>\u0411\u0443\u0440\u043e\u0432 \u041e. \u042e. \u0422\u0435\u0445\u043d\u043e\u043b\u043e\u0433\u0456\u0457 \u0439 \u0456\u043d\u043d\u043e\u0432\u0430\u0446\u0456\u0457 \u0432 \u0434\u0456\u044f\u043b\u044c\u043d\u043e\u0441\u0442\u0456 \u043b\u044e\u0434\u0438\u043d\u0438 \u0435\u0440\u0438 \u0456\u043d\u0444\u043e\u0440\u043c\u0430\u0446\u0456\u0457: \u043b\u044e\u0434\u0438\u043d\u0430 \u0442\u0430 \u0406\u041a\u0422. \u0406\u043d\u0444\u043e\u0440\u043c\u0430\u0446\u0456\u0439\u043d\u0456 \u0442\u0435\u0445\u043d\u043e\u043b\u043e\u0433\u0456\u0457 \u0456 \u0437\u0430\u0441\u043e\u0431\u0438 \u043d\u0430\u0432\u0447\u0430\u043d\u043d\u044f. 2015. \u2116 6 (50). \u0421.\u20081\u221213.<\/p>\n\n\n\n<p>\u201cChina has won AI battle with U.S., Pentagon&#8217;s ex-software chief says\u201d. Reuters. &#8211; October 12, 2021.<br><a href=\"https:\/\/www.reuters.com\/technology\/united-states-has-lost-ai-battle-china-pentagons-ex-software-chief-says-2021-10-11\/?utm_source=sfmc&#038;utm_medium=email&#038;utm_campaign=2759998_Agenda_weekly-15October2021&#038;utm_term=&#038;emailType=Agenda%20Weekly\">https:\/\/www.reuters.com\/technology\/united-states-has-lost-ai-battle-china-pentagons-ex-software-chief-says-2021-10-11\/?utm_source=sfmc&#038;utm_medium=email&#038;utm_campaign=2759998_Agenda_weekly-15October2021&#038;utm_term=&#038;emailType=Agenda%20Weekly<\/a><\/p>\n\n\n\n<p>Puybaraud M. Could &#8216;hybrid working&#8217; usher in a golden age for workers? 2021 World Economic Forum.<br><a href=\"https:\/\/www.weforum.org\/agenda\/2021\/01\/hybrid-working-golden-age-of-the-worker\">https:\/\/www.weforum.org\/agenda\/2021\/01\/hybrid-working-golden-age-of-the-worker<\/a><\/p>\n\n\n\n<p>Are you ready for hybrid workplaces? 2021 World Economic Forum.<br><a href=\"https:\/\/knowledge.wharton.upenn.edu\/article\/are-you-ready-for-the-hybrid-workplace\">https:\/\/knowledge.wharton.upenn.edu\/article\/are-you-ready-for-the-hybrid-workplace<\/a><\/p>\n\n\n\n<p>&nbsp;Sagey M. Remote work carries massive cyber risks. These top IT tips can help keep your workers secure. 2021 World Economic Forum.<br><a href=\"https:\/\/www.weforum.org\/agenda\/2020\/09\/remote-work-cyber-risks-top-it-tips-keep-your-workers-secure\">https:\/\/www.weforum.org\/agenda\/2020\/09\/remote-work-cyber-risks-top-it-tips-keep-your-workers-secure<\/a><\/p>\n\n\n\n<p>The Rise of Remote Workers: A Checklist for Securing Your Network.<br><a href=\"https:\/\/i.crn.com\/sites\/default\/files\/ckfinderimages\/userfiles\/images\/crn\/custom\/2020\/Perimeter81_RemoteAccessChecklist_Showcase.pdf\">https:\/\/i.crn.com\/sites\/default\/files\/ckfinderimages\/userfiles\/images\/crn\/custom\/2020\/Perimeter81_RemoteAccessChecklist_Showcase.pdf<\/a><\/p>\n\n\n\n<p>Kovacs E. Gartner: Global Security Spending Will Reach $150 Billion in 2021. SecurityWeek. 25.05.2021.<br><a href=\"https:\/\/www.securityweek.com\/gartner-global-security-spending-will-reach-150-billion-2021\">https:\/\/www.securityweek.com\/gartner-global-security-spending-will-reach-150-billion-2021<\/a><\/p>\n\n\n\n<p>2021 Norton Cyber Safety Insights Report.<br><a href=\"https:\/\/www.nortonlifelock.com\/ us\/en\/newsroom\/press-kits\/2021-norton-cyber-safety-insights-report\">https:\/\/www.nortonlifelock.com\/ us\/en\/newsroom\/press-kits\/2021-norton-cyber-safety-insights-report<\/a><\/p>\n\n\n\n<p>2021 AWS Cloud Security Report.<br><a href=\"https:\/\/connect.fidelissecurity.com\/rs\/884-ZRZ-648\/images\/2021-AWS-Security-Report-CloudPassage-Final.pdf?mkt_tok=ODg0LVpSWi02NDgAAAGAKIUMbWC6Vd1WHctdFLm5fSnZNg9rQlroP_zZsDK2IDYsjQ7RGZEYwibqq9aCsWN7f6LFaiISy2hs93ogE-giY4JpnKagJfBxVuaqq8uS-ycO\">https:\/\/connect.fidelissecurity.com\/rs\/884-ZRZ-648\/images\/2021-AWS-Security-Report-CloudPassage-Final.pdf?mkt_tok=ODg0LVpSWi02NDgAAAGAKIUMbWC6Vd1WHctdFLm5fSnZNg9rQlroP_zZsDK2IDYsjQ7RGZEYwibqq9aCsWN7f6LFaiISy2hs93ogE-giY4JpnKagJfBxVuaqq8uS-ycO<\/a><\/p>\n\n\n\n<p>\u0410\u043d\u0434\u0440\u043e\u0449\u0443\u043a \u0413. \u0428\u0442\u0443\u0447\u043d\u0438\u0439 \u0456\u043d\u0442\u0435\u043b\u0435\u043a\u0442: \u0435\u043a\u043e\u043d\u043e\u043c\u0456\u043a\u0430, \u0456\u043d\u0442\u0435\u043b\u0435\u043a\u0442\u0443\u0430\u043b\u044c\u043d\u0430 \u0432\u043b\u0430\u0441\u043d\u0456\u0441\u0442\u044c, \u0437\u0430\u0433\u0440\u043e\u0437\u0438. \u0422\u0435\u043e\u0440\u0456\u044f \u0456 \u043f\u0440\u0430\u043a\u0442\u0438\u043a\u0430 \u0456\u043d\u0442\u0435\u043b\u0435\u043a\u0442\u0443\u0430\u043b\u044c\u043d\u043e\u0457 \u0432\u043b\u0430\u0441\u043d\u043e\u0441\u0442\u0456. 2021. \u2116 2. \u0421. 56\u221274.<\/p>\n<\/div>\n<\/div>\n","protected":false},"excerpt":{"rendered":"<p>Theory and practice of intellectual property\u2116 5 \/ 2021 ISSN (Print) 2308-0361ISSN (Online) 2519-2744 DOI: https:\/\/doi.org\/10.33731\/52021.244519 Published \u00a0\u00a0\u00a0\u00a0\u00a02021-11-17 The impact of cybercrime on the digital economy Oleksandr BurovUkrainehttps:\/\/orcid.org\/0000-0003-0733-1120 AbstractThe article considers factors of cyber hazards for the world economic system that appeared during the pandemic COVID-19, as well as transition of the economy to the [&hellip;]<\/p>\n","protected":false},"author":1,"featured_media":0,"parent":0,"menu_order":0,"comment_status":"closed","ping_status":"closed","template":"","meta":{"footnotes":""},"class_list":["post-9493","page","type-page","status-publish","hentry"],"_links":{"self":[{"href":"https:\/\/inprojournal.org\/en\/wp-json\/wp\/v2\/pages\/9493","targetHints":{"allow":["GET"]}}],"collection":[{"href":"https:\/\/inprojournal.org\/en\/wp-json\/wp\/v2\/pages"}],"about":[{"href":"https:\/\/inprojournal.org\/en\/wp-json\/wp\/v2\/types\/page"}],"author":[{"embeddable":true,"href":"https:\/\/inprojournal.org\/en\/wp-json\/wp\/v2\/users\/1"}],"replies":[{"embeddable":true,"href":"https:\/\/inprojournal.org\/en\/wp-json\/wp\/v2\/comments?post=9493"}],"version-history":[{"count":5,"href":"https:\/\/inprojournal.org\/en\/wp-json\/wp\/v2\/pages\/9493\/revisions"}],"predecessor-version":[{"id":9816,"href":"https:\/\/inprojournal.org\/en\/wp-json\/wp\/v2\/pages\/9493\/revisions\/9816"}],"wp:attachment":[{"href":"https:\/\/inprojournal.org\/en\/wp-json\/wp\/v2\/media?parent=9493"}],"curies":[{"name":"wp","href":"https:\/\/api.w.org\/{rel}","templated":true}]}}