{"id":9376,"date":"2026-01-30T17:23:11","date_gmt":"2026-01-30T15:23:11","guid":{"rendered":"https:\/\/inprojournal.org\/?page_id=9376"},"modified":"2026-02-03T23:09:45","modified_gmt":"2026-02-03T21:09:45","slug":"2021-6-7","status":"publish","type":"page","link":"https:\/\/inprojournal.org\/en\/2021-6-7\/","title":{"rendered":"2021-6-7"},"content":{"rendered":"\n<p><\/p>\n\n\n\n<div class=\"wp-block-columns is-layout-flex wp-container-core-columns-is-layout-9d6595d7 wp-block-columns-is-layout-flex\">\n<div class=\"wp-block-column is-layout-flow wp-block-column-is-layout-flow\" style=\"flex-basis:33.33%\">\n<figure class=\"wp-block-image size-large is-resized\"><img loading=\"lazy\" decoding=\"async\" width=\"734\" height=\"1024\" src=\"https:\/\/inprojournal.org\/wp-content\/uploads\/2023\/03\/018-cover-734x1024.jpg\" alt=\"\" class=\"wp-image-3609\" style=\"width:217px;height:302px\" srcset=\"https:\/\/inprojournal.org\/wp-content\/uploads\/2023\/03\/018-cover-734x1024.jpg 734w, https:\/\/inprojournal.org\/wp-content\/uploads\/2023\/03\/018-cover-215x300.jpg 215w, https:\/\/inprojournal.org\/wp-content\/uploads\/2023\/03\/018-cover-768x1071.jpg 768w, https:\/\/inprojournal.org\/wp-content\/uploads\/2023\/03\/018-cover-1101x1536.jpg 1101w, https:\/\/inprojournal.org\/wp-content\/uploads\/2023\/03\/018-cover-1468x2048.jpg 1468w, https:\/\/inprojournal.org\/wp-content\/uploads\/2023\/03\/018-cover-scaled.jpg 1835w\" sizes=\"auto, (max-width: 734px) 100vw, 734px\" \/><\/figure>\n\n\n\n<div style=\"height:26px\" aria-hidden=\"true\" class=\"wp-block-spacer\"><\/div>\n\n\n\n<p class=\"has-small-font-size\">Theory and practice of intellectual property<br>\u2116 6 \/ 2021<\/p>\n\n\n\n<p class=\"has-small-font-size\">ISSN (Print) 2308-0361<br>ISSN (Online) 2519-2744<\/p>\n\n\n\n<div class=\"wp-block-buttons has-custom-font-size is-content-justification-left is-layout-flex wp-container-core-buttons-is-layout-fdcfc74e wp-block-buttons-is-layout-flex\" style=\"font-size:10px\">\n<div class=\"wp-block-button is-style-outline is-style-outline--1\"><a class=\"wp-block-button__link has-black-color has-text-color has-custom-font-size wp-element-button\" href=\"https:\/\/drive.google.com\/file\/d\/1CSCjx-kFt6pZ44FsCIs7HwsQ04R4svN_\/view\" style=\"border-radius:10px;font-size:10px\" target=\"_blank\" rel=\"noreferrer noopener\"><img loading=\"lazy\" decoding=\"async\" width=\"14\" height=\"14\" class=\"wp-image-362\" style=\"width: 14px;\" src=\"https:\/\/test.inprojournal.org\/wp-content\/uploads\/2023\/01\/free-icon-pdf-201153.png\" alt=\"\" srcset=\"https:\/\/inprojournal.org\/wp-content\/uploads\/2023\/01\/free-icon-pdf-201153.png 512w, https:\/\/inprojournal.org\/wp-content\/uploads\/2023\/01\/free-icon-pdf-201153-300x300.png 300w, https:\/\/inprojournal.org\/wp-content\/uploads\/2023\/01\/free-icon-pdf-201153-150x150.png 150w, https:\/\/inprojournal.org\/wp-content\/uploads\/2023\/01\/free-icon-pdf-201153-450x450.png 450w, https:\/\/inprojournal.org\/wp-content\/uploads\/2023\/01\/free-icon-pdf-201153-106x106.png 106w, https:\/\/inprojournal.org\/wp-content\/uploads\/2023\/01\/free-icon-pdf-201153-80x80.png 80w\" sizes=\"auto, (max-width: 14px) 100vw, 14px\" \/> PDF (Ukrainian)<\/a><\/div>\n<\/div>\n\n\n\n<div style=\"height:26px\" aria-hidden=\"true\" class=\"wp-block-spacer\"><\/div>\n\n\n\n<p class=\"has-small-font-size\">DOI: <a href=\"https:\/\/doi.org\/10.33731\/62021.249108\">https:\/\/doi.org\/10.33731\/62021.249108<\/a><\/p>\n\n\n\n<p class=\"has-small-font-size\">Published \u00a0\u00a0\u00a0\u00a0\u00a02021-12-27<\/p>\n\n\n\n<div style=\"height:8px\" aria-hidden=\"true\" class=\"wp-block-spacer\"><\/div>\n\n\n\n<figure class=\"wp-block-image size-full is-resized\"><img decoding=\"async\" src=\"https:\/\/inprojournal.org\/wp-content\/uploads\/2025\/11\/CC-2.png\" alt=\"\" class=\"wp-image-6960\" style=\"width:131px;height:auto\"\/><\/figure>\n\n\n\n<p class=\"has-small-font-size\"><\/p>\n\n\n\n<div style=\"height:26px\" aria-hidden=\"true\" class=\"wp-block-spacer\"><\/div>\n\n\n\n<p class=\"has-small-font-size\"><\/p>\n<\/div>\n\n\n\n<div class=\"wp-block-column is-layout-flow wp-block-column-is-layout-flow\" style=\"flex-basis:66.66%\">\n<p class=\"has-medium-font-size\"><strong>Key issues of legal regulation of the supplementary protection of inventions in the field of pharmacy in the national legislation of Ukraine<\/strong><\/p>\n\n\n\n<div style=\"height:40px\" aria-hidden=\"true\" class=\"wp-block-spacer\"><\/div>\n\n\n\n<p><strong>Anastasiia Homeniuk<\/strong><br>Ukraine<br><a href=\"https:\/\/orcid.org\/0000-0002-6431-918X\">https:\/\/orcid.org\/0000-0002-6431-918X<\/a><\/p>\n\n\n\n<p><\/p>\n\n\n\n<div style=\"height:40px\" aria-hidden=\"true\" class=\"wp-block-spacer\"><\/div>\n\n\n\n<p><strong>Abstract<br><\/strong>The article is devoted to the study of key issues of legal regulation of supplementary protection of inventions after the adoption of the Law of Ukraine \u00abOn Amendments to Certain Legislative Acts of Ukraine on Patent Legislation Reform\u00bb in the absence of bylaws to regulate the procedure for issuing supplementary protection certificates. The study also highlights the main shortcomings and gaps in the regulation of certain issues of application of supplementary protection certificates in the current Law of Ukraine \u00abOn protection of rights to inventions and utility models\u00bb.<\/p>\n\n\n\n<p>The author in details analyses European Union approaches to definition of the subject matter of the supplementary protection, providing criteria which are recommended to use in order to decide whether the product is covered by the basic patent in force. Also, the paper is focusing on the issues related to verification of data and materials provided together with the application for a certificate \u2014 such as whether the requirement that the medicinal product must be submitted for marketing authorization in Ukraine no later than during one year after it\u2019s first marketing authorization in the world, whether the authorization provided is the first authorization in Ukraine, etc.<\/p>\n\n\n\n<p>Another problem which is highlighted in the study is the application of the rule to submit the petition for obtaining supplementary protection to those patents and marketing authorizations which were issued before the amendments to the Law came in force, as this question remained unresolved due to the lack of transitional provisions in the Law. Also author points out the necessity to align the provisions of the Article 271 of the Law of Ukraine \u00abOn Protection of Rights to Inventions and Utility Models\u00bb regarding the definition of the subject matter of supplementary protection in accodance with patent legislation by excluding application of the medicinal product from the list as it is not patentable according to Ukrainian law. In addition, the author emphasized the urge to adopt relevant bylaws (procedure) regulating the issue of certificates of supplementary protection.<\/p>\n\n\n\n<p><strong>Keywords: <\/strong>supplementary protection certificate, basic patent, procedure for obtaining supplementary protection certificate<\/p>\n\n\n\n<div style=\"height:40px\" aria-hidden=\"true\" class=\"wp-block-spacer\"><\/div>\n\n\n\n<p><strong>References<\/strong><\/p>\n\n\n\n<p>European Commission, Explanatory Memorandum to the Proposal for a Council Regulation (EEC), of 11 April 1990, concerning the creation of a supplementary protection certificate for medicinal products (COM(90) 101 final \u2013 SYN255).<br><a href=\"https:\/\/eur-lex.europa.eu\/legal-content\/en\/ALL\/?uri=CELEX%3A51990PC0101\">https:\/\/eur-lex.europa.eu\/legal-content\/en\/ALL\/?uri=CELEX%3A51990PC0101<\/a><\/p>\n\n\n\n<p>Wenzel R. Analoge Anwendung der Verordnung \u00fcber das erg\u00e4nzende Schutzzertifikat f\u00fcrArzneimittel auf Medizinprodukte? \/ Robert Wenzel., 2017. 253 \u0441.<\/p>\n\n\n\n<p>\u041f\u0440\u043e \u043e\u0445\u043e\u0440\u043e\u043d\u0443 \u043f\u0440\u0430\u0432 \u043d\u0430 \u0432\u0438\u043d\u0430\u0445\u043e\u0434\u0438 \u0456 \u043a\u043e\u0440\u0438\u0441\u043d\u0456 \u043c\u043e\u0434\u0435\u043b\u0456 : \u0417\u0430\u043a\u043e\u043d \u0423\u043a\u0440\u0430\u0457\u043d\u0438 \u0432\u0456\u0434 15.12.1993\u2008\u0440. \u2116 3687-XII.<br><a href=\"https:\/\/zakon.rada.gov.ua\/laws\/show\/3687-12\/ed20200816#Text\">https:\/\/zakon.rada.gov.ua\/laws\/show\/3687-12\/ed20200816#Text<\/a><\/p>\n\n\n\n<p>Silverman A. The Relationship Between Basic and Improvement Patents [\u0415\u043b\u0435\u043a\u0442\u0440\u043e\u043d\u043d\u0438\u0439 \u0440\u0435\u0441\u0443\u0440\u0441] \/ Arnold B. Silverman \/\/ JOM, 47 (1) (1995), p. 50. 1995.<br><a href=\"https:\/\/www.tms.org\/pubs\/journals\/JOM\/matters\/matters-9501.html\">https:\/\/www.tms.org\/pubs\/journals\/JOM\/matters\/matters-9501.html<\/a><\/p>\n\n\n\n<p>Judgment of the Court (Fifth Chamber) of 16 September 1999. (Farmitalia Carlo Erba Srl.). Case C-392\/97.<\/p>\n\n\n\n<p>Order of the Court (Eighth Chamber), 14 November 2013 (Glaxosmithkline Biologicals SA). Case C 210\/13.<\/p>\n\n\n\n<p>\u041a\u0430\u043f\u0456\u0446\u0430 \u042e. \u0421\u0435\u0440\u0442\u0438\u0444\u0456\u043a\u0430\u0442 \u0434\u043e\u0434\u0430\u0442\u043a\u043e\u0432\u043e\u0457 \u043e\u0445\u043e\u0440\u043e\u043d\u0438 \u043b\u0456\u043a\u0430\u0440\u0441\u044c\u043a\u0438\u0445 \u0437\u0430\u0441\u043e\u0431\u0456\u0432 \u0404\u0421 \u0442\u0430 \u043f\u0440\u043e\u0434\u043e\u0432\u0436\u0435\u043d\u043d\u044f \u0441\u0442\u0440\u043e\u043a\u0443 \u0447\u0438\u043d\u043d\u043e\u0441\u0442\u0456 \u043f\u0430\u0442\u0435\u043d\u0442\u0443 \u043d\u0430 \u0432\u0438\u043d\u0430\u0445\u0456\u0434 \u0432 \u0423\u043a\u0440\u0430\u0457\u043d\u0456. \u0422\u0435\u043e\u0440\u0456\u044f \u0456 \u043f\u0440\u0430\u043a\u0442\u0438\u043a\u0430 \u0456\u043d\u0442\u0435\u043b\u0435\u043a\u0442\u0443\u0430\u043b\u044c\u043d\u043e\u0457 \u0432\u043b\u0430\u0441\u043d\u043e\u0441\u0442\u0456. 2016. \u2116 5. \u0421. 49\u201356.<\/p>\n\n\n\n<p>Judgment of the Court (Fourth Chamber) of 30 April 2020 (Royalty Pharma Collection Trust). Case C 650\/17.<\/p>\n\n\n\n<p>Judgment of the Court (Third Chamber) of 12 December 2013 (Eli Lilly and Company Ltd). Case C 493\/12.<\/p>\n\n\n\n<p>Examination Guidelines for supplementary protection certificate, as of 23 January 2015.<br><a href=\"https:\/\/www.dpma.de\/docs\/service\/formulare_eng\/patent_eng\/p2799_1.pdf\">https:\/\/www.dpma.de\/docs\/service\/formulare_eng\/patent_eng\/p2799_1.pdf<\/a><\/p>\n\n\n\n<p>\u0420\u0456\u0448\u0435\u043d\u043d\u044f \u041a\u043e\u043d\u0441\u0442\u0438\u0442\u0443\u0446\u0456\u0439\u043d\u043e\u0433\u043e \u0421\u0443\u0434\u0443 \u0423\u043a\u0440\u0430\u0457\u043d\u0438 \u0443 \u0441\u043f\u0440\u0430\u0432\u0456 \u0437\u0430 \u043a\u043e\u043d\u0441\u0442\u0438\u0442\u0443\u0446\u0456\u0439\u043d\u0438\u043c \u0437\u0432\u0435\u0440\u043d\u0435\u043d\u043d\u044f\u043c \u0432\u0456\u0434\u043a\u0440\u0438\u0442\u043e\u0433\u043e \u0430\u043a\u0446\u0456\u043e\u043d\u0435\u0440\u043d\u043e\u0433\u043e \u0442\u043e\u0432\u0430\u0440\u0438\u0441\u0442\u0432\u0430 \u00ab\u041a\u043e\u043d\u0446\u0435\u0440\u043d \u0421\u0442\u0438\u0440\u043e\u043b\u00bb \u0449\u043e\u0434\u043e \u043e\u0444\u0456\u0446\u0456\u0439\u043d\u043e\u0433\u043e \u0442\u043b\u0443\u043c\u0430\u0447\u0435\u043d\u043d\u044f \u043f\u043e\u043b\u043e\u0436\u0435\u043d\u043d\u044f \u0430\u0431\u0437\u0430\u0446\u0443 \u043f\u0435\u0440\u0448\u043e\u0433\u043e \u043f\u0443\u043d\u043a\u0442\u0443 1 \u0447\u0430\u0441\u0442\u0438\u043d\u0438 \u043f\u0435\u0440\u0448\u043e\u0457 \u0441\u0442\u0430\u0442\u0442\u0456 12 \u0413\u043e\u0441\u043f\u043e\u0434\u0430\u0440\u0441\u044c\u043a\u043e\u0433\u043e \u043f\u0440\u043e\u0446\u0435\u0441\u0443\u0430\u043b\u044c\u043d\u043e\u0433\u043e \u043a\u043e\u0434\u0435\u043a\u0441\u0443 \u0423\u043a\u0440\u0430\u0457\u043d\u0438 (\u0441\u043f\u0440\u0430\u0432\u0430 \u043f\u0440\u043e \u043e\u0441\u043f\u043e\u0440\u044e\u0432\u0430\u043d\u043d\u044f \u0430\u043a\u0442\u0456\u0432 \u0443 \u0433\u043e\u0441\u043f\u043e\u0434\u0430\u0440\u0441\u044c\u043a\u043e\u043c\u0443 \u0441\u0443\u0434\u0456) \u0432\u0456\u0434 2 \u043b\u0438\u043f\u043d\u044f 2002 \u0440\u043e\u043a\u0443 \u2116 13-\u0440\u043f\/2002. \u0412\u0456\u0441\u043d\u0438\u043a \u041a\u043e\u043d\u0441\u0442\u0438\u0442\u0443\u0446\u0456\u0439\u043d\u043e\u0433\u043e \u0421\u0443\u0434\u0443 \u0423\u043a\u0440\u0430\u0457\u043d\u0438. 2002. \u2116 4. \u0421. 4.<\/p>\n\n\n\n<p>\u041f\u0440\u0438\u0432\u0430\u0442\u043d\u0435 \u043f\u0440\u0430\u0432\u043e \u0432 \u0441\u0444\u0435\u0440\u0456 \u043e\u0445\u043e\u0440\u043e\u043d\u0438 \u0437\u0434\u043e\u0440\u043e\u0432\u2019\u044f: \u0432\u0438\u043a\u043b\u0438\u043a\u0438 \u0442\u0430 \u043f\u0435\u0440\u0441\u043f\u0435\u043a\u0442\u0438\u0432\u0438. \u041a\u0438\u0457\u0432\u0441\u044c\u043a\u0456 \u043f\u0440\u0430\u0432\u043e\u0432\u0456 \u0447\u0438\u0442\u0430\u043d\u043d\u044f. \u041c\u0430\u0442\u0435\u0440\u0456\u0430\u043b\u0438 \u043c\u0456\u0436\u043d. \u043d\u0430\u0443\u043a.-\u043f\u0440\u0430\u043a\u0442. \u043a\u043e\u043d\u0444. \u041a\u0438\u0457\u0432, 17 \u0432\u0435\u0440\u0435\u0441\u043d\u044f 2020 \u0440. [\u0415\u043b\u0435\u043a\u0442\u0440\u043e\u043d\u043d\u0435 \u0432\u0438\u0434\u0430\u043d\u043d\u044f] \/ \u0420. \u0410. \u041c\u0430\u0439\u0434\u0430\u043d\u0438\u043a, \u041a. \u0412. \u041c\u043e\u0441\u043a\u0430\u043b\u0435\u043d\u043a\u043e \u0442\u0430 \u0456\u043d. ; \u0432\u0456\u0434\u043f. \u0440\u0435\u0434. \u0420. \u0410. \u041c\u0430\u0439\u0434\u0430\u043d\u0438\u043a. \u041b\u044c\u0432\u0456\u0432 : \u041c\u0435\u0434\u0438\u0446\u0438\u043d\u0430 \u0456 \u043f\u0440\u0430\u0432\u043e, 2020. 264 \u0441.<\/p>\n\n\n\n<p>Supplementary Protection Certificates Guide For Applicants. Intellectual Property Office. 2013.<br><a href=\"https:\/\/assets.publishing.service.gov.uk\/government\/uploads\/system\/uploads\/attachment_data\/file\/309167\/spctext.pdf\">https:\/\/assets.publishing.service.gov.uk\/government\/uploads\/system\/uploads\/attachment_data\/file\/309167\/spctext.pdf<\/a><\/p>\n<\/div>\n<\/div>\n\n\n\n<p><\/p>\n","protected":false},"excerpt":{"rendered":"<p>Theory and practice of intellectual property\u2116 6 \/ 2021 ISSN (Print) 2308-0361ISSN (Online) 2519-2744 DOI: https:\/\/doi.org\/10.33731\/62021.249108 Published \u00a0\u00a0\u00a0\u00a0\u00a02021-12-27 Key issues of legal regulation of the supplementary protection of inventions in the field of pharmacy in the national legislation of Ukraine Anastasiia HomeniukUkrainehttps:\/\/orcid.org\/0000-0002-6431-918X AbstractThe article is devoted to the study of key issues of legal regulation [&hellip;]<\/p>\n","protected":false},"author":1,"featured_media":0,"parent":0,"menu_order":0,"comment_status":"closed","ping_status":"closed","template":"","meta":{"footnotes":""},"class_list":["post-9376","page","type-page","status-publish","hentry"],"_links":{"self":[{"href":"https:\/\/inprojournal.org\/en\/wp-json\/wp\/v2\/pages\/9376","targetHints":{"allow":["GET"]}}],"collection":[{"href":"https:\/\/inprojournal.org\/en\/wp-json\/wp\/v2\/pages"}],"about":[{"href":"https:\/\/inprojournal.org\/en\/wp-json\/wp\/v2\/types\/page"}],"author":[{"embeddable":true,"href":"https:\/\/inprojournal.org\/en\/wp-json\/wp\/v2\/users\/1"}],"replies":[{"embeddable":true,"href":"https:\/\/inprojournal.org\/en\/wp-json\/wp\/v2\/comments?post=9376"}],"version-history":[{"count":2,"href":"https:\/\/inprojournal.org\/en\/wp-json\/wp\/v2\/pages\/9376\/revisions"}],"predecessor-version":[{"id":9378,"href":"https:\/\/inprojournal.org\/en\/wp-json\/wp\/v2\/pages\/9376\/revisions\/9378"}],"wp:attachment":[{"href":"https:\/\/inprojournal.org\/en\/wp-json\/wp\/v2\/media?parent=9376"}],"curies":[{"name":"wp","href":"https:\/\/api.w.org\/{rel}","templated":true}]}}