{"id":9245,"date":"2026-01-12T12:15:39","date_gmt":"2026-01-12T10:15:39","guid":{"rendered":"https:\/\/inprojournal.org\/?page_id=9245"},"modified":"2026-02-03T23:10:40","modified_gmt":"2026-02-03T21:10:40","slug":"2022-1-1","status":"publish","type":"page","link":"https:\/\/inprojournal.org\/en\/2022-1-1\/","title":{"rendered":"2022-1-1"},"content":{"rendered":"\n<p><\/p>\n\n\n\n<div class=\"wp-block-columns is-layout-flex wp-container-core-columns-is-layout-9d6595d7 wp-block-columns-is-layout-flex\">\n<div class=\"wp-block-column is-layout-flow wp-block-column-is-layout-flow\" style=\"flex-basis:33.33%\">\n<figure class=\"wp-block-image size-large is-resized\"><img loading=\"lazy\" decoding=\"async\" width=\"734\" height=\"1024\" src=\"https:\/\/inprojournal.org\/wp-content\/uploads\/2023\/03\/018-cover-734x1024.jpg\" alt=\"\" class=\"wp-image-3609\" style=\"width:217px;height:302px\" srcset=\"https:\/\/inprojournal.org\/wp-content\/uploads\/2023\/03\/018-cover-734x1024.jpg 734w, https:\/\/inprojournal.org\/wp-content\/uploads\/2023\/03\/018-cover-215x300.jpg 215w, https:\/\/inprojournal.org\/wp-content\/uploads\/2023\/03\/018-cover-768x1071.jpg 768w, https:\/\/inprojournal.org\/wp-content\/uploads\/2023\/03\/018-cover-1101x1536.jpg 1101w, https:\/\/inprojournal.org\/wp-content\/uploads\/2023\/03\/018-cover-1468x2048.jpg 1468w, https:\/\/inprojournal.org\/wp-content\/uploads\/2023\/03\/018-cover-scaled.jpg 1835w\" sizes=\"auto, (max-width: 734px) 100vw, 734px\" \/><\/figure>\n\n\n\n<div style=\"height:26px\" aria-hidden=\"true\" class=\"wp-block-spacer\"><\/div>\n\n\n\n<p class=\"has-small-font-size\">Theory and practice of intellectual property<br>\u2116 1 \/ 2022<\/p>\n\n\n\n<p class=\"has-small-font-size\">ISSN (Print) 2308-0361<br>ISSN (Online) 2519-2744<\/p>\n\n\n\n<div class=\"wp-block-buttons has-custom-font-size is-content-justification-left is-layout-flex wp-container-core-buttons-is-layout-fdcfc74e wp-block-buttons-is-layout-flex\" style=\"font-size:10px\">\n<div class=\"wp-block-button is-style-outline is-style-outline--1\"><a class=\"wp-block-button__link has-black-color has-text-color has-custom-font-size wp-element-button\" href=\"https:\/\/drive.google.com\/file\/d\/1JPFHPHvhAmgGoQ7e6snL64bK-8sxrt0K\/view\" style=\"border-radius:10px;font-size:10px\" target=\"_blank\" rel=\"noreferrer noopener\"><img loading=\"lazy\" decoding=\"async\" width=\"14\" height=\"14\" class=\"wp-image-362\" style=\"width: 14px;\" src=\"https:\/\/test.inprojournal.org\/wp-content\/uploads\/2023\/01\/free-icon-pdf-201153.png\" alt=\"\" srcset=\"https:\/\/inprojournal.org\/wp-content\/uploads\/2023\/01\/free-icon-pdf-201153.png 512w, https:\/\/inprojournal.org\/wp-content\/uploads\/2023\/01\/free-icon-pdf-201153-300x300.png 300w, https:\/\/inprojournal.org\/wp-content\/uploads\/2023\/01\/free-icon-pdf-201153-150x150.png 150w, https:\/\/inprojournal.org\/wp-content\/uploads\/2023\/01\/free-icon-pdf-201153-450x450.png 450w, https:\/\/inprojournal.org\/wp-content\/uploads\/2023\/01\/free-icon-pdf-201153-106x106.png 106w, https:\/\/inprojournal.org\/wp-content\/uploads\/2023\/01\/free-icon-pdf-201153-80x80.png 80w\" sizes=\"auto, (max-width: 14px) 100vw, 14px\" \/> PDF (Ukrainian)<\/a><\/div>\n<\/div>\n\n\n\n<div style=\"height:26px\" aria-hidden=\"true\" class=\"wp-block-spacer\"><\/div>\n\n\n\n<p class=\"has-small-font-size\">DOI: <a href=\"https:\/\/doi.org\/10.33731\/12022.258196\">https:\/\/doi.org\/10.33731\/12022.258196<\/a><\/p>\n\n\n\n<p class=\"has-small-font-size\">Published \u00a0\u00a0\u00a0\u00a0\u00a02022-06-03<\/p>\n\n\n\n<div style=\"height:8px\" aria-hidden=\"true\" class=\"wp-block-spacer\"><\/div>\n\n\n\n<figure class=\"wp-block-image size-full is-resized\"><img decoding=\"async\" src=\"https:\/\/inprojournal.org\/wp-content\/uploads\/2025\/11\/CC-2.png\" alt=\"\" class=\"wp-image-6960\" style=\"width:131px;height:auto\"\/><\/figure>\n\n\n\n<p class=\"has-small-font-size\"><\/p>\n\n\n\n<div style=\"height:26px\" aria-hidden=\"true\" class=\"wp-block-spacer\"><\/div>\n\n\n\n<p class=\"has-small-font-size\"><\/p>\n<\/div>\n\n\n\n<div class=\"wp-block-column is-layout-flow wp-block-column-is-layout-flow\" style=\"flex-basis:66.66%\">\n<p class=\"has-medium-font-size\"><strong>Improvement of Copyright Law of Ukraine in the Context of the Experience of EU Member States<\/strong><\/p>\n\n\n\n<div style=\"height:40px\" aria-hidden=\"true\" class=\"wp-block-spacer\"><\/div>\n\n\n\n<p><strong>Anna Shtefan<\/strong><br>Ukraine<br><a href=\"https:\/\/orcid.org\/0000-0003-2382-4849\">https:\/\/orcid.org\/0000-0003-2382-4849<\/a><\/p>\n\n\n\n<p><\/p>\n\n\n\n<div style=\"height:40px\" aria-hidden=\"true\" class=\"wp-block-spacer\"><\/div>\n\n\n\n<p><strong>Abstract<br><\/strong>In Ukraine, the sphere of copyright is regulated by a large number of legislative acts. It includes the Civil Code and the Law \u2018On Copyright and Related Rights\u2019, which can be considered as general for relations on the creation and use of works. There are also separate laws on publishing, theater, architecture, media, and other types of activity, which are special in the context of legal regulation of certain aspects of copyright in certain areas. Although such a division of legal rules is of certain logic, at the same time, the domestic ramified system of legislative acts is characterized by duplication of similar provisions in different laws and the presence of collisions, and therefore is not effective enough.<\/p>\n\n\n\n<p>The copyright laws of many EU Member States are based on a structure similar to the Law of Ukraine \u2018On Copyright and Related Rights\u2019. At the same time, they differ from it by a higher degree of detail in many provisions. In many Member States, there is a tendency to systematize copyright laws so that they contain all or most of the rules related to the examined area and thus regulate it more fully and comprehensively. In Ukraine, a significant number of such provisions are either stipulated in the legal acts other than the Civil Code and the Law \u2018On Copyright and Related Rights\u2019, or are not stipulated at all. In general, copyright laws of many Member States are more systemic in nature.<\/p>\n\n\n\n<p>Some of the approaches adopted in the EU Member States will be useful for reforming the sphere of copyright in Ukraine. This applies, in particular, to specifying the terms of publishing and other contracts in the field of copyright: the general requirements for such contracts are presented in the domestic legislation rather thoroughly, but it contains almost no provisions relating to the specific terms of such contracts. In comparison, the Portuguese Code of Copyright and Related Rights includes 24 articles on the publishing contract, and the Italian Law on Copyright and Other Rights Related to its Exercise contains 18 articles regulating such a contract. In Ukraine, there is only one general provision stipulating that a publishing contract must be concluded in accordance with the law, and one separate provision concerning the need to specify in the license contract the circulation of the reproduction of a work. The rules on peculiarities of copyright inheritance also deserve attention. There are no such rules in Ukrainian legislation at all, and in practice, there can be quite complex problems that are very difficult to solve due to the gaps in the legal regulation.<\/p>\n\n\n\n<p>Therefore, it is advisable to study more deeply the provisions of the domestic legislation of the EU Member States and their experience of legal regulation of copyright relations. This will help to use a more comprehensive and systematic approach to the development of a new edition of the Law \u2018On Copyright and Related Rights\u2019 and provide in it the rules necessary to fully and comprehensively regulate the relations on the creation and use of works and protection of relevant rights and interests.<\/p>\n\n\n\n<p><strong>Keywords: <\/strong>legislation, legal regulation, copyright, European Union, intellectual property<\/p>\n\n\n\n<div style=\"height:40px\" aria-hidden=\"true\" class=\"wp-block-spacer\"><\/div>\n\n\n\n<p><strong>References<\/strong><\/p>\n\n\n\n<p>\u0426\u0438\u0432\u0456\u043b\u044c\u043d\u0438\u0439 \u043a\u043e\u0434\u0435\u043a\u0441 \u0423\u043a\u0440\u0430\u0457\u043d\u0438 \u0432\u0456\u0434 16 \u0441\u0456\u0447\u043d\u044f 2003 \u0440\u043e\u043a\u0443 \u2116 435-IV. \u0412\u0412\u0420. 2003. \u2116 40-44. \u0421\u0442. 356.<\/p>\n\n\n\n<p>\u041f\u0440\u043e \u0430\u0432\u0442\u043e\u0440\u0441\u044c\u043a\u0435 \u043f\u0440\u0430\u0432\u043e \u0456 \u0441\u0443\u043c\u0456\u0436\u043d\u0456 \u043f\u0440\u0430\u0432\u0430: \u0417\u0430\u043a\u043e\u043d \u0423\u043a\u0440\u0430\u0457\u043d\u0438 \u0432\u0456\u0434 23 \u0433\u0440\u0443\u0434\u043d\u044f 1993 \u0440. \u2116 3792-\u0425\u0406\u0406. \u0412\u0412\u0420. 1994. \u2116 13. \u0421\u0442. 64.<\/p>\n\n\n\n<p>\u0411\u044a\u043b\u0433\u0430\u0440\u0438\u044f: \u0417\u0430\u043a\u043e\u043d \u0437\u0430 \u0430\u0432\u0442\u043e\u0440\u0441\u043a\u043e\u0442\u043e \u043f\u0440\u0430\u0432\u043e \u0438 \u0441\u0440\u043e\u0434\u043d\u0438\u0442\u0435 \u043c\u0443 \u043f\u0440\u0430\u0432\u0430 (\u0414\u0412, \u0431\u0440. 56\/1993, \u0441 \u0438\u0437\u043c\u0435\u043d\u0435\u043d\u0438\u044f\u043c\u0438 \u043f\u043e \u0441\u043e\u0441\u0442\u043e\u044f\u043d\u0438\u044e \u043d\u0430 13.12.2019 \u0433.).<br><a href=\"https:\/\/wipolex.wipo.int\/en\/text\/544110\">https:\/\/wipolex.wipo.int\/en\/text\/544110<\/a><\/p>\n\n\n\n<p>Greece: Law No. 2121\/1993 on Copyright, Related Rights and Cultural Matters (as amended up to Law 4761\/2020 (Official Government Gazette (FEK) \u0391\u2019\/134\/31.07.2021).<br><a href=\"https:\/\/opi.gr\/en\/library\/law-2121-1993\">https:\/\/opi.gr\/en\/library\/law-2121-1993<\/a><\/p>\n\n\n\n<p>Finland: Tekij\u00e4noikeuslaki 8.7.1961\/404 (sellaisena kuin se on muutettuna asetuksella 18.11.2016\/972).<br><a href=\"https:\/\/wipolex.wipo.int\/en\/text\/467066\">https:\/\/wipolex.wipo.int\/en\/text\/467066 <\/a><\/p>\n\n\n\n<p>Croatia: Copyright and Related Rights Act and Acts on Amendments to the Copyright and Related Rights Act (OG Nos. 167\/2003, 79\/2007, 80\/2011, 141\/2013, 127\/2014, 62\/2017 and 96\/2018).<br><a href=\"https:\/\/wipolex.wipo.int\/en\/text\/537702\">https:\/\/wipolex.wipo.int\/en\/text\/537702<\/a><\/p>\n\n\n\n<p>Italy: Legge a protezione del diritto d&#8217;autore e di altri diritti connessi al suo esercizio, 22 aprile 1941, n. 633 (Ultimo aggiornamento all&#8217;atto pubblicato il 29\/11\/2021).<br><a href=\"https:\/\/www.normattiva.it\/uri-res\/N2Ls?urn:nir:stato:legge:1941-04-22;633!vig\">https:\/\/www.normattiva.it\/uri-res\/N2Ls?urn:nir:stato:legge:1941-04-22;633!vig<\/a><\/p>\n\n\n\n<p>Lithuania: Law No. VIII-1185 of May 18, 1999, on Copyright and Related Rights (as amended up to Law No. XII-1183 of October 7, 2014).<br><a href=\"https:\/\/wipolex.wipo.int\/en\/text\/349855\">https:\/\/wipolex.wipo.int\/en\/text\/349855<\/a><\/p>\n\n\n\n<p>Portugal: C\u00f3digo do Direito de Autor e dos Direitos (aprovado pelo Decreto-Lei n.\u00ba 63\/85 de 14 de mar\u00e7o de 1985, e alterado at\u00e9 ao Decreto-Lei n.\u00ba 9\/2021 de 29 de janeiro de 2021).<br><a href=\"https:\/\/wipolex.wipo.int\/en\/text\/583948\">https:\/\/wipolex.wipo.int\/en\/text\/583948 <\/a><\/p>\n\n\n\n<p>\u041f\u0440\u043e \u0432\u0438\u0434\u0430\u0432\u043d\u0438\u0447\u0443 \u0441\u043f\u0440\u0430\u0432\u0443: \u0417\u0430\u043a\u043e\u043d \u0423\u043a\u0440\u0430\u0457\u043d\u0438 \u0432\u0456\u0434 05 \u0447\u0435\u0440\u0432\u043d\u044f 1997 \u0440\u043e\u043a\u0443 \u2116.318\/97-\u0412\u0420. \u0412\u0412\u0420. 1997. \u2116 32. \u0421\u0442. 206.<\/p>\n\n\n\n<p>\u041f\u0440\u043e \u0442\u0435\u0430\u0442\u0440\u0438 \u0456 \u0442\u0435\u0430\u0442\u0440\u0430\u043b\u044c\u043d\u0443 \u0441\u043f\u0440\u0430\u0432\u0443: \u0417\u0430\u043a\u043e\u043d \u0423\u043a\u0440\u0430\u0457\u043d\u0438 \u0432\u0456\u0434 31 \u0442\u0440\u0430\u0432\u043d\u044f 2005 \u0440\u043e\u043a\u0443 \u2116 2605-IV. \u0412\u0412\u0420. 2005. \u2116 26. \u0421\u0442. 350.<\/p>\n\n\n\n<p>\u041f\u0440\u043e \u0430\u0440\u0445\u0456\u0442\u0435\u043a\u0442\u0443\u0440\u043d\u0443 \u0434\u0456\u044f\u043b\u044c\u043d\u0456\u0441\u0442\u044c: \u0417\u0430\u043a\u043e\u043d \u0423\u043a\u0440\u0430\u0457\u043d\u0438 \u0432\u0456\u0434 20 \u0442\u0440\u0430\u0432\u043d\u044f 1999 \u0440\u043e\u043a\u0443 \u2116 687-\u0425IV. \u0412\u0412\u0420. 1999. \u2116 31. \u0421\u0442. 246.<\/p>\n\n\n\n<p>\u041f\u0440\u043e \u0434\u0435\u0440\u0436\u0430\u0432\u043d\u0443 \u0440\u0435\u0454\u0441\u0442\u0440\u0430\u0446\u0456\u044e \u0430\u0432\u0442\u043e\u0440\u0441\u044c\u043a\u043e\u0433\u043e \u043f\u0440\u0430\u0432\u0430 \u0456 \u0434\u043e\u0433\u043e\u0432\u043e\u0440\u0456\u0432, \u044f\u043a\u0456 \u0441\u0442\u043e\u0441\u0443\u044e\u0442\u044c\u0441\u044f \u043f\u0440\u0430\u0432\u0430 \u0430\u0432\u0442\u043e\u0440\u0430 \u043d\u0430 \u0442\u0432\u0456\u0440: \u041f\u043e\u0441\u0442\u0430\u043d\u043e\u0432\u0430 \u041a\u0430\u0431\u0456\u043d\u0435\u0442\u0443 \u041c\u0456\u043d\u0456\u0441\u0442\u0440\u0456\u0432 \u0423\u043a\u0440\u0430\u0457\u043d\u0438 \u0432\u0456\u0434 27 \u0433\u0440\u0443\u0434\u043d\u044f 2001 \u0440. \u2116 1756.<br><a href=\"https:\/\/zakon.rada.gov.ua\/laws\/show\/1756-2001-%D0%BF#Text\">https:\/\/zakon.rada.gov.ua\/laws\/show\/1756-2001-%D0%BF#Text<\/a><\/p>\n\n\n\n<p>\u041f\u0440\u043e \u043e\u0445\u043e\u0440\u043e\u043d\u0443 \u043f\u0440\u0430\u0432 \u043d\u0430 \u043f\u0440\u043e\u043c\u0438\u0441\u043b\u043e\u0432\u0456 \u0437\u0440\u0430\u0437\u043a\u0438: \u0417\u0430\u043a\u043e\u043d \u0423\u043a\u0440\u0430\u0457\u043d\u0438 \u0432\u0456\u0434 15 \u0433\u0440\u0443\u0434\u043d\u044f 1993 \u0440. \u2116 3688-\u0425\u0406\u0406. \u0412\u0412\u0420. 1994. \u2116 7. \u0421\u0442. 34.<\/p>\n\n\n\n<p>Estonia: Copyright Act (consolidated text of April 1, 2019).<br><a href=\"https:\/\/wipolex.wipo.int\/en\/text\/510476\">https:\/\/wipolex.wipo.int\/en\/text\/510476<\/a><\/p>\n\n\n\n<p>\u041f\u0440\u043e \u0435\u0444\u0435\u043a\u0442\u0438\u0432\u043d\u0435 \u0443\u043f\u0440\u0430\u0432\u043b\u0456\u043d\u043d\u044f \u043c\u0430\u0439\u043d\u043e\u0432\u0438\u043c\u0438 \u043f\u0440\u0430\u0432\u0430\u043c\u0438 \u043f\u0440\u0430\u0432\u043e\u0432\u043b\u0430\u0441\u043d\u0438\u043a\u0456\u0432 \u0443 \u0441\u0444\u0435\u0440\u0456 \u0430\u0432\u0442\u043e\u0440\u0441\u044c\u043a\u043e\u0433\u043e \u043f\u0440\u0430\u0432\u0430 \u0456 (\u0430\u0431\u043e) \u0441\u0443\u043c\u0456\u0436\u043d\u0438\u0445 \u043f\u0440\u0430\u0432: \u0417\u0430\u043a\u043e\u043d \u0423\u043a\u0440\u0430\u0457\u043d\u0438 \u0432\u0456\u0434 15 \u0442\u0440\u0430\u0432\u043d\u044f 2018 \u0440\u043e\u043a\u0443 \u2116 2415-V\u0406\u0406\u0406. \u0412\u0412\u0420. 2018. \u2116 32. \u0421\u0442. 242.<\/p>\n\n\n\n<p>Austria: Bundesgesetz \u00fcber das Urheberrecht an Werken der Literatur und der Kunst und \u00fcber verwandte Schutzrechte (Urheberrechtsgesetz 1936, zuletzt ge\u00e4ndert durch das Bundesgesetz BGBI. I Nr. 105\/2018).<br><a href=\"https:\/\/wipolex.wipo.int\/en\/text\/503811\">https:\/\/wipolex.wipo.int\/en\/text\/503811 <\/a><\/p>\n\n\n\n<p>Poland: Ustawa z dnia 4 lutego 1994 r. o prawie autorskim i prawach pokrewnych (zmieniona ustawa z dnia 13 lutego 2020 r.).<br><a href=\"https:\/\/wipolex.wipo.int\/en\/text\/579753\">https:\/\/wipolex.wipo.int\/en\/text\/579753 <\/a><\/p>\n\n\n\n<p>\u041a\u043e\u0434\u0435\u043a\u0441 \u0423\u043a\u0440\u0430\u0457\u043d\u0438 \u043f\u0440\u043e \u0430\u0434\u043c\u0456\u043d\u0456\u0441\u0442\u0440\u0430\u0442\u0438\u0432\u043d\u0456 \u043f\u0440\u0430\u0432\u043e\u043f\u043e\u0440\u0443\u0448\u0435\u043d\u043d\u044f \u0432\u0456\u0434 7 \u0433\u0440\u0443\u0434\u043d\u044f 1984 \u0440\u043e\u043a\u0443 \u2116 8073-\u0425. \u0412\u0412\u0420 \u0423\u043a\u0440\u0430\u0457\u043d\u0441\u044c\u043a\u043e\u0457 \u0420\u0421\u0420. 1984. \u0414\u043e\u0434\u0430\u0442\u043e\u043a \u0434\u043e \u2116 51. \u0421\u0442. 1122.<\/p>\n\n\n\n<p>\u041a\u0440\u0438\u043c\u0456\u043d\u0430\u043b\u044c\u043d\u0438\u0439 \u043a\u043e\u0434\u0435\u043a\u0441 \u0423\u043a\u0440\u0430\u0457\u043d\u0438 \u0432\u0456\u0434 05 \u043a\u0432\u0456\u0442\u043d\u044f 2001 \u0440. \u2116 2341-\u0406\u0406\u0406. \u0412\u0412\u0420. 2001. \u2116 25-26. \u0421\u0442. 131.<\/p>\n<\/div>\n<\/div>\n","protected":false},"excerpt":{"rendered":"<p>Theory and practice of intellectual property\u2116 1 \/ 2022 ISSN (Print) 2308-0361ISSN (Online) 2519-2744 DOI: https:\/\/doi.org\/10.33731\/12022.258196 Published \u00a0\u00a0\u00a0\u00a0\u00a02022-06-03 Improvement of Copyright Law of Ukraine in the Context of the Experience of EU Member States Anna ShtefanUkrainehttps:\/\/orcid.org\/0000-0003-2382-4849 AbstractIn Ukraine, the sphere of copyright is regulated by a large number of legislative acts. It includes the Civil [&hellip;]<\/p>\n","protected":false},"author":1,"featured_media":0,"parent":0,"menu_order":0,"comment_status":"closed","ping_status":"closed","template":"","meta":{"footnotes":""},"class_list":["post-9245","page","type-page","status-publish","hentry"],"_links":{"self":[{"href":"https:\/\/inprojournal.org\/en\/wp-json\/wp\/v2\/pages\/9245","targetHints":{"allow":["GET"]}}],"collection":[{"href":"https:\/\/inprojournal.org\/en\/wp-json\/wp\/v2\/pages"}],"about":[{"href":"https:\/\/inprojournal.org\/en\/wp-json\/wp\/v2\/types\/page"}],"author":[{"embeddable":true,"href":"https:\/\/inprojournal.org\/en\/wp-json\/wp\/v2\/users\/1"}],"replies":[{"embeddable":true,"href":"https:\/\/inprojournal.org\/en\/wp-json\/wp\/v2\/comments?post=9245"}],"version-history":[{"count":3,"href":"https:\/\/inprojournal.org\/en\/wp-json\/wp\/v2\/pages\/9245\/revisions"}],"predecessor-version":[{"id":9248,"href":"https:\/\/inprojournal.org\/en\/wp-json\/wp\/v2\/pages\/9245\/revisions\/9248"}],"wp:attachment":[{"href":"https:\/\/inprojournal.org\/en\/wp-json\/wp\/v2\/media?parent=9245"}],"curies":[{"name":"wp","href":"https:\/\/api.w.org\/{rel}","templated":true}]}}