{"id":9192,"date":"2026-01-11T19:22:05","date_gmt":"2026-01-11T17:22:05","guid":{"rendered":"https:\/\/inprojournal.org\/?page_id=9192"},"modified":"2026-02-03T23:14:13","modified_gmt":"2026-02-03T21:14:13","slug":"2022-2-5","status":"publish","type":"page","link":"https:\/\/inprojournal.org\/en\/2022-2-5\/","title":{"rendered":"2022-2-5"},"content":{"rendered":"\n<p><\/p>\n\n\n\n<div class=\"wp-block-columns is-layout-flex wp-container-core-columns-is-layout-9d6595d7 wp-block-columns-is-layout-flex\">\n<div class=\"wp-block-column is-layout-flow wp-block-column-is-layout-flow\" style=\"flex-basis:33.33%\">\n<figure class=\"wp-block-image size-large is-resized\"><img loading=\"lazy\" decoding=\"async\" width=\"734\" height=\"1024\" src=\"https:\/\/inprojournal.org\/wp-content\/uploads\/2023\/03\/018-cover-734x1024.jpg\" alt=\"\" class=\"wp-image-3609\" style=\"width:217px;height:302px\" srcset=\"https:\/\/inprojournal.org\/wp-content\/uploads\/2023\/03\/018-cover-734x1024.jpg 734w, https:\/\/inprojournal.org\/wp-content\/uploads\/2023\/03\/018-cover-215x300.jpg 215w, https:\/\/inprojournal.org\/wp-content\/uploads\/2023\/03\/018-cover-768x1071.jpg 768w, https:\/\/inprojournal.org\/wp-content\/uploads\/2023\/03\/018-cover-1101x1536.jpg 1101w, https:\/\/inprojournal.org\/wp-content\/uploads\/2023\/03\/018-cover-1468x2048.jpg 1468w, https:\/\/inprojournal.org\/wp-content\/uploads\/2023\/03\/018-cover-scaled.jpg 1835w\" sizes=\"auto, (max-width: 734px) 100vw, 734px\" \/><\/figure>\n\n\n\n<div style=\"height:26px\" aria-hidden=\"true\" class=\"wp-block-spacer\"><\/div>\n\n\n\n<p class=\"has-small-font-size\">Theory and practice of intellectual property<br>\u2116 2 \/ 2022<\/p>\n\n\n\n<p class=\"has-small-font-size\">ISSN (Print) 2308-0361<br>ISSN (Online) 2519-2744<\/p>\n\n\n\n<div class=\"wp-block-buttons has-custom-font-size is-content-justification-left is-layout-flex wp-container-core-buttons-is-layout-fdcfc74e wp-block-buttons-is-layout-flex\" style=\"font-size:10px\">\n<div class=\"wp-block-button is-style-outline is-style-outline--1\"><a class=\"wp-block-button__link has-black-color has-text-color has-custom-font-size wp-element-button\" href=\"https:\/\/drive.google.com\/file\/d\/1Vb4pnQor49DIxEshEuTEtkFtetKDZDD3\/view\" style=\"border-radius:10px;font-size:10px\" target=\"_blank\" rel=\"noreferrer noopener\"><img loading=\"lazy\" decoding=\"async\" width=\"14\" height=\"14\" class=\"wp-image-362\" style=\"width: 14px;\" src=\"https:\/\/test.inprojournal.org\/wp-content\/uploads\/2023\/01\/free-icon-pdf-201153.png\" alt=\"\" srcset=\"https:\/\/inprojournal.org\/wp-content\/uploads\/2023\/01\/free-icon-pdf-201153.png 512w, https:\/\/inprojournal.org\/wp-content\/uploads\/2023\/01\/free-icon-pdf-201153-300x300.png 300w, https:\/\/inprojournal.org\/wp-content\/uploads\/2023\/01\/free-icon-pdf-201153-150x150.png 150w, https:\/\/inprojournal.org\/wp-content\/uploads\/2023\/01\/free-icon-pdf-201153-450x450.png 450w, https:\/\/inprojournal.org\/wp-content\/uploads\/2023\/01\/free-icon-pdf-201153-106x106.png 106w, https:\/\/inprojournal.org\/wp-content\/uploads\/2023\/01\/free-icon-pdf-201153-80x80.png 80w\" sizes=\"auto, (max-width: 14px) 100vw, 14px\" \/> PDF (Ukrainian)<\/a><\/div>\n<\/div>\n\n\n\n<div style=\"height:26px\" aria-hidden=\"true\" class=\"wp-block-spacer\"><\/div>\n\n\n\n<p class=\"has-small-font-size\">DOI: <a href=\"https:\/\/doi.org\/10.33731\/22022.259744\">https:\/\/doi.org\/10.33731\/22022.259744<\/a><\/p>\n\n\n\n<p class=\"has-small-font-size\">Published \u00a0\u00a0\u00a0\u00a0\u00a02022-06-23<\/p>\n\n\n\n<div style=\"height:8px\" aria-hidden=\"true\" class=\"wp-block-spacer\"><\/div>\n\n\n\n<figure class=\"wp-block-image size-full is-resized\"><img decoding=\"async\" src=\"https:\/\/inprojournal.org\/wp-content\/uploads\/2025\/11\/CC-2.png\" alt=\"\" class=\"wp-image-6960\" style=\"width:131px;height:auto\"\/><\/figure>\n\n\n\n<p class=\"has-small-font-size\"><\/p>\n\n\n\n<div style=\"height:26px\" aria-hidden=\"true\" class=\"wp-block-spacer\"><\/div>\n\n\n\n<p class=\"has-small-font-size\"><\/p>\n<\/div>\n\n\n\n<div class=\"wp-block-column is-layout-flow wp-block-column-is-layout-flow\" style=\"flex-basis:66.66%\">\n<p class=\"has-medium-font-size\"><strong>Problems of patenting inventions created using artificial<br>intelligence: doctrine and practice (\u0440. 1)<\/strong><\/p>\n\n\n\n<div style=\"height:40px\" aria-hidden=\"true\" class=\"wp-block-spacer\"><\/div>\n\n\n\n<p><strong>Gennadiy Androshchuk<\/strong><br>Ukraine<br><a href=\"https:\/\/orcid.org\/0000-0003-0781-9740\">https:\/\/orcid.org\/0000-0003-0781-9740<\/a><\/p>\n\n\n\n<p><\/p>\n\n\n\n<div style=\"height:40px\" aria-hidden=\"true\" class=\"wp-block-spacer\"><\/div>\n\n\n\n<p><strong>Abstract<br><\/strong>The dynamics of development of the world market of artificial intelligence (AI), patent activity in this field, problematic issues arising in connection with the patenting of inventions created using AI are studied. Aspects of doctrine formation and policy development in the field of intellectual property (IP) and AI are considered. Features of examination of patentability of inventions created with the use of AI in different jurisdictions (EPO, USA, Germany, China), foreign legislation, doctrinal positions and case law in this field are analyzed. According to the analysis of the Artificial Inventor project, DABUS applications indicating the AI system as the inventor, submitted in 17 jurisdictions, were mostly rejected at the level of IP offices and as a result of court appeals. In general, the applicant failed to persuade the IP courts and agencies with his arguments, despite differences in national law and patent systems. The main provisions of the draft law \u00abOn Amendments to the Law of Ukraine \u00abOn Protection of Rights to Inventions and Utility Models\u00bb on the regulation of relations arising in relation to inventions and utility models created using artificial intelligence\u00bb are considered. It is concluded that the Law on the Protection of Rights to Inventions and Utility Models excludes computer programs from patented objects. Their minority is stated in the total number of filed applications and issued patents. Between 1980 and 2018, only 740 such applications were published (1.26% of the total). The rules for compiling, submitting and reviewing an application for an invention (utility model) in Ukraine are outdated and do not reflect aspects of AI. Only a comprehensive approach (changes in legislation and improvement of expertise) will solve this problem.<\/p>\n\n\n\n<p><strong>Keywords: <\/strong>intellectual property, artificial intelligence, inventor, software, examination, patent, digital transformation<\/p>\n\n\n\n<div style=\"height:40px\" aria-hidden=\"true\" class=\"wp-block-spacer\"><\/div>\n\n\n\n<p><strong>References<\/strong><\/p>\n\n\n\n<p>WIPO Technology Trends 2019 \u2013 Artificial Intelligence.<br><a href=\"https:\/\/www.wipo.int\/publications\/en\/details.jsp?id=4386\">https:\/\/www.wipo.int\/publications\/en\/details.jsp?id=4386<\/a><\/p>\n\n\n\n<p>\u0410\u043d\u0434\u0440\u043e\u0449\u0443\u043a \u0413. \u041e. \u0428\u0442\u0443\u0447\u043d\u0438\u0439&nbsp; \u0456\u043d\u0442\u0435\u043b\u0435\u043a\u0442: \u0435\u043a\u043e\u043d\u043e\u043c\u0456\u043a\u0430, \u0456\u043d\u0442\u0435\u043b\u0435\u043a\u0442\u0443\u0430\u043b\u044c\u043d\u0430 \u0432\u043b\u0430\u0441\u043d\u0456\u0441\u0442\u044c, \u0437\u0430\u0433\u0440\u043e\u0437\u0438. \u0422\u0435\u043e\u0440\u0456\u044f \u0456 \u043f\u0440\u0430\u043a\u0442\u0438\u043a\u0430 \u0456\u043d\u0442\u0435\u043b\u0435\u043a\u0442\u0443\u0430\u043b\u044c\u043d\u043e\u0457 \u0432\u043b\u0430\u0441\u043d\u043e\u0441\u0442\u0456. \u2116 2 (2021). \u0421. 56\u221274.<\/p>\n\n\n\n<p>\u0410\u043d\u0434\u0440\u043e\u0449\u0443\u043a \u0413. \u041e. \u0428\u0442\u0443\u0447\u043d\u0438\u0439 \u0456\u043d\u0442\u0435\u043b\u0435\u043a\u0442: \u0435\u043a\u043e\u043d\u043e\u043c\u0456\u043a\u0430, \u0456\u043d\u0442\u0435\u043b\u0435\u043a\u0442\u0443\u0430\u043b\u044c\u043d\u0430 \u0432\u043b\u0430\u0441\u043d\u0456\u0441\u0442\u044c, \u0437\u0430\u0433\u0440\u043e\u0437\u0438. \u0422\u0435\u043e\u0440\u0456\u044f \u0456 \u043f\u0440\u0430\u043a\u0442\u0438\u043a\u0430 \u0456\u043d\u0442\u0435\u043b\u0435\u043a\u0442\u0443\u0430\u043b\u044c\u043d\u043e\u0457 \u0432\u043b\u0430\u0441\u043d\u043e\u0441\u0442\u0456. \u2116 3 (2021). \u0421. 45\u221256.<\/p>\n\n\n\n<p>\u0410\u043d\u0434\u0440\u043e\u0449\u0443\u043a \u0413. \u041e. \u0422\u0435\u0445\u043d\u043e\u043b\u043e\u0433\u0456\u0457 \u0448\u0442\u0443\u0447\u043d\u043e\u0433\u043e \u0456\u043d\u0442\u0435\u043b\u0435\u043a\u0442\u0443: \u0430\u043d\u0430\u043b\u0456\u0437 \u043f\u0430\u0442\u0435\u043d\u0442\u043d\u0438\u0445 \u0442\u0440\u0435\u043d\u0434\u0456\u0432. \u0415\u043a\u0441\u043f\u0435\u0440\u0442: \u043f\u0430\u0440\u0430\u0434\u0438\u0433\u043c\u0438 \u044e\u0440\u0438\u0434\u0438\u0447\u043d\u0438\u0445 \u043d\u0430\u0443\u043a \u0456 \u0434\u0435\u0440\u0436\u0430\u0432\u043d\u043e\u0433\u043e \u0443\u043f\u0440\u0430\u0432\u043b\u0456\u043d\u043d\u044f. 2021. \u2116 3 (15). \u0421. 12\u221225.<\/p>\n\n\n\n<p>\u0410\u043d\u0434\u0440\u043e\u0449\u0443\u043a \u0413. \u041e. \u041c\u0430\u0448\u0438\u043d\u0430 \u0432\u0438\u043d\u0430\u0445\u0456\u0434\u043d\u0438\u043a: \u0449\u043e \u0432\u0438\u0440\u0456\u0448\u0438\u043b\u043e \u0404\u041f\u0412. \u0406\u043d\u0442\u0435\u043b\u0435\u043a\u0442\u0443\u0430\u043b\u044c\u043d\u0430 \u0432\u043b\u0430\u0441\u043d\u0456\u0441\u0442\u044c \u0432 \u0423\u043a\u0440\u0430\u0457\u043d\u0456. 2020. \u2116 2. \u0421. 58\u221259.<\/p>\n\n\n\n<p>\u0410\u043d\u0434\u0440\u043e\u0449\u0443\u043a \u0413. \u0428\u0406 \u043d\u0435 \u0432\u043e\u043b\u043e\u0434\u0456\u0454 \u043f\u0440\u0430\u0432\u043e\u0441\u0443\u0431\u2019\u0454\u043a\u0442\u043d\u0456\u0441\u0442\u044e, \u0449\u043e\u0431 \u0432\u0438\u043d\u0430\u0445\u043e\u0434\u0438\u0442\u0438. \u0406\u043d\u0442\u0435\u043b\u0435\u043a\u0442\u0443\u0430\u043b\u044c\u043d\u0430 \u0432\u043b\u0430\u0441\u043d\u0456\u0441\u0442\u044c \u0432 \u0423\u043a\u0440\u0430\u0457\u043d\u0456. 2021. \u2116 2. \u0421. 53\u221254.<\/p>\n\n\n\n<p>\u0410\u043d\u0434\u0440\u043e\u0449\u0443\u043a \u0413. \u041e. \u041f\u0430\u0442\u0435\u043d\u0442\u0443\u0432\u0430\u043d\u043d\u044f \u0432\u0438\u043d\u0430\u0445\u043e\u0434\u0456\u0432, \u0440\u0435\u0430\u043b\u0456\u0437\u043e\u0432\u0430\u043d\u0438\u0445 \u043d\u0430 \u043a\u043e\u043c\u043f\u02bc\u044e\u0442\u0435\u0440\u0456: \u043a\u0435\u0440\u0456\u0432\u043d\u0456 \u043f\u0440\u0438\u043d\u0446\u0438\u043f\u0438 \u0456 \u043f\u0440\u0430\u043a\u0442\u0438\u043a\u0430 \u0404\u041f\u0412. \u041f\u0440\u043e\u0431\u043b\u0435\u043c\u0438 \u0442\u0435\u043e\u0440\u0456\u0457 \u0442\u0430 \u043f\u0440\u0430\u043a\u0442\u0438\u043a\u0438 \u0441\u0443\u0434\u043e\u0432\u043e\u0457 \u0435\u043a\u0441\u043f\u0435\u0440\u0442\u0438\u0437\u0438 \u0437 \u043f\u0438\u0442\u0430\u043d\u044c \u0456\u043d\u0442\u0435\u043b\u0435\u043a\u0442\u0443\u0430\u043b\u044c\u043d\u043e\u0457 \u0432\u043b\u0430\u0441\u043d\u043e\u0441\u0442\u0456 (\u00ab\u041a\u0440\u0430\u0439\u043d\u0454\u0432\u0441\u044c\u043a\u0456 \u0447\u0438\u0442\u0430\u043d\u043d\u044f\u00bb) : \u043c\u0430\u0442\u0435\u0440. IV \u041c\u0456\u0436\u043d\u0430\u0440. \u043d\u0430\u0443\u043a.-\u043f\u0440\u0430\u043a\u0442. \u043a\u043e\u043d\u0444. (24 \u0433\u0440\u0443\u0434\u043d\u044f 2020 \u0440., \u043c. \u041a\u0438\u0457\u0432) ; \u0437\u0430 \u0440\u0435\u0434. \u0430\u043a\u0430\u0434. \u041d\u0410\u041f\u0440\u041d \u0423\u043a\u0440\u0430\u0457\u043d\u0438 \u041e. \u0412. \u0421\u043a\u0440\u0438\u043f\u043d\u044e\u043a\u0430 \u0456 \u043f\u0440\u043e\u0444. \u0412. \u041b. \u0424\u0435\u0434\u043e\u0440\u0435\u043d\u043a\u0430 \/ \u041d\u0414\u0426\u0421\u0415 \u0441\u0443\u0434\u043e\u0432\u043e\u0457 \u0435\u043a\u0441\u043f\u0435\u0440\u0442\u0438\u0437\u0438 \u0437 \u043f\u0438\u0442\u0430\u043d\u044c \u0456\u043d\u0442\u0435\u043b\u0435\u043a\u0442\u0443\u0430\u043b\u044c\u043d\u043e\u0457 \u0432\u043b\u0430\u0441\u043d\u043e\u0441\u0442\u0456 \u041c\u0456\u043d\u02bc\u044e\u0441\u0442\u0443. \u041a\u0438\u0457\u0432 : \u041b\u0456\u0440\u0430, 2020. \u0421. 54\u221268.<\/p>\n\n\n\n<p>\u0410\u043d\u0434\u0440\u043e\u0449\u0443\u043a \u0413. \u0428\u0442\u0443\u0447\u043d\u0438\u0439 \u0456\u043d\u0442\u0435\u043b\u0435\u043a\u0442: \u0437\u0440\u043e\u0441\u0442\u0430\u044e\u0447\u0430 \u0437\u0430\u0433\u0440\u043e\u0437\u0430 \u2014 \u043a\u043b\u043e\u043d\u0443\u0432\u0430\u043d\u043d\u044f \u0433\u043e\u043b\u043e\u0441\u0443. \u0406\u043d\u0442\u0435\u043b\u0435\u043a\u0442\u0443\u0430\u043b\u044c\u043d\u0430 \u0432\u043b\u0430\u0441\u043d\u0456\u0441\u0442\u044c \u0432 \u0423\u043a\u0440\u0430\u0457\u043d\u0456. 2021. \u2116 7. \u0421. 66\u221267.<\/p>\n\n\n\n<p>\u0410\u043d\u0434\u0440\u043e\u0449\u0443\u043a \u0413. \u041f\u0456\u0432\u0434\u0435\u043d\u043d\u0430 \u0410\u0444\u0440\u0438\u043a\u0430: \u0448\u0442\u0443\u0447\u043d\u0438\u0439 \u0456\u043d\u0442\u0435\u043b\u0435\u043a\u0442 \u0443 \u0441\u043f\u0438\u0441\u043a\u0443 \u0432\u0438\u043d\u0430\u0445\u0456\u0434\u043d\u0438\u043a\u0456\u0432. \u0406\u043d\u0442\u0435\u043b\u0435\u043a\u0442\u0443\u0430\u043b\u044c\u043d\u0430 \u0432\u043b\u0430\u0441\u043d\u0456\u0441\u0442\u044c \u0432 \u0423\u043a\u0440\u0430\u0457\u043d\u0456. 2021. \u2116 8. \u0421. 68\u221269.<\/p>\n\n\n\n<p>\u0410\u043d\u0434\u0440\u043e\u0449\u0443\u043a \u0413. \u0410\u0432\u0441\u0442\u0440\u0430\u043b\u0456\u0439\u0441\u044c\u043a\u0438\u0439 \u0441\u0443\u0434 \u0432\u0438\u0437\u043d\u0430\u0432 \u0428\u0406 \u0432\u0438\u043d\u0430\u0445\u0456\u0434\u043d\u0438\u043a\u043e\u043c. \u0406\u043d\u0442\u0435\u043b\u0435\u043a\u0442\u0443\u0430\u043b\u044c\u043d\u0430 \u0432\u043b\u0430\u0441\u043d\u0456\u0441\u0442\u044c \u0432 \u0423\u043a\u0440\u0430\u0457\u043d\u0456. 2021. \u2116 10. \u0421. 54\u221255.<\/p>\n\n\n\n<p>\u0410\u043d\u0434\u0440\u043e\u0449\u0443\u043a \u0413. \u0428\u0406 \u043d\u0435 \u043c\u043e\u0436\u0435 \u0431\u0443\u0442\u0438 \u043d\u0430\u0437\u0432\u0430\u043d\u0438\u0439 \u0432\u0438\u043d\u0430\u0445\u0456\u0434\u043d\u0438\u043a\u043e\u043c \u0432 \u043f\u0430\u0442\u0435\u043d\u0442\u043d\u0438\u0445 \u0437\u0430\u044f\u0432\u043a\u0430\u0445. \u0406\u043d\u0442\u0435\u043b\u0435\u043a\u0442\u0443\u0430\u043b\u044c\u043d\u0430 \u0432\u043b\u0430\u0441\u043d\u0456\u0441\u0442\u044c \u0432 \u0423\u043a\u0440\u0430\u0457\u043d\u0456. 2021. \u2116 12. \u0421. 59\u221260.<\/p>\n\n\n\n<p>Worldwide Semiannual Artificial Intelligence Tracker.<br><a href=\"https:\/\/www.idc.com\/tracker\/showproductinfo.jsp?containerId=IDC_P37251\">https:\/\/www.idc.com\/tracker\/showproductinfo.jsp?containerId=IDC_P37251<\/a><\/p>\n\n\n\n<p>IDC Forecasts Companies to Increase Spend on AI Solutions by 19,6 % in 2022.<br><a href=\"https:\/\/www.idc.com\/getdoc.jsp?containerId=prUS48881422\">https:\/\/www.idc.com\/getdoc.jsp?containerId=prUS48881422<\/a><\/p>\n\n\n\n<p>\u0427\u0438\u0441\u043b\u043e \u0432\u044b\u0434\u0430\u043d\u043d\u044b\u0445 \u0432 \u043c\u0438\u0440\u0435 \u043f\u0430\u0442\u0435\u043d\u0442\u043e\u0432 \u0432 \u0441\u0444\u0435\u0440\u0435 \u0418\u0418 \u0432\u044b\u0440\u043e\u0441\u043b\u043e \u0432 \u0432\u043e\u0441\u0435\u043c\u044c \u0440\u0430\u0437 \u0437\u0430 \u043f\u044f\u0442\u044c \u043b\u0435\u0442.<br><a href=\"https:\/\/sk.ru\/news\/chislo-vydannyh-v-mire-patentov-v-sfere-ii-vyroslo-v-vosem-raz-za-pyat-let\/\">https:\/\/sk.ru\/news\/chislo-vydannyh-v-mire-patentov-v-sfere-ii-vyroslo-v-vosem-raz-za-pyat-let\/<\/a><\/p>\n\n\n\n<p>Ryan Abbott The Artificial Inventor Project.<br>The Artificial Inventor Project (wipo.int).<\/p>\n\n\n\n<p>\u041c\u0430\u0440\u0438\u044f \u041a\u0430\u043b\u0438\u043d\u0438\u0447\u0435\u0432\u0430. \u041e \u043d\u0435\u043a\u043e\u0442\u043e\u0440\u044b\u0445 \u0432\u043e\u043f\u0440\u043e\u0441\u0430\u0445 \u043f\u0440\u0430\u0432\u043e\u0432\u043e\u0439 \u043e\u0445\u0440\u0430\u043d\u044b \u0438\u0437\u043e\u0431\u0440\u0435\u0442\u0435\u043d\u0438\u0439, \u0441\u043e\u0437\u0434\u0430\u043d\u043d\u044b\u0445 \u0438\u0441\u043a\u0443\u0441\u0441\u0442\u0432\u0435\u043d\u043d\u044b\u043c \u0438\u043d\u0442\u0435\u043b\u043b\u0435\u043a\u0442\u043e\u043c.<br><a href=\"https:\/\/zakon.ru\/blog\/2020\/2\/25\/o_nekotoryh_voprosah_pravovoj_ohrany_izobretenij_sozdannyh_iskusstvennym_intellektom\">https:\/\/zakon.ru\/blog\/2020\/2\/25\/o_nekotoryh_voprosah_pravovoj_ohrany_izobretenij_sozdannyh_iskusstvennym_intellektom<\/a><\/p>\n\n\n\n<p>\u0415\u043d\u0446\u0438\u043a\u043b\u043e\u043f\u0435\u0434\u0456\u044f \u0441\u0443\u0447\u0430\u0441\u043d\u043e\u0457 \u0423\u043a\u0440\u0430\u0457\u043d\u0438.<br><a href=\"https:\/\/esu.com.ua\/search_articles.php?id=20527\">https:\/\/esu.com.ua\/search_articles.php?id=20527<\/a><\/p>\n\n\n\n<p>\u042e\u0440\u0438\u0434\u0438\u0447\u043d\u0430 \u0435\u043d\u0446\u0438\u043a\u043b\u043e\u043f\u0435\u0434\u0456\u044f: \u0432 6 \u0442. \/ \u0440\u0435\u0434\u043a\u043e\u043b. : \u042e. \u0421. \u0428\u0435\u043c\u0448\u0443\u0447\u0435\u043d\u043a\u043e (\u0433\u043e\u043b\u043e\u0432\u0430 \u0440\u0435\u0434\u043a\u043e\u043b.) \u0442\u0430 \u0456\u043d. \u041a\u0438\u0457\u0432 : \u0423\u043a\u0440. \u0435\u043d\u0446\u0438\u043a\u043b., 1998. \u0422. 2 : \u0414-\u0419, 2003. 744 \u0441.<\/p>\n\n\n\n<p>\u0406\u0441\u043a\u0440\u0430 \u0421. \u0412\u0438\u0437\u043d\u0430\u0447\u0435\u043d\u043d\u044f \u043f\u0440\u0430\u0432\u043e\u0432\u043e\u0457 \u0434\u043e\u043a\u0442\u0440\u0438\u043d\u0438 \u0443 \u0457\u0457 \u0441\u043f\u0456\u0432\u0432\u0456\u0434\u043d\u043e\u0448\u0435\u043d\u043d\u044f \u0437 \u044e\u0440\u0438\u0434\u0438\u0447\u043d\u043e\u044e \u043d\u0430\u0443\u043a\u043e\u044e. \u041f\u0456\u0434\u043f\u0440\u0438\u0454\u043c\u043d\u0438\u0446\u0442\u0432\u043e, \u0433\u043e\u0441\u043f\u043e\u0434\u0430\u0440\u0441\u0442\u0432\u043e \u0456 \u043f\u0440\u0430\u0432\u043e. 2018. \u2116 11. \u0421. 177\u2212180.<\/p>\n\n\n\n<p>\u0411\u0430\u0442\u0443\u0440\u0438\u043d\u0430 \u0421. \u0412. \u0422\u0440\u0430\u0434\u0438\u0446\u0438\u0438 \u0440\u043e\u0441\u0441\u0438\u0439\u0441\u043a\u043e\u0439 \u043f\u0440\u0430\u0432\u043e\u0432\u043e\u0439 \u0434\u043e\u043a\u0442\u0440\u0438\u043d\u044b: \u0430\u0432\u0442\u043e\u0440\u0435\u0444. \u0434\u0438\u0441. &#8230; \u043a\u0430\u043d\u0434. \u044e\u0440\u0438\u0434. \u043d\u0430\u0443\u043a :12.00.01. \u041a\u0443\u0431\u0430\u043d\u0441\u043a\u0438\u0439 \u0433\u043e\u0441. \u0430\u0433\u0440\u0430\u0440\u043d. \u0443\u043d-\u0442\u0435\u0442. \u041a\u0440\u0430\u0441\u043d\u043e\u0434\u0430\u0440. 2008. 27 \u0441.<\/p>\n\n\n\n<p>\u041f\u0430\u0432\u043b\u044e\u043a \u041d. \u041c. \u0414\u043e\u043a\u0442\u0440\u0438\u043d\u0430 \u0446\u0438\u0432\u0456\u043b\u044c\u043d\u043e\u0433\u043e \u043f\u0440\u0430\u0432\u0430 \u044f\u043a \u0442\u0435\u043e\u0440\u0435\u0442\u0438\u0447\u043d\u0435 \u043f\u0456\u0434\u0491\u0440\u0443\u043d\u0442\u044f \u043c\u043e\u0434\u0435\u0440\u043d\u0456\u0437\u0430\u0446\u0456\u0457 \u0446\u0438\u0432\u0456\u043b\u044c\u043d\u043e\u0433\u043e \u0437\u0430\u043a\u043e\u043d\u043e\u0434\u0430\u0432\u0441\u0442\u0432\u0430 \u0423\u043a\u0440\u0430\u0457\u043d\u0438. \u042e\u0440\u0438\u0434\u0438\u0447\u043d\u0438\u0439 \u043d\u0430\u0443\u043a\u043e\u0432\u0438\u0439 \u0435\u043b\u0435\u043a\u0442\u0440\u043e\u043d\u043d\u0438\u0439 \u0436\u0443\u0440\u043d\u0430\u043b.<br><a href=\"http:\/\/www.lsej.org.ua\/6_2021\/19.pdf\">http:\/\/www.lsej.org.ua\/6_2021\/19.pdf<\/a><\/p>\n\n\n\n<p>Mochulska Marta&nbsp; Doktryna prawa i jej wp\u0142yw na stosowanie prawa przez s\u0105dy w pa\u0144stwach kontynentalnej tradycji prawnej ze szczeg\u00f3lnym uwzgl\u0119dnieniem perspektywy Ukrainy. \/\/ Studia z Zakresu Prawa, Administracji i Zarz\u0105dzania Uniwersytetu Kazimierza Wielkiego w Bydgoszczy 2012, Tom 2. S.\u200875\u221284.<\/p>\n\n\n\n<p>\u041f\u043e\u043b\u044f\u043d\u0441\u044c\u043a\u0438\u0439 \u0404. \u042e. \u041f\u0440\u0430\u0432\u043e\u0432\u0430 \u0434\u043e\u043a\u0442\u0440\u0438\u043d\u0430 \u044f\u043a \u0431\u0430\u0437\u0438\u0441\u043d\u0430 \u043a\u043e\u043d\u0446\u0435\u043f\u0446\u0456\u044f \u043f\u0440\u0430\u0432\u0430: \u043f\u0440\u0438\u0440\u043e\u0434\u0430, \u0441\u0442\u0440\u0443\u043a\u0442\u0443\u0440\u0430, \u0437\u043d\u0430\u0447\u0435\u043d\u043d\u044f. \u041d\u0430\u0443\u043a\u043e\u0432\u0456 \u043f\u0440\u0430\u0446\u0456 \u041d\u0423 \u041e\u042e\u0410. 2015. \u0421. 297\u2212313.<\/p>\n\n\n\n<p>James Nurton WIPO Publishes Submissions on AI and IP Policy.<br>WIPO Publishes Submissions on AI and IP Policy (ipwatchdog.com).<\/p>\n\n\n\n<p>James Nurton.&nbsp;Decision Could Provide an Answer to AI Inventorship.<br>German Decision Could Provide an Answer to AI Inventorship (ipwatchdog.com).<\/p>\n\n\n\n<p>\u0428\u0430\u0445\u043d\u0430\u0437\u0430\u0440\u043e\u0432\u0430 \u042d. \u0410. \u041f\u0440\u0430\u0432\u043e\u0432\u043e\u0435 \u0440\u0435\u0433\u0443\u043b\u0438\u0440\u043e\u0432\u0430\u043d\u0438\u0435 \u043e\u0442\u043d\u043e\u0448\u0435\u043d\u0438\u0439, \u0432\u043e\u0437\u043d\u0438\u043a\u0430\u044e\u0449\u0438\u0445 \u043f\u043e \u043f\u043e\u0432\u043e\u0434\u0443 \u043e\u0431\u044a\u0435\u043a\u0442\u043e\u0432 \u0438\u043d\u0442\u0435\u043b\u043b\u0435\u043a\u0442\u0443\u0430\u043b\u044c\u043d\u043e\u0439 \u0441\u043e\u0431\u0441\u0442\u0432\u0435\u043d\u043d\u043e\u0441\u0442\u0438, \u0441\u043e\u0437\u0434\u0430\u043d\u043d\u044b\u0445 \u0442\u0435\u0445\u043d\u043e\u043b\u043e\u0433\u0438\u0435\u0439 \u0438\u0441\u043a\u0443\u0441\u0441\u0442\u0432\u0435\u043d\u043d\u043e\u0433\u043e \u0438\u043d\u0442\u0435\u043b\u043b\u0435\u043a\u0442\u0430, \u043d\u0430 \u043f\u0440\u0438\u043c\u0435\u0440\u0435 \u043e\u043f\u044b\u0442\u0430 \u0412\u0435\u043b\u0438\u043a\u043e\u0431\u0440\u0438\u0442\u0430\u043d\u0438\u0438, \u0421\u0428\u0410 \u0438 \u0415\u0421. \u0416\u0443\u0440\u043d\u0430\u043b \u0421\u0443\u0434\u0430 \u043f\u043e \u0438\u043d\u0442\u0435\u043b\u043b\u0435\u043a\u0442\u0443\u0430\u043b\u044c\u043d\u044b\u043c \u043f\u0440\u0430\u0432\u0430\u043c. \u2116 2 (32), \u0438\u044e\u043d\u044c 2021. \u0421.\u200834\u221245.<\/p>\n<\/div>\n<\/div>\n","protected":false},"excerpt":{"rendered":"<p>Theory and practice of intellectual property\u2116 2 \/ 2022 ISSN (Print) 2308-0361ISSN (Online) 2519-2744 DOI: https:\/\/doi.org\/10.33731\/22022.259744 Published \u00a0\u00a0\u00a0\u00a0\u00a02022-06-23 Problems of patenting inventions created using artificialintelligence: doctrine and practice (\u0440. 1) Gennadiy AndroshchukUkrainehttps:\/\/orcid.org\/0000-0003-0781-9740 AbstractThe dynamics of development of the world market of artificial intelligence (AI), patent activity in this field, problematic issues arising in connection with [&hellip;]<\/p>\n","protected":false},"author":1,"featured_media":0,"parent":0,"menu_order":0,"comment_status":"closed","ping_status":"closed","template":"","meta":{"footnotes":""},"class_list":["post-9192","page","type-page","status-publish","hentry"],"_links":{"self":[{"href":"https:\/\/inprojournal.org\/en\/wp-json\/wp\/v2\/pages\/9192","targetHints":{"allow":["GET"]}}],"collection":[{"href":"https:\/\/inprojournal.org\/en\/wp-json\/wp\/v2\/pages"}],"about":[{"href":"https:\/\/inprojournal.org\/en\/wp-json\/wp\/v2\/types\/page"}],"author":[{"embeddable":true,"href":"https:\/\/inprojournal.org\/en\/wp-json\/wp\/v2\/users\/1"}],"replies":[{"embeddable":true,"href":"https:\/\/inprojournal.org\/en\/wp-json\/wp\/v2\/comments?post=9192"}],"version-history":[{"count":3,"href":"https:\/\/inprojournal.org\/en\/wp-json\/wp\/v2\/pages\/9192\/revisions"}],"predecessor-version":[{"id":9195,"href":"https:\/\/inprojournal.org\/en\/wp-json\/wp\/v2\/pages\/9192\/revisions\/9195"}],"wp:attachment":[{"href":"https:\/\/inprojournal.org\/en\/wp-json\/wp\/v2\/media?parent=9192"}],"curies":[{"name":"wp","href":"https:\/\/api.w.org\/{rel}","templated":true}]}}