{"id":9111,"date":"2026-01-10T21:26:41","date_gmt":"2026-01-10T19:26:41","guid":{"rendered":"https:\/\/inprojournal.org\/?page_id=9111"},"modified":"2026-02-03T23:16:05","modified_gmt":"2026-02-03T21:16:05","slug":"2022-3-4","status":"publish","type":"page","link":"https:\/\/inprojournal.org\/en\/2022-3-4\/","title":{"rendered":"2022-3-4"},"content":{"rendered":"\n<p><\/p>\n\n\n\n<div class=\"wp-block-columns is-layout-flex wp-container-core-columns-is-layout-9d6595d7 wp-block-columns-is-layout-flex\">\n<div class=\"wp-block-column is-layout-flow wp-block-column-is-layout-flow\" style=\"flex-basis:33.33%\">\n<figure class=\"wp-block-image size-large is-resized\"><img loading=\"lazy\" decoding=\"async\" width=\"734\" height=\"1024\" src=\"https:\/\/inprojournal.org\/wp-content\/uploads\/2023\/03\/018-cover-734x1024.jpg\" alt=\"\" class=\"wp-image-3609\" style=\"width:217px;height:302px\" srcset=\"https:\/\/inprojournal.org\/wp-content\/uploads\/2023\/03\/018-cover-734x1024.jpg 734w, https:\/\/inprojournal.org\/wp-content\/uploads\/2023\/03\/018-cover-215x300.jpg 215w, https:\/\/inprojournal.org\/wp-content\/uploads\/2023\/03\/018-cover-768x1071.jpg 768w, https:\/\/inprojournal.org\/wp-content\/uploads\/2023\/03\/018-cover-1101x1536.jpg 1101w, https:\/\/inprojournal.org\/wp-content\/uploads\/2023\/03\/018-cover-1468x2048.jpg 1468w, https:\/\/inprojournal.org\/wp-content\/uploads\/2023\/03\/018-cover-scaled.jpg 1835w\" sizes=\"auto, (max-width: 734px) 100vw, 734px\" \/><\/figure>\n\n\n\n<div style=\"height:26px\" aria-hidden=\"true\" class=\"wp-block-spacer\"><\/div>\n\n\n\n<p class=\"has-small-font-size\">Theory and practice of intellectual property<br>\u2116 3 \/ 2022<\/p>\n\n\n\n<p class=\"has-small-font-size\">ISSN (Print) 2308-0361<br>ISSN (Online) 2519-2744<\/p>\n\n\n\n<div class=\"wp-block-buttons has-custom-font-size is-content-justification-left is-layout-flex wp-container-core-buttons-is-layout-fdcfc74e wp-block-buttons-is-layout-flex\" style=\"font-size:10px\">\n<div class=\"wp-block-button is-style-outline is-style-outline--1\"><a class=\"wp-block-button__link has-black-color has-text-color has-custom-font-size wp-element-button\" href=\"https:\/\/drive.google.com\/file\/d\/1S7_s5CT3N5W0jN6HoBsjCaS3WfGoB0NG\/view\" style=\"border-radius:10px;font-size:10px\" target=\"_blank\" rel=\"noreferrer noopener\"><img loading=\"lazy\" decoding=\"async\" width=\"14\" height=\"14\" class=\"wp-image-362\" style=\"width: 14px;\" src=\"https:\/\/test.inprojournal.org\/wp-content\/uploads\/2023\/01\/free-icon-pdf-201153.png\" alt=\"\" srcset=\"https:\/\/inprojournal.org\/wp-content\/uploads\/2023\/01\/free-icon-pdf-201153.png 512w, https:\/\/inprojournal.org\/wp-content\/uploads\/2023\/01\/free-icon-pdf-201153-300x300.png 300w, https:\/\/inprojournal.org\/wp-content\/uploads\/2023\/01\/free-icon-pdf-201153-150x150.png 150w, https:\/\/inprojournal.org\/wp-content\/uploads\/2023\/01\/free-icon-pdf-201153-450x450.png 450w, https:\/\/inprojournal.org\/wp-content\/uploads\/2023\/01\/free-icon-pdf-201153-106x106.png 106w, https:\/\/inprojournal.org\/wp-content\/uploads\/2023\/01\/free-icon-pdf-201153-80x80.png 80w\" sizes=\"auto, (max-width: 14px) 100vw, 14px\" \/> PDF (Ukrainian)<\/a><\/div>\n<\/div>\n\n\n\n<div style=\"height:26px\" aria-hidden=\"true\" class=\"wp-block-spacer\"><\/div>\n\n\n\n<p class=\"has-small-font-size\">DOI: <a href=\"https:\/\/doi.org\/10.33731\/32022.262620\">https:\/\/doi.org\/10.33731\/32022.262620<\/a><\/p>\n\n\n\n<p class=\"has-small-font-size\">Published &nbsp;&nbsp;&nbsp;&nbsp;&nbsp;2022-08-09<\/p>\n\n\n\n<div style=\"height:8px\" aria-hidden=\"true\" class=\"wp-block-spacer\"><\/div>\n\n\n\n<figure class=\"wp-block-image size-full is-resized\"><img decoding=\"async\" src=\"https:\/\/inprojournal.org\/wp-content\/uploads\/2025\/11\/CC-2.png\" alt=\"\" class=\"wp-image-6960\" style=\"width:131px;height:auto\"\/><\/figure>\n\n\n\n<p class=\"has-small-font-size\"><\/p>\n\n\n\n<div style=\"height:26px\" aria-hidden=\"true\" class=\"wp-block-spacer\"><\/div>\n\n\n\n<p class=\"has-small-font-size\"><\/p>\n<\/div>\n\n\n\n<div class=\"wp-block-column is-layout-flow wp-block-column-is-layout-flow\" style=\"flex-basis:66.66%\">\n<p class=\"has-medium-font-size\"><strong>The features of sports commentary as copyright protected work<\/strong><\/p>\n\n\n\n<div style=\"height:40px\" aria-hidden=\"true\" class=\"wp-block-spacer\"><\/div>\n\n\n\n<p><strong>Dmytro Doroshenko<\/strong><br>Ukraine<br><a href=\"https:\/\/orcid.org\/0000-0001-5305-617X\">https:\/\/orcid.org\/0000-0001-5305-617X<\/a><\/p>\n\n\n\n<p><\/p>\n\n\n\n<div style=\"height:40px\" aria-hidden=\"true\" class=\"wp-block-spacer\"><\/div>\n\n\n\n<p><strong>Abstract<br><\/strong>The article analyses a sports commentary legal nature as a result of creative activity of sportscaster, and, correspondingly, the possibility of legal protection provision for such a commentary.<\/p>\n\n\n\n<p>Based on the analysis of multiple researches, devoted to sports commentary, and established practice, the author determines that sports commentary can be seen as creative work that demands a significant level of knowledge from a sportscaster whose aim is to attract an audience to sports broadcast. Thereby, a high number of sports commentaries featured by unique author\u2019s style and originality contains the signs of artistic work that could be protected by copyright according to Berne Convention provisions. In general, such result of creative activity corresponds to speech as copyright protected work, since sports commentary combines an applying of material prepared and analysed in advance and impromptu generating due to unpredictability of sports competition actions.<\/p>\n\n\n\n<p>At the same time, the author emphasizes the difference of legal approaches to settle-<br>ment of disputes concerning sports commentary within legal frameworks in the USA, the<\/p>\n\n\n\n<p>EU, and Ukraine. In particular, the Supreme Court of Sweden denies to acknowledge the<br>level of sports commentary originality enough for copyright protection. However, such a<br>position can hardly be considered as common regarding sports commentary, since it does<\/p>\n\n\n\n<p>not characterize the work of a sports commentator as in general due to the variety of ap-<br>proaches can be applied in this genre of sports journalism. Simultaneously, judiciary of<\/p>\n\n\n\n<p>Ukraine and US indirectly recognize a sportscaster work as a creative activity. Thus, even though sports commentary is not protected by copyright within existing legal frameworks, several judgements provides the way to solution of that discuss. Bearing in mind that for today a broadcast of sports events still has pretty inappropriate level of legal protection to secure it from pirate activities, the protection of sports commentary could prove another legal instrument aimed to strengthen sports broadcasting legal positions and personal rights of sportscaster.<\/p>\n\n\n\n<p><strong>Keywords: <\/strong>sports commentary, sport broadcast, broadcast, speech, creative activity<\/p>\n\n\n\n<div style=\"height:40px\" aria-hidden=\"true\" class=\"wp-block-spacer\"><\/div>\n\n\n\n<p><strong>References<\/strong><\/p>\n\n\n\n<p>\u0412\u043e\u0439\u0442\u0438\u043a \u0415. \u0410. \u0421\u043f\u043e\u0440\u0442\u0438\u0432\u043d\u0430\u044f \u0436\u0443\u0440\u043d\u0430\u043b\u0438\u0441\u0442\u0438\u043a\u0430: \u0443\u0447\u0435\u0431\u043d\u043e-\u043c\u0435\u0442\u043e\u0434\u0438\u0447\u0435\u0441\u043a\u043e\u0435 \u043f\u043e\u0441\u043e\u0431\u0438\u0435. \u0422\u043e\u043c\u0441\u043a : \u0422\u043e\u043c\u0441\u043a\u0438\u0439 \u0433\u043e\u0441\u0443\u0434\u0430\u0440\u0441\u0442\u0432\u0435\u043d\u043d\u044b\u0439 \u0443\u043d\u0438\u0432\u0435\u0440\u0441\u0438\u0442\u0435\u0442, 2004. 91 \u0441.<\/p>\n\n\n\n<p>Dziennikarstwo i \u015bwiat medi\u00f3w \/ pod red. Zbigniewa Bauera, Edwarda Chudzi\u00f1skiego ; Studium Dziennikarskie Akademii Pedagogicznej im.Komisji Edukacji Narodowej w Krakowie. \u2013 [Wyd. 2 zm. i rozsz.] \u2013 Krak\u00f3w : Towarzystwo Autor\u00f3w i Wydawc\u00f3w Prac Naukowych Universitas, 2000. 576 s.<\/p>\n\n\n\n<p>C. Ferguson. Sports announcer talk: Syntactic aspects of register variation : Language in Society. Vol. 12, Cambridge University Press, 1983. P. 153\u2013172.<\/p>\n\n\n\n<p>\u041a\u043e\u043b\u0443\u043f\u0430\u0454\u0432\u0430 \u041e. \u041c. \u0421\u043f\u0435\u0446\u0438\u0444\u0456\u043a\u0430 \u0441\u0443\u0447\u0430\u0441\u043d\u043e\u0433\u043e \u0441\u043f\u043e\u0440\u0442\u0438\u0432\u043d\u043e\u0433\u043e \u043a\u043e\u043c\u0435\u043d\u0442\u0430\u0440\u044f. \u0424\u0456\u043b\u043e\u043b\u043e\u0433\u0456\u0447\u043d\u0456 \u043d\u0430\u0443\u043a\u0438 \/ \u041a\u0430\u043c\u2019\u044f\u043d\u0435\u0446\u044c-\u041f\u043e\u0434\u0456\u043b. \u043d\u0430\u0446. \u0443\u043d-\u0442 \u0456\u043c. \u0406\u0432\u0430\u043d\u0430 \u041e\u0433\u0456\u0454\u043d\u043a\u0430. \u041a\u0430\u043c\u2019\u044f\u043d\u0435\u0446\u044c-\u041f\u043e\u0434\u0456\u043b\u044c\u0441\u044c\u043a\u0438\u0439. 2015. \u0412\u0438\u043f\u0443\u0441\u043a 39. \u0421. 150\u2013154.<\/p>\n\n\n\n<p>\u0422\u0435\u0440\u0442\u044b\u0447\u043d\u044b\u0439 \u0410. \u0410. \u0410\u043d\u0430\u043b\u0438\u0442\u0438\u0447\u0435\u0441\u043a\u0430\u044f \u0436\u0443\u0440\u043d\u0430\u043b\u0438\u0441\u0442\u0438\u043a\u0430, \u0443\u0447\u0435\u0431\u043d\u043e\u0435 \u043f\u043e\u0441\u043e\u0431\u0438\u0435. \u0410\u0441\u043f\u0435\u043a\u0442 \u042d\u043a\u0441\u043f\u0440\u0435\u0441\u0441, 2010, 350 \u0441.<\/p>\n\n\n\n<p>M. Akelson. The 50 Best Sports Media Catch Phrases of All-Time \/ Bleacherreport.<br><a href=\"https:\/\/bleacherreport.com\/articles\/545576-the-50-best-media-catch-phrasesof-all-time\">https:\/\/bleacherreport.com\/articles\/545576-the-50-best-media-catch-phrasesof-all-time<\/a><\/p>\n\n\n\n<p>G. Garber. In this NFL game, silence was golden. Dec 10, 2010 \/ ESPN.<br><a href=\"https:\/\/www.espn.com\/espn\/otl\/news\/story?id=5906858\">https:\/\/www.espn.com\/espn\/otl\/news\/story?id=5906858<\/a><\/p>\n\n\n\n<p>D. Israel, David. \u00abAnnouncers got the day off, but viewers had to work\u00bb. December 22, 1980 \/ Chicago Tribune.<\/p>\n\n\n\n<p>\u0412\u0441\u0435\u0441\u0432\u0456\u0442\u043d\u044f \u043e\u0440\u0433\u0430\u043d\u0456\u0437\u0430\u0446\u0456\u044f \u0456\u043d\u0442\u0435\u043b\u0435\u043a\u0442\u0443\u0430\u043b\u044c\u043d\u043e\u0457 \u0432\u043b\u0430\u0441\u043d\u043e\u0441\u0442\u0456. \u0411\u0435\u0440\u043d\u0441\u044c\u043a\u0430 \u043a\u043e\u043d\u0432\u0435\u043d\u0446\u0456\u044f \u043f\u0440\u043e \u043e\u0445\u043e\u0440\u043e\u043d\u0443 \u043b\u0456\u0442\u0435\u0440\u0430\u0442\u0443\u0440\u043d\u0438\u0445 \u0456 \u0445\u0443\u0434\u043e\u0436\u043d\u0456\u0445 \u0442\u0432\u043e\u0440\u0456\u0432.<br><a href=\"https:\/\/zakon.rada.gov.ua\/laws\/show\/995_051#Text\">https:\/\/zakon.rada.gov.ua\/laws\/show\/995_051#Text<\/a><\/p>\n\n\n\n<p>\u0426\u0438\u0432\u0456\u043b\u044c\u043d\u0438\u0439 \u043a\u043e\u0434\u0435\u043a\u0441 \u0423\u043a\u0440\u0430\u0457\u043d\u0438. \u0412\u0456\u0434\u043e\u043c\u043e\u0441\u0442\u0456 \u0412\u0435\u0440\u0445\u043e\u0432\u043d\u043e\u0457 \u0420\u0430\u0434\u0438 \u0423\u043a\u0440\u0430\u0457\u043d\u0438, 2003. \u2116 \u2116 40\u221244. \u0421\u0442. 356.<br><a href=\"https:\/\/zakon.rada.gov.ua\/laws\/show\/435-15#Text\">https:\/\/zakon.rada.gov.ua\/laws\/show\/435-15#Text<\/a><\/p>\n\n\n\n<p>\u041f\u0440\u043e \u0430\u0432\u0442\u043e\u0440\u0441\u044c\u043a\u0435 \u043f\u0440\u0430\u0432\u043e \u0456 \u0441\u0443\u043c\u0456\u0436\u043d\u0456 \u043f\u0440\u0430\u0432\u0430 : \u0417\u0430\u043a\u043e\u043d \u0423\u043a\u0440\u0430\u0457\u043d\u0438 \u0432\u0456\u0434 23.12.1993 \u2116 3792-XII. \u0412\u0456\u0434\u043e\u043c\u043e\u0441\u0442\u0456 \u0412\u0435\u0440\u0445\u043e\u0432\u043d\u043e\u0457 \u0420\u0430\u0434\u0438 \u0423\u043a\u0440\u0430\u0457\u043d\u0438. 1994. \u2116 13. \u0421\u0442. 64.<\/p>\n\n\n\n<p>\u0411\u0456\u043b\u043e\u0434\u0456\u0434 \u0406. \u041a., \u0411\u0443\u0440\u044f\u0447\u043e\u043a \u0410. \u0410. \u0421\u043b\u043e\u0432\u043d\u0438\u043a \u0443\u043a\u0440\u0430\u0457\u043d\u0441\u044c\u043a\u043e\u0457 \u043c\u043e\u0432\u0438. \u0412 11 \u0442. \u0422. 8. \/ \u0406. \u041a. \u0411\u0456\u043b\u043e\u0434\u0456\u0434, \u0410. \u0410. \u0411\u0443\u0440\u044f\u0447\u043e\u043a \u0442\u0430 \u0456\u043d\u0448\u0456. \u041a\u0438\u0457\u0432: \u041d\u0430\u0443\u043a\u043e\u0432\u0430 \u0434\u0443\u043c\u043a\u0430, 1977. 928 \u0441.<\/p>\n\n\n\n<p>\u0411\u0456\u043b\u043e\u0434\u0456\u0434. \u0406. \u041a., \u0411\u0443\u0440\u044f\u0447\u043e\u043a \u0410. \u0410.. \u0421\u043b\u043e\u0432\u043d\u0438\u043a \u0443\u043a\u0440\u0430\u0457\u043d\u0441\u044c\u043a\u043e\u0457 \u043c\u043e\u0432\u0438. \u0412 11 \u0442. \u0422. 4. \/<br>\u0406. \u041a. \u0411\u0456\u043b\u043e\u0434\u0456\u0434, \u0410. \u0410. \u0411\u0443\u0440\u044f\u0447\u043e\u043a \u0442\u0430 \u0456\u043d\u0448\u0456. \u041a\u0438\u0457\u0432: \u041d\u0430\u0443\u043a\u043e\u0432\u0430 \u0434\u0443\u043c\u043a\u0430, 1973. 840 \u0441.<\/p>\n\n\n\n<p>\u0428\u0442\u0435\u0444\u0430\u043d \u0410. \u0421. \u0410\u0432\u0442\u043e\u0440\u0441\u044c\u043a\u0435 \u043f\u0440\u0430\u0432\u043e \u0456 \u0441\u0443\u043c\u0456\u0436\u043d\u0456 \u043f\u0440\u0430\u0432\u0430: \u043e\u0441\u043e\u0431\u043b\u0438\u0432\u043e\u0441\u0442\u0456 \u043f\u0440\u0430\u0432\u043e\u0432\u043e\u0457 \u043e\u0445\u043e\u0440\u043e\u043d\u0438, \u0437\u0434\u0456\u0439\u0441\u043d\u0435\u043d\u043d\u044f \u0442\u0430 \u0437\u0430\u0445\u0438\u0441\u0442\u0443 : \u043c\u043e\u043d\u043e\u0433\u0440\u0430\u0444\u0456\u044f. \u041a\u0438\u0457\u0432 : \u041d\u0414\u0406 \u0456\u043d\u0442\u0435\u043b\u0435\u043a\u0442\u0443\u0430\u043b\u044c\u043d\u043e\u0457 \u0432\u043b\u0430\u0441\u043d\u043e\u0441\u0442\u0456 \u041d\u0410\u041f\u0440\u041d\u0423, \u0422\u041e\u0412 \u00ab\u041d\u0412\u041f \u0406\u043d\u0442\u0435\u0440\u0441\u0435\u0440\u0432\u0456\u0441\u00bb, 2017. 150 \u0441.<\/p>\n\n\n\n<p>\u0425\u043e\u0445\u043b\u043e\u0432 \u0412. \u0410. \u0410\u0432\u0442\u043e\u0440\u0441\u043a\u043e\u0435 \u043f\u0440\u0430\u0432\u043e: \u0437\u0430\u043a\u043e\u043d\u043e\u0434\u0430\u0442\u0435\u043b\u044c\u0441\u0442\u0432\u043e, \u0442\u0435\u043e\u0440\u0438\u044f, \u043f\u0440\u0430\u043a\u0442\u0438\u043a\u0430. \u041c\u043e\u0441\u043a\u0432\u0430 : \u0413\u043e\u0440\u043e\u0434\u0435\u0446, 2008. 288 \u0441.<\/p>\n\n\n\n<p>\u0412\u0430\u0445\u043e\u043d\u0454\u0432\u0430 \u0422. \u041c. \u0410\u0432\u0442\u043e\u0440\u0441\u044c\u043a\u0435 \u043f\u0440\u0430\u0432\u043e \u0456 \u0441\u0443\u043c\u0456\u0436\u043d\u0456 \u043f\u0440\u0430\u0432\u0430 \u0432 \u0423\u043a\u0440\u0430\u0457\u043d\u0456 : \u043d\u0430\u0432\u0447\u0430\u043b\u044c\u043d\u0438\u0439 \u043f\u043e\u0441\u0456\u0431\u043d\u0438\u043a. \u041a\u0438\u0457\u0432 : \u0414\u0430\u043a\u043e\u0440, 2019. 576 \u0441.<\/p>\n\n\n\n<p>Order of the Court (Third Chamber) of 7 March 2013. Eva-Maria Painer v Standard VerlagsGmbH and Others.. In Case C-145\/10, Regulation (EC) No 44\/2001.<br><a href=\"https:\/\/curia.europa.eu\/juris\/document\/document.jsf?docid=115785&#038;doclang=EN\">https:\/\/curia.europa.eu\/juris\/document\/document.jsf?docid=<br>115785&#038;doclang=EN<\/a><\/p>\n\n\n\n<p>U.S. Supreme Court. Feist Pubs., Inc. v. Rural Tel. Svc. Co., Inc., 499. U.S. 340 (1991). \u2116. 89\u22121909.<br><a href=\"https:\/\/supreme.justia.com\/cases\/federal\/us\/499\/340\/\">https:\/\/supreme.justia.com\/cases\/federal\/us\/499\/340\/<\/a><\/p>\n\n\n\n<p>H. Wistam. No copyright protection for sport broadcasts. October 3 2016 \/ Lexology.<br><a href=\"https:\/\/www.lexology.com\/commentary\/intellectual-property\/sweden\/westerberg-partners-advokatbyr-ab\/no-copyright-protection-for-sport-broadcasts\">https:\/\/www.lexology.com\/commentary\/intellectual-property\/sweden\/westerberg-partners-advokatbyr-ab\/no-copyright-protection-for-sport-broadcasts<\/a><\/p>\n\n\n\n<p>US Court of Appeals for the District of Columbia Circuit &#8211; 675 F.2d 367 (D.C. Cir. 1982) National Association of Broadcasters, Petitioner, v. Copyright Royalty Tribunal.<br><a href=\"https:\/\/law.justia.com\/cases\/federal\/appellatecourts\/F2\/675\/367\/252547\/\">https:\/\/law.justia.com\/cases\/federal\/appellatecourts\/F2\/675\/367\/252547\/<\/a><\/p>\n\n\n\n<p>\u041f\u0440\u043e \u0437\u0430\u0441\u0430\u0434\u0438 \u0437\u0430\u043f\u043e\u0431\u0456\u0433\u0430\u043d\u043d\u044f \u0456 \u043f\u0440\u043e\u0442\u0438\u0434\u0456\u0457 \u043a\u043e\u0440\u0443\u043f\u0446\u0456\u0457 : \u0417\u0430\u043a\u043e\u043d \u0423\u043a\u0440\u0430\u0457\u043d\u0438 \u0432\u0456\u0434 07.04.2011. \u0412\u0456\u0434\u043e\u043c\u043e\u0441\u0442\u0456 \u0412\u0435\u0440\u0445\u043e\u0432\u043d\u043e\u0457 \u0420\u0430\u0434\u0438 \u0423\u043a\u0440\u0430\u0457\u043d\u0438, 2011. \u2116 40. \u0421\u0442. 404.<\/p>\n\n\n\n<p>\u0421\u0432\u044f\u0442\u043e\u0448\u0438\u043d\u0441\u044c\u043a\u0438\u0439 \u0440\u0430\u0439\u043e\u043d\u043d\u0438\u0439 \u0441\u0443\u0434 \u043c\u0456\u0441\u0442\u0430 \u041a\u0438\u0454\u0432\u0430. \u0421\u043f\u0440\u0430\u0432\u0430 \u2116759\/3888\/13-\u043f \u0432\u0456\u0434 28 \u0431\u0435\u0440\u0435\u0437\u043d\u044f 2013 \u0440\u043e\u043a\u0443.<\/p>\n\n\n\n<p>\u041d\u0430\u0443\u043a\u043e\u0432\u043e-\u0434\u043e\u0441\u043b\u0456\u0434\u043d\u0438\u0439 \u0456\u043d\u0441\u0442\u0438\u0442\u0443\u0442 \u0456\u043d\u0442\u0435\u043b\u0435\u043a\u0442\u0443\u0430\u043b\u044c\u043d\u043e\u0457 \u0432\u043b\u0430\u0441\u043d\u043e\u0441\u0442\u0456 \u041d\u0410\u041f\u0440\u041d \u0423\u043a\u0440\u0430\u0457\u043d\u0438. \u0412\u0438\u0441\u043d\u043e\u0432\u043e\u043a \u2116 419 \u0435\u043a\u0441\u043f\u0435\u0440\u0442\u043d\u043e\u0433\u043e \u0434\u043e\u0441\u043b\u0456\u0434\u0436\u0435\u043d\u043d\u044f \u043e\u0431\u2019\u0454\u043a\u0442\u0456\u0432 \u0456\u043d\u0442\u0435\u043b\u0435\u043a\u0442\u0443\u0430\u043b\u044c\u043d\u043e\u0457 \u0432\u043b\u0430\u0441\u043d\u043e\u0441\u0442\u0456 \u0432\u0456\u0434 24 \u043a\u0432\u0456\u0442\u043d\u044f 2013 \u0440\u043e\u043a\u0443. 24. \u0410\u043f\u0435\u043b\u044f\u0446\u0456\u0439\u043d\u0438\u0439 \u0441\u0443\u0434 \u043c\u0456\u0441\u0442\u0430 \u041a\u0438\u0454\u0432\u0430. \u0421\u043f\u0440\u0430\u0432\u0430 \u2116 33\/796\/666\/2013 \u041a\u0430\u0442\u0435\u0433\u043e\u0440\u0456\u044f: \u0447. 1 \u0441\u0442. 172-4 \u041a\u0423\u043f\u0410\u041f \u0432\u0456\u0434 15 \u0441\u0435\u0440\u043f\u043d\u044f 2013 \u0440\u043e\u043a\u0443.<\/p>\n\n\n\n<p>European Parliament resolution of 19 May 2021 with recommendations to the Commission on challenges of sports events organisers in the digital environment. 19 May 2021 \u2013 Brussels.<br><a href=\"https:\/\/www.europarl.europa.eu\/doceo\/document\/TA-9-2021-0236_EN.html\">https:\/\/www.europarl.europa.eu\/doceo\/document\/TA-9-2021-0236_EN.html<\/a><\/p>\n<\/div>\n<\/div>\n","protected":false},"excerpt":{"rendered":"<p>Theory and practice of intellectual property\u2116 3 \/ 2022 ISSN (Print) 2308-0361ISSN (Online) 2519-2744 DOI: https:\/\/doi.org\/10.33731\/32022.262620 Published &nbsp;&nbsp;&nbsp;&nbsp;&nbsp;2022-08-09 The features of sports commentary as copyright protected work Dmytro DoroshenkoUkrainehttps:\/\/orcid.org\/0000-0001-5305-617X AbstractThe article analyses a sports commentary legal nature as a result of creative activity of sportscaster, and, correspondingly, the possibility of legal protection provision for such [&hellip;]<\/p>\n","protected":false},"author":1,"featured_media":0,"parent":0,"menu_order":0,"comment_status":"closed","ping_status":"closed","template":"","meta":{"footnotes":""},"class_list":["post-9111","page","type-page","status-publish","hentry"],"_links":{"self":[{"href":"https:\/\/inprojournal.org\/en\/wp-json\/wp\/v2\/pages\/9111","targetHints":{"allow":["GET"]}}],"collection":[{"href":"https:\/\/inprojournal.org\/en\/wp-json\/wp\/v2\/pages"}],"about":[{"href":"https:\/\/inprojournal.org\/en\/wp-json\/wp\/v2\/types\/page"}],"author":[{"embeddable":true,"href":"https:\/\/inprojournal.org\/en\/wp-json\/wp\/v2\/users\/1"}],"replies":[{"embeddable":true,"href":"https:\/\/inprojournal.org\/en\/wp-json\/wp\/v2\/comments?post=9111"}],"version-history":[{"count":4,"href":"https:\/\/inprojournal.org\/en\/wp-json\/wp\/v2\/pages\/9111\/revisions"}],"predecessor-version":[{"id":9832,"href":"https:\/\/inprojournal.org\/en\/wp-json\/wp\/v2\/pages\/9111\/revisions\/9832"}],"wp:attachment":[{"href":"https:\/\/inprojournal.org\/en\/wp-json\/wp\/v2\/media?parent=9111"}],"curies":[{"name":"wp","href":"https:\/\/api.w.org\/{rel}","templated":true}]}}