{"id":9043,"date":"2026-01-10T12:49:50","date_gmt":"2026-01-10T10:49:50","guid":{"rendered":"https:\/\/inprojournal.org\/?page_id=9043"},"modified":"2026-02-03T23:20:36","modified_gmt":"2026-02-03T21:20:36","slug":"2022-4-8","status":"publish","type":"page","link":"https:\/\/inprojournal.org\/en\/2022-4-8\/","title":{"rendered":"2022-4-8"},"content":{"rendered":"\n<p><\/p>\n\n\n\n<div class=\"wp-block-columns is-layout-flex wp-container-core-columns-is-layout-9d6595d7 wp-block-columns-is-layout-flex\">\n<div class=\"wp-block-column is-layout-flow wp-block-column-is-layout-flow\" style=\"flex-basis:33.33%\">\n<figure class=\"wp-block-image size-large is-resized\"><img loading=\"lazy\" decoding=\"async\" width=\"734\" height=\"1024\" src=\"https:\/\/inprojournal.org\/wp-content\/uploads\/2023\/03\/018-cover-734x1024.jpg\" alt=\"\" class=\"wp-image-3609\" style=\"width:217px;height:302px\" srcset=\"https:\/\/inprojournal.org\/wp-content\/uploads\/2023\/03\/018-cover-734x1024.jpg 734w, https:\/\/inprojournal.org\/wp-content\/uploads\/2023\/03\/018-cover-215x300.jpg 215w, https:\/\/inprojournal.org\/wp-content\/uploads\/2023\/03\/018-cover-768x1071.jpg 768w, https:\/\/inprojournal.org\/wp-content\/uploads\/2023\/03\/018-cover-1101x1536.jpg 1101w, https:\/\/inprojournal.org\/wp-content\/uploads\/2023\/03\/018-cover-1468x2048.jpg 1468w, https:\/\/inprojournal.org\/wp-content\/uploads\/2023\/03\/018-cover-scaled.jpg 1835w\" sizes=\"auto, (max-width: 734px) 100vw, 734px\" \/><\/figure>\n\n\n\n<div style=\"height:26px\" aria-hidden=\"true\" class=\"wp-block-spacer\"><\/div>\n\n\n\n<p class=\"has-small-font-size\">Theory and practice of intellectual property<br>\u2116 4 \/ 2022<\/p>\n\n\n\n<p class=\"has-small-font-size\">ISSN (Print) 2308-0361<br>ISSN (Online) 2519-2744<\/p>\n\n\n\n<div class=\"wp-block-buttons has-custom-font-size is-content-justification-left is-layout-flex wp-container-core-buttons-is-layout-fdcfc74e wp-block-buttons-is-layout-flex\" style=\"font-size:10px\">\n<div class=\"wp-block-button is-style-outline is-style-outline--1\"><a class=\"wp-block-button__link has-black-color has-text-color has-custom-font-size wp-element-button\" href=\"https:\/\/drive.google.com\/file\/d\/1hVdlw2yfibKdiNCF2JYh5NBCV0vpu2hL\/view\" style=\"border-radius:10px;font-size:10px\" target=\"_blank\" rel=\"noreferrer noopener\"><img loading=\"lazy\" decoding=\"async\" width=\"14\" height=\"14\" class=\"wp-image-362\" style=\"width: 14px;\" src=\"https:\/\/test.inprojournal.org\/wp-content\/uploads\/2023\/01\/free-icon-pdf-201153.png\" alt=\"\" srcset=\"https:\/\/inprojournal.org\/wp-content\/uploads\/2023\/01\/free-icon-pdf-201153.png 512w, https:\/\/inprojournal.org\/wp-content\/uploads\/2023\/01\/free-icon-pdf-201153-300x300.png 300w, https:\/\/inprojournal.org\/wp-content\/uploads\/2023\/01\/free-icon-pdf-201153-150x150.png 150w, https:\/\/inprojournal.org\/wp-content\/uploads\/2023\/01\/free-icon-pdf-201153-450x450.png 450w, https:\/\/inprojournal.org\/wp-content\/uploads\/2023\/01\/free-icon-pdf-201153-106x106.png 106w, https:\/\/inprojournal.org\/wp-content\/uploads\/2023\/01\/free-icon-pdf-201153-80x80.png 80w\" sizes=\"auto, (max-width: 14px) 100vw, 14px\" \/> PDF (Ukrainian)<\/a><\/div>\n<\/div>\n\n\n\n<div style=\"height:26px\" aria-hidden=\"true\" class=\"wp-block-spacer\"><\/div>\n\n\n\n<p class=\"has-small-font-size\">DOI: <a href=\"https:\/\/doi.org\/10.33731\/42022.265867\">https:\/\/doi.org\/10.33731\/42022.265867<\/a><\/p>\n\n\n\n<p class=\"has-small-font-size\">Published &nbsp;&nbsp;&nbsp;&nbsp;&nbsp;2022-10-19<\/p>\n\n\n\n<div style=\"height:8px\" aria-hidden=\"true\" class=\"wp-block-spacer\"><\/div>\n\n\n\n<figure class=\"wp-block-image size-full is-resized\"><img decoding=\"async\" src=\"https:\/\/inprojournal.org\/wp-content\/uploads\/2025\/11\/CC-2.png\" alt=\"\" class=\"wp-image-6960\" style=\"width:131px;height:auto\"\/><\/figure>\n\n\n\n<p class=\"has-small-font-size\"><\/p>\n\n\n\n<div style=\"height:26px\" aria-hidden=\"true\" class=\"wp-block-spacer\"><\/div>\n\n\n\n<p class=\"has-small-font-size\"><\/p>\n<\/div>\n\n\n\n<div class=\"wp-block-column is-layout-flow wp-block-column-is-layout-flow\" style=\"flex-basis:66.66%\">\n<p class=\"has-medium-font-size\"><strong>Codification of industrial property law of Poland: analysis of the main provisions of the new draft law<\/strong><\/p>\n\n\n\n<div style=\"height:40px\" aria-hidden=\"true\" class=\"wp-block-spacer\"><\/div>\n\n\n\n<p><strong>Gennadiy Androshchuk<\/strong><br>Ukraine<br><a href=\"https:\/\/orcid.org\/0000-0003-0781-9740\">https:\/\/orcid.org\/0000-0003-0781-9740<\/a><\/p>\n\n\n\n<p><strong>Oleksandr Doroshenko<\/strong><br>Ukraine<br><a href=\"https:\/\/orcid.org\/0000-0002-2542-2328\">https:\/\/orcid.org\/0000-0002-2542-2328<\/a><\/p>\n\n\n\n<div style=\"height:40px\" aria-hidden=\"true\" class=\"wp-block-spacer\"><\/div>\n\n\n\n<p><strong>Abstract<br><\/strong>The article examines the state and trends of legal regulation in the field of intellectual property (IP), forms of systematization of legislation in the field of IP in international treaties, EU regulations, and national legislation. The models of legal regulation of IP are highlighted, the classification of their objects is given. The structure and content of the main provisions of the new draft law Industrial Property Law are analysed (on the example of Poland). The bill comprehensively regulates all objects of industrial property. The changes are mainly aimed at streamlining, speeding up and reducing the costs of obtaining protection of industrial property objects, especially inventions, utility models, industrial designs, trademarks and geographical indications. System changes are shown: the institution of preliminary notice of invention, the registration system for the protection of utility models, a deposit containing technical and technological information that constitutes a commercial secret, conciliation procedures for disputes, IP COMBO \u2014 discounts when calculating the amount of state duty in the case of simultaneous presentation of three different objects of industrial property. As a result of the changes made, the attractiveness of the national system of industrial property protection will increase, and the established fees will be an incentive for applicants to obtain legal protection for as many innovative solutions as possible. Possible ways of systematizing legislation in the field of industrial property in Ukraine are proposed. It is concluded that one of the most effective ways to solve the problem of codification is the development and adoption of the Industrial Property Code (following the example of Poland), which would combine and consolidate the main norms regarding the legal protection of industrial property rights.<\/p>\n\n\n\n<p><strong>Keywords: <\/strong>intellectual property, industrial property, codification of legislation, innovation, inventor, amount of fee, law, patent, EU law<\/p>\n\n\n\n<div style=\"height:40px\" aria-hidden=\"true\" class=\"wp-block-spacer\"><\/div>\n\n\n\n<p><strong>References<\/strong><\/p>\n\n\n\n<p>\u0410\u043d\u0434\u0440\u043e\u0449\u0443\u043a \u0413. \u041e., \u0414\u0430\u0432\u0438\u043c\u0443\u043a\u0430 \u0421. \u0410. \u0406\u043d\u0442\u0435\u043b\u0435\u043a\u0442\u0443\u0430\u043b\u044c\u043d\u0430 \u0432\u043b\u0430\u0441\u043d\u0456\u0441\u0442\u044c \u0443 \u043d\u0430\u0443\u043a\u043e\u0432\u043e-\u0442\u0435\u0445\u043d\u0456\u0447\u043d\u0456\u0439 \u0441\u0444\u0435\u0440\u0456: \u043c\u0435\u0442\u043e\u0434\u0438 \u0442\u0430 \u043f\u0440\u0438\u043d\u0446\u0438\u043f\u0438 \u0432\u0430\u0440\u0442\u0456\u0441\u043d\u043e\u0457 \u043e\u0446\u0456\u043d\u043a\u0438 : \u043c\u043e\u043d\u043e\u0433\u0440\u0430\u0444\u0456\u044f. \u041a\u0438\u0457\u0432 : \u041f\u0430\u0440\u043b\u0430\u043c\u0435\u043d\u0442\u0441\u044c\u043a\u0435 \u0432\u0438\u0434\u0430\u0432\u043d\u0438\u0446\u0442\u0432\u043e, 2014. 304 \u0441.<\/p>\n\n\n\n<p>\u042f\u0440\u043e\u0448\u0435\u0432\u0441\u044c\u043a\u0430 \u0422. \u0412.&nbsp; \u041f\u043e\u043d\u044f\u0442\u0442\u044f \u043f\u0440\u0430\u0432\u0430 \u043f\u0440\u043e\u043c\u0438\u0441\u043b\u043e\u0432\u043e\u0457 \u0432\u043b\u0430\u0441\u043d\u043e\u0441\u0442\u0456 \u0442\u0430 \u0439\u043e\u0433\u043e \u0434\u0436\u0435\u0440\u0435\u043b\u0430. \u041d\u0430\u0443\u043a\u043e\u0432\u0438\u0439 \u0432\u0456\u0441\u043d\u0438\u043a \u0423\u0436\u0433\u043e\u0440\u043e\u0434\u0441\u044c\u043a\u043e\u0433\u043e \u043d\u0430\u0446\u0456\u043e\u043d\u0430\u043b\u044c\u043d\u043e\u0433\u043e \u0443\u043d\u0456\u0432\u0435\u0440\u0441\u0438\u0442\u0435\u0442\u0443, 2013. \u0421\u0435\u0440\u0456\u044f \u041f\u0420\u0410\u0412\u041e. \u0412\u0438\u043f\u0443\u0441\u043a 23. \u0427\u0430\u0441\u0442\u0438\u043d\u0430 \u0406. \u0422\u043e\u043c 1. \u0421. 288\u2212291.<\/p>\n\n\n\n<p>\u0417\u0430\u043a\u043e\u043d\u043e\u0434\u0430\u0432\u0441\u0442\u0432\u043e \u0404\u0432\u0440\u043e\u043f\u0435\u0439\u0441\u044c\u043a\u043e\u0433\u043e \u0421\u043e\u044e\u0437\u0443 \u0442\u0430 \u0434\u0435\u0440\u0436\u0430\u0432-\u0447\u043b\u0435\u043d\u0456\u0432 \u0404\u0432\u0440\u043e\u043f\u0435\u0439\u0441\u044c\u043a\u043e\u0433\u043e \u0421\u043e\u044e\u0437\u0443 \u0443 \u0441\u0444\u0435\u0440\u0456 \u0456\u043d\u0442\u0435\u043b\u0435\u043a\u0442\u0443\u0430\u043b\u044c\u043d\u043e\u0457 \u0432\u043b\u0430\u0441\u043d\u043e\u0441\u0442\u0456 : \u043d\u0430\u0443\u043a\u043e\u0432\u043e-\u043f\u0440\u0430\u043a\u0442\u0438\u0447\u043d\u0435 \u0432\u0438\u0434\u0430\u043d\u043d\u044f \/ \u041e.\u2008\u041f.\u2008\u041e\u0440\u043b\u044e\u043a, \u0413. \u041e. \u0410\u043d\u0434\u0440\u043e\u0449\u0443\u043a, \u0410. \u041c. \u0413\u043e\u0440\u043d\u0456\u0441\u0435\u0432\u0438\u0447, \u0422. \u042e. \u0424\u0435\u0434\u043e\u0440\u043e\u0432\u0430 \/ \u0437\u0430 \u0440\u0435\u0434.. \u041e.\u2008\u041f.\u2008\u041e\u0440\u043b\u044e\u043a. \u041a\u0438\u0457\u0432 : \u041d\u0414\u0406 \u0406\u0412 \u041d\u0410\u041f\u0440\u041d\u0423, \u041b\u0430\u0437\u0443\u0440\u0438\u0442-\u041f\u043e\u043b\u0456\u0433\u0440\u0430\u0444, 2010. 262 \u0441.<\/p>\n\n\n\n<p>\u0414\u043e\u0440\u043e\u0448\u0435\u043d\u043a\u043e \u041e. \u0424. \u0421\u0443\u0434\u043e\u0432\u0430 \u0435\u043a\u0441\u043f\u0435\u0440\u0442\u0438\u0437\u0430 \u0443 \u0446\u0438\u0432\u0456\u043b\u044c\u043d\u0438\u0445 \u0441\u043f\u0440\u0430\u0432\u0430\u0445 \u0449\u043e\u0434\u043e \u043f\u043e\u0440\u0443\u0448\u0435\u043d\u043d\u044f \u043f\u0440\u0430\u0432 \u0456\u043d\u0442\u0435\u043b\u0435\u043a\u0442\u0443\u0430\u043b\u044c\u043d\u043e\u0457 \u0432\u043b\u0430\u0441\u043d\u043e\u0441\u0442\u0456 : \u043c\u043e\u043d\u043e\u0433\u0440\u0430\u0444\u0456\u044f. \u041a\u0438\u0457\u0432 : \u041b\u0430\u0437\u0443\u0440\u0438\u0442-\u041f\u043e\u043b\u0456\u0433\u0440\u0430\u0444, 2008. 206 \u0441.<\/p>\n\n\n\n<p>\u0421\u0442\u0435\u0444\u0430\u043d\u0447\u0443\u043a \u0420. \u041e. \u0414\u043e \u043f\u0438\u0442\u0430\u043d\u043d\u044f \u043f\u0440\u043e \u043a\u043e\u0434\u0438\u0444\u0456\u043a\u0430\u0446\u0456\u044e \u0437\u0430\u043a\u043e\u043d\u043e\u0434\u0430\u0432\u0441\u0442\u0432\u0430 \u0443 \u0441\u0444\u0435\u0440\u0456 \u0456\u043d\u0442\u0435\u043b\u0435\u043a\u0442\u0443\u0430\u043b\u044c\u043d\u043e\u0457 \u0432\u043b\u0430\u0441\u043d\u043e\u0441\u0442\u0456. \u041f\u0440\u0430\u0432\u043e \u0423\u043a\u0440\u0430\u0457\u043d\u0438. 2016. \u2116 11. \u0421. 86\u221291.<\/p>\n\n\n\n<p>\u041a\u0440\u0438\u0436\u043d\u0430 \u0412\u0430\u043b\u0435\u043d\u0442\u0438\u043d\u0430. \u0412\u0430\u0440\u0456\u0430\u043d\u0442\u0438 \u043a\u043e\u0434\u0438\u0444\u0456\u043a\u0430\u0446\u0456\u0457 \u0437\u0430\u043a\u043e\u043d\u043e\u0434\u0430\u0432\u0441\u0442\u0432\u0430 \u0443 \u0441\u0444\u0435\u0440\u0456 \u0456\u043d\u0442\u0435\u043b\u0435\u043a\u0442\u0443\u0430\u043b\u044c\u043d\u043e\u0457 \u0432\u043b\u0430\u0441\u043d\u043e\u0441\u0442\u0456. \u0422\u0435\u043e\u0440\u0456\u044f \u0456 \u043f\u0440\u0430\u043a\u0442\u0438\u043a\u0430 \u0456\u043d\u0442\u0435\u043b\u0435\u043a\u0442\u0443\u0430\u043b\u044c\u043d\u043e\u0457 \u0432\u043b\u0430\u0441\u043d\u043e\u0441\u0442\u0456. 2020. \u2116\u20081. \u0421. 110\u2212115.<\/p>\n\n\n\n<p>\u041c\u0438\u043a\u043e\u043b\u0430 \u041f\u043e\u0442\u043e\u0446\u044c\u043a\u0438\u0439. \u041a\u043e\u0434\u0438\u0444\u0456\u043a\u0430\u0446\u0456\u044f \u0437\u0430\u043a\u043e\u043d\u043e\u0434\u0430\u0432\u0441\u0442\u0432\u0430 \u0423\u043a\u0440\u0430\u0457\u043d\u0438 \u043f\u0440\u043e \u0456\u043d\u0442\u0435\u043b\u0435\u043a\u0442\u0443\u0430\u043b\u044c\u043d\u0443 \u0432\u043b\u0430\u0441\u043d\u0456\u0441\u0442\u044c : \u043c\u0430\u0442\u0435\u0440\u0456\u0430\u043b\u044c\u043d\u0438\u0439 \u0442\u0430 \u043f\u0440\u043e\u0446\u0435\u0441\u0443\u0430\u043b\u044c\u043d\u0438\u0439 \u0430\u0441\u043f\u0435\u043a\u0442\u0438. \u0422\u0435\u043e\u0440\u0456\u044f \u0456 \u043f\u0440\u0430\u043a\u0442\u0438\u043a\u0430 \u0456\u043d\u0442\u0435\u043b\u0435\u043a\u0442\u0443\u0430\u043b\u044c\u043d\u043e\u0457 \u0432\u043b\u0430\u0441\u043d\u043e\u0441\u0442\u0456. 2021. \u2116 6. \u0421. 5\u221216.<\/p>\n\n\n\n<p>Kamil Idris, \u00abIntellectual Property: A Power Tool for Economic Growth\u00bb, WIPO Publication No 888, ISBN 92-805-1113-0, Geneva 2003, P.377.<br><a href=\"https:\/\/www.wipo.int\/edocs\/pubdocs\/en\/intproperty\/888\/wipo_pub_888.pdf.\">https:\/\/www.wipo.int\/edocs\/pubdocs\/en\/intproperty\/888\/wipo_pub_888.pdf<\/a><\/p>\n\n\n\n<p>Ustaw\u0430 z dnia 30 czerwca 2000 r. Prawo w\u0142asno\u015bci przemys\u0142owej.<br><a href=\"https:\/\/isap.sejm.gov.pl\/isap.nsf\/download.xsp\/WDU20010490508\/U\/D20010508Lj.pdf\">https:\/\/isap.sejm.gov.pl\/isap.nsf\/download.xsp\/WDU20010490508\/U\/D20010508Lj.pdf<\/a><\/p>\n\n\n\n<p>\u0413\u0435\u043d\u043d\u0430\u0434\u0456\u0439 \u0410\u043d\u0434\u0440\u043e\u0449\u0443\u043a. \u0421\u0442\u0432\u043e\u0440\u0435\u043d\u043d\u044f \u0441\u043f\u0435\u0446\u0456\u0430\u043b\u0456\u0437\u043e\u0432\u0430\u043d\u0438\u0445 \u0441\u0443\u0434\u0456\u0432 \u0443 \u0441\u0444\u0435\u0440\u0456 \u0456\u043d\u0442\u0435\u043b\u0435\u043a\u0442\u0443\u0430\u043b\u044c\u043d\u043e\u0457 \u0432\u043b\u0430\u0441\u043d\u043e\u0441\u0442\u0456 \u041f\u043e\u043b\u044c\u0449\u0456.<br><a href=\"https:\/\/yur-gazeta.com\/publications\/practice\/zahist-intelektualnoyi-vlasnosti-avtorske-pravo\/stvorennya-specializovanih-sudiv-u-sferi-intelektualnoyi-vlasnosti-polshchi.html\">https:\/\/yur-gazeta.com\/publications\/practice\/zahist-intelektualnoyi-vlasnosti-avtorske-pravo\/stvorennya-specializovanih-sudiv-u-sferi-intelektualnoyi-vlasnosti-polshchi.html<\/a><\/p>\n\n\n\n<p>\u0413\u0435\u043d\u043d\u0430\u0434\u0456\u0439 \u0410\u043d\u0434\u0440\u043e\u0449\u0443\u043a. \u0412 \u041f\u043e\u043b\u044c\u0449\u0456 \u0456\u043d\u0442\u0435\u043b\u0435\u043a\u0442\u0443\u0430\u043b\u044c\u043d\u043e\u044e \u0432\u043b\u0430\u0441\u043d\u0456\u0441\u0442\u044e \u0437\u0430\u0439\u043c\u0430\u0442\u0438\u043c\u0443\u0442\u044c\u0441\u044f \u043f\u02bc\u044f\u0442\u044c \u0441\u0443\u0434\u0456\u0432.&nbsp;<br><a href=\"https:\/\/yur-gazeta.com\/golovna\/v-polshchi-intelektualnoyu-vlasnistyu-zaymatimutsya-pyat-sudiv.html\">https:\/\/yur-gazeta.com\/golovna\/v-polshchi-intelektualnoyu-vlasnistyu-zaymatimutsya-pyat-sudiv.html<\/a><\/p>\n\n\n\n<p>\u0413\u0435\u043d\u043d\u0430\u0434\u0456\u0439 \u0410\u043d\u0434\u0440\u043e\u0449\u0443\u043a. \u0421\u043f\u0435\u0446\u0456\u0430\u043b\u0456\u0437\u043e\u0432\u0430\u043d\u0456 \u0441\u0443\u0434\u0438 \u0437 \u0456\u043d\u0442\u0435\u043b\u0435\u043a\u0442\u0443\u0430\u043b\u044c\u043d\u043e\u0457&nbsp; \u0432\u043b\u0430\u0441\u043d\u043e\u0441\u0442\u0456: \u043f\u0440\u0430\u043a\u0442\u0438\u043a\u0430 \u041f\u043e\u043b\u044c\u0449\u0456 \u0456 \u0423\u043a\u0440\u0430\u0457\u043d\u0438. \u0406\u043d\u0442\u0435\u043b\u0435\u043a\u0442\u0443\u0430\u043b\u044c\u043d\u0430 \u0432\u043b\u0430\u0441\u043d\u0456\u0441\u0442\u044c \u0432 \u0423\u043a\u0440\u0430\u0457\u043d\u0456. 2020. \u2116\u20082. \u0421. 33.<\/p>\n\n\n\n<p>Projekt ustawy \u2014 Prawo w\u0142asno\u015bci przemys\u0142owej.<br><a href=\"https:\/\/legislacja.rcl.gov.pl\/docs\/\/2\/12359055\/12874004\/12874005\/dokument552321.pdf\">https:\/\/legislacja.rcl.gov.pl\/docs\/\/2\/12359055\/12874004\/12874005\/dokument552321.pdf<\/a><\/p>\n\n\n\n<p>STRATEGIA na rzecz Odpowiedzialnego Rozwoju do roku 2020 (z perspektyw\u0105 do 2030 r.).<br><a href=\"http:\/\/eregion.wzp.pl\/sites\/default\/files\/strategia_na_rzecz_odpowiedzialnego_rozwoju.pdf\">http:\/\/eregion.wzp.pl\/sites\/default\/files\/strategia_na_rzecz_odpowiedzialnego_rozwoju.pdf<\/a><\/p>\n\n\n\n<p>\u043d\u0434\u0440\u043e\u0449\u0443\u043a \u0413. \u041e. \u0421\u0438\u0441\u0442\u0435\u043c\u0430 \u0437\u0430\u0431\u0435\u0437\u043f\u0435\u0447\u0435\u043d\u043d\u044f \u0446\u0438\u0444\u0440\u043e\u0432\u0438\u0445 \u0434\u043e\u043a\u0430\u0437\u0456\u0432 \u0456\u0441\u043d\u0443\u0432\u0430\u043d\u043d\u044f \u0456\u043d\u0442\u0435\u043b\u0435\u043a\u0442\u0443\u0430\u043b\u044c\u043d\u0438\u0445 \u0430\u043a\u0442\u0438\u0432\u0456\u0432: WIPO PROOF \/\/ \u041f\u0438\u0442\u0430\u043d\u043d\u044f \u0456\u043d\u0442\u0435\u043b\u0435\u043a\u0442\u0443\u0430\u043b\u044c\u043d\u043e\u0457 \u0432\u043b\u0430\u0441\u043d\u043e\u0441\u0442\u0456 : \u0437\u0431. \u043d\u0430\u0443\u043a. \u043f\u0440\u0430\u0446\u044c \/ \u0437\u0430 \u0440\u0435\u0434.&nbsp; \u043a.\u0435.\u043d. \u0413. \u041e. \u0410\u043d\u0434\u0440\u043e\u0449\u0443\u043a\u0430; \u041d\u0414\u0406 \u0406\u0412 \u041d\u0410\u041f\u0440\u041d \u0423\u043a\u0440\u0430\u0457\u043d\u0438. \u0412\u0438\u043f\u0443\u0441\u043a 18. \u041a\u0438\u0457\u0432 : \u0406\u043d\u0442\u0435\u0440\u0441\u0435\u0440\u0432\u0456\u0441, 2021. \u0421. 25\u221233.<\/p>\n<\/div>\n<\/div>\n","protected":false},"excerpt":{"rendered":"<p>Theory and practice of intellectual property\u2116 4 \/ 2022 ISSN (Print) 2308-0361ISSN (Online) 2519-2744 DOI: https:\/\/doi.org\/10.33731\/42022.265867 Published &nbsp;&nbsp;&nbsp;&nbsp;&nbsp;2022-10-19 Codification of industrial property law of Poland: analysis of the main provisions of the new draft law Gennadiy AndroshchukUkrainehttps:\/\/orcid.org\/0000-0003-0781-9740 Oleksandr DoroshenkoUkrainehttps:\/\/orcid.org\/0000-0002-2542-2328 AbstractThe article examines the state and trends of legal regulation in the field of intellectual property [&hellip;]<\/p>\n","protected":false},"author":1,"featured_media":0,"parent":0,"menu_order":0,"comment_status":"closed","ping_status":"closed","template":"","meta":{"footnotes":""},"class_list":["post-9043","page","type-page","status-publish","hentry"],"_links":{"self":[{"href":"https:\/\/inprojournal.org\/en\/wp-json\/wp\/v2\/pages\/9043","targetHints":{"allow":["GET"]}}],"collection":[{"href":"https:\/\/inprojournal.org\/en\/wp-json\/wp\/v2\/pages"}],"about":[{"href":"https:\/\/inprojournal.org\/en\/wp-json\/wp\/v2\/types\/page"}],"author":[{"embeddable":true,"href":"https:\/\/inprojournal.org\/en\/wp-json\/wp\/v2\/users\/1"}],"replies":[{"embeddable":true,"href":"https:\/\/inprojournal.org\/en\/wp-json\/wp\/v2\/comments?post=9043"}],"version-history":[{"count":3,"href":"https:\/\/inprojournal.org\/en\/wp-json\/wp\/v2\/pages\/9043\/revisions"}],"predecessor-version":[{"id":9046,"href":"https:\/\/inprojournal.org\/en\/wp-json\/wp\/v2\/pages\/9043\/revisions\/9046"}],"wp:attachment":[{"href":"https:\/\/inprojournal.org\/en\/wp-json\/wp\/v2\/media?parent=9043"}],"curies":[{"name":"wp","href":"https:\/\/api.w.org\/{rel}","templated":true}]}}