{"id":8963,"date":"2026-01-09T11:46:02","date_gmt":"2026-01-09T09:46:02","guid":{"rendered":"https:\/\/inprojournal.org\/?page_id=8963"},"modified":"2026-02-03T23:21:27","modified_gmt":"2026-02-03T21:21:27","slug":"2022-5-11","status":"publish","type":"page","link":"https:\/\/inprojournal.org\/en\/2022-5-11\/","title":{"rendered":"2022-5-11"},"content":{"rendered":"\n<p><\/p>\n\n\n\n<div class=\"wp-block-columns is-layout-flex wp-container-core-columns-is-layout-9d6595d7 wp-block-columns-is-layout-flex\">\n<div class=\"wp-block-column is-layout-flow wp-block-column-is-layout-flow\" style=\"flex-basis:33.33%\">\n<figure class=\"wp-block-image size-large is-resized\"><img loading=\"lazy\" decoding=\"async\" width=\"734\" height=\"1024\" src=\"https:\/\/inprojournal.org\/wp-content\/uploads\/2023\/03\/018-cover-734x1024.jpg\" alt=\"\" class=\"wp-image-3609\" style=\"width:217px;height:302px\" srcset=\"https:\/\/inprojournal.org\/wp-content\/uploads\/2023\/03\/018-cover-734x1024.jpg 734w, https:\/\/inprojournal.org\/wp-content\/uploads\/2023\/03\/018-cover-215x300.jpg 215w, https:\/\/inprojournal.org\/wp-content\/uploads\/2023\/03\/018-cover-768x1071.jpg 768w, https:\/\/inprojournal.org\/wp-content\/uploads\/2023\/03\/018-cover-1101x1536.jpg 1101w, https:\/\/inprojournal.org\/wp-content\/uploads\/2023\/03\/018-cover-1468x2048.jpg 1468w, https:\/\/inprojournal.org\/wp-content\/uploads\/2023\/03\/018-cover-scaled.jpg 1835w\" sizes=\"auto, (max-width: 734px) 100vw, 734px\" \/><\/figure>\n\n\n\n<div style=\"height:26px\" aria-hidden=\"true\" class=\"wp-block-spacer\"><\/div>\n\n\n\n<p class=\"has-small-font-size\">Theory and practice of intellectual property<br>\u2116 5 \/ 2022<\/p>\n\n\n\n<p class=\"has-small-font-size\">ISSN (Print) 2308-0361<br>ISSN (Online) 2519-2744<\/p>\n\n\n\n<div class=\"wp-block-buttons has-custom-font-size is-content-justification-left is-layout-flex wp-container-core-buttons-is-layout-fdcfc74e wp-block-buttons-is-layout-flex\" style=\"font-size:10px\">\n<div class=\"wp-block-button is-style-outline is-style-outline--1\"><a class=\"wp-block-button__link has-black-color has-text-color has-custom-font-size wp-element-button\" href=\"https:\/\/drive.google.com\/file\/d\/1ZCybjE-8O2ErABEzGv21u5mxihdEVTzN\/view\" style=\"border-radius:10px;font-size:10px\" target=\"_blank\" rel=\"noreferrer noopener\"><img loading=\"lazy\" decoding=\"async\" width=\"14\" height=\"14\" class=\"wp-image-362\" style=\"width: 14px;\" src=\"https:\/\/test.inprojournal.org\/wp-content\/uploads\/2023\/01\/free-icon-pdf-201153.png\" alt=\"\" srcset=\"https:\/\/inprojournal.org\/wp-content\/uploads\/2023\/01\/free-icon-pdf-201153.png 512w, https:\/\/inprojournal.org\/wp-content\/uploads\/2023\/01\/free-icon-pdf-201153-300x300.png 300w, https:\/\/inprojournal.org\/wp-content\/uploads\/2023\/01\/free-icon-pdf-201153-150x150.png 150w, https:\/\/inprojournal.org\/wp-content\/uploads\/2023\/01\/free-icon-pdf-201153-450x450.png 450w, https:\/\/inprojournal.org\/wp-content\/uploads\/2023\/01\/free-icon-pdf-201153-106x106.png 106w, https:\/\/inprojournal.org\/wp-content\/uploads\/2023\/01\/free-icon-pdf-201153-80x80.png 80w\" sizes=\"auto, (max-width: 14px) 100vw, 14px\" \/> PDF (Ukrainian)<\/a><\/div>\n<\/div>\n\n\n\n<div style=\"height:26px\" aria-hidden=\"true\" class=\"wp-block-spacer\"><\/div>\n\n\n\n<p class=\"has-small-font-size\">DOI: <a href=\"https:\/\/doi.org\/10.33731\/52022.270914\">https:\/\/doi.org\/10.33731\/52022.270914<\/a><\/p>\n\n\n\n<p class=\"has-small-font-size\">\u041e\u043f\u0443\u0431\u043b\u0456\u043a\u043e\u0432\u0430\u043d\u043e &nbsp;&nbsp;&nbsp;&nbsp;&nbsp;&nbsp;&nbsp;&nbsp; &nbsp; &nbsp;&nbsp;&nbsp; 2022-12-29<\/p>\n\n\n\n<div style=\"height:8px\" aria-hidden=\"true\" class=\"wp-block-spacer\"><\/div>\n\n\n\n<figure class=\"wp-block-image size-full is-resized\"><img decoding=\"async\" src=\"https:\/\/inprojournal.org\/wp-content\/uploads\/2025\/11\/CC-2.png\" alt=\"\" class=\"wp-image-6960\" style=\"width:131px;height:auto\"\/><\/figure>\n\n\n\n<p class=\"has-small-font-size\"><\/p>\n\n\n\n<div style=\"height:26px\" aria-hidden=\"true\" class=\"wp-block-spacer\"><\/div>\n\n\n\n<p class=\"has-small-font-size\"><\/p>\n<\/div>\n\n\n\n<div class=\"wp-block-column is-layout-flow wp-block-column-is-layout-flow\" style=\"flex-basis:66.66%\">\n<p class=\"has-medium-font-size\"><strong>Grounds and methods of systematization of legislation of Ukraine in the field of intellectual property<\/strong><\/p>\n\n\n\n<div style=\"height:40px\" aria-hidden=\"true\" class=\"wp-block-spacer\"><\/div>\n\n\n\n<p><strong>Iryna Koval<\/strong><br>Ukraine<br><a href=\"https:\/\/orcid.org\/0000-0001-9348-3061\">https:\/\/orcid.org\/0000-0001-9348-3061<\/a><\/p>\n\n\n\n<p><\/p>\n\n\n\n<div style=\"height:40px\" aria-hidden=\"true\" class=\"wp-block-spacer\"><\/div>\n\n\n\n<p><strong>Abstract<br><\/strong>The article is sanctified to research of the modern state of the legislative regulation of intellectual property relations in Ukraine and the ways of its improvement in the direction of systematizing the relevant legislation. Scientific approaches to determining the place of intellectual property law in the legal system of Ukraine are considered. It is shown that now in Ukraine there is a unique model of legislative regulation of these relations, which includes 3 levels: the Civil Code of Ukraine, the Economic Code of Ukraine, special laws regulating the protection of rights to inventions, utility models, industrial designs, trademarks, and other objects. Such division of legislative acts is based on different volume and subject of regulation of legislative acts. As a result of undertaken a study and considering foreign experience two alternative ways of codification of legislation are certain in the field of intellectual property: within the limits of operating the Civil code of Ukraine and Economic code of Ukraine allow for the differentiation of the subjects of its regulation, or in the direction of individual codifications of copyright and industrial property law as institutions intellectual property law. It is substantiated that the second way has significant advantages over the unified (general) settlement of relations in the field of spiritual and scientific and technical creativity, since it takes into consideration the essential specifics of these two components of intellectual property law, which is due to the difference in the subjects of their regulation. Guidelines for choosing the appropriate direction of codification are proposed.<\/p>\n\n\n\n<p><strong>Keywords: <\/strong>intellectual property law; systematization of legislation, codification, copyright, industrial property law<\/p>\n\n\n\n<div style=\"height:40px\" aria-hidden=\"true\" class=\"wp-block-spacer\"><\/div>\n\n\n\n<p><strong>References<\/strong><\/p>\n\n\n\n<p>\u0414\u0430\u043d\u0438\u043b\u0438\u0448\u0438\u043d \u0411. \u042f\u043a \u0434\u0435\u0440\u0436\u0430\u0432\u0430 \u043c\u043e\u0436\u0435 \u043f\u0456\u0434\u0442\u0440\u0438\u043c\u0430\u0442\u0438 \u0431\u0456\u0437\u043d\u0435\u0441 \u0432 \u0443\u043c\u043e\u0432\u0430\u0445 \u0432\u0456\u0439\u043d\u0438. \u0415\u043a\u043e\u043d\u043e\u043c\u0456\u0447\u043d\u0430 \u043f\u0440\u0430\u0432\u0434\u0430. 2022. 20 \u0431\u0435\u0440\u0435\u0437\u043d\u044f.<br><a href=\"https:\/\/www.epravda.com.ua\/columns\/2022\/03\/20\/684363\/\">https:\/\/www.epravda.com.ua\/columns\/2022\/03\/20\/684363\/<\/a><\/p>\n\n\n\n<p>Kartasov D. Ekonomika nen\u00ed v\u00edc ne\u017e mor\u00e1lka. Investor Hlavenka nejen o dopadech v\u00e1lky na Ukrajin\u011b.<br><a href=\"https:\/\/forbes.cz\/ukrajinske-startupy-pod-palbou-pokud-se-udrzi-lze-na-nich-stavet-povalecnou-ekonomiku\/\">https:\/\/forbes.cz\/ukrajinske-startupy-pod-palbou-pokud-se-udrzi-lze-na-nich-stavet-povalecnou-ekonomiku\/<\/a><\/p>\n\n\n\n<p>\u041f\u0440\u043e \u0437\u0430\u0445\u0438\u0441\u0442 \u0456\u043d\u0442\u0435\u0440\u0435\u0441\u0456\u0432 \u043e\u0441\u0456\u0431 \u0443 \u0441\u0444\u0435\u0440\u0456 \u0456\u043d\u0442\u0435\u043b\u0435\u043a\u0442\u0443\u0430\u043b\u044c\u043d\u043e\u0457 \u0432\u043b\u0430\u0441\u043d\u043e\u0441\u0442\u0456 \u043f\u0456\u0434 \u0447\u0430\u0441 \u0434\u0456\u0457 \u0432\u043e\u0454\u043d\u043d\u043e\u0433\u043e \u0441\u0442\u0430\u043d\u0443, \u0432\u0432\u0435\u0434\u0435\u043d\u043e\u0433\u043e \u0443 \u0437\u0432\u2019\u044f\u0437\u043a\u0443 \u0456\u0437 \u0437\u0431\u0440\u043e\u0439\u043d\u043e\u044e \u0430\u0433\u0440\u0435\u0441\u0456\u0454\u044e \u0420\u043e\u0441\u0456\u0439\u0441\u044c\u043a\u043e\u0457 \u0424\u0435\u0434\u0435\u0440\u0430\u0446\u0456\u0457 \u043f\u0440\u043e\u0442\u0438 \u0423\u043a\u0440\u0430\u0457\u043d\u0438 : \u0417\u0430\u043a\u043e\u043d \u0423\u043a\u0440\u0430\u0457\u043d\u0438 \u0432\u0456\u0434 1 \u043a\u0432\u0456\u0442\u043d\u044f 2022 \u0440.<br><a href=\"https:\/\/zakon.rada.gov.ua\/laws\/show\/2174-20\">https:\/\/zakon.rada.gov.ua\/laws\/show\/2174-20<\/a><\/p>\n\n\n\n<p>\u041a\u043e\u0434\u0438\u043d\u0435\u0446\u044c \u0410. \u041e. \u041f\u0440\u0430\u0432\u043e \u0456\u043d\u0442\u0435\u043b\u0435\u043a\u0442\u0443\u0430\u043b\u044c\u043d\u043e\u0457 \u0432\u043b\u0430\u0441\u043d\u043e\u0441\u0442\u0456 \u0432 \u0443\u043c\u043e\u0432\u0430\u0445 \u0434\u0456\u0457 \u0432\u043e\u0454\u043d\u043d\u043e\u0433\u043e \u0441\u0442\u0430\u043d\u0443. \u0421\u0442\u0432\u043e\u0440\u0435\u043d\u043d\u044f, \u043e\u0445\u043e\u0440\u043e\u043d\u0430, \u0437\u0430\u0445\u0438\u0441\u0442 \u0456 \u043a\u043e\u043c\u0435\u0440\u0446\u0456\u0430\u043b\u0456\u0437\u0430\u0446\u0456\u044f \u043e\u0431\u2019\u0454\u043a\u0442\u0456\u0432 \u043f\u0440\u0430\u0432\u0430 \u0456\u043d\u0442\u0435\u043b\u0435\u043a\u0442\u0443\u0430\u043b\u044c\u043d\u043e\u0457 \u0432\u043b\u0430\u0441\u043d\u043e\u0441\u0442\u0456 : \u043c\u0430\u0442\u0435\u0440\u0456\u0430\u043b\u0438 V \u0412\u0441\u0435\u0443\u043a\u0440\u0430\u0457\u043d\u0441\u044c\u043a\u043e\u0457 \u043d\u0430\u0443\u043a\u043e\u0432\u043e-\u043f\u0440\u0430\u043a\u0442\u0438\u0447\u043d\u043e\u0457 \u043a\u043e\u043d\u0444\u0435\u0440\u0435\u043d\u0446\u0456\u0457 \u0437 \u043c\u0456\u0436\u043d\u0430\u0440\u043e\u0434\u043d\u043e\u044e \u0443\u0447\u0430\u0441\u0442\u044e (26.04.2022, \u043c. \u041a\u0438\u0457\u0432) : \u0435\u043b. \u0437\u0431\u0456\u0440\u043d\u0438\u043a \/ \u0443\u043f\u043e\u0440\u044f\u0434. : \u0412. \u0421. \u041f\u0430\u0440\u043d\u0435\u043d\u043a\u043e. \u041a\u0438\u0457\u0432 : \u041a\u041f\u0406 \u0456\u043c. \u0406\u0433\u043e\u0440\u044f \u0421\u0456\u043a\u043e\u0440\u0441\u044c\u043a\u043e\u0433\u043e, 2022. \u0421. 127\u2013133.<\/p>\n\n\n\n<p>\u0421\u0430\u043c\u043e\u0439\u043b\u044e\u043a \u041c. \u0424\u0456\u043d\u0430\u043d\u0441\u043e\u0432\u0430 \u0434\u043e\u043f\u043e\u043c\u043e\u0433\u0430 \u0432\u0456\u0434 \u043c\u0456\u0436\u043d\u0430\u0440\u043e\u0434\u043d\u0438\u0445 \u043f\u0430\u0440\u0442\u043d\u0435\u0440\u0456\u0432: \u0441\u043a\u0456\u043b\u044c\u043a\u0438 \u0423\u043a\u0440\u0430\u0457\u043d\u0430 \u043e\u0442\u0440\u0438\u043c\u0430\u043b\u0430 \u043d\u0430 1 \u0436\u043e\u0432\u0442\u043d\u044f. \u0415\u043a\u043e\u043d\u043e\u043c\u0456\u0447\u043d\u0430 \u043f\u0440\u0430\u0432\u0434\u0430. 2022. 6 \u0436\u043e\u0432\u0442\u043d\u044f.<\/p>\n\n\n\n<p>99 % \u0443\u043a\u0440\u0430\u0457\u043d\u0441\u044c\u043a\u0438\u0445 \u0441\u0442\u0430\u0440\u0442\u0430\u043f\u0456\u0432 \u043f\u043e\u0442\u0440\u0435\u0431\u0443\u044e\u0442\u044c \u0444\u0456\u043d\u0430\u043d\u0441\u043e\u0432\u043e\u0457 \u043f\u0456\u0434\u0442\u0440\u0438\u043c\u043a\u0438.<br><a href=\"http:\/\/surl.li\/dkfji\">http:\/\/surl.li\/dkfji<\/a><\/p>\n\n\n\n<p>\u041f\u043b\u0430\u043d \u0432\u0456\u0434\u043d\u043e\u0432\u043b\u0435\u043d\u043d\u044f \u0423\u043a\u0440\u0430\u0457\u043d\u0438. \u041d\u0430\u0446\u0456\u043e\u043d\u0430\u043b\u044c\u043d\u0430 \u0440\u0430\u0434\u0430 \u0432\u0456\u0434\u043d\u043e\u0432\u043b\u0435\u043d\u043d\u044f.<br><a href=\"https:\/\/uploadsssl.webflow.com\/625d81ec8313622a52e2f031\/62c19ac16c921fc712205f03_NRC%20Ukraine%27s%20Recovery%20Plan%20blueprint_UKR.pdf.\">https:\/\/uploadsssl.webflow.com\/625d81ec8313622a52e2f031\/62c19ac16c921fc712205f03_NRC%20Ukraine%27s%20Recovery%20Plan%20blueprint_UKR.pdf<\/a><\/p>\n<\/div>\n<\/div>\n","protected":false},"excerpt":{"rendered":"<p>Theory and practice of intellectual property\u2116 5 \/ 2022 ISSN (Print) 2308-0361ISSN (Online) 2519-2744 DOI: https:\/\/doi.org\/10.33731\/52022.270914 \u041e\u043f\u0443\u0431\u043b\u0456\u043a\u043e\u0432\u0430\u043d\u043e &nbsp;&nbsp;&nbsp;&nbsp;&nbsp;&nbsp;&nbsp;&nbsp; &nbsp; &nbsp;&nbsp;&nbsp; 2022-12-29 Grounds and methods of systematization of legislation of Ukraine in the field of intellectual property Iryna KovalUkrainehttps:\/\/orcid.org\/0000-0001-9348-3061 AbstractThe article is sanctified to research of the modern state of the legislative regulation of intellectual property [&hellip;]<\/p>\n","protected":false},"author":1,"featured_media":0,"parent":0,"menu_order":0,"comment_status":"closed","ping_status":"closed","template":"","meta":{"footnotes":""},"class_list":["post-8963","page","type-page","status-publish","hentry"],"_links":{"self":[{"href":"https:\/\/inprojournal.org\/en\/wp-json\/wp\/v2\/pages\/8963","targetHints":{"allow":["GET"]}}],"collection":[{"href":"https:\/\/inprojournal.org\/en\/wp-json\/wp\/v2\/pages"}],"about":[{"href":"https:\/\/inprojournal.org\/en\/wp-json\/wp\/v2\/types\/page"}],"author":[{"embeddable":true,"href":"https:\/\/inprojournal.org\/en\/wp-json\/wp\/v2\/users\/1"}],"replies":[{"embeddable":true,"href":"https:\/\/inprojournal.org\/en\/wp-json\/wp\/v2\/comments?post=8963"}],"version-history":[{"count":5,"href":"https:\/\/inprojournal.org\/en\/wp-json\/wp\/v2\/pages\/8963\/revisions"}],"predecessor-version":[{"id":8969,"href":"https:\/\/inprojournal.org\/en\/wp-json\/wp\/v2\/pages\/8963\/revisions\/8969"}],"wp:attachment":[{"href":"https:\/\/inprojournal.org\/en\/wp-json\/wp\/v2\/media?parent=8963"}],"curies":[{"name":"wp","href":"https:\/\/api.w.org\/{rel}","templated":true}]}}