{"id":8896,"date":"2026-01-08T11:00:28","date_gmt":"2026-01-08T09:00:28","guid":{"rendered":"https:\/\/inprojournal.org\/?page_id=8896"},"modified":"2026-02-03T23:21:03","modified_gmt":"2026-02-03T21:21:03","slug":"2022-5-1","status":"publish","type":"page","link":"https:\/\/inprojournal.org\/en\/2022-5-1\/","title":{"rendered":"2022-5-1"},"content":{"rendered":"\n<p><\/p>\n\n\n\n<div class=\"wp-block-columns is-layout-flex wp-container-core-columns-is-layout-9d6595d7 wp-block-columns-is-layout-flex\">\n<div class=\"wp-block-column is-layout-flow wp-block-column-is-layout-flow\" style=\"flex-basis:33.33%\">\n<figure class=\"wp-block-image size-large is-resized\"><img loading=\"lazy\" decoding=\"async\" width=\"734\" height=\"1024\" src=\"https:\/\/inprojournal.org\/wp-content\/uploads\/2023\/03\/018-cover-734x1024.jpg\" alt=\"\" class=\"wp-image-3609\" style=\"width:217px;height:302px\" srcset=\"https:\/\/inprojournal.org\/wp-content\/uploads\/2023\/03\/018-cover-734x1024.jpg 734w, https:\/\/inprojournal.org\/wp-content\/uploads\/2023\/03\/018-cover-215x300.jpg 215w, https:\/\/inprojournal.org\/wp-content\/uploads\/2023\/03\/018-cover-768x1071.jpg 768w, https:\/\/inprojournal.org\/wp-content\/uploads\/2023\/03\/018-cover-1101x1536.jpg 1101w, https:\/\/inprojournal.org\/wp-content\/uploads\/2023\/03\/018-cover-1468x2048.jpg 1468w, https:\/\/inprojournal.org\/wp-content\/uploads\/2023\/03\/018-cover-scaled.jpg 1835w\" sizes=\"auto, (max-width: 734px) 100vw, 734px\" \/><\/figure>\n\n\n\n<div style=\"height:26px\" aria-hidden=\"true\" class=\"wp-block-spacer\"><\/div>\n\n\n\n<p class=\"has-small-font-size\">Theory and practice of intellectual property<br>\u2116 5 \/ 2022<\/p>\n\n\n\n<p class=\"has-small-font-size\">ISSN (Print) 2308-0361<br>ISSN (Online) 2519-2744<\/p>\n\n\n\n<div class=\"wp-block-buttons has-custom-font-size is-content-justification-left is-layout-flex wp-container-core-buttons-is-layout-fdcfc74e wp-block-buttons-is-layout-flex\" style=\"font-size:10px\">\n<div class=\"wp-block-button is-style-outline is-style-outline--1\"><a class=\"wp-block-button__link has-black-color has-text-color has-custom-font-size wp-element-button\" href=\"https:\/\/drive.google.com\/file\/d\/1-MXFA9WUXuGd6UeryxKUFPKsGTFmXNMk\/view\" style=\"border-radius:10px;font-size:10px\" target=\"_blank\" rel=\"noreferrer noopener\"><img loading=\"lazy\" decoding=\"async\" width=\"14\" height=\"14\" class=\"wp-image-362\" style=\"width: 14px;\" src=\"https:\/\/test.inprojournal.org\/wp-content\/uploads\/2023\/01\/free-icon-pdf-201153.png\" alt=\"\" srcset=\"https:\/\/inprojournal.org\/wp-content\/uploads\/2023\/01\/free-icon-pdf-201153.png 512w, https:\/\/inprojournal.org\/wp-content\/uploads\/2023\/01\/free-icon-pdf-201153-300x300.png 300w, https:\/\/inprojournal.org\/wp-content\/uploads\/2023\/01\/free-icon-pdf-201153-150x150.png 150w, https:\/\/inprojournal.org\/wp-content\/uploads\/2023\/01\/free-icon-pdf-201153-450x450.png 450w, https:\/\/inprojournal.org\/wp-content\/uploads\/2023\/01\/free-icon-pdf-201153-106x106.png 106w, https:\/\/inprojournal.org\/wp-content\/uploads\/2023\/01\/free-icon-pdf-201153-80x80.png 80w\" sizes=\"auto, (max-width: 14px) 100vw, 14px\" \/> PDF (Ukrainian)<\/a><\/div>\n<\/div>\n\n\n\n<div style=\"height:26px\" aria-hidden=\"true\" class=\"wp-block-spacer\"><\/div>\n\n\n\n<p class=\"has-small-font-size\">DOI: <a href=\"https:\/\/doi.org\/10.33731\/52022.270779\">https:\/\/doi.org\/10.33731\/52022.270779<\/a><\/p>\n\n\n\n<p class=\"has-small-font-size\">Published &nbsp;&nbsp;&nbsp;&nbsp;&nbsp;2022-12-29<\/p>\n\n\n\n<div style=\"height:8px\" aria-hidden=\"true\" class=\"wp-block-spacer\"><\/div>\n\n\n\n<figure class=\"wp-block-image size-full is-resized\"><img decoding=\"async\" src=\"https:\/\/inprojournal.org\/wp-content\/uploads\/2025\/11\/CC-2.png\" alt=\"\" class=\"wp-image-6960\" style=\"width:131px;height:auto\"\/><\/figure>\n\n\n\n<p class=\"has-small-font-size\"><\/p>\n\n\n\n<div style=\"height:26px\" aria-hidden=\"true\" class=\"wp-block-spacer\"><\/div>\n\n\n\n<p class=\"has-small-font-size\"><\/p>\n<\/div>\n\n\n\n<div class=\"wp-block-column is-layout-flow wp-block-column-is-layout-flow\" style=\"flex-basis:66.66%\">\n<p class=\"has-medium-font-size\"><strong>Modern trends in the development of protection of intellectual property in the European Union in the context of the integration of Ukraine and the EU<\/strong><\/p>\n\n\n\n<div style=\"height:40px\" aria-hidden=\"true\" class=\"wp-block-spacer\"><\/div>\n\n\n\n<p><strong>Yurii Kapitsa<\/strong><br>Ukraine<br><a href=\"https:\/\/orcid.org\/0000-0002-9449-8422\">https:\/\/orcid.org\/0000-0002-9449-8422<\/a><\/p>\n\n\n\n<p><\/p>\n\n\n\n<div style=\"height:40px\" aria-hidden=\"true\" class=\"wp-block-spacer\"><\/div>\n\n\n\n<p><strong>Abstract<br><\/strong>The modern development of EU intellectual property law in 2017-2022 is studied. The active role of the European Commission in analysing the effectiveness of EU acts and determining plans for the development of the sphere of intellectual property in the EU is noted. Attention is drawn to the expediency of using European Commission documents within the framework of the integration of Ukraine and the EU regarding IP (IP action plan, COM\/2020\/760 final; IP enforcement system, COM(2017) 707 final; guidance on Directive 2004\/48 \/EC, COM(2017) 708 final, standard essential patents\u00bb, COM(2017) 712 final etc; evaluation of design designs protection, 2020; system of supplementary protection certificate, 2020; geographical indications protection, 2020 etc.<\/p>\n\n\n\n<p>The essential importance of the DSM Directive (EU) 2019\/790 with introduction of a sustainable system of payment the fair remuneration to authors and performers as well revocation mechanism regarding licence or the transfer of rights where there is a lack of exploitation of that work, and the relevance of the implementation of these provisions in the legislation of Ukraine are emphasized.<\/p>\n\n\n\n<p>It is relevant to take into account the Guidance of the Commission on Directive 2004\/48\/EC, in particular, that the right holder could demand that the damages set as a lump sum are calculated not only because of the single amount of that hypothetical royalty\/fee, but also based on other appropriate aspects. Regarding Commission evaluation of the Regulations (EC) No. 469\/2009 and No. 1610\/96 concerning the supplementary protection certificate for medicinal products and plant protection products, it is relevant to take into consideration in the legislation of Ukraine not only the provisions of the specified regulations, but also the decisions of the ECJ on the interpretation of the specified acts.<\/p>\n\n\n\n<p>Regarding geographical indication protection for craft and industrial products in the EU-registration of GI for non-agricultural products is possible in Ukraine. However, the activities of the ministries need to be particularly strengthened, considering the experience of Poland, Moldova and other countries that envisage support from government authorities for the identification of promising geographical indications, assistance in creating associations of individuals to submit GI applications and in the preparation of applications, as well as stimulating activities for the protection of GI.<\/p>\n\n\n\n<p>The relevance of the adoption in Ukraine of the Strategy for the Development of the Intellectual Property Sphere in Ukraine, which was developed in cooperation with WIPO back in 2019 and contains European oriented guidelines for the development of the sphere of intellectual property in Ukraine, is noted.<\/p>\n\n\n\n<p><strong>Keywords: <\/strong>protection of intellectual property rights, European Union, integration of Ukraine and the EU, enforcement of intellectual property, copyright protection<\/p>\n\n\n\n<div style=\"height:40px\" aria-hidden=\"true\" class=\"wp-block-spacer\"><\/div>\n\n\n\n<p><strong>References<\/strong><\/p>\n\n\n\n<p>European Council conclusions on Ukraine, the membership applications of Ukraine, the Republic of Moldova and Georgia, Western Balkans and external relations, 23 June 2022.<br><a href=\"https:\/\/www.consilium.europa.eu\">https:\/\/www.consilium.europa.eu<\/a><\/p>\n\n\n\n<p>\u041a\u0430\u043f\u0456\u0446\u0430 \u042e. \u041c. \u041f\u0440\u0430\u0432\u043e \u0456\u043d\u0442\u0435\u043b\u0435\u043a\u0442\u0443\u0430\u043b\u044c\u043d\u043e\u0457 \u0432\u043b\u0430\u0441\u043d\u043e\u0441\u0442\u0456 \u0404\u0432\u0440\u043e\u043f\u0435\u0439\u0441\u044c\u043a\u043e\u0433\u043e \u0421\u043e\u044e\u0437\u0443: \u0444\u043e\u0440\u043c\u0443\u0432\u0430\u043d\u043d\u044f, \u0456\u043d\u0441\u0442\u0438\u0442\u0443\u0442\u0438, \u043d\u0430\u043f\u0440\u044f\u043c\u0438 \u0440\u043e\u0437\u0432\u0438\u0442\u043a\u0443 \/ \u0426\u0435\u043d\u0442\u0440 \u0434\u043e\u0441\u043b\u0456\u0434\u0436\u0435\u043d\u044c \u0456\u043d\u0442\u0435\u043b\u0435\u043a\u0442\u0443\u0430\u043b\u044c\u043d\u043e\u0457 \u0432\u043b\u0430\u0441\u043d\u043e\u0441\u0442\u0456 \u0442\u0430 \u0442\u0440\u0430\u043d\u0441\u0444\u0435\u0440\u0443 \u0442\u0435\u0445\u043d\u043e\u043b\u043e\u0433\u0456\u0439 \u041d\u0410\u041d \u0423\u043a\u0440\u0430\u0457\u043d\u0438. \u041a\u0438\u0457\u0432 : \u0410\u043a\u0430\u0434\u0435\u043c\u043f\u0435\u0440\u0456\u043e\u0434\u0438\u043a\u0430, 2017. 664 \u0441.<\/p>\n\n\n\n<p>Communication from the Commission to the European Parliament, the Council, the European Economic and Social Committee and the Committee of the Regions \u00abA Single Market for Intellectual Property Rights. Boosting creativity and innovation to provide economic growth, high quality jobs and first class products and services in Europe\u00bb. COM (2011) 287 final, 24.5.2011.<\/p>\n\n\n\n<p>Communication from the Commission to the European Parliament, the Council, the European Economic and Social Committee and the Committee of Regions \u00abTowards a modern, more European copyright framework\u00bb. Brussels. COM (2015) 626 final, 9.12.2015.<\/p>\n\n\n\n<p>Communication from the Commission to the European Parliament, the Council, the European Economic and Social Committee and the Committee of the regions Promoting a fair, efficient and competitive European copyright-based economy in the Digital Single Market.&nbsp; Brussels. COM (2016) 592 final, 14.9.2016.<\/p>\n\n\n\n<p>Communication from the Commission \u00abMaking the most of the EU\u2019s innovative potential. An intellectual property action plan to support the EU\u2019s recovery and resilience. COM\/2020\/760 final, 25.11.2020.<\/p>\n\n\n\n<p>Communication from the Commission \u00abA balanced IP enforcement system responding to today&#8217;s societal challenges&nbsp; Brussels\u00bb. COM (2017) 707 final, 30\/11\/2017.<\/p>\n\n\n\n<p>Communication from the Commission to the Institutions on Guidance on certain aspects of Directive 2004\/48\/EC of the European Parliament and of the Council on the enforcement of intellectual property rights, Brussels, COM (2017) 708 final, 29.11.2017.<\/p>\n\n\n\n<p>Communication from the Commission \u00abSetting out the EU approach to Standard Essential Patents\u00bb, Brussels. COM (2017) 712 final, 29.11.2017.<\/p>\n\n\n\n<p>Commission communication \u2014 Guidance to the Member States concerning foreign direct investment and free movement of capital from third countries, and the protection of Europe\u2019s strategic assets, ahead of the application of Regulation (EU) 2019\/452 (FDI Screening Regulation) (2020\/C 99 I\/01).<\/p>\n\n\n\n<p>Judgment of the CJEU (Fifth Chamber) of 25 January 2017, C-367\/15, Stowarzyszenie \u00abO\u0142awska Telewizja Kablowa\u00bb w O\u0142awie v Stowarzyszenie Filmowc\u00f3w Polskich w Warszawie, EU:C:2017:36.<\/p>\n\n\n\n<p>\u0417\u0430\u0445\u0438\u0441\u0442 \u043f\u0440\u0430\u0432 \u0456\u043d\u0442\u0435\u043b\u0435\u043a\u0442\u0443\u0430\u043b\u044c\u043d\u043e\u0457 \u0432\u043b\u0430\u0441\u043d\u043e\u0441\u0442\u0456 \u0432 \u0423\u043a\u0440\u0430\u0457\u043d\u0456: \u043f\u0440\u043e\u0431\u043b\u0435\u043c\u0438 \u0437\u0430\u043a\u043e\u043d\u043e\u0434\u0430\u0432\u0447\u043e\u0433\u043e \u0437\u0430\u0431\u0435\u0437\u043f\u0435\u0447\u0435\u043d\u043d\u044f \u0442\u0430 \u043f\u0440\u0430\u0432\u043e \u0437\u0430\u0441\u0442\u043e\u0441\u0443\u0432\u0430\u043d\u043d\u044f. \u041c\u0430\u0442\u0435\u0440\u0456\u0430\u043b\u0438 \u043f\u0430\u0440\u043b\u0430\u043c\u0435\u043d\u0442\u0441\u044c\u043a\u0438\u0445 \u0441\u043b\u0443\u0445\u0430\u043d\u044c \u0443 \u0412\u0435\u0440\u0445\u043e\u0432\u043d\u0456\u0439 \u0420\u0430\u0434\u0456 \u0423\u043a\u0440\u0430\u0457\u043d\u0438 21 \u0431\u0435\u0440\u0435\u0437\u043d\u044f 2007 \u0440. \u041a\u0438\u0457\u0432 : \u041f\u0430\u0440\u043b\u0430\u043c\u0435\u043d\u0442\u0441\u044c\u043a\u0435 \u0432\u0438\u0434\u0430\u0432\u043d\u0438\u0446\u0442\u0432\u043e, 2007. 320 \u0441.<\/p>\n\n\n\n<p>\u0406\u043d\u0442\u0435\u043b\u0435\u043a\u0442\u0443\u0430\u043b\u044c\u043d\u0430 \u0432\u043b\u0430\u0441\u043d\u0456\u0441\u0442\u044c \u0443 \u0444\u043e\u0440\u043c\u0443\u0432\u0430\u043d\u043d\u0456 \u0456\u043d\u043d\u043e\u0432\u0430\u0446\u0456\u0439\u043d\u043e\u0457 \u0435\u043a\u043e\u043d\u043e\u043c\u0456\u043a\u0438 \u0423\u043a\u0440\u0430\u0457\u043d\u0438: \u043f\u0440\u043e\u0431\u043b\u0435\u043c\u0438 \u0437\u0430\u043a\u043e\u043d\u043e\u0434\u0430\u0432\u0447\u043e\u0433\u043e \u0437\u0430\u0431\u0435\u0437\u043f\u0435\u0447\u0435\u043d\u043d\u044f \u0442\u0430 \u0434\u0435\u0440\u0436\u0430\u0432\u043d\u043e\u0433\u043e \u0440\u0435\u0433\u0443\u043b\u044e\u0432\u0430\u043d\u043d\u044f \/ \u0437\u0430 \u0437\u0430\u0433. \u0440\u0435\u0434. \u0412. \u0406. \u041f\u043e\u043b\u043e\u0445\u0430\u043b\u0430. \u0410\u0432\u0442\u043e\u0440-\u0443\u043f\u043e\u0440\u044f\u0434. : \u0413. \u041e. \u0410\u043d\u0434\u0440\u043e\u0449\u0443\u043a. \u041a\u0438\u0457\u0432 : \u041f\u0430\u0440\u043b\u0430\u043c\u0435\u043d\u0442\u0441\u044c\u043a\u0435 \u0432\u0438\u0434-\u0432\u043e, 2010.&nbsp; 384 \u0441.<\/p>\n\n\n\n<p>Report from the Commission \u00abEvaluation of the Application of the Regulation (EU) No 386\/2012 of 19 April 2012\u00bb. Brussels. COM (2020) 755 final, 24.11.2020.<\/p>\n\n\n\n<p>Commission staff working document \u00abEvaluation of the Regulation (EC) No 469\/2009 of the European Parliament and of the Council concerning the supplementary protection certificate for medicinal products, and Regulation (EC) No 1610\/96 of the European Parliament and of the Council concerning the creation of a supplementary protection certificate for plant protection products\u00bb,Brussels, 25.11.2020. SWD (2020) 292 final.<\/p>\n\n\n\n<p>Commission staff working document Evaluation of EU legislation on design protection. Brussels, 6.11.2020. SWD(2020) 265 final. Commission Inception impact assessment \u00abReview of the Design Directive and Community Design Regulation\u00bb. Ref. Ares (2020)7065286 &#8211; 24\/11\/2020.<\/p>\n\n\n\n<p>Commission Inception impact assesment \u00abEU protection of geographical indications for non-agricultural products\u00bb. Ref. Ares (2020)7158775 &#8211; 27\/11\/2020.<\/p>\n\n\n\n<p>Proposal for a Regulation of the European Parliament and the Council on geographical indication protection for craft and industrial products and amending Regulations (EU) 2017\/1001 and (EU) 2019\/1753 of the European Parliament and of the Council and Council Decision (EU) 2019\/1754. COM (2022) 174 final, 13.04.2022.<\/p>\n\n\n\n<p>\u041a\u0430\u043f\u0456\u0446\u0430 \u042e. \u041c. \u0421\u0435\u0440\u0442\u0438\u0444\u0456\u043a\u0430\u0442 \u0434\u043e\u0434\u0430\u0442\u043a\u043e\u0432\u043e\u0457 \u043e\u0445\u043e\u0440\u043e\u043d\u0438 \u043b\u0456\u043a\u0430\u0440\u0441\u044c\u043a\u0438\u0445 \u0437\u0430\u0441\u043e\u0431\u0456\u0432 \u0404\u0421 \u0442\u0430 \u043f\u0440\u043e\u0434\u043e\u0432\u0436\u0435\u043d\u043d\u044f \u0441\u0442\u0440\u043e\u043a\u0443 \u0447\u0438\u043d\u043d\u043e\u0441\u0442\u0456 \u043f\u0430\u0442\u0435\u043d\u0442\u0443 \u043d\u0430 \u0432\u0438\u043d\u0430\u0445\u0456\u0434 \u0432 \u0423\u043a\u0440\u0430\u0457\u043d\u0456. \u0422\u0435\u043e\u0440\u0456\u044f \u0456 \u043f\u0440\u0430\u043a\u0442\u0438\u043a\u0430 \u0456\u043d\u0442\u0435\u043b\u0435\u043a\u0442\u0443\u0430\u043b\u044c\u043d\u043e\u0457 \u0432\u043b\u0430\u0441\u043d\u043e\u0441\u0442\u0456. 2016. \u2116 5(91). \u0421. 49\u201357.<\/p>\n\n\n\n<p>\u0413\u043e\u0441\u0443\u0434\u0430\u0440\u0441\u0442\u0432\u0435\u043d\u043d\u043e\u0435 \u0430\u0433\u0435\u043d\u0442\u0441\u0442\u0432\u043e \u043f\u043e \u0438\u043d\u0442\u0435\u043b\u043b\u0435\u043a\u0442\u0443\u0430\u043b\u044c\u043d\u043e\u0439 \u0441\u043e\u0431\u0441\u0442\u0432\u0435\u043d\u043d\u043e\u0441\u0442\u0438 \u0420\u0435\u0441\u043f\u0443\u0431\u043b\u0438\u043a\u0438 \u041c\u043e\u043b\u0434\u043e\u0432\u0430.<br><a href=\"https:\/\/www.agepi.gov.md\/ru\">https:\/\/www.agepi.gov.md\/ru<\/a><\/p>\n\n\n\n<p>Observatorul respect\u0103rii drepturilor de proprietate intelectual\u0103.<br><a href=\"https:\/\/observatorpi.md\/\">https:\/\/observatorpi.md\/<\/a><\/p>\n\n\n\n<p>Fala, Anatolie. Studiul privind identificarea produselor, b\u0103uturilor, bucatelor \u015fi obiectelor de me\u015fte\u015fug\u0103rit pasibile \u00eenregistr\u0103rii \u00een calitate de Indica\u0163ii Geografice, Denumiri de Origine \u015fi Specialit\u0103\u0163i Tradi\u0163ionale Garantate \u00een Republica Moldova \/ Anatolie Fala; coaut.: Maria P\u00e2ntea [et al.] ; AGEPI, SARDPI. Chi\u015fin\u0103u: S. n., 2018 (F.E.-P. \u00abTipografia Central\u0103\u00bb). 148 p.<\/p>\n\n\n\n<p>Directive (EU) 2019\/790 of the European Parliament and of the Council of 17 April 2019 on copyright and related rights in the Digital Single Market and amending Directives 96\/9\/EC and 2001\/29\/EC. OJ L 130, 17.5.2019. P. 92\u2013125.<\/p>\n\n\n\n<p>\u041a\u0430\u043f\u0456\u0446\u0430 \u042e. \u041c. \u0414\u0438\u0440\u0435\u043a\u0442\u0438\u0432\u0430 \u0404\u0421 \u043f\u0440\u043e \u0430\u0432\u0442\u043e\u0440\u0441\u044c\u043a\u0435 \u043f\u0440\u0430\u0432\u043e \u0432 \u0454\u0434\u0438\u043d\u043e\u043c\u0443 \u0446\u0438\u0444\u0440\u043e\u0432\u043e\u043c\u0443 \u0440\u0438\u043d\u043a\u0443: \u043d\u043e\u0432\u0456 \u0432\u0438\u043c\u0456\u0440\u0438 \u0447\u0438 \u043d\u043e\u0432\u0456 \u0432\u0438\u043f\u0440\u043e\u0431\u0443\u0432\u0430\u043d\u043d\u044f? \u0406\u043d\u0442\u0435\u043b\u0435\u043a\u0442\u0443\u0430\u043b\u044c\u043d\u0430 \u0432\u043b\u0430\u0441\u043d\u0456\u0441\u0442\u044c. \u2116 8, 2019. \u0421. 6\u201322.<\/p>\n<\/div>\n<\/div>\n","protected":false},"excerpt":{"rendered":"<p>Theory and practice of intellectual property\u2116 5 \/ 2022 ISSN (Print) 2308-0361ISSN (Online) 2519-2744 DOI: https:\/\/doi.org\/10.33731\/52022.270779 Published &nbsp;&nbsp;&nbsp;&nbsp;&nbsp;2022-12-29 Modern trends in the development of protection of intellectual property in the European Union in the context of the integration of Ukraine and the EU Yurii KapitsaUkrainehttps:\/\/orcid.org\/0000-0002-9449-8422 AbstractThe modern development of EU intellectual property law in 2017-2022 [&hellip;]<\/p>\n","protected":false},"author":1,"featured_media":0,"parent":0,"menu_order":0,"comment_status":"closed","ping_status":"closed","template":"","meta":{"footnotes":""},"class_list":["post-8896","page","type-page","status-publish","hentry"],"_links":{"self":[{"href":"https:\/\/inprojournal.org\/en\/wp-json\/wp\/v2\/pages\/8896","targetHints":{"allow":["GET"]}}],"collection":[{"href":"https:\/\/inprojournal.org\/en\/wp-json\/wp\/v2\/pages"}],"about":[{"href":"https:\/\/inprojournal.org\/en\/wp-json\/wp\/v2\/types\/page"}],"author":[{"embeddable":true,"href":"https:\/\/inprojournal.org\/en\/wp-json\/wp\/v2\/users\/1"}],"replies":[{"embeddable":true,"href":"https:\/\/inprojournal.org\/en\/wp-json\/wp\/v2\/comments?post=8896"}],"version-history":[{"count":3,"href":"https:\/\/inprojournal.org\/en\/wp-json\/wp\/v2\/pages\/8896\/revisions"}],"predecessor-version":[{"id":8899,"href":"https:\/\/inprojournal.org\/en\/wp-json\/wp\/v2\/pages\/8896\/revisions\/8899"}],"wp:attachment":[{"href":"https:\/\/inprojournal.org\/en\/wp-json\/wp\/v2\/media?parent=8896"}],"curies":[{"name":"wp","href":"https:\/\/api.w.org\/{rel}","templated":true}]}}