{"id":8517,"date":"2026-01-04T18:57:50","date_gmt":"2026-01-04T16:57:50","guid":{"rendered":"https:\/\/inprojournal.org\/?page_id=8517"},"modified":"2026-02-04T10:17:38","modified_gmt":"2026-02-04T08:17:38","slug":"2023-4-5-1","status":"publish","type":"page","link":"https:\/\/inprojournal.org\/en\/2023-4-5-1\/","title":{"rendered":"2023-4-5-1"},"content":{"rendered":"\n<p><\/p>\n\n\n\n<div class=\"wp-block-columns is-layout-flex wp-container-core-columns-is-layout-9d6595d7 wp-block-columns-is-layout-flex\">\n<div class=\"wp-block-column is-layout-flow wp-block-column-is-layout-flow\" style=\"flex-basis:33.33%\">\n<figure class=\"wp-block-image size-large is-resized\"><img loading=\"lazy\" decoding=\"async\" width=\"734\" height=\"1024\" src=\"https:\/\/inprojournal.org\/wp-content\/uploads\/2023\/03\/018-cover-734x1024.jpg\" alt=\"\" class=\"wp-image-3609\" style=\"width:217px;height:302px\" srcset=\"https:\/\/inprojournal.org\/wp-content\/uploads\/2023\/03\/018-cover-734x1024.jpg 734w, https:\/\/inprojournal.org\/wp-content\/uploads\/2023\/03\/018-cover-215x300.jpg 215w, https:\/\/inprojournal.org\/wp-content\/uploads\/2023\/03\/018-cover-768x1071.jpg 768w, https:\/\/inprojournal.org\/wp-content\/uploads\/2023\/03\/018-cover-1101x1536.jpg 1101w, https:\/\/inprojournal.org\/wp-content\/uploads\/2023\/03\/018-cover-1468x2048.jpg 1468w, https:\/\/inprojournal.org\/wp-content\/uploads\/2023\/03\/018-cover-scaled.jpg 1835w\" sizes=\"auto, (max-width: 734px) 100vw, 734px\" \/><\/figure>\n\n\n\n<div style=\"height:26px\" aria-hidden=\"true\" class=\"wp-block-spacer\"><\/div>\n\n\n\n<p class=\"has-small-font-size\">Theory and practice of intellectual property<br>\u2116 4-5 \/ 2023<\/p>\n\n\n\n<p class=\"has-small-font-size\">ISSN (Print) 2308-0361<br>ISSN (Online) 2519-2744<\/p>\n\n\n\n<div class=\"wp-block-buttons has-custom-font-size is-content-justification-left is-layout-flex wp-container-core-buttons-is-layout-fdcfc74e wp-block-buttons-is-layout-flex\" style=\"font-size:10px\">\n<div class=\"wp-block-button is-style-outline is-style-outline--1\"><a class=\"wp-block-button__link has-black-color has-text-color has-custom-font-size wp-element-button\" href=\"https:\/\/drive.google.com\/file\/d\/1RGD1mPI2eTncPE1-rdntmFa-kJ3HLu5K\/view\" style=\"border-radius:10px;font-size:10px\" target=\"_blank\" rel=\"noreferrer noopener\"><img loading=\"lazy\" decoding=\"async\" width=\"14\" height=\"14\" class=\"wp-image-362\" style=\"width: 14px;\" src=\"https:\/\/test.inprojournal.org\/wp-content\/uploads\/2023\/01\/free-icon-pdf-201153.png\" alt=\"\" srcset=\"https:\/\/inprojournal.org\/wp-content\/uploads\/2023\/01\/free-icon-pdf-201153.png 512w, https:\/\/inprojournal.org\/wp-content\/uploads\/2023\/01\/free-icon-pdf-201153-300x300.png 300w, https:\/\/inprojournal.org\/wp-content\/uploads\/2023\/01\/free-icon-pdf-201153-150x150.png 150w, https:\/\/inprojournal.org\/wp-content\/uploads\/2023\/01\/free-icon-pdf-201153-450x450.png 450w, https:\/\/inprojournal.org\/wp-content\/uploads\/2023\/01\/free-icon-pdf-201153-106x106.png 106w, https:\/\/inprojournal.org\/wp-content\/uploads\/2023\/01\/free-icon-pdf-201153-80x80.png 80w\" sizes=\"auto, (max-width: 14px) 100vw, 14px\" \/> PDF (Ukrainian)<\/a><\/div>\n<\/div>\n\n\n\n<div style=\"height:26px\" aria-hidden=\"true\" class=\"wp-block-spacer\"><\/div>\n\n\n\n<p class=\"has-small-font-size\">DOI: <a href=\"https:\/\/doi.org\/10.33731\/4-52023.289636\">https:\/\/doi.org\/10.33731\/4-52023.289636<\/a><\/p>\n\n\n\n<p class=\"has-small-font-size\">Submitted&nbsp; &nbsp;&nbsp; 2023-08-21<br>Accepted &nbsp;&nbsp; &nbsp; 2023-09-17<br>Published &nbsp;&nbsp;&nbsp;&nbsp;&nbsp;2023-10-25<\/p>\n\n\n\n<div style=\"height:8px\" aria-hidden=\"true\" class=\"wp-block-spacer\"><\/div>\n\n\n\n<figure class=\"wp-block-image size-full is-resized\"><img decoding=\"async\" src=\"https:\/\/inprojournal.org\/wp-content\/uploads\/2025\/11\/CC-2.png\" alt=\"\" class=\"wp-image-6960\" style=\"width:131px;height:auto\"\/><\/figure>\n\n\n\n<p class=\"has-small-font-size\"><\/p>\n\n\n\n<div style=\"height:26px\" aria-hidden=\"true\" class=\"wp-block-spacer\"><\/div>\n\n\n\n<p class=\"has-small-font-size\"><\/p>\n<\/div>\n\n\n\n<div class=\"wp-block-column is-layout-flow wp-block-column-is-layout-flow\" style=\"flex-basis:66.66%\">\n<p class=\"has-medium-font-size\"><strong>Systematization of Ukrainian legislation in the sphere of intellectual property<\/strong><\/p>\n\n\n\n<div style=\"height:40px\" aria-hidden=\"true\" class=\"wp-block-spacer\"><\/div>\n\n\n\n<p><strong>Viktoriia Dmytrenko<\/strong><br>Ph.D. (Law), Senior Researcher of the Industrial Property and Commercialization of Intellectual Property Objects Department of the Intellectual Property Scientific Research Institute of the National Academy of Legal Sciences of Ukraine<br>Ukraine<br><a href=\"https:\/\/orcid.org\/0000-0002-1973-9863\">https:\/\/orcid.org\/0000-0002-1973-9863<\/a><\/p>\n\n\n\n<p><\/p>\n\n\n\n<div style=\"height:40px\" aria-hidden=\"true\" class=\"wp-block-spacer\"><\/div>\n\n\n\n<p><strong>Abstract<br><\/strong>The article contains proposals for the systematization of Ukrainian legislation in the field of intellectual property law, in particular, the provisions of agreements and other transactions regarding the results of intellectual and creative activity. The author argues for the separation of intellectual property law into a separate complex branch of law, due to the specificity of its legal nature. It is proposed to regulate legal relations in this area in the general basic law on intellectual property law and two special laws: on copyright and related rights and on industrial property law. This will contribute to a holistic perception of intellectual property law and an understanding of its specifics, which will allow for proper protection of the results of intellectual, creative activity and strengthen the protection of the rights and legitimate interests of the subjects. In the general law of intellectual property, it is proposed to state the main provisions, in particular, on objects of protection, legal subjects and the content of their rights, general provisions of the agreements in the field of intellectual property law, their types and characteristics, as well as provisions on the protection of intellectual property rights. It is also important to establish the provision that not all agreements in the field of intellectual property are aimed at the disposal of intellectual property rights, and to give examples of such agreements. It is also proposed to include in the new law on intellectual property, in addition to the agreements currently provided in Chapters 75\u201376 of the Civil Code of Ukraine, provisions on technology transfer<br>agreements. With regard to special legislation, in addition to the existing Law of Ukraine \u00abOn Copyright and Related Rights\u00bb, it is proposed to create a separate law on industrial property law, in which to specify which objects are objects of industrial property law, to al-<br>locate separate sections for each object of industrial property law, the specifics of agreements in the field of industrial property, as well as the section on the protection of rights and legitimate interests.<\/p>\n\n\n\n<p><strong>Keywords: <\/strong>codification, systematization, intellectual property law, industrial property law, intellectual property agreements<\/p>\n\n\n\n<div style=\"height:40px\" aria-hidden=\"true\" class=\"wp-block-spacer\"><\/div>\n\n\n\n<p><strong>References<\/strong><\/p>\n\n\n\n<p>\u0428\u0442\u0435\u0444\u0430\u043d \u041e. \u041e\u043a\u0440\u0435\u043c\u0456 \u0430\u0441\u043f\u0435\u043a\u0442\u0438 \u043c\u043e\u0436\u043b\u0438\u0432\u043e\u0457 \u043a\u043e\u0434\u0438\u0444\u0456\u043a\u0430\u0446\u0456\u0457 \u0437\u0430\u043a\u043e\u043d\u043e\u0434\u0430\u0432\u0441\u0442\u0432\u0430 \u043f\u0440\u0430\u0432\u0430 \u0456\u043d\u0442\u0435\u043b\u0435\u043a\u0442\u0443\u0430\u043b\u044c\u043d\u043e\u0457 \u0432\u043b\u0430\u0441\u043d\u043e\u0441\u0442\u0456. \u0422\u0435\u043e\u0440\u0456\u044f \u0456 \u043f\u0440\u0430\u043a\u0442\u0438\u043a\u0430 \u0456\u043d\u0442\u0435\u043b\u0435\u043a\u0442\u0443\u0430\u043b\u044c\u043d\u043e\u0457 \u0432\u043b\u0430\u0441\u043d\u043e\u0441\u0442\u0456. 2021. \u2116 5. \u0421. 108\u2212118.<\/p>\n\n\n\n<p>\u041c\u0438\u0440\u043e\u043d\u0435\u043d\u043a\u043e \u041d. \u0422\u0435\u043e\u0440\u0456\u044f \u0442\u0430 \u043f\u0440\u0430\u043a\u0442\u0438\u043a\u0430 \u043a\u043e\u0434\u0438\u0444\u0456\u043a\u0430\u0446\u0456\u0457 \u0437\u0430\u043a\u043e\u043d\u043e\u0434\u0430\u0432\u0441\u0442\u0432\u0430 \u0443 \u0441\u0444\u0435\u0440\u0456 \u043f\u0440\u043e\u043c\u0438\u0441\u043b\u043e\u0432\u043e\u0457 \u0432\u043b\u0430\u0441\u043d\u043e\u0441\u0442\u0456: \u043f\u043e\u0440\u0456\u0432\u043d\u044f\u043b\u044c\u043d\u043e-\u043f\u0440\u0430\u0432\u043e\u0432\u0438\u0439 \u0430\u0441\u043f\u0435\u043a\u0442. \u0422\u0435\u043e\u0440\u0456\u044f \u0456 \u043f\u0440\u0430\u043a\u0442\u0438\u043a\u0430 \u0456\u043d\u0442\u0435\u043b\u0435\u043a\u0442\u0443\u0430\u043b\u044c\u043d\u043e\u0457 \u0432\u043b\u0430\u0441\u043d\u043e\u0441\u0442\u0456. 2023. \u2116 1\/2. \u0421. 5\u221215.<\/p>\n\n\n\n<p>\u041a\u043e\u0432\u0430\u043b\u044c \u0406. \u041f\u0456\u0434\u0441\u0442\u0430\u0432\u0438 \u0456 \u0441\u043f\u043e\u0441\u043e\u0431\u0438 \u0441\u0438\u0441\u0442\u0435\u043c\u0430\u0442\u0438\u0437\u0430\u0446\u0456\u0457 \u0437\u0430\u043a\u043e\u043d\u043e\u0434\u0430\u0432\u0441\u0442\u0432\u0430 \u0423\u043a\u0440\u0430\u0457\u043d\u0438 \u0443 \u0441\u0444\u0435\u0440\u0456 \u0456\u043d\u0442\u0435\u043b\u0435\u043a\u0442\u0443\u0430\u043b\u044c\u043d\u043e\u0457 \u0432\u043b\u0430\u0441\u043d\u043e\u0441\u0442\u0456. \u0422\u0435\u043e\u0440\u0456\u044f \u0456 \u043f\u0440\u0430\u043a\u0442\u0438\u043a\u0430 \u0456\u043d\u0442\u0435\u043b\u0435\u043a\u0442\u0443\u0430\u043b\u044c\u043d\u043e\u0457 \u0432\u043b\u0430\u0441\u043d\u043e\u0441\u0442\u0456. 2021. \u2116 5. \u0421. 119\u2212127.<\/p>\n\n\n\n<p>\u041f\u043e\u0442\u043e\u0446\u044c\u043a\u0438\u0439 \u041c. \u041a\u043e\u0434\u0438\u0444\u0456\u043a\u0430\u0446\u0456\u044f \u0437\u0430\u043a\u043e\u043d\u043e\u0434\u0430\u0432\u0441\u0442\u0432\u0430 \u0423\u043a\u0440\u0430\u0457\u043d\u0438 \u043f\u0440\u043e \u0456\u043d\u0442\u0435\u043b\u0435\u043a\u0442\u0443\u0430\u043b\u044c\u043d\u0443 \u0432\u043b\u0430\u0441\u043d\u0456\u0441\u0442\u044c: \u043c\u0430\u0442\u0435\u0440\u0456\u0430\u043b\u044c\u043d\u0438\u0439 \u0442\u0430 \u043f\u0440\u043e\u0446\u0435\u0441\u0443\u0430\u043b\u044c\u043d\u0438\u0439 \u0430\u0441\u043f\u0435\u043a\u0442\u0438. \u0422\u0435\u043e\u0440\u0456\u044f \u0456 \u043f\u0440\u0430\u043a\u0442\u0438\u043a\u0430 \u0456\u043d\u0442\u0435\u043b\u0435\u043a\u0442\u0443\u0430\u043b\u044c\u043d\u043e\u0457 \u0432\u043b\u0430\u0441\u043d\u043e\u0441\u0442\u0456. 2021. \u2116 6. \u0421. 5\u221216.<\/p>\n\n\n\n<p>\u0428\u0430\u0431\u0430\u043b\u0456\u043d \u0410. \u041f\u0440\u043e \u0434\u0435\u044f\u043a\u0456 \u0430\u0441\u043f\u0435\u043a\u0442\u0438 \u0441\u0438\u0441\u0442\u0435\u043c\u0430\u0442\u0438\u0437\u0430\u0446\u0456\u0457 \u0437\u0430\u043a\u043e\u043d\u043e\u0434\u0430\u0432\u0441\u0442\u0432\u0430 \u0443 \u0441\u0444\u0435\u0440\u0456 \u043f\u0440\u0430\u0432\u0430 \u0456\u043d\u0442\u0435\u043b\u0435\u043a\u0442\u0443\u0430\u043b\u044c\u043d\u043e\u0457 \u0432\u043b\u0430\u0441\u043d\u043e\u0441\u0442\u0456. \u0422\u0435\u043e\u0440\u0456\u044f \u0456 \u043f\u0440\u0430\u043a\u0442\u0438\u043a\u0430 \u0456\u043d\u0442\u0435\u043b\u0435\u043a\u0442\u0443\u0430\u043b\u044c\u043d\u043e\u0457 \u0432\u043b\u0430\u0441\u043d\u043e\u0441\u0442\u0456. 2022. \u2116 2. \u0421. 15\u221224.<\/p>\n\n\n\n<p>\u0428\u0430\u0431\u0430\u043b\u0456\u043d \u0410. \u041f\u0440\u043e \u043f\u0438\u0442\u0430\u043d\u043d\u044f \u043a\u043e\u0434\u0438\u0444\u0456\u043a\u0430\u0446\u0456\u0457 \u0437\u0430\u043a\u043e\u043d\u043e\u0434\u0430\u0432\u0441\u0442\u0432\u0430 \u0443 \u0441\u0444\u0435\u0440\u0456 \u0456\u043d\u0442\u0435\u043b\u0435\u043a\u0442\u0443\u0430\u043b\u044c\u043d\u043e\u0457 \u0432\u043b\u0430\u0441\u043d\u043e\u0441\u0442\u0456. \u0422\u0435\u043e\u0440\u0456\u044f \u0456 \u043f\u0440\u0430\u043a\u0442\u0438\u043a\u0430 \u0456\u043d\u0442\u0435\u043b\u0435\u043a\u0442\u0443\u0430\u043b\u044c\u043d\u043e\u0457 \u0432\u043b\u0430\u0441\u043d\u043e\u0441\u0442\u0456. 2021. \u2116 1. \u0421. 74\u221281.<\/p>\n\n\n\n<p>\u0410\u043d\u0434\u0440\u043e\u0449\u0443\u043a \u0413., \u0414\u043e\u0440\u043e\u0448\u0435\u043d\u043a\u043e \u041e. \u041a\u043e\u0434\u0438\u0444\u0456\u043a\u0430\u0446\u0456\u044f \u043f\u0440\u0430\u0432\u0430 \u043f\u0440\u043e\u043c\u0438\u0441\u043b\u043e\u0432\u043e\u0457 \u0432\u043b\u0430\u0441\u043d\u043e\u0441\u0442\u0456 \u041f\u043e\u043b\u044c\u0449\u0456: \u0430\u043d\u0430\u043b\u0456\u0437 \u043e\u0441\u043d\u043e\u0432\u043d\u0438\u0445 \u043f\u043e\u043b\u043e\u0436\u0435\u043d\u044c \u043d\u043e\u0432\u043e\u0433\u043e \u0437\u0430\u043a\u043e\u043d\u043e\u043f\u0440\u043e\u0454\u043a\u0442\u0443. \u0422\u0435\u043e\u0440\u0456\u044f \u0456 \u043f\u0440\u0430\u043a\u0442\u0438\u043a\u0430 \u0456\u043d\u0442\u0435\u043b\u0435\u043a\u0442\u0443\u0430\u043b\u044c\u043d\u043e\u0457 \u0432\u043b\u0430\u0441\u043d\u043e\u0441\u0442\u0456. 2022. \u2116 4. \u0421. 89\u221299.<\/p>\n\n\n\n<p>\u0422\u0432\u0435\u0440\u0435\u0437\u0435\u043d\u043a\u043e \u041e. \u0421\u0438\u0441\u0442\u0435\u043c\u0430\u0442\u0438\u0437\u0430\u0446\u0456\u044f \u043d\u0430\u043a\u0430\u0437\u0456\u0432 \u0443 \u0441\u0444\u0435\u0440\u0456 \u043f\u0440\u043e\u043c\u0438\u0441\u043b\u043e\u0432\u043e\u0457 \u0432\u043b\u0430\u0441\u043d\u043e\u0441\u0442\u0456. \u0422\u0435\u043e\u0440\u0456\u044f \u0456 \u043f\u0440\u0430\u043a\u0442\u0438\u043a\u0430 \u0456\u043d\u0442\u0435\u043b\u0435\u043a\u0442\u0443\u0430\u043b\u044c\u043d\u043e\u0457 \u0432\u043b\u0430\u0441\u043d\u043e\u0441\u0442\u0456. 2022. \u2116 6. \u0421. 29\u221238.<\/p>\n\n\n\n<p>\u041a\u043e\u0434\u0438\u043d\u0435\u0446\u044c \u0410. \u041e\u043d\u043e\u0432\u043b\u0435\u043d\u043d\u044f \u0437\u0430\u043a\u043e\u043d\u043e\u0434\u0430\u0432\u0441\u0442\u0432\u0430 \u0443 \u0441\u0444\u0435\u0440\u0456 \u0456\u043d\u0442\u0435\u043b\u0435\u043a\u0442\u0443\u0430\u043b\u044c\u043d\u043e\u0457 \u0432\u043b\u0430\u0441\u043d\u043e\u0441\u0442\u0456 \u0432 \u0443\u043c\u043e\u0432\u0430\u0445 \u0440\u0435\u043a\u043e\u0434\u0438\u0444\u0456\u043a\u0430\u0446\u0456\u0457: \u043d\u0430\u043f\u0440\u044f\u043c\u0438, \u043f\u0440\u043e\u0431\u043b\u0435\u043c\u0438, \u043f\u0435\u0440\u0441\u043f\u0435\u043a\u0442\u0438\u0432\u0438. \u0422\u0435\u043e\u0440\u0456\u044f \u0456 \u043f\u0440\u0430\u043a\u0442\u0438\u043a\u0430 \u0456\u043d\u0442\u0435\u043b\u0435\u043a\u0442\u0443\u0430\u043b\u044c\u043d\u043e\u0457 \u0432\u043b\u0430\u0441\u043d\u043e\u0441\u0442\u0456. 2021. \u2116 6. \u0421. 17\u221224.<\/p>\n\n\n\n<p>\u0420\u0435\u043a\u043e\u0434\u0438\u0444\u0456\u043a\u0430\u0446\u0456\u044f \u0446\u0438\u0432\u0456\u043b\u044c\u043d\u043e\u0433\u043e \u0437\u0430\u043a\u043e\u043d\u043e\u0434\u0430\u0432\u0441\u0442\u0432\u0430 \u0423\u043a\u0440\u0430\u0457\u043d\u0438: \u0432\u0438\u043a\u043b\u0438\u043a\u0438 \u0447\u0430\u0441\u0443: \u043c\u043e\u043d\u043e\u0433\u0440\u0430\u0444\u0456\u044f \/ \u0437\u0430 \u0437\u0430\u0433. \u0440\u0435\u0434. \u041d. \u0421. \u041a\u0443\u0437\u043d\u0454\u0446\u043e\u0432\u043e\u0457. 2-\u0433\u0435 \u0432\u0438\u0434., \u0434\u043e\u043f. \u0442\u0430 \u043f\u0435\u0440\u0435\u0440\u043e\u0431. \u041e\u0434\u0435\u0441\u0430: \u0413\u0435\u043b\u044c\u0432\u0435\u0442\u0438\u043a\u0430, 2022. C. 213\u2013232.<\/p>\n\n\n\n<p>\u0426\u0438\u0432\u0456\u043b\u044c\u043d\u0438\u0439 \u043a\u043e\u0434\u0435\u043a\u0441 \u0423\u043a\u0440\u0430\u0457\u043d\u0438 : \u0417\u0430\u043a\u043e\u043d \u0423\u043a\u0440\u0430\u0457\u043d\u0438 \u0432\u0456\u0434 16 \u0441\u0456\u0447\u043d\u044f 2003 \u0440. \u2116 435 IV.<br><a href=\"https:\/\/zakon.rada.gov.ua\/laws\/show\/435-15#Text\">https:\/\/zakon.rada.gov.ua\/laws\/show\/435-15#Text<\/a><\/p>\n\n\n\n<p>\u0420\u0456\u0448\u0435\u043d\u043d\u044f \u0413\u043e\u0441\u043f\u043e\u0434\u0430\u0440\u0441\u044c\u043a\u043e\u0433\u043e \u0441\u0443\u0434\u0443 \u043c. \u041a\u0438\u0454\u0432\u0430 \u0432\u0456\u0434 21 \u043a\u0432\u0456\u0442\u043d\u044f 2020 \u0440. \u0443 \u0441\u043f\u0440\u0430\u0432\u0456 \u2116 910\/11127\/19.<br><a href=\"https:\/\/reyestr.court.gov.ua\/Review\/88928249\">https:\/\/reyestr.court.gov.ua\/Review\/88928249<\/a><\/p>\n\n\n\n<p>Code de la propri\u00e9t\u00e9 intellectuelle: Version au 01 juin 2023. En vigueur depuis le 03 juillet 1992.<br><a href=\"https:\/\/www.legifrance.gouv.fr\/codes\/texte_lc\/&nbsp;LEGITEXT000006069414\/\">https:\/\/www.legifrance.gouv.fr\/codes\/texte_lc\/ LEGITEXT000006069414\/<\/a><\/p>\n\n\n\n<p>C\u00f3digo da Propriedade Industrial: (aprovado pelo Decreto-Lei n.\u00ba 110\/2018 de 10 de dezembro). Edi\u00e7\u00e3o: Instituto Nacional da Propriedade Industrial, Junho 2019.<br><a href=\"https:\/\/inpi.justica.gov.pt\/Portals\/6\/PDF%20INPI\/Legisla%C3%A7%C3%A3o%20e%20outros%20documentos\/CPI%20-%202018.pdf?ver=2019-06-28-153157-733\">https:\/\/inpi.justica.gov.pt\/Portals\/6\/PDF%20INPI\/Legisla%C3%A7%C3%A3o%20e%20outros%20documentos\/CPI%20-%202018.pdf?ver=2019-06-28-153157-733<\/a><\/p>\n\n\n\n<p>C\u00f3digo do Direito de Autor e dos Direitos Conexos (Aprovado pelo Decreto-Lei n.\u00ba 63\/85, de 14 de mar\u00e7o). Publica\u00e7\u00e3o: Di\u00e1rio da Rep\u00fablica n.\u00ba 61\/1985, S\u00e9rie I de 1985- 03 14, p. 662\u2212689.<br><a href=\"https:\/\/www.igac.gov.pt\/documents\/20178\/358254\/&nbsp;codigododireitodeautor.pdf\/82f5546d-ecf1-422d-822c-0eb5b744794e\">https:\/\/www.igac.gov.pt\/documents\/20178\/358254\/codigododireitodeautor.pdf\/82f5546d-ecf1-422d-822c-0eb5b744794e<\/a><\/p>\n\n\n\n<p>Prawo w\u0142asno\u015bci przemys\u0142owej: Ustawa z dnia 30 czerwca 2000 r. Dz. U. 2001 Nr 49 poz. 508.<br><a href=\"https:\/\/isap.sejm.gov.pl\/isap.nsf\/download.xsp\/&nbsp;WDU20010490508\/U\/D20010508Lj.pdf\">https:\/\/isap.sejm.gov.pl\/isap.nsf\/download.xsp\/WDU20010490508\/U\/D20010508Lj.pdf<\/a><\/p>\n\n\n\n<p>O prawie autorskim i prawach pokrewnych: Ustawa z dnia 4 lutego 1994 r. Dz. U. 1994 Nr 24 poz. 83.<br><a href=\"https:\/\/isap.sejm.gov.pl\/isap.nsf\/download.xsp\/&nbsp;WDU19940240083\/U\/D19940083Lj.pdf\">https:\/\/isap.sejm.gov.pl\/isap.nsf\/download.xsp\/WDU19940240083\/U\/D19940083Lj.pdf<\/a><\/p>\n\n\n\n<p>\u041f\u0440\u043e \u0430\u0432\u0442\u043e\u0440\u0441\u044c\u043a\u0435 \u043f\u0440\u0430\u0432\u043e \u0456 \u0441\u0443\u043c\u0456\u0436\u043d\u0456 \u043f\u0440\u0430\u0432\u0430 : \u0417\u0430\u043a\u043e\u043d \u0423\u043a\u0440\u0430\u0457\u043d\u0438 \u0432\u0456\u0434 1 \u0433\u0440\u0443\u0434\u043d\u044f 2022 \u0440. \u2116 2811-\u0406\u0425.<br><a href=\"https:\/\/zakon.rada.gov.ua\/laws\/show\/2811-20#Text\">https:\/\/zakon.rada.gov.ua\/laws\/show\/2811-20#Text<\/a><\/p>\n\n\n\n<p>\u0413\u043e\u0441\u043f\u043e\u0434\u0430\u0440\u0441\u044c\u043a\u0438\u0439 \u043a\u043e\u0434\u0435\u043a\u0441 \u0423\u043a\u0440\u0430\u0457\u043d\u0438 : \u0417\u0430\u043a\u043e\u043d \u0423\u043a\u0440\u0430\u0457\u043d\u0438 \u0432\u0456\u0434 16 \u0441\u0456\u0447\u043d\u044f 2003 \u0440. \u2116 436 IV.&nbsp;<br><a href=\"https:\/\/zakon.rada.gov.ua\/laws\/show\/436-15#Text\">https:\/\/zakon.rada.gov.ua\/laws\/show\/436-15#Text<\/a><\/p>\n\n\n\n<p>\u041f\u0430\u0440\u0438\u0437\u044c\u043a\u0430 \u043a\u043e\u043d\u0432\u0435\u043d\u0446\u0456\u044f \u043f\u0440\u043e \u043e\u0445\u043e\u0440\u043e\u043d\u0443 \u043f\u0440\u043e\u043c\u0438\u0441\u043b\u043e\u0432\u043e\u0457 \u0432\u043b\u0430\u0441\u043d\u043e\u0441\u0442\u0456 \u0432\u0456\u0434 20 \u0431\u0435\u0440\u0435\u0437\u043d\u044f 1883 \u0440.<br><a href=\"https:\/\/zakon.rada.gov.ua\/laws\/show\/995_123#Text\">https:\/\/zakon.rada.gov.ua\/laws\/show\/995_123#Text<\/a><\/p>\n\n\n\n<p>\u0413\u0435\u0442\u044c\u043c\u0430\u043d \u0404. \u0410. \u041a\u043e\u0434\u0438\u0444\u0456\u043a\u0430\u0446\u0456\u044f \u0437\u0430\u043a\u043e\u043d\u043e\u0434\u0430\u0432\u0441\u0442\u0432\u0430 \u0423\u043a\u0440\u0430\u0457\u043d\u0438: \u0437\u0430\u0433\u0430\u043b\u044c\u043d\u0430 \u0445\u0430\u0440\u0430\u043a\u0442\u0435\u0440\u0438\u0441\u0442\u0438\u043a\u0430, \u043e\u0441\u043e\u0431\u043b\u0438\u0432\u043e\u0441\u0442\u0456, \u0432\u0438\u0434\u0438: \u043c\u043e\u043d\u043e\u0433\u0440\u0430\u0444\u0456\u044f. \u0425\u0430\u0440\u043a\u0456\u0432: \u041f\u0440\u0430\u0432\u043e, 2012. 192 \u0441.<\/p>\n\n\n\n<p>\u0420\u0456\u0448\u0435\u043d\u043d\u044f \u0410\u043f\u0435\u043b\u044f\u0446\u0456\u0439\u043d\u043e\u0457 \u043f\u0430\u043b\u0430\u0442\u0438 \u0414\u0435\u0440\u0436\u0430\u0432\u043d\u043e\u0457 \u0441\u043b\u0443\u0436\u0431\u0438 \u0456\u043d\u0442\u0435\u043b\u0435\u043a\u0442\u0443\u0430\u043b\u044c\u043d\u043e\u0457 \u0432\u043b\u0430\u0441\u043d\u043e\u0441\u0442\u0456 \u0423\u043a\u0440\u0430\u0457\u043d\u0438 \u0432\u0456\u0434 10 \u0433\u0440\u0443\u0434\u043d\u044f 2014 \u0440\u043e\u043a\u0443.<br><a href=\"https:\/\/ukrpatent.org\/atachs\/s60-res.pdf\">https:\/\/ukrpatent.org\/atachs\/s60-res.pdf<\/a><\/p>\n\n\n\n<p>\u0420\u0456\u0448\u0435\u043d\u043d\u044f \u0410\u043f\u0435\u043b\u044f\u0446\u0456\u0439\u043d\u043e\u0457 \u043f\u0430\u043b\u0430\u0442\u0438 \u041c\u0456\u043d\u0456\u0441\u0442\u0435\u0440\u0441\u0442\u0432\u0430 \u0435\u043a\u043e\u043d\u043e\u043c\u0456\u0447\u043d\u043e\u0433\u043e \u0440\u043e\u0437\u0432\u0438\u0442\u043a\u0443 \u0456 \u0442\u043e\u0440\u0433\u0456\u0432\u043b\u0456 \u0423\u043a\u0440\u0430\u0457\u043d\u0438 \u0432\u0456\u0434 21 \u0442\u0440\u0430\u0432\u043d\u044f 2019 \u0440\u043e\u043a\u0443.<br><a href=\"https:\/\/ukrpatent.org\/atachs\/svitlo-res-2019.pdf\">https:\/\/ukrpatent.org\/atachs\/svitlo-res-2019.pdf<\/a><\/p>\n\n\n\n<p>\u041f\u0440\u043e \u0434\u0435\u0440\u0436\u0430\u0432\u043d\u0435 \u0440\u0435\u0433\u0443\u043b\u044e\u0432\u0430\u043d\u043d\u044f \u0434\u0456\u044f\u043b\u044c\u043d\u043e\u0441\u0442\u0456 \u0443 \u0441\u0444\u0435\u0440\u0456 \u0442\u0440\u0430\u043d\u0441\u0444\u0435\u0440\u0443 \u0442\u0435\u0445\u043d\u043e\u043b\u043e\u0433\u0456\u0439: \u0417\u0430\u043a\u043e\u043d \u0423\u043a\u0440\u0430\u0457\u043d\u0438 \u0432\u0456\u0434 14 \u0432\u0435\u0440\u0435\u0441\u043d\u044f 2006 \u0440. \u2116 143-V.<br><a href=\"https:\/\/zakon.rada.gov.ua\/laws\/&nbsp;show\/143-16#Text\">https:\/\/zakon.rada.gov.ua\/laws\/show\/143-16#Text<\/a><br><\/p>\n<\/div>\n<\/div>\n","protected":false},"excerpt":{"rendered":"<p>Theory and practice of intellectual property\u2116 4-5 \/ 2023 ISSN (Print) 2308-0361ISSN (Online) 2519-2744 DOI: https:\/\/doi.org\/10.33731\/4-52023.289636 Submitted&nbsp; &nbsp;&nbsp; 2023-08-21Accepted &nbsp;&nbsp; &nbsp; 2023-09-17Published &nbsp;&nbsp;&nbsp;&nbsp;&nbsp;2023-10-25 Systematization of Ukrainian legislation in the sphere of intellectual property Viktoriia DmytrenkoPh.D. (Law), Senior Researcher of the Industrial Property and Commercialization of Intellectual Property Objects Department of the Intellectual Property Scientific Research [&hellip;]<\/p>\n","protected":false},"author":1,"featured_media":0,"parent":0,"menu_order":0,"comment_status":"closed","ping_status":"closed","template":"","meta":{"footnotes":""},"class_list":["post-8517","page","type-page","status-publish","hentry"],"_links":{"self":[{"href":"https:\/\/inprojournal.org\/en\/wp-json\/wp\/v2\/pages\/8517","targetHints":{"allow":["GET"]}}],"collection":[{"href":"https:\/\/inprojournal.org\/en\/wp-json\/wp\/v2\/pages"}],"about":[{"href":"https:\/\/inprojournal.org\/en\/wp-json\/wp\/v2\/types\/page"}],"author":[{"embeddable":true,"href":"https:\/\/inprojournal.org\/en\/wp-json\/wp\/v2\/users\/1"}],"replies":[{"embeddable":true,"href":"https:\/\/inprojournal.org\/en\/wp-json\/wp\/v2\/comments?post=8517"}],"version-history":[{"count":5,"href":"https:\/\/inprojournal.org\/en\/wp-json\/wp\/v2\/pages\/8517\/revisions"}],"predecessor-version":[{"id":8611,"href":"https:\/\/inprojournal.org\/en\/wp-json\/wp\/v2\/pages\/8517\/revisions\/8611"}],"wp:attachment":[{"href":"https:\/\/inprojournal.org\/en\/wp-json\/wp\/v2\/media?parent=8517"}],"curies":[{"name":"wp","href":"https:\/\/api.w.org\/{rel}","templated":true}]}}