{"id":8337,"date":"2026-01-02T15:50:36","date_gmt":"2026-01-02T13:50:36","guid":{"rendered":"https:\/\/inprojournal.org\/?page_id=8337"},"modified":"2026-02-04T10:28:01","modified_gmt":"2026-02-04T08:28:01","slug":"2023-6-8","status":"publish","type":"page","link":"https:\/\/inprojournal.org\/en\/2023-6-8\/","title":{"rendered":"2023-6-8"},"content":{"rendered":"\n<p><\/p>\n\n\n\n<div class=\"wp-block-columns is-layout-flex wp-container-core-columns-is-layout-9d6595d7 wp-block-columns-is-layout-flex\">\n<div class=\"wp-block-column is-layout-flow wp-block-column-is-layout-flow\" style=\"flex-basis:33.33%\">\n<figure class=\"wp-block-image size-large is-resized\"><img loading=\"lazy\" decoding=\"async\" width=\"734\" height=\"1024\" src=\"https:\/\/inprojournal.org\/wp-content\/uploads\/2023\/03\/018-cover-734x1024.jpg\" alt=\"\" class=\"wp-image-3609\" style=\"width:217px;height:302px\" srcset=\"https:\/\/inprojournal.org\/wp-content\/uploads\/2023\/03\/018-cover-734x1024.jpg 734w, https:\/\/inprojournal.org\/wp-content\/uploads\/2023\/03\/018-cover-215x300.jpg 215w, https:\/\/inprojournal.org\/wp-content\/uploads\/2023\/03\/018-cover-768x1071.jpg 768w, https:\/\/inprojournal.org\/wp-content\/uploads\/2023\/03\/018-cover-1101x1536.jpg 1101w, https:\/\/inprojournal.org\/wp-content\/uploads\/2023\/03\/018-cover-1468x2048.jpg 1468w, https:\/\/inprojournal.org\/wp-content\/uploads\/2023\/03\/018-cover-scaled.jpg 1835w\" sizes=\"auto, (max-width: 734px) 100vw, 734px\" \/><\/figure>\n\n\n\n<div style=\"height:26px\" aria-hidden=\"true\" class=\"wp-block-spacer\"><\/div>\n\n\n\n<p class=\"has-small-font-size\">Theory and practice of intellectual property<br>\u2116 6 \/ 2023<\/p>\n\n\n\n<p class=\"has-small-font-size\">ISSN (Print) 2308-0361<br>ISSN (Online) 2519-2744<\/p>\n\n\n\n<div class=\"wp-block-buttons has-custom-font-size is-content-justification-left is-layout-flex wp-container-core-buttons-is-layout-fdcfc74e wp-block-buttons-is-layout-flex\" style=\"font-size:10px\">\n<div class=\"wp-block-button is-style-outline is-style-outline--1\"><a class=\"wp-block-button__link has-black-color has-text-color has-custom-font-size wp-element-button\" href=\"https:\/\/drive.google.com\/file\/d\/1zGyZRDLnKLXZFjBfMp3Fs9QFLT4fi_q8\/view\" style=\"border-radius:10px;font-size:10px\" target=\"_blank\" rel=\"noreferrer noopener\"><img loading=\"lazy\" decoding=\"async\" width=\"14\" height=\"14\" class=\"wp-image-362\" style=\"width: 14px;\" src=\"https:\/\/test.inprojournal.org\/wp-content\/uploads\/2023\/01\/free-icon-pdf-201153.png\" alt=\"\" srcset=\"https:\/\/inprojournal.org\/wp-content\/uploads\/2023\/01\/free-icon-pdf-201153.png 512w, https:\/\/inprojournal.org\/wp-content\/uploads\/2023\/01\/free-icon-pdf-201153-300x300.png 300w, https:\/\/inprojournal.org\/wp-content\/uploads\/2023\/01\/free-icon-pdf-201153-150x150.png 150w, https:\/\/inprojournal.org\/wp-content\/uploads\/2023\/01\/free-icon-pdf-201153-450x450.png 450w, https:\/\/inprojournal.org\/wp-content\/uploads\/2023\/01\/free-icon-pdf-201153-106x106.png 106w, https:\/\/inprojournal.org\/wp-content\/uploads\/2023\/01\/free-icon-pdf-201153-80x80.png 80w\" sizes=\"auto, (max-width: 14px) 100vw, 14px\" \/> PDF (Ukrainian)<\/a><\/div>\n<\/div>\n\n\n\n<div style=\"height:26px\" aria-hidden=\"true\" class=\"wp-block-spacer\"><\/div>\n\n\n\n<p class=\"has-small-font-size\">DOI: <a href=\"https:\/\/doi.org\/10.33731\/62023.293290\">https:\/\/doi.org\/10.33731\/62023.293290<\/a><\/p>\n\n\n\n<p class=\"has-small-font-size\">Submitted&nbsp; &nbsp;&nbsp; 2023-11-09<br>Accepted &nbsp;&nbsp; &nbsp; 2023-11-24<br>Published &nbsp;&nbsp;&nbsp;&nbsp;&nbsp;2023-12-17<\/p>\n\n\n\n<div style=\"height:8px\" aria-hidden=\"true\" class=\"wp-block-spacer\"><\/div>\n\n\n\n<figure class=\"wp-block-image size-full is-resized\"><img decoding=\"async\" src=\"https:\/\/inprojournal.org\/wp-content\/uploads\/2025\/11\/CC-2.png\" alt=\"\" class=\"wp-image-6960\" style=\"width:131px;height:auto\"\/><\/figure>\n\n\n\n<p class=\"has-small-font-size\"><\/p>\n\n\n\n<div style=\"height:26px\" aria-hidden=\"true\" class=\"wp-block-spacer\"><\/div>\n\n\n\n<p class=\"has-small-font-size\"><\/p>\n<\/div>\n\n\n\n<div class=\"wp-block-column is-layout-flow wp-block-column-is-layout-flow\" style=\"flex-basis:66.66%\">\n<p class=\"has-medium-font-size\"><strong>Protection of intellectual property rights to the logo as a trademark in Ukraine and the EU member states<\/strong><\/p>\n\n\n\n<div style=\"height:40px\" aria-hidden=\"true\" class=\"wp-block-spacer\"><\/div>\n\n\n\n<p><strong>Pavlo Ivanov<\/strong><br>PhD student at the Leonid Yuzkov Khmelnytskyi University of Management and Law<br>Ukraine<br><a href=\"https:\/\/orcid.org\/0009-0006-3637-9579\">https:\/\/orcid.org\/0009-0006-3637-9579<\/a><\/p>\n\n\n\n<p><\/p>\n\n\n\n<div style=\"height:40px\" aria-hidden=\"true\" class=\"wp-block-spacer\"><\/div>\n\n\n\n<p><strong>Abstract<br><\/strong>The article is devoted to establishing the specifics of the protection of rights to a logo as a trademark, studying the specifics of legal regulation and current judicial practice of Ukraine and the EU and its member states in this aspect. The possibility and necessity of extending all measures of legal protection and methods of protection of intellectual property rights to the logo as a trademark in the legal systems of Ukraine and the EU is asserted. In this regard, it is summarized that the protection of rights to the logo is based on the use of classic methods for civil law and special methods for intellectual property law, considering the legal nature of the logo as a trademark and the mechanisms of its protection as such. The study of Ukrainian legislation and legal sources of the EU member states in<br>the field of trademark rights protection and the respective case law allows us to single out such key jurisdictional methods of protecting rights to a logo as a sign that identifies business entities, as the termination of a violation declared and confirmed in court by the right holder with possible removal or destruction of counterfeit goods with the relevant logo used by the violator, removal of the illegally used logo as a trademark or sufficiently similar sign on such goods, stopping the passage of the specified goods at the border, imposing by the court a preventive seizure on the movable and immovable property of the offender, including balances in his bank accounts (this provision is contained, in particular, in the Portuguese Industrial Property Code), as well as payment of the compensation (reimbursement) by the infringer to the owner of the rights to the registered logo as a trademark, with the definition in the relevant regulatory acts of the EU member states (on the analysed cases of France, Germany, Denmark) of calculation criteria and constituent elements of such compensation, e.g., given the consideration may to the profit which the infringer has obtained by infringing the right or calculating the claim for compensation based on the amount which the infringer would have been required to pay as equitable remuneration if he had obtained permission to use the trademark.<\/p>\n\n\n\n<p><strong>Keywords: <\/strong>logo, trademark, intellectual property rights, protection of rights, EU law<\/p>\n\n\n\n<div style=\"height:40px\" aria-hidden=\"true\" class=\"wp-block-spacer\"><\/div>\n\n\n\n<p><strong>References<\/strong><\/p>\n\n\n\n<p>\u0426\u0438\u0432\u0456\u043b\u044c\u043d\u0438\u0439 \u043a\u043e\u0434\u0435\u043a\u0441 \u0423\u043a\u0440\u0430\u0457\u043d\u0438 \u0432\u0456\u0434 16 \u0441\u0456\u0447\u043d\u044f 2003 \u0440\u043e\u043a\u0443 \u2116 435-IV. \u0412\u0456\u0434\u043e\u043c\u043e\u0441\u0442\u0456 \u0412\u0435\u0440\u0445\u043e\u0432\u043d\u043e\u0457 \u0420\u0430\u0434\u0438 \u0423\u043a\u0440\u0430\u0457\u043d\u0438. 2003. \u2116 40\u221244. \u0421\u0442. 356.<\/p>\n\n\n\n<p>\u041f\u0440\u043e \u043e\u0445\u043e\u0440\u043e\u043d\u0443 \u043f\u0440\u0430\u0432 \u043d\u0430 \u0437\u043d\u0430\u043a\u0438 \u0434\u043b\u044f \u0442\u043e\u0432\u0430\u0440\u0456\u0432 \u0456 \u043f\u043e\u0441\u043b\u0443\u0433 : \u0417\u0430\u043a\u043e\u043d \u0423\u043a\u0440\u0430\u0457\u043d\u0438 \u0432\u0456\u0434 15 \u0433\u0440\u0443\u0434\u043d\u044f 1993 \u0440\u043e\u043a\u0443 \u2116 3689-XII. \u0412\u0456\u0434\u043e\u043c\u043e\u0441\u0442\u0456 \u0412\u0435\u0440\u0445\u043e\u0432\u043d\u043e\u0457 \u0420\u0430\u0434\u0438 \u0423\u043a\u0440\u0430\u0457\u043d\u0438. 1994. \u2116 7. \u0421\u0442. 36.<\/p>\n\n\n\n<p>\u041a\u0440\u0430\u0442 \u0412. \u0422\u043e\u0440\u0433\u043e\u0432\u0435\u043b\u044c\u043d\u0430 \u043c\u0430\u0440\u043a\u0430 \u044f\u043a \u043e\u0431\u2019\u0454\u043a\u0442 \u043f\u0440\u0430\u0432\u0430 \u0456\u043d\u0442\u0435\u043b\u0435\u043a\u0442\u0443\u0430\u043b\u044c\u043d\u043e\u0457 \u0432\u043b\u0430\u0441\u043d\u043e\u0441\u0442\u0456. \u041f\u0440\u0430\u0432\u043e \u0456\u043d\u0442\u0435\u043b\u0435\u043a\u0442\u0443\u0430\u043b\u044c\u043d\u043e\u0457 \u0432\u043b\u0430\u0441\u043d\u043e\u0441\u0442\u0456. 2017. \u2116 5 (95). \u0421. 142\u2013154.<\/p>\n\n\n\n<p>\u0420\u043e\u043c\u0430\u0448\u043a\u043e \u0410. \u0421., \u041a\u0440\u0430\u0432\u0435\u0446\u044c \u041e. \u041c. \u0422\u043e\u0440\u0433\u043e\u0432\u0435\u043b\u044c\u043d\u0430 \u043c\u0430\u0440\u043a\u0430: \u0441\u0430\u043c\u043e\u0441\u0442\u0456\u0439\u043d\u0438\u0439 \u043f\u043e\u0448\u0443\u043a, \u043f\u0456\u0434\u0433\u043e\u0442\u043e\u0432\u043a\u0430 \u0434\u043e \u0440\u0435\u0454\u0441\u0442\u0440\u0430\u0446\u0456\u0457, \u043c\u043e\u043d\u0456\u0442\u043e\u0440\u0438\u043d\u0433: \u041d\u0430\u0432\u0447. \u043f\u043e\u0441\u0456\u0431. \u041a\u0438\u0457\u0432: \u041d\u0422\u0423\u0423 \u00ab\u041a\u041f\u0406\u00bb, 2016. 170 \u0441.<\/p>\n\n\n\n<p>\u0413\u043e\u0440\u0434\u0435\u0439\u0447\u0443\u043a \u0412. \u041f\u0440\u043e\u0431\u043b\u0435\u043c\u0430\u0442\u0438\u043a\u0430 \u0432\u0438\u0437\u043d\u0430\u0447\u0435\u043d\u043d\u044f \u0442\u043e\u0440\u0433\u043e\u0432\u0435\u043b\u044c\u043d\u043e\u0457 \u043c\u0430\u0440\u043a\u0438 \u044f\u043a \u043e\u0445\u043e\u0440\u043e\u043d\u044e\u0432\u0430\u043d\u043e\u0433\u043e \u043e\u0431&#8217;\u0454\u043a\u0442\u0430 \u043f\u0440\u0430\u0432\u043e\u0432\u0456\u0434\u043d\u043e\u0441\u0438\u043d \u0456\u043d\u0442\u0435\u043b\u0435\u043a\u0442\u0443\u0430\u043b\u044c\u043d\u043e\u0457 \u0432\u043b\u0430\u0441\u043d\u043e\u0441\u0442\u0456. Jurnalul Juridic na\u0163ional: Teorie \u015fi Practic\u0103. 2018. \u0422\u043e\u043c 1. \u2116 2. \u0421. 87\u201391.<\/p>\n\n\n\n<p>\u0411\u0430\u0431\u0435\u043d\u043a\u043e \u0412. \u0410. \u0422\u043e\u0440\u0433\u043e\u0432\u0435\u043b\u044c\u043d\u0430 \u043c\u0430\u0440\u043a\u0430: \u0435\u0432\u043e\u043b\u044e\u0446\u0456\u044f, \u0456\u0441\u0442\u043e\u0440\u0456\u044f, \u0441\u0443\u0447\u0430\u0441\u043d\u0456\u0441\u0442\u044c. \u0406\u0441\u0442\u043e\u0440\u0456\u044f \u0442\u043e\u0440\u0433\u0456\u0432\u043b\u0456, \u043f\u043e\u0434\u0430\u0442\u043a\u0456\u0432 \u0442\u0430 \u043c\u0438\u0442\u0430. 2014. \u2116 1. \u0421. 91\u201397.<\/p>\n\n\n\n<p>\u041f\u0440\u043e \u0442\u0435\u043b\u0435\u0431\u0430\u0447\u0435\u043d\u043d\u044f \u0456 \u0440\u0430\u0434\u0456\u043e\u043c\u043e\u0432\u043b\u0435\u043d\u043d\u044f : \u0417\u0430\u043a\u043e\u043d \u0423\u043a\u0440\u0430\u0457\u043d\u0438 \u0432\u0456\u0434 21 \u0433\u0440\u0443\u0434\u043d\u044f 1993 \u0440\u043e\u043a\u0443 \u2116 3759-XII. \u0412\u0456\u0434\u043e\u043c\u043e\u0441\u0442\u0456 \u0412\u0435\u0440\u0445\u043e\u0432\u043d\u043e\u0457 \u0420\u0430\u0434\u0438 \u0423\u043a\u0440\u0430\u0457\u043d\u0438. 1994. \u2116 10. \u0421\u0442. 43.<\/p>\n\n\n\n<p>\u041f\u0440\u043e \u043c\u0435\u0434\u0456\u0430 : \u0417\u0430\u043a\u043e\u043d \u0423\u043a\u0440\u0430\u0457\u043d\u0438 \u0432\u0456\u0434 13 \u0433\u0440\u0443\u0434\u043d\u044f 2022 \u0440\u043e\u043a\u0443 \u2116 2849-IX. \u041e\u0444\u0456\u0446\u0456\u0439\u043d\u0438\u0439 \u0432\u0456\u0441\u043d\u0438\u043a \u0423\u043a\u0440\u0430\u0457\u043d\u0438. 2023. \u2116 3. \u0421\u0442. 205.<\/p>\n\n\n\n<p>\u0423\u0433\u043e\u0434\u0430 \u043f\u0440\u043e \u0430\u0441\u043e\u0446\u0456\u0430\u0446\u0456\u044e \u043c\u0456\u0436 \u0423\u043a\u0440\u0430\u0457\u043d\u043e\u044e, \u0437 \u043e\u0434\u043d\u0456\u0454\u0457 \u0441\u0442\u043e\u0440\u043e\u043d\u0438, \u0442\u0430 \u0404\u0432\u0440\u043e\u043f\u0435\u0439\u0441\u044c\u043a\u0438\u043c \u0421\u043e\u044e\u0437\u043e\u043c, \u0404\u0432\u0440\u043e\u043f\u0435\u0439\u0441\u044c\u043a\u0438\u043c \u0441\u043f\u0456\u0432\u0442\u043e\u0432\u0430\u0440\u0438\u0441\u0442\u0432\u043e\u043c \u0437 \u0430\u0442\u043e\u043c\u043d\u043e\u0457 \u0435\u043d\u0435\u0440\u0433\u0456\u0457 \u0456 \u0457\u0445\u043d\u0456\u043c\u0438 \u0434\u0435\u0440\u0436\u0430\u0432\u0430\u043c\u0438-\u0447\u043b\u0435\u043d\u0430\u043c\u0438, \u0437 \u0456\u043d\u0448\u043e\u0457 \u0441\u0442\u043e\u0440\u043e\u043d\u0438 \u0432\u0456\u0434 27 \u0447\u0435\u0440\u0432\u043d\u044f 2014 \u0440\u043e\u043a\u0443. \u041e\u0444\u0456\u0446\u0456\u0439\u043d\u0438\u0439 \u0432\u0456\u0441\u043d\u0438\u043a \u0423\u043a\u0440\u0430\u0457\u043d\u0438. 2014. \u2116 75. \u0421\u0442. 2125.<\/p>\n\n\n\n<p>Directive (EU) 2015\/2436 of the European Parliament and of the Council of 16 December 2015 to approximate the laws of the Member States relating to trade marks (recast). OJ L 336\/1, 23.12.2015. P. 1\u201326.<\/p>\n\n\n\n<p>Regulation (EU) 2017\/1001 of the European Parliament and of the Council of 14 June 2017 on the European Union trade mark (codification). OJ L 154, 16.6.2017. P. 1\u201399.<\/p>\n\n\n\n<p>Act on the Protection of Trade Marks and other Signs of 25 October 1994.<br><a href=\"https:\/\/www.gesetze-im-internet.de\/englisch_markeng\/englisch_markeng.html\">https:\/\/www.gesetze-im-internet.de\/englisch_markeng\/englisch_markeng.html<\/a><\/p>\n\n\n\n<p>Code de la propri\u00e9t\u00e9 intellectuelle.<br><a href=\"https:\/\/www.legifrance.gouv.fr\/&nbsp;codes\/id\/LEGITEXT000006069414\">https:\/\/www.legifrance.gouv.fr\/codes\/id\/LEGITEXT000006069414<\/a><\/p>\n\n\n\n<p>Bekendtg\u00f8relse af varem\u00e6rkeloven: LBK nr 88 af 29\/01\/2019. Retsinformation.<br><a href=\"https:\/\/www.retsinformation.dk\/eli\/lta\/2019\/88\">https:\/\/www.retsinformation.dk\/eli\/lta\/2019\/88<\/a><\/p>\n\n\n\n<p>C\u00f3digo da Propriedade Industrial \u2014 CPI: Decreto-Lei n.\u00ba110\/2018, de 10 de dezembro. Di\u00e1rio da Rep\u00fablica. N. 237\/2018, S\u00e9rie I de 2018-12-10. P. 5596\u20135663.&nbsp;<br><a href=\"https:\/\/diariodarepublica.pt\/dr\/detalhe\/decreto-lei\/110-2018-117279933\">https:\/\/diariodarepublica.pt\/dr\/detalhe\/decreto-lei\/110-2018-117279933<\/a><\/p>\n\n\n\n<p>\u0420\u0456\u0448\u0435\u043d\u043d\u044f \u0421\u043e\u043b\u043e\u043c\u2019\u044f\u043d\u0441\u044c\u043a\u043e\u0433\u043e \u0440\u0430\u0439\u043e\u043d\u043d\u043e\u0433\u043e \u0441\u0443\u0434\u0443 \u0432\u0456\u0434 17 \u0441\u0435\u0440\u043f\u043d\u044f 2010 \u0440\u043e\u043a\u0443. \u0421\u043f\u0440\u0430\u0432\u0430 \u2116 2-1130\/10.<br><a href=\"https:\/\/reyestr.court.gov.ua\/Review\/53790517\">https:\/\/reyestr.court.gov.ua\/Review\/53790517<\/a><\/p>\n\n\n\n<p>\u0420\u0456\u0448\u0435\u043d\u043d\u044f \u0414\u043d\u0456\u043f\u0440\u043e\u0432\u0441\u044c\u043a\u043e\u0433\u043e \u0440\u0430\u0439\u043e\u043d\u043d\u043e\u0433\u043e \u0441\u0443\u0434\u0443 \u0432\u0456\u0434 4 \u0433\u0440\u0443\u0434\u043d\u044f 2019 \u0440\u043e\u043a\u0443. \u0421\u043f\u0440\u0430\u0432\u0430 \u2116 757\/73764\/17.<br><a href=\"https:\/\/reyestr.court.gov.ua\/Review\/86464801\">https:\/\/reyestr.court.gov.ua\/Review\/86464801<\/a><\/p>\n\n\n\n<p>\u041f\u043e\u0441\u0442\u0430\u043d\u043e\u0432\u0430 \u0412\u0435\u0440\u0445\u043e\u0432\u043d\u043e\u0433\u043e \u0421\u0443\u0434\u0443 \u0443 \u0441\u043a\u043b\u0430\u0434\u0456 \u043a\u043e\u043b\u0435\u0433\u0456\u0457 \u0441\u0443\u0434\u0434\u0456\u0432 \u041a\u0430\u0441\u0430\u0446\u0456\u0439\u043d\u043e\u0433\u043e \u0433\u043e\u0441\u043f\u043e\u0434\u0430\u0440\u0441\u044c\u043a\u043e\u0433\u043e \u0441\u0443\u0434\u0443 \u0432\u0456\u0434 8 \u043b\u0438\u043f\u043d\u044f 2019 \u0440\u043e\u043a\u0443. \u0421\u043f\u0440\u0430\u0432\u0430 \u2116 922\/2507\/18.<br><a href=\"https:\/\/reyestr.court.gov.ua\/Review\/82938045\">https:\/\/reyestr.court.gov.ua\/Review\/82938045<\/a><\/p>\n\n\n\n<p>Judgment of the CJEU (First Chamber) of 25 January 2007, C-48\/05, Adam Opel AG v Autec AG, ECLI:EU:C:2007:55.<\/p>\n\n\n\n<p>Judgment of the CJEU (Grand Chamber) of 16 November 2004, C-245\/02, Anheuser-Busch Inc. v Bud jovick\u00fd Budvar, n\u00e1rodn\u00ed podnik.<br><a href=\"https:\/\/eur-lex.europa.eu\/legal-content\/EN\/TXT\/PDF\/?uri=ecli:ECLI%3AEU%3AC%3A2004%&nbsp;3A717\">https:\/\/eur-lex.europa.eu\/legal-content\/EN\/TXT\/PDF\/?uri=ecli:ECLI%3AEU%3AC%3A2004%3A717<\/a><\/p>\n\n\n\n<p>Bey C., Lap\u00f4tre C. Trade Mark Laws and Regulations France 2022-2023.<br><a href=\"https:\/\/iclg.com\/practice-areas\/trade-marks-laws-and-regulations\/france\">https:\/\/iclg.com\/practice-areas\/trade-marks-laws-and-regulations\/france<\/a><\/p>\n<\/div>\n<\/div>\n","protected":false},"excerpt":{"rendered":"<p>Theory and practice of intellectual property\u2116 6 \/ 2023 ISSN (Print) 2308-0361ISSN (Online) 2519-2744 DOI: https:\/\/doi.org\/10.33731\/62023.293290 Submitted&nbsp; &nbsp;&nbsp; 2023-11-09Accepted &nbsp;&nbsp; &nbsp; 2023-11-24Published &nbsp;&nbsp;&nbsp;&nbsp;&nbsp;2023-12-17 Protection of intellectual property rights to the logo as a trademark in Ukraine and the EU member states Pavlo IvanovPhD student at the Leonid Yuzkov Khmelnytskyi University of Management and LawUkrainehttps:\/\/orcid.org\/0009-0006-3637-9579 AbstractThe [&hellip;]<\/p>\n","protected":false},"author":1,"featured_media":0,"parent":0,"menu_order":0,"comment_status":"closed","ping_status":"closed","template":"","meta":{"footnotes":""},"class_list":["post-8337","page","type-page","status-publish","hentry"],"_links":{"self":[{"href":"https:\/\/inprojournal.org\/en\/wp-json\/wp\/v2\/pages\/8337","targetHints":{"allow":["GET"]}}],"collection":[{"href":"https:\/\/inprojournal.org\/en\/wp-json\/wp\/v2\/pages"}],"about":[{"href":"https:\/\/inprojournal.org\/en\/wp-json\/wp\/v2\/types\/page"}],"author":[{"embeddable":true,"href":"https:\/\/inprojournal.org\/en\/wp-json\/wp\/v2\/users\/1"}],"replies":[{"embeddable":true,"href":"https:\/\/inprojournal.org\/en\/wp-json\/wp\/v2\/comments?post=8337"}],"version-history":[{"count":4,"href":"https:\/\/inprojournal.org\/en\/wp-json\/wp\/v2\/pages\/8337\/revisions"}],"predecessor-version":[{"id":8633,"href":"https:\/\/inprojournal.org\/en\/wp-json\/wp\/v2\/pages\/8337\/revisions\/8633"}],"wp:attachment":[{"href":"https:\/\/inprojournal.org\/en\/wp-json\/wp\/v2\/media?parent=8337"}],"curies":[{"name":"wp","href":"https:\/\/api.w.org\/{rel}","templated":true}]}}