{"id":8097,"date":"2025-12-30T13:52:17","date_gmt":"2025-12-30T11:52:17","guid":{"rendered":"https:\/\/inprojournal.org\/?page_id=8097"},"modified":"2026-02-04T10:37:59","modified_gmt":"2026-02-04T08:37:59","slug":"2024-2-7","status":"publish","type":"page","link":"https:\/\/inprojournal.org\/en\/2024-2-7\/","title":{"rendered":"2024-2-7"},"content":{"rendered":"\n<p><\/p>\n\n\n\n<div class=\"wp-block-columns is-layout-flex wp-container-core-columns-is-layout-9d6595d7 wp-block-columns-is-layout-flex\">\n<div class=\"wp-block-column is-layout-flow wp-block-column-is-layout-flow\" style=\"flex-basis:33.33%\">\n<figure class=\"wp-block-image size-large is-resized\"><img loading=\"lazy\" decoding=\"async\" width=\"734\" height=\"1024\" src=\"https:\/\/inprojournal.org\/wp-content\/uploads\/2023\/03\/018-cover-734x1024.jpg\" alt=\"\" class=\"wp-image-3609\" style=\"width:217px;height:302px\" srcset=\"https:\/\/inprojournal.org\/wp-content\/uploads\/2023\/03\/018-cover-734x1024.jpg 734w, https:\/\/inprojournal.org\/wp-content\/uploads\/2023\/03\/018-cover-215x300.jpg 215w, https:\/\/inprojournal.org\/wp-content\/uploads\/2023\/03\/018-cover-768x1071.jpg 768w, https:\/\/inprojournal.org\/wp-content\/uploads\/2023\/03\/018-cover-1101x1536.jpg 1101w, https:\/\/inprojournal.org\/wp-content\/uploads\/2023\/03\/018-cover-1468x2048.jpg 1468w, https:\/\/inprojournal.org\/wp-content\/uploads\/2023\/03\/018-cover-scaled.jpg 1835w\" sizes=\"auto, (max-width: 734px) 100vw, 734px\" \/><\/figure>\n\n\n\n<div style=\"height:26px\" aria-hidden=\"true\" class=\"wp-block-spacer\"><\/div>\n\n\n\n<p class=\"has-small-font-size\">Theory and practice of intellectual property<br>\u2116 2 \/ 2024<\/p>\n\n\n\n<p class=\"has-small-font-size\">ISSN (Print) 2308-0361<br>ISSN (Online) 2519-2744<\/p>\n\n\n\n<div class=\"wp-block-buttons has-custom-font-size is-content-justification-left is-layout-flex wp-container-core-buttons-is-layout-fdcfc74e wp-block-buttons-is-layout-flex\" style=\"font-size:10px\">\n<div class=\"wp-block-button is-style-outline is-style-outline--1\"><a class=\"wp-block-button__link has-black-color has-text-color has-custom-font-size wp-element-button\" href=\"https:\/\/drive.google.com\/file\/d\/1nf2A4xYs7mXXektI4mkc-3NaQmfaYCAe\/view\" style=\"border-radius:10px;font-size:10px\" target=\"_blank\" rel=\"noreferrer noopener\"><img loading=\"lazy\" decoding=\"async\" width=\"14\" height=\"14\" class=\"wp-image-362\" style=\"width: 14px;\" src=\"https:\/\/test.inprojournal.org\/wp-content\/uploads\/2023\/01\/free-icon-pdf-201153.png\" alt=\"\" srcset=\"https:\/\/inprojournal.org\/wp-content\/uploads\/2023\/01\/free-icon-pdf-201153.png 512w, https:\/\/inprojournal.org\/wp-content\/uploads\/2023\/01\/free-icon-pdf-201153-300x300.png 300w, https:\/\/inprojournal.org\/wp-content\/uploads\/2023\/01\/free-icon-pdf-201153-150x150.png 150w, https:\/\/inprojournal.org\/wp-content\/uploads\/2023\/01\/free-icon-pdf-201153-450x450.png 450w, https:\/\/inprojournal.org\/wp-content\/uploads\/2023\/01\/free-icon-pdf-201153-106x106.png 106w, https:\/\/inprojournal.org\/wp-content\/uploads\/2023\/01\/free-icon-pdf-201153-80x80.png 80w\" sizes=\"auto, (max-width: 14px) 100vw, 14px\" \/> PDF (Ukrainian)<\/a><\/div>\n<\/div>\n\n\n\n<div style=\"height:26px\" aria-hidden=\"true\" class=\"wp-block-spacer\"><\/div>\n\n\n\n<p class=\"has-small-font-size\">DOI: <a href=\"https:\/\/doi.org\/10.33731\/22024.305499\">https:\/\/doi.org\/10.33731\/22024.305499<\/a><\/p>\n\n\n\n<p class=\"has-small-font-size\">Submitted&nbsp; &nbsp;&nbsp; 2024-04-15<br>Accepted &nbsp;&nbsp; &nbsp; 2024-05-03<br>Published &nbsp;&nbsp;&nbsp;&nbsp;&nbsp;2024-06-04<\/p>\n\n\n\n<div style=\"height:8px\" aria-hidden=\"true\" class=\"wp-block-spacer\"><\/div>\n\n\n\n<figure class=\"wp-block-image size-full is-resized\"><img decoding=\"async\" src=\"https:\/\/inprojournal.org\/wp-content\/uploads\/2025\/11\/CC-2.png\" alt=\"\" class=\"wp-image-6960\" style=\"width:131px;height:auto\"\/><\/figure>\n\n\n\n<p class=\"has-small-font-size\"><\/p>\n\n\n\n<div style=\"height:26px\" aria-hidden=\"true\" class=\"wp-block-spacer\"><\/div>\n\n\n\n<p class=\"has-small-font-size\"><\/p>\n<\/div>\n\n\n\n<div class=\"wp-block-column is-layout-flow wp-block-column-is-layout-flow\" style=\"flex-basis:66.66%\">\n<p class=\"has-medium-font-size\"><strong>Tendencies in legal regulation of Internet intermediaries in the European Union<\/strong><\/p>\n\n\n\n<div style=\"height:40px\" aria-hidden=\"true\" class=\"wp-block-spacer\"><\/div>\n\n\n\n<p><strong>Kateryna Haidai<\/strong><br>PhD student of the Intellectual Property Scientific Research Institute of the National Academy of Legal Sciences of Ukraine<br>Ukraine<br><a href=\"https:\/\/orcid.org\/0009-0008-9141-1142\">https:\/\/orcid.org\/0009-0008-9141-1142<\/a><\/p>\n\n\n\n<p><\/p>\n\n\n\n<div style=\"height:40px\" aria-hidden=\"true\" class=\"wp-block-spacer\"><\/div>\n\n\n\n<p><strong>Abstract<br><\/strong>The article provides a general description of the process of formation and subsequent reform of the European Union legislation regulating legal relations with the participation of intermediate service providers (internet intermediaries).<\/p>\n\n\n\n<p>The study of the main EU regulations governing the activities of Internet intermediaries is carried out using the historical method. The author&#8217;s classification of the periods of development of EU legislation in the relevant area into three stages (periods) includes the period of formation of legislation governing legal relations involving Internet intermediaries, the period of transformation of the existing legal framework, and the latest period, which includes the adoption of regulations as acts of direct effect. The author highlights the peculiarities of the formation, development, and reformation of EU legal acts regulating legal relations involving Internet intermediaries. The author identifies and describes the factors that influenced the reform of legislation, and highlights the problems and judicial practice on this issue. The author describes, in particular, the ambiguous interpretation of the term &#8220;information society service&#8221;, the problematic nature of the so-called &#8220;safe harbor&#8221; regime, the vagueness of the obligation to report and remove illegal content, the uncertainty of the &#8220;duty of care&#8221; regime and the prohibition of general monitoring, which led to inconsistencies in the approaches of the judges of the European Court of Justice, and the difficulty of applying the provisions on exemption of Internet intermediaries from civil liability.<\/p>\n\n\n\n<p>The author substantiates the general tendency of transformation of approaches to liability of Internet intermediaries, in particular, in the context of changing the so-called &#8220;safe harbor&#8221; regime towards strengthening liability and imposing on Internet intermediaries the obligation to take certain active steps to ensure intellectual property rights and other rights of users on the Internet, in particular, through the prism of key provisions of Regulation (EU) 2022\/2065 of the European Parliament and of the Council of 19 October 2022 and Regulation (EU) 2022\/1925 of the European Parliament and of the Council of 14 September 2022.<\/p>\n\n\n\n<p><strong>Keywords: <\/strong>e-commerce, internet intermediaries, online platforms, EU legislation<\/p>\n\n\n\n<div style=\"height:40px\" aria-hidden=\"true\" class=\"wp-block-spacer\"><\/div>\n\n\n\n<p><strong>References<\/strong><\/p>\n\n\n\n<p>OECD. The economic and social role of Internet intermediaries (April 2010).<br><a href=\"https:\/\/www.oecd.org\/digital\/ieconomy\/44949023.pdf\">https:\/\/www.oecd.org\/digital\/ieconomy\/44949023.pdf<\/a><\/p>\n\n\n\n<p>Directive 2000\/31\/EC of the European Parliament and of the Council of 8 June 2000 on certain legal aspects of information society services, in particular electronic commerce, in the Internal Market (&#8216;Directive on electronic commerce&#8217;).<br><a href=\"https:\/\/eur-lex.europa.eu\/legal-content\/EN\/ALL\/?uri=celex%3A32000L0031\">https:\/\/eur-lex.europa.eu\/legal-content\/EN\/ALL\/?uri=celex%3A32000L0031<\/a><\/p>\n\n\n\n<p>Communication from the Commission to the European Parliament, the Council, the European Economic and Social committee and the Committee of the regions: a Digital Single Market Strategy for Europe.<br><a href=\"https:\/\/eur-lex.europa.eu\/legal-content\/EN\/TXT\/?uri=celex%3A52015DC0192\">https:\/\/eur-lex.europa.eu\/legal-content\/EN\/TXT\/?uri=celex%3A52015DC0192<\/a><\/p>\n\n\n\n<p>EPRS | European Parliamentary Research Service. Liability of online platforms. STUDY. Panel for the Future of Science and Technology. PE 656.318 \u2013 February 2021.<br><a href=\"https:\/\/www.europarl.europa.eu\/RegData\/etudes\/STUD\/2021\/656318\/EPRS_STU(2021)656318_EN.pdf\">https:\/\/www.europarl.europa.eu\/RegData\/etudes\/STUD\/2021\/656318\/EPRS_STU(2021)656318_EN.pdf<\/a><\/p>\n\n\n\n<p>Gen\u00e7-Gelge\u00e7 B. Regulating Digital Platforms: Will the DSA Correct Its Predecessor\u2019s Deficiencies? Croatian Yearbook of European Law and Policy. 2022. \u2116 18. P. 25\u221260.<br><a href=\"https:\/\/doi.org\/10.3935\/cyelp.18.2022.485\">https:\/\/doi.org\/10.3935\/cyelp.18.2022.485<\/a><\/p>\n\n\n\n<p>Moscon V. Free Circulation of Information and Online Intermediaries \u2013 Replacing One \u201cValue Gap\u201d with Another. IIC \u2013 International Review of Intellectual Property and Competition Law. 2020. No. 51. P. 977\u2013982.<br><a href=\"https:\/\/doi.org\/10.1007\/s40319-020-00982-3\">https:\/\/doi.org\/10.1007\/s40319-020-00982-3<\/a><\/p>\n\n\n\n<p>Madiega T. Reform of the EU liability regime for online intermediaries. Background on the forthcoming Digital Services Act.&nbsp; EPRS | European Parliamentary Research Service. May 2020.<br><a href=\"https:\/\/www.europarl.europa.eu\/RegData\/etudes\/IDAN\/2020\/649404\/EPRS_IDA(2020)649404_EN.pdf\">https:\/\/www.europarl.europa.eu\/RegData\/etudes\/IDAN\/2020\/649404\/EPRS_IDA(2020)649404_EN.pdf<\/a><\/p>\n\n\n\n<p>Directive 2004\/48\/EC of the European Parliament and of the Council of 29 April 2004 on the enforcement of intellectual property rights.<br><a href=\"https:\/\/eur-lex.europa.eu\/legal-content\/EN\/TXT\/?qid=1537970768386&#038;uri=CELEX:32004L0048\">https:\/\/eur-lex.europa.eu\/legal-content\/EN\/TXT\/?qid=1537970768386&#038;uri=CELEX:32004L0048<\/a><\/p>\n\n\n\n<p>CJEU as of 27 March 2014. UPC Telekabel Wien GmbH v Constantin Film Verleih GmbH and Wega Filmproduktionsgesellschaft mbH. Case C\u2011314\/12.<br><a href=\"https:\/\/eur-lex.europa.eu\/legal-content\/EN\/TXT\/?qid=1537971004541&#038;uri=CELEX:62012CJ0314\">https:\/\/eur-lex.europa.eu\/legal-content\/EN\/TXT\/?qid=1537971004541&#038;uri=CELEX:62012CJ0314<\/a><\/p>\n\n\n\n<p>CJEU as of 15 September 2016. Tobias McFadden v Sony Music Entertainment Germany GmbH. Case C-484\/14.<br><a href=\"https:\/\/eur-lex.europa.eu\/legal-content\/EN\/TXT\/?qid=1537971097043&#038;uri=CELEX:62014CJ0484\">https:\/\/eur-lex.europa.eu\/legal-content\/EN\/TXT\/?qid=1537971097043&#038;uri=CELEX:62014CJ0484<\/a><\/p>\n\n\n\n<p>CJEU as of 13 May 2014. Google Spain SL and Google Inc. v Agencia Espa\u00f1ola de Protecci\u00f3n de Datos (AEPD) and Mario Costeja Gonz\u00e1lez. Case C\u2011131\/12.<br><a href=\"https:\/\/eur-lex.europa.eu\/legal-content\/EN\/TXT\/?qid=1538030286422&#038;uri=CELEX:62012CJ0131\">https:\/\/eur-lex.europa.eu\/legal-content\/EN\/TXT\/?qid=1538030286422&#038;uri=CELEX:62012CJ0131<\/a><\/p>\n\n\n\n<p>CJEU as of 8 September 2016. GS Media BV v Sanoma Media Netherlands BV and Others. Case C-160\/15.<br><a href=\"https:\/\/eur-lex.europa.eu\/legal-content\/EN\/TXT\/?qid=1537971865116&#038;uri=CELEX:62015CJ0160\">https:\/\/eur-lex.europa.eu\/legal-content\/EN\/TXT\/?qid=1537971865116&#038;uri=CELEX:62015CJ0160<\/a><\/p>\n\n\n\n<p>CJEU as of 14 June 2017. Stichting Brein v Ziggo BV and XS4All Internet BV. Case C-610\/15.<br><a href=\"https:\/\/eur-lex.europa.eu\/legal-content\/EN\/TXT\/?qid=1537972114755&#038;uri=CELEX:62015CJ0610\">https:\/\/eur-lex.europa.eu\/legal-content\/EN\/TXT\/?qid=1537972114755&#038;uri=CELEX:62015CJ0610<\/a><\/p>\n\n\n\n<p>CJEU as of 26 April 2017. Stichting Brein v Jack Frederik Wullems. Case C-527\/15.<br><a href=\"https:\/\/eur-lex.europa.eu\/legal-content\/EN\/TXT\/?qid=1537972114755&#038;uri=CELEX:62015CJ0527\">https:\/\/eur-lex.europa.eu\/legal-content\/EN\/TXT\/?qid=1537972114755&#038;uri=CELEX:62015CJ0527<\/a><\/p>\n\n\n\n<p>Communication from the Commission to the European Parliament, the Council, the European Economic and Social committee and the Committee of the regions. Tackling Illegal Content Online. Towards an enhanced responsibility of online platforms. 28.9.2017. COM(2017) 555 final. 20 p.<br><a href=\"https:\/\/digital-strategy.ec.europa.eu\/en\/library\/communication-tackling-illegal-content-online-towards-enhanced-responsibility-online-platforms\">https:\/\/digital-strategy.ec.europa.eu\/en\/library\/communication-tackling-illegal-content-online-towards-enhanced-responsibility-online-platforms<\/a><\/p>\n\n\n\n<p>Directive (EU) 2018\/1808 of the European Parliament and of the Council of 14 November 2018 amending Directive 2010\/13\/EU on the coordination of certain provisions laid down by law, regulation or administrative action in Member States concerning the provision of audiovisual media services (Audiovisual Media Services Directive) in view of changing market realities.<br><a href=\"https:\/\/eur-lex.europa.eu\/legal-content\/EN\/TXT\/?uri=CELEX%3A32018L1808\">https:\/\/eur-lex.europa.eu\/legal-content\/EN\/TXT\/?uri=CELEX%3A32018L1808<\/a><\/p>\n\n\n\n<p>Act to Improve Enforcement of the Law in Social Networks.<br><a href=\"https:\/\/perma.cc\/7UCW-AA3A\">https:\/\/perma.cc\/7UCW-AA3A<\/a><\/p>\n\n\n\n<p>The BEREC website.<br><a href=\"https:\/\/www.berec.europa.eu\/en\/berec\/mission-strategy\">https:\/\/www.berec.europa.eu\/en\/berec\/mission-strategy<\/a><\/p>\n\n\n\n<p>Regulation (EU) 2018\/1971 of the European Parliament and of the Council of 11 December 2018 &#8211; establishing the Body of European Regulators for Electronic Communications (BEREC) and the Agency for Support for BEREC (BEREC Office), amending Regulation (EU) 2015\/2120 and repealing Regulation (EC) No 1211\/2009.<br><a href=\"https:\/\/eur-lex.europa.eu\/legal-content\/EN\/TXT\/?uri=CELEX%3A32018R1971\">https:\/\/eur-lex.europa.eu\/legal-content\/EN\/TXT\/?uri=CELEX%3A32018R1971<\/a><\/p>\n\n\n\n<p>Directive (EU) 2018\/1972 of the European Parliament and of the Council of 11 December 2018 establishing the European Electronic Communications Code (Recast) Text with EEA relevance.<br><a href=\"https:\/\/eur-lex.europa.eu\/legal-content\/EN\/TXT\/?uri=uriserv%3AOJ.L_.2018.321.01.0036.01.ENG\">https:\/\/eur-lex.europa.eu\/legal-content\/EN\/TXT\/?uri=uriserv%3AOJ.L_.2018.321.01.0036.01.ENG<\/a><\/p>\n\n\n\n<p>Directive (EU) 2019\/790 of the European Parliament and of the Council of 17 April 2019 on copyright and related rights in the Digital Single Market and amending Directives 96\/9\/EC and 2001\/29\/EC.<br><a href=\"https:\/\/eur-lex.europa.eu\/eli\/dir\/2019\/790\/oj\">https:\/\/eur-lex.europa.eu\/eli\/dir\/2019\/790\/oj<\/a><\/p>\n\n\n\n<p>European Commission official website. Shaping Europe\u2019s digital future. The Digital Services Act package.<br><a href=\"https:\/\/digital-strategy.ec.europa.eu\/en\/policies\/digital-services-act-package\">https:\/\/digital-strategy.ec.europa.eu\/en\/policies\/digital-services-act-package<\/a><\/p>\n\n\n\n<p>Regulation (EU) 2022\/2065 of the European Parliament and of the Council of 19 October 2022 on a Single Market For Digital Services and amending Directive 2000\/31\/EC (Digital Services Act).<br><a href=\"https:\/\/eur-lex.europa.eu\/legal-content\/EN\/TXT\/?uri=celex%3A32022R2065\">https:\/\/eur-lex.europa.eu\/legal-content\/EN\/TXT\/?uri=celex%3A32022R2065<\/a><\/p>\n\n\n\n<p>\u0413\u0430\u0439\u0434\u0430\u0439 \u041a. \u041e. \u0422\u0435\u043d\u0434\u0435\u043d\u0446\u0456\u0457 \u041d\u043e\u0440\u043c\u0430\u0442\u0438\u0432\u043d\u043e-\u043f\u0440\u0430\u0432\u043e\u0432\u043e\u0433\u043e \u0440\u0435\u0433\u0443\u043b\u044e\u0432\u0430\u043d\u043d\u044f \u043e\u043d\u043b\u0430\u0439\u043d-\u043f\u043e\u0441\u0435\u0440\u0435\u0434\u043d\u0438\u043a\u0456\u0432 \u0443 \u0404\u0432\u0440\u043e\u043f\u0435\u0439\u0441\u044c\u043a\u043e\u043c\u0443 \u0421\u043e\u044e\u0437\u0456: \u0417\u0430\u043a\u043e\u043d\u043e\u0434\u0430\u0432\u0441\u0442\u0432\u043e \u0423\u043a\u0440\u0430\u0457\u043d\u0438 \u0443 \u0441\u0444\u0435\u0440\u0456 \u0456\u043d\u0442\u0435\u043b\u0435\u043a\u0442\u0443\u0430\u043b\u044c\u043d\u043e\u0457 \u0432\u043b\u0430\u0441\u043d\u043e\u0441\u0442\u0456 \u0442\u0430 \u0439\u043e\u0433\u043e \u043f\u0440\u0430\u0432\u043e\u0437\u0430\u0441\u0442\u043e\u0441\u0443\u0432\u0430\u043d\u043d\u044f: \u043d\u0430\u0446\u0456\u043e\u043d\u0430\u043b\u044c\u043d\u0456, \u0454\u0432\u0440\u043e\u043f\u0435\u0439\u0441\u044c\u043a\u0456 \u0442\u0430 \u043c\u0456\u0436\u043d\u0430\u0440\u043e\u0434\u043d\u0456 \u0432\u0438\u043c\u0456\u0440\u0438: \u043c\u0430\u0442\u0435\u0440\u0456\u0430\u043b\u0438 X\u0406 \u0412\u0441\u0435\u0443\u043a\u0440\u0430\u0457\u043d\u0441\u044c\u043a\u043e\u0457 \u043d\u0430\u0443\u043a\u043e\u0432\u043e-\u043f\u0440\u0430\u043a\u0442\u0438\u0447\u043d\u043e\u0457 \u043a\u043e\u043d\u0444\u0435\u0440\u0435\u043d\u0446\u0456\u0457 \u043c\u043e\u043b\u043e\u0434\u0438\u0445 \u0432\u0447\u0435\u043d\u0438\u0445 \u0442\u0430 \u0441\u0442\u0443\u0434\u0435\u043d\u0442\u0456\u0432 \u0437 \u043f\u0440\u043e\u0431\u043b\u0435\u043c \u0456\u043d\u0442\u0435\u043b\u0435\u043a\u0442\u0443\u0430\u043b\u044c\u043d\u043e\u0457 \u0432\u043b\u0430\u0441\u043d\u043e\u0441\u0442\u0456 (\u043c.\u041a\u0438\u0457\u0432, 12.10.2023): \u0435\u043b. \u0437\u0431\u0456\u0440\u043d\u0438\u043a \/ \u041a\u041d\u0423 \u0456\u043c\u0435\u043d\u0456 \u0422. \u0428\u0435\u0432\u0447\u0435\u043d\u043a\u0430, \u041d\u0414\u0406 \u0456\u043d\u0442\u0435\u043b\u0435\u043a\u0442\u0443\u0430\u043b\u044c\u043d\u043e\u0457 \u0432\u043b\u0430\u0441\u043d\u043e\u0441\u0442\u0456 \u041d\u0410\u041f\u0440\u041d \u0423\u043a\u0440\u0430\u0457\u043d\u0438, \u0423\u041a\u0420\u041d\u041e\u0406\u0412\u0406. \u041a\u0438\u0457\u0432, 2023. \u0421. 24\u201330.<\/p>\n\n\n\n<p>Regulation (EU) 2022\/1925 of the European Parliament and of the Council of 14 September 2022 on contestable and fair markets in the digital sector and amending Directives (EU) 2019\/1937 and (EU) 2020\/1828 (Digital Markets Act).<br><a href=\"https:\/\/eur-lex.europa.eu\/legal-content\/EN\/TXT\/?uri=celex%3A32022R1925\">https:\/\/eur-lex.europa.eu\/legal-content\/EN\/TXT\/?uri=celex%3A32022R1925<\/a><\/p>\n\n\n\n<p>European Commission official website. About the Digital Markets Act.<br><a href=\"https:\/\/digital-markets-act.ec.europa.eu\/about-dma_en\">https:\/\/digital-markets-act.ec.europa.eu\/about-dma_en<\/a><\/p>\n\n\n\n<p>European Commission official website. First report on the State of the Digital Decade calls for collective action to shape the digital transition. September 27, 2023.<br><a href=\"https:\/\/ec.europa.eu\/commission\/presscorner\/detail\/en\/ip_23_4619\">https:\/\/ec.europa.eu\/commission\/presscorner\/detail\/en\/ip_23_4619<\/a><\/p>\n<\/div>\n<\/div>\n","protected":false},"excerpt":{"rendered":"<p>Theory and practice of intellectual property\u2116 2 \/ 2024 ISSN (Print) 2308-0361ISSN (Online) 2519-2744 DOI: https:\/\/doi.org\/10.33731\/22024.305499 Submitted&nbsp; &nbsp;&nbsp; 2024-04-15Accepted &nbsp;&nbsp; &nbsp; 2024-05-03Published &nbsp;&nbsp;&nbsp;&nbsp;&nbsp;2024-06-04 Tendencies in legal regulation of Internet intermediaries in the European Union Kateryna HaidaiPhD student of the Intellectual Property Scientific Research Institute of the National Academy of Legal Sciences of UkraineUkrainehttps:\/\/orcid.org\/0009-0008-9141-1142 AbstractThe article [&hellip;]<\/p>\n","protected":false},"author":1,"featured_media":0,"parent":0,"menu_order":0,"comment_status":"closed","ping_status":"closed","template":"","meta":{"footnotes":""},"class_list":["post-8097","page","type-page","status-publish","hentry"],"_links":{"self":[{"href":"https:\/\/inprojournal.org\/en\/wp-json\/wp\/v2\/pages\/8097","targetHints":{"allow":["GET"]}}],"collection":[{"href":"https:\/\/inprojournal.org\/en\/wp-json\/wp\/v2\/pages"}],"about":[{"href":"https:\/\/inprojournal.org\/en\/wp-json\/wp\/v2\/types\/page"}],"author":[{"embeddable":true,"href":"https:\/\/inprojournal.org\/en\/wp-json\/wp\/v2\/users\/1"}],"replies":[{"embeddable":true,"href":"https:\/\/inprojournal.org\/en\/wp-json\/wp\/v2\/comments?post=8097"}],"version-history":[{"count":4,"href":"https:\/\/inprojournal.org\/en\/wp-json\/wp\/v2\/pages\/8097\/revisions"}],"predecessor-version":[{"id":8420,"href":"https:\/\/inprojournal.org\/en\/wp-json\/wp\/v2\/pages\/8097\/revisions\/8420"}],"wp:attachment":[{"href":"https:\/\/inprojournal.org\/en\/wp-json\/wp\/v2\/media?parent=8097"}],"curies":[{"name":"wp","href":"https:\/\/api.w.org\/{rel}","templated":true}]}}