{"id":8085,"date":"2025-12-30T11:28:06","date_gmt":"2025-12-30T09:28:06","guid":{"rendered":"https:\/\/inprojournal.org\/?page_id=8085"},"modified":"2026-02-04T10:37:35","modified_gmt":"2026-02-04T08:37:35","slug":"2024-2-5","status":"publish","type":"page","link":"https:\/\/inprojournal.org\/en\/2024-2-5\/","title":{"rendered":"2024-2-5"},"content":{"rendered":"\n<p><\/p>\n\n\n\n<div class=\"wp-block-columns is-layout-flex wp-container-core-columns-is-layout-9d6595d7 wp-block-columns-is-layout-flex\">\n<div class=\"wp-block-column is-layout-flow wp-block-column-is-layout-flow\" style=\"flex-basis:33.33%\">\n<figure class=\"wp-block-image size-large is-resized\"><img loading=\"lazy\" decoding=\"async\" width=\"734\" height=\"1024\" src=\"https:\/\/inprojournal.org\/wp-content\/uploads\/2023\/03\/018-cover-734x1024.jpg\" alt=\"\" class=\"wp-image-3609\" style=\"width:217px;height:302px\" srcset=\"https:\/\/inprojournal.org\/wp-content\/uploads\/2023\/03\/018-cover-734x1024.jpg 734w, https:\/\/inprojournal.org\/wp-content\/uploads\/2023\/03\/018-cover-215x300.jpg 215w, https:\/\/inprojournal.org\/wp-content\/uploads\/2023\/03\/018-cover-768x1071.jpg 768w, https:\/\/inprojournal.org\/wp-content\/uploads\/2023\/03\/018-cover-1101x1536.jpg 1101w, https:\/\/inprojournal.org\/wp-content\/uploads\/2023\/03\/018-cover-1468x2048.jpg 1468w, https:\/\/inprojournal.org\/wp-content\/uploads\/2023\/03\/018-cover-scaled.jpg 1835w\" sizes=\"auto, (max-width: 734px) 100vw, 734px\" \/><\/figure>\n\n\n\n<div style=\"height:26px\" aria-hidden=\"true\" class=\"wp-block-spacer\"><\/div>\n\n\n\n<p class=\"has-small-font-size\">Theory and practice of intellectual property<br>\u2116 2 \/ 2024<\/p>\n\n\n\n<p class=\"has-small-font-size\">ISSN (Print) 2308-0361<br>ISSN (Online) 2519-2744<\/p>\n\n\n\n<div class=\"wp-block-buttons has-custom-font-size is-content-justification-left is-layout-flex wp-container-core-buttons-is-layout-fdcfc74e wp-block-buttons-is-layout-flex\" style=\"font-size:10px\">\n<div class=\"wp-block-button is-style-outline is-style-outline--1\"><a class=\"wp-block-button__link has-black-color has-text-color has-custom-font-size wp-element-button\" href=\"https:\/\/drive.google.com\/file\/d\/1Qx6gfpSPPyA5EJPf6BJJoIgiiKwHJtPj\/view\" style=\"border-radius:10px;font-size:10px\" target=\"_blank\" rel=\"noreferrer noopener\"><img loading=\"lazy\" decoding=\"async\" width=\"14\" height=\"14\" class=\"wp-image-362\" style=\"width: 14px;\" src=\"https:\/\/test.inprojournal.org\/wp-content\/uploads\/2023\/01\/free-icon-pdf-201153.png\" alt=\"\" srcset=\"https:\/\/inprojournal.org\/wp-content\/uploads\/2023\/01\/free-icon-pdf-201153.png 512w, https:\/\/inprojournal.org\/wp-content\/uploads\/2023\/01\/free-icon-pdf-201153-300x300.png 300w, https:\/\/inprojournal.org\/wp-content\/uploads\/2023\/01\/free-icon-pdf-201153-150x150.png 150w, https:\/\/inprojournal.org\/wp-content\/uploads\/2023\/01\/free-icon-pdf-201153-450x450.png 450w, https:\/\/inprojournal.org\/wp-content\/uploads\/2023\/01\/free-icon-pdf-201153-106x106.png 106w, https:\/\/inprojournal.org\/wp-content\/uploads\/2023\/01\/free-icon-pdf-201153-80x80.png 80w\" sizes=\"auto, (max-width: 14px) 100vw, 14px\" \/> PDF (Ukrainian)<\/a><\/div>\n<\/div>\n\n\n\n<div style=\"height:26px\" aria-hidden=\"true\" class=\"wp-block-spacer\"><\/div>\n\n\n\n<p class=\"has-small-font-size\">DOI: <a href=\"https:\/\/doi.org\/10.33731\/22024.305493\">https:\/\/doi.org\/10.33731\/22024.305493<\/a><\/p>\n\n\n\n<p class=\"has-small-font-size\">Submitted&nbsp; &nbsp;&nbsp; 2024-05-21<br>Accepted &nbsp;&nbsp; &nbsp; 2024-05-23<br>Published &nbsp;&nbsp;&nbsp;&nbsp;&nbsp;2024-06-04<\/p>\n\n\n\n<div style=\"height:8px\" aria-hidden=\"true\" class=\"wp-block-spacer\"><\/div>\n\n\n\n<figure class=\"wp-block-image size-full is-resized\"><img decoding=\"async\" src=\"https:\/\/inprojournal.org\/wp-content\/uploads\/2025\/11\/CC-2.png\" alt=\"\" class=\"wp-image-6960\" style=\"width:131px;height:auto\"\/><\/figure>\n\n\n\n<p class=\"has-small-font-size\"><\/p>\n\n\n\n<div style=\"height:26px\" aria-hidden=\"true\" class=\"wp-block-spacer\"><\/div>\n\n\n\n<p class=\"has-small-font-size\"><\/p>\n<\/div>\n\n\n\n<div class=\"wp-block-column is-layout-flow wp-block-column-is-layout-flow\" style=\"flex-basis:66.66%\">\n<p class=\"has-medium-font-size\"><strong>The subject of legal regulation in the systematization of legislation in the industrial property field<\/strong><\/p>\n\n\n\n<div style=\"height:40px\" aria-hidden=\"true\" class=\"wp-block-spacer\"><\/div>\n\n\n\n<p><strong>Nataliya Myronenko<\/strong><br>Doctor of Legal Sciences\/Dr. Habil. (Law), Professor, Deputy Director of the Intellectual Property Scientific Research Institute of the National Academy of Sciences of Ukraine<br>Ukraine<br><a href=\"https:\/\/orcid.org\/0000-0003-0220-988X\">https:\/\/orcid.org\/0000-0003-0220-988X<\/a><\/p>\n\n\n\n<p><\/p>\n\n\n\n<div style=\"height:40px\" aria-hidden=\"true\" class=\"wp-block-spacer\"><\/div>\n\n\n\n<p><strong>Abstract<br><\/strong>The article examines the content of the &#8220;industrial property&#8221; concept in the context of codification of legislation in Spain, Italy, Portugal, and Turkey. The author provides a comparative legal analysis of the content of the codification acts of these states, their subject matter of legal regulation, their structure, and general approaches to their development. The author characterizes the common and distinctive features inherent in the industrial property acts of Spain, Italy, Portugal, and Turkey. None of these codes clearly defines the subject matter of the regulation of such an act, and does not contain a definition of the &#8220;industrial property&#8221; category. The content of this concept is defined either through a list of industrial property objects protected by the provisions of the code or through a list of rights to objects without disclosing their content. The choice of objects protected by the code also differs, but is determined within the provisions of the Paris Convention for the Protection of Industrial Property. The principles on which the legal protection of industrial property is based also correspond to the principles set out in the Paris Convention, with the only difference being in the form of their presentation. All the codes are characterized by detailed regulation of the procedure for granting legal protection to industrial property objects, defining the grounds and procedure for deprivation of rights, as well as subjects of industrial property rights, methods of disposing of property rights to industrial property objects, and state institutions that are involved in the procedure for issuing and invalidating security documents.<\/p>\n\n\n\n<p>The author proposes to define the subject matter of industrial property rights regulation as a set of social relations arising in the process of acquiring legal protection for industrial property objects, exercising and protecting rights thereto. The factors that determine the need to develop a codification (consolidated) act in the field of industrial property in Ukraine are identified. The development and adoption of such an act will contribute to solving the overall problem of improving the quality and efficiency of industrial property legislation by overcoming existing gaps, duplication, unification, and harmonization of Ukrainian legislation with EU legislation.<\/p>\n\n\n\n<p><strong>Keywords: <\/strong>industrial property law, consolidation, codification, harmonization<\/p>\n\n\n\n<div style=\"height:40px\" aria-hidden=\"true\" class=\"wp-block-spacer\"><\/div>\n\n\n\n<p><strong>References<\/strong><\/p>\n\n\n\n<p>\u041f\u0440\u043e \u0430\u0432\u0442\u043e\u0440\u0441\u044c\u043a\u0435 \u043f\u0440\u0430\u0432\u043e \u0456 \u0441\u0443\u043c\u0456\u0436\u043d\u0456 \u043f\u0440\u0430\u0432\u0430: \u0417\u0430\u043a\u043e\u043d \u0423\u043a\u0440\u0430\u0457\u043d\u0438 \u0432\u0456\u0434 1 \u0433\u0440\u0443\u0434\u043d\u044f2022 \u0440\u043e\u043a\u0443 \u2116 2811-IX. &nbsp;\u0412\u0412\u0420. 2022. \u2116 57. \u0421\u0442.166.<\/p>\n\n\n\n<p>\u0423\u0433\u043e\u0434\u0430 \u043f\u0440\u043e \u0410\u0441\u043e\u0446\u0456\u0430\u0446\u0456\u044e \u043c\u0456\u0436 \u0423\u043a\u0440\u0430\u0457\u043d\u043e\u044e, \u0437 \u043e\u0434\u043d\u0456\u0454\u0457 \u0441\u0442\u043e\u0440\u043e\u043d\u0438, \u0442\u0430 \u0404\u0432\u0440\u043e\u043f\u0435\u0439\u0441\u044c\u043a\u0438\u043c \u0421\u043e\u044e\u0437\u043e\u043c, \u0404\u0432\u0440\u043e\u043f\u0435\u0439\u0441\u044c\u043a\u0438\u043c \u0421\u043f\u0456\u0432\u0442\u043e\u0432\u0430\u0440\u0438\u0441\u0442\u0432\u043e\u043c \u0437 \u0430\u0442\u043e\u043c\u043d\u043e\u0457 \u0435\u043d\u0435\u0440\u0433\u0456\u0457 \u0456 \u0457\u0445\u043d\u0456\u043c\u0438 \u0434\u0435\u0440\u0436\u0430\u0432\u0430\u043c\u0438-\u0447\u043b\u0435\u043d\u0430\u043c\u0438, \u0437 \u0456\u043d\u0448\u043e\u0457 \u0441\u0442\u043e\u0440\u043e\u043d\u0438.<br><a href=\"https:\/\/zakon.rada.gov.ua\/laws\/show\/984_011#Text\">https:\/\/zakon.rada.gov.ua\/laws\/show\/984_011#Text<\/a><\/p>\n\n\n\n<p>\u041f\u0430\u0440\u0438\u0437\u044c\u043a\u0430 \u043a\u043e\u043d\u0432\u0435\u043d\u0446\u0456\u044f \u043f\u0440\u043e \u043e\u0445\u043e\u0440\u043e\u043d\u0438 \u043f\u0440\u043e\u043c\u0438\u0441\u043b\u043e\u0432\u043e\u0457 \u0432\u043b\u0430\u0441\u043d\u043e\u0441\u0442\u0456 28 \u0431\u0435\u0440\u0435\u0437\u043d\u044f 1883 \u0440\u043e\u043a\u0443.<br><a href=\"https:\/\/zakon.rada.gov.ua\/laws\/show\/995_123#Text\">https:\/\/zakon.rada.gov.ua\/laws\/show\/995_123#Text<\/a><\/p>\n\n\n\n<p>\u041a\u043e\u043d\u0432\u0435\u043d\u0446\u0456\u044f \u043f\u0440\u043e \u0437\u0430\u0441\u043d\u0443\u0432\u0430\u043d\u043d\u044f \u0412\u0441\u0435\u0441\u0432\u0456\u0442\u043d\u044c\u043e\u0457 \u043e\u0440\u0433\u0430\u043d\u0456\u0437\u0430\u0446\u0456\u0457 \u0456\u043d\u0442\u0435\u043b\u0435\u043a\u0442\u0443\u0430\u043b\u044c\u043d\u043e\u0457 \u0432\u043b\u0430\u0441\u043d\u043e\u0441\u0442\u0456.<br><a href=\"http:\/\/consultant.parus.ua\/?doc=00BUE6BDDB\">http:\/\/consultant.parus.ua\/?doc=00BUE6BDDB<\/a><\/p>\n\n\n\n<p>\u0423\u0433\u043e\u0434\u0430 \u043f\u0440\u043e \u0442\u043e\u0440\u0433\u043e\u0432\u0435\u043b\u044c\u043d\u0456 \u0430\u0441\u043f\u0435\u043a\u0442\u0438 \u043f\u0440\u0430\u0432 \u0456\u043d\u0442\u0435\u043b\u0435\u043a\u0442\u0443\u0430\u043b\u044c\u043d\u043e\u0457 \u0432\u043b\u0430\u0441\u043d\u043e\u0441\u0442\u0456.<br><a href=\"https:\/\/zakon.rada.gov.ua\/laws\/show\/981_018#Text\">https:\/\/zakon.rada.gov.ua\/laws\/show\/981_018#Text<\/a><\/p>\n\n\n\n<p>\u0417\u0430\u043a\u043e\u043d \u2116 14\/1993 \u0417\u0431. \u0432\u0456\u0434 20 \u0433\u0440\u0443\u0434\u043d\u044f 1992 \u0440. \u0427\u0435\u0441\u044c\u043a\u043e\u0457 \u043d\u0430\u0446\u0456\u043e\u043d\u0430\u043b\u044c\u043d\u043e\u0457 \u0440\u0430\u0434\u0438 \u043f\u0440\u043e \u0437\u0430\u0445\u043e\u0434\u0438 \u0449\u043e\u0434\u043e \u043e\u0445\u043e\u0440\u043e\u043d\u0438 \u043f\u0440\u043e\u043c\u0438\u0441\u043b\u043e\u0432\u043e\u0457 \u0432\u043b\u0430\u0441\u043d\u043e\u0441\u0442\u0456.<br><a href=\"https:\/\/www.wipo.int\/wipolex\/en\/legislation\/details\/19520\">https:\/\/www.wipo.int\/wipolex\/en\/legislation\/details\/19520<\/a><\/p>\n\n\n\n<p>Ustawa Prawo w\u0142asno\u015bci przemys\u0142owej \u0432\u0456\u0434 30.06.2000.<br><a href=\"https:\/\/isap.sejm.gov.pl\/isap.nsf\/download.xsp\/WDU20031191117\/U\/D20031117Lj.pdf\">https:\/\/isap.sejm.gov.pl\/isap.nsf\/download.xsp\/WDU20031191117\/U\/D20031117Lj.pdf<\/a><\/p>\n\n\n\n<p>\u041a\u043e\u0434\u0435\u043a\u0441 \u043f\u0440\u043e\u043c\u0438\u0441\u043b\u043e\u0432\u043e\u0457 \u0432\u043b\u0430\u0441\u043d\u043e\u0441\u0442\u0456 \u0422\u0443\u0440\u0435\u0447\u0447\u0438\u043d\u0438.<br><a href=\"https:\/\/turklegal.com.tr\/resources\/public\/en\/legal\/Turkish-Industrial-Property-Code-in-English.pdf\">https:\/\/turklegal.com.tr\/resources\/public\/en\/legal\/Turkish-Industrial-Property-Code-in-English.pdf<\/a><\/p>\n\n\n\n<p>Codigo da Propriedade Industrial&nbsp;2003.<br><a href=\"https:\/\/diariodarepublica.pt\/dr\/legislacao-consolidada\/decreto-lei\/2018-117279941\">https:\/\/diariodarepublica.pt\/dr\/legislacao-consolidada\/decreto-lei\/2018-117279941<\/a><\/p>\n\n\n\n<p>Industrial property code (royal decree-law of july 26, 1929, as amended by law no. 12\/1975 on the protection of plant varieties and by law no. 17\/1975 of may 2, 1975).<br><a href=\"https:\/\/wipolex.wipo.int\/en\/text\/126558\">https:\/\/wipolex.wipo.int\/en\/text\/126558<\/a><\/p>\n\n\n\n<p>Industrial Property Code, pursuant to article 15 of law 12 December 2002.<br><a href=\"https:\/\/ip-documents.info\/2022\/IP\/ITA\/22_6661_00_e.pdf\">https:\/\/ip-documents.info\/2022\/IP\/ITA\/22_6661_00_e.pdf<\/a><\/p>\n<\/div>\n<\/div>\n","protected":false},"excerpt":{"rendered":"<p>Theory and practice of intellectual property\u2116 2 \/ 2024 ISSN (Print) 2308-0361ISSN (Online) 2519-2744 DOI: https:\/\/doi.org\/10.33731\/22024.305493 Submitted&nbsp; &nbsp;&nbsp; 2024-05-21Accepted &nbsp;&nbsp; &nbsp; 2024-05-23Published &nbsp;&nbsp;&nbsp;&nbsp;&nbsp;2024-06-04 The subject of legal regulation in the systematization of legislation in the industrial property field Nataliya MyronenkoDoctor of Legal Sciences\/Dr. Habil. (Law), Professor, Deputy Director of the Intellectual Property Scientific Research Institute [&hellip;]<\/p>\n","protected":false},"author":1,"featured_media":0,"parent":0,"menu_order":0,"comment_status":"closed","ping_status":"closed","template":"","meta":{"footnotes":""},"class_list":["post-8085","page","type-page","status-publish","hentry"],"_links":{"self":[{"href":"https:\/\/inprojournal.org\/en\/wp-json\/wp\/v2\/pages\/8085","targetHints":{"allow":["GET"]}}],"collection":[{"href":"https:\/\/inprojournal.org\/en\/wp-json\/wp\/v2\/pages"}],"about":[{"href":"https:\/\/inprojournal.org\/en\/wp-json\/wp\/v2\/types\/page"}],"author":[{"embeddable":true,"href":"https:\/\/inprojournal.org\/en\/wp-json\/wp\/v2\/users\/1"}],"replies":[{"embeddable":true,"href":"https:\/\/inprojournal.org\/en\/wp-json\/wp\/v2\/comments?post=8085"}],"version-history":[{"count":3,"href":"https:\/\/inprojournal.org\/en\/wp-json\/wp\/v2\/pages\/8085\/revisions"}],"predecessor-version":[{"id":8088,"href":"https:\/\/inprojournal.org\/en\/wp-json\/wp\/v2\/pages\/8085\/revisions\/8088"}],"wp:attachment":[{"href":"https:\/\/inprojournal.org\/en\/wp-json\/wp\/v2\/media?parent=8085"}],"curies":[{"name":"wp","href":"https:\/\/api.w.org\/{rel}","templated":true}]}}