{"id":7735,"date":"2025-12-24T11:43:19","date_gmt":"2025-12-24T09:43:19","guid":{"rendered":"https:\/\/inprojournal.org\/?page_id=7735"},"modified":"2026-02-04T10:56:07","modified_gmt":"2026-02-04T08:56:07","slug":"2025-1-6","status":"publish","type":"page","link":"https:\/\/inprojournal.org\/en\/2025-1-6\/","title":{"rendered":"2025-1-6"},"content":{"rendered":"\n<p><\/p>\n\n\n\n<div class=\"wp-block-columns is-layout-flex wp-container-core-columns-is-layout-9d6595d7 wp-block-columns-is-layout-flex\">\n<div class=\"wp-block-column is-layout-flow wp-block-column-is-layout-flow\" style=\"flex-basis:33.33%\">\n<figure class=\"wp-block-image size-large is-resized\"><img loading=\"lazy\" decoding=\"async\" width=\"734\" height=\"1024\" src=\"https:\/\/inprojournal.org\/wp-content\/uploads\/2023\/03\/018-cover-734x1024.jpg\" alt=\"\" class=\"wp-image-3609\" style=\"width:217px;height:302px\" srcset=\"https:\/\/inprojournal.org\/wp-content\/uploads\/2023\/03\/018-cover-734x1024.jpg 734w, https:\/\/inprojournal.org\/wp-content\/uploads\/2023\/03\/018-cover-215x300.jpg 215w, https:\/\/inprojournal.org\/wp-content\/uploads\/2023\/03\/018-cover-768x1071.jpg 768w, https:\/\/inprojournal.org\/wp-content\/uploads\/2023\/03\/018-cover-1101x1536.jpg 1101w, https:\/\/inprojournal.org\/wp-content\/uploads\/2023\/03\/018-cover-1468x2048.jpg 1468w, https:\/\/inprojournal.org\/wp-content\/uploads\/2023\/03\/018-cover-scaled.jpg 1835w\" sizes=\"auto, (max-width: 734px) 100vw, 734px\" \/><\/figure>\n\n\n\n<div style=\"height:26px\" aria-hidden=\"true\" class=\"wp-block-spacer\"><\/div>\n\n\n\n<p class=\"has-small-font-size\">Theory and practice of intellectual property<br>\u2116 1 \/ 2025<\/p>\n\n\n\n<p class=\"has-small-font-size\">ISSN (Print) 2308-0361<br>ISSN (Online) 2519-2744<\/p>\n\n\n\n<div class=\"wp-block-buttons has-custom-font-size is-content-justification-left is-layout-flex wp-container-core-buttons-is-layout-fdcfc74e wp-block-buttons-is-layout-flex\" style=\"font-size:10px\">\n<div class=\"wp-block-button is-style-outline is-style-outline--1\"><a class=\"wp-block-button__link has-black-color has-text-color has-custom-font-size wp-element-button\" href=\"https:\/\/drive.google.com\/file\/d\/1cgB8WqZiqB_WyA5O943h7eIeyIbzdh32\/view\" style=\"border-radius:10px;font-size:10px\" target=\"_blank\" rel=\"noreferrer noopener\"><img loading=\"lazy\" decoding=\"async\" width=\"14\" height=\"14\" class=\"wp-image-362\" style=\"width: 14px;\" src=\"https:\/\/test.inprojournal.org\/wp-content\/uploads\/2023\/01\/free-icon-pdf-201153.png\" alt=\"\" srcset=\"https:\/\/inprojournal.org\/wp-content\/uploads\/2023\/01\/free-icon-pdf-201153.png 512w, https:\/\/inprojournal.org\/wp-content\/uploads\/2023\/01\/free-icon-pdf-201153-300x300.png 300w, https:\/\/inprojournal.org\/wp-content\/uploads\/2023\/01\/free-icon-pdf-201153-150x150.png 150w, https:\/\/inprojournal.org\/wp-content\/uploads\/2023\/01\/free-icon-pdf-201153-450x450.png 450w, https:\/\/inprojournal.org\/wp-content\/uploads\/2023\/01\/free-icon-pdf-201153-106x106.png 106w, https:\/\/inprojournal.org\/wp-content\/uploads\/2023\/01\/free-icon-pdf-201153-80x80.png 80w\" sizes=\"auto, (max-width: 14px) 100vw, 14px\" \/> PDF (Ukrainian)<\/a><\/div>\n<\/div>\n\n\n\n<div style=\"height:26px\" aria-hidden=\"true\" class=\"wp-block-spacer\"><\/div>\n\n\n\n<p class=\"has-small-font-size\">DOI: <a href=\"https:\/\/doi.org\/10.33731\/12025.324977\">https:\/\/doi.org\/10.33731\/12025.324977<\/a><\/p>\n\n\n\n<p class=\"has-small-font-size\">Submitted&nbsp; &nbsp;&nbsp; 2025-01-22<br>Accepted &nbsp;&nbsp; &nbsp; 2025-02-10<br>Published &nbsp;&nbsp;&nbsp;&nbsp;&nbsp;2025-03-18<\/p>\n\n\n\n<div style=\"height:8px\" aria-hidden=\"true\" class=\"wp-block-spacer\"><\/div>\n\n\n\n<figure class=\"wp-block-image size-full is-resized\"><img decoding=\"async\" src=\"https:\/\/inprojournal.org\/wp-content\/uploads\/2025\/11\/CC-2.png\" alt=\"\" class=\"wp-image-6960\" style=\"width:131px;height:auto\"\/><\/figure>\n\n\n\n<p class=\"has-small-font-size\"><\/p>\n\n\n\n<div style=\"height:26px\" aria-hidden=\"true\" class=\"wp-block-spacer\"><\/div>\n\n\n\n<p class=\"has-small-font-size\"><\/p>\n<\/div>\n\n\n\n<div class=\"wp-block-column is-layout-flow wp-block-column-is-layout-flow\" style=\"flex-basis:66.66%\">\n<p class=\"has-medium-font-size\"><strong>Use of state symbolism in trademarks in the Republic of Poland<\/strong><\/p>\n\n\n\n<div style=\"height:40px\" aria-hidden=\"true\" class=\"wp-block-spacer\"><\/div>\n\n\n\n<p><strong>Gennadiy Androshchuk<\/strong><br>Ph.D. (Economics), Associate Professor, Chief Researcher of the Department of industrial property and commercialization of intellectual property objects of the Intellectual Property Scientific Research Institute of the National Academy of Legal Sciences of Ukraine<br>Ukraine<br><a href=\"https:\/\/orcid.org\/0000-0003-0781-9740\">https:\/\/orcid.org\/0000-0003-0781-9740<\/a><\/p>\n\n\n\n<p><strong>Andrii Petrychenko<\/strong><br>Ph.D. Student at the Intellectual Property Scientific Research Institute of the National Academy of Legal Sciences of Ukraine<br>Ukraine<br><a href=\"https:\/\/orcid.org\/0000-0002-6390-2795\">https:\/\/orcid.org\/0000-0002-6390-2795<\/a><\/p>\n\n\n\n<p><\/p>\n\n\n\n<div style=\"height:40px\" aria-hidden=\"true\" class=\"wp-block-spacer\"><\/div>\n\n\n\n<p><strong>Abstract<br><\/strong>The article analyses the status of legal framework and use of state symbols in trademarks in the Republic of Poland, including the genesis of law enforcement of exceptional conditions for granting legal protection to signs containing state symbols of the Republic of Poland and the correlation of these exceptions with Article 6 ter of the Paris Convention for the Protection of Industrial Property concerning the general prohibition of such use as an absolute ground for refusal to register a trade mark. The article draws attention to the fact of expanded application of Article 6 ter of the Paris Convention in the legislation of the Republic of Poland.&nbsp; It is emphasised that the Polish legislator did not limit itself to the prohibition of registration of marks containing coats of arms, flags, and other state emblems of the Union, but uses the concept of a symbol of the Republic of Poland (coat of arms, flag, or anthem). Accordingly, the concept of the symbol of the Republic of Poland is a broader concept than the coat of arms, flag, and emblem, not only because it also covers the use of the national anthem, but also because it is not limited to the statutory description under Polish law. The authors drew attention to the fact that the lack of registration of the national emblem and other official symbols of the Republic of Poland in the WIPO Article 6ter Express Database and the lack of a competent authority to grant permission to use the national symbols in a trademark are manifestations of legal uncertainty in the regulation of these legal relations, which contributes to unfair competition.<\/p>\n\n\n\n<p>Therefore, the authors suggest that Polish legislation needs further harmonisation with EU legislation. The author makes a recommendation to define at the legislative level a precise list of all authorised bodies that are obliged to consider requests of business entities for granting permits for use of state symbols in trademarks and the rules for their consideration.&nbsp; Taking into account the peculiarities of ex officio review of EU trademarks, it is recommended to include the full list of official symbols of the Republic of Poland in the relevant WIPO database.<\/p>\n\n\n\n<p><strong>Keywords: <\/strong>trademark, state symbols, legal protection, unfair competition<\/p>\n\n\n\n<div style=\"height:40px\" aria-hidden=\"true\" class=\"wp-block-spacer\"><\/div>\n\n\n\n<p><strong>References<\/strong><\/p>\n\n\n\n<p>Republic of Poland: Dekret tymczasowy o Urz\u0119dzie Patentowym&nbsp; z dnia 13 grudnia 1918 r. (Dz.U. 1918, nr 21, poz. 66).<br><a href=\"https:\/\/isap.sejm.gov.pl\/isap.nsf\/download.xsp\/WDU19180210066\/O\/D19180066.pdf\">https:\/\/isap.sejm.gov.pl\/isap.nsf\/download.xsp\/WDU19180210066\/O\/D19180066.pdf<\/a><\/p>\n\n\n\n<p>Wiadomo\u015bci Urz\u0119du Patentowego Rzeczypospolitej Polskiej.<br><a href=\"https:\/\/uprp.gov.pl\/pl\/publikacje\/biuletyn-i-wiadomosci-uprp\">https:\/\/uprp.gov.pl\/pl\/publikacje\/biuletyn-i-wiadomosci-uprp<\/a><\/p>\n\n\n\n<p>Republic of Poland: Ustawa z dnia 31 stycznia 1985 r. o znakach towarowych. (Dz.U. 1985 nr 5 poz. 17).<br><a href=\"https:\/\/isap.sejm.gov.pl\/isap.nsf\/download.xsp\/&nbsp;WDU19850050017\/U\/D19850017Lj.pdf\">https:\/\/isap.sejm.gov.pl\/isap.nsf\/download.xsp\/&nbsp;WDU19850050017\/U\/D19850017Lj.pdf<\/a><\/p>\n\n\n\n<p>Republic of Poland: Ustawa z dnia 30 czerwca 2000 r. Prawo w\u0142asno\u015bci przemys\u0142owej. (Dz.U. 2001 nr 49 poz. 508).<br><a href=\"https:\/\/isap.sejm.gov.pl\/isap.nsf\/download.xsp\/WDU20010490508\/U\/D20010508Lj.pdf\">https:\/\/isap.sejm.gov.pl\/isap.nsf\/download.xsp\/WDU20010490508\/U\/D20010508Lj.pdf<\/a><\/p>\n\n\n\n<p>European Union: Directive (EU) 2015\/2436 of the European Parliament and of the Council of 16 December 2015 to approximate the laws of the Member States relating to trade marks (recast).<br><a href=\"https:\/\/eur-lex.europa.eu\/eli\/dir\/2015\/2436\/oj\">https:\/\/eur-lex.europa.eu\/eli\/dir\/2015\/2436\/oj<\/a><\/p>\n\n\n\n<p>\u041f\u0430\u0440\u0438\u0437\u044c\u043a\u0430 \u043a\u043e\u043d\u0432\u0435\u043d\u0446\u0456\u044f \u043f\u0440\u043e \u043e\u0445\u043e\u0440\u043e\u043d\u0443 \u043f\u0440\u043e\u043c\u0438\u0441\u043b\u043e\u0432\u043e\u0457 \u0432\u043b\u0430\u0441\u043d\u043e\u0441\u0442\u0456 \u0432\u0456\u0434 28 \u0431\u0435\u0440\u0435\u0437\u043d\u044f 1883 \u0440.<br><a href=\"https:\/\/zakon.rada.gov.ua\/laws\/show\/995_123#Text\">https:\/\/zakon.rada.gov.ua\/laws\/show\/995_123#Text<\/a><\/p>\n\n\n\n<p>Republic of Poland: Konstytucja Rzeczypospolitej Polskiej z dnia 2 kwietnia 1997 r.<br><a href=\"https:\/\/www.sejm.gov.pl\/prawo\/konst\/polski\/kon1.htm\">https:\/\/www.sejm.gov.pl\/prawo\/konst\/polski\/kon1.htm<\/a><\/p>\n\n\n\n<p>Republic of Poland: Ustawa z dnia 31 stycznia 1980 r. o godle, barwach i hymnie Rzeczypospolitej Polskiej oraz o piecz\u0119ciach pa\u0144stwowych (Dz.U. 1980 nr 7 poz. 18).<br><a href=\"https:\/\/isap.sejm.gov.pl\/isap.nsf\/download.xsp\/WDU19800070018\/U\/D19800018Lj.pdf\">https:\/\/isap.sejm.gov.pl\/isap.nsf\/download.xsp\/WDU19800070018\/U\/D19800018Lj.pdf<\/a><\/p>\n\n\n\n<p>Hernacka-Janikowska A.M.&nbsp; Zniewa\u017cenie symboli i znak\u00f3w pa\u0144stwowych \u2013 aspekty prawno-politologiczne. Studia Prawnoustrojowe.&nbsp;2020. \u2116 47. S. 55-67.<br><a href=\"https:\/\/doi.org\/10.31648\/sp.5270\">https:\/\/doi.org\/10.31648\/sp.5270<\/a><\/p>\n\n\n\n<p>Wyrok Naczelnego S\u0105du Administracyjnego. II GSK 555\/09. Data orzeczenia 21.04.2021.<br><a href=\"https:\/\/orzeczenia.nsa.gov.pl\/doc\/522E77AD34\">https:\/\/orzeczenia.nsa.gov.pl\/doc\/522E77AD34<\/a><\/p>\n\n\n\n<p>Nowi\u0144ska E., Promi\u0144ska U., Szczepanowska-Koz\u0142owska K. Prawa w\u0142asno\u015bci przemys\u0142owej: przedmiot, tre\u015b\u0107 i naruszenie. Warszawa :&nbsp; 2021. Wolters Kluwer. S. 604.<\/p>\n\n\n\n<p>Republic of Poland: Ustawa z dnia 21 grudnia 1978 r. o odznakach i mundurach. (Dz.U. 1978 nr 31 poz. 130).<br><a href=\"https:\/\/isap.sejm.gov.pl\/isap.nsf\/download.xsp\/WDU19780310130\/U\/D19780130Lj.pdf\">https:\/\/isap.sejm.gov.pl\/isap.nsf\/download.xsp\/WDU19780310130\/U\/D19780130Lj.pdf<\/a><\/p>\n\n\n\n<p>Republic of Poland: Ustawa z dnia 16 pa\u017adziernika 1992 r. o orderach i odznaczeniach. (Dz.U. 1992 nr 90 poz. 450).<br><a href=\"https:\/\/isap.sejm.gov.pl\/isap.nsf\/download.xsp\/WDU19920900450\/U\/D19920450Lj.pdf\">https:\/\/isap.sejm.gov.pl\/isap.nsf\/download.xsp\/WDU19920900450\/U\/D19920450Lj.pdf<\/a><\/p>\n\n\n\n<p>Judgment of the General Court (First Chamber, Extended Composition), 22&nbsp;April 2016. Joined Cases T\u201160\/06 RENV II and T\u201162\/06 RENV II Italian Republic and Eurallumina SpA v European Commission.<br><a href=\"https:\/\/curia.europa.eu\/juris\/document\/document.jsf;jsessionid=0EDA880E5029EC69066D0F9EA7853C34?text=&#038;docid=186463&#038;pageIndex=0&#038;doclang=EN&#038;mode=req&#038;dir=&#038;occ=first&#038;part=1&#038;cid=2456129\">https:\/\/curia.europa.eu\/juris\/document\/document.jsf;jsessionid=0EDA880E5029EC69066D0F9EA7853C34?text=&#038;docid=186463&#038;pageIndex=0&#038;doclang=EN&#038;mode=req&#038;dir=&#038;occ=first&#038;part=1&#038;cid=2456129<\/a><\/p>\n\n\n\n<p>Judgment of the Court (Fifth Chamber) of 10 April 2003. Case C-305\/00. Christian Schulin v Saatgut-Treuhandverwaltungsgesellschaft mbH.<br><a href=\"https:\/\/eur-lex.europa.eu\/legal-content\/EN\/TXT\/?uri=ecli%3AECLI%3AEU%3AC%3A2003%3A218.\">https:\/\/eur-lex.europa.eu\/legal-content\/EN\/TXT\/?uri=ecli%3AECLI%3AEU%3AC%3A2003%3A218<\/a><\/p>\n\n\n\n<p>Judgment of the Court of First Instance (First Chamber, extended composition) of&nbsp; 21 October 1997. Deutsche Bahn AG v Commission of the European Communities. Case T-229\/94.<br><a href=\"https:\/\/eur-lex.europa.eu\/legal-content\/EN\/TXT\/?uri=ecli%3AECLI%3AEU%3AT%3A1997%3A155\">https:\/\/eur-lex.europa.eu\/legal-content\/EN\/TXT\/?uri=ecli%3AECLI%3AEU%3AT%3A1997%3A155<\/a><\/p>\n\n\n\n<p>Wyrok Wojew\u00f3dzkiego S\u0105du Administracyjnego w Warszawie. VI SAB\/Wa 66\/23. Data orzeczenia 20.02.2024.<br><a href=\"https:\/\/orzeczenia.nsa.gov.pl\/doc\/B1582A6549\">https:\/\/orzeczenia.nsa.gov.pl\/doc\/B1582A6549<\/a><\/p>\n\n\n\n<p>Wyrok Naczelnego S\u0105du Administracyjnego. II GSK 544\/12. Data orzeczenia 23.07.2013.<br><a href=\"https:\/\/orzeczenia.nsa.gov.pl\/doc\/B4FA1CE270\">https:\/\/orzeczenia.nsa.gov.pl\/doc\/B4FA1CE270<\/a><\/p>\n\n\n\n<p>Republic of Poland: Ustawa z dnia 5 lutego 1924 r. o ochronie wynalazk\u00f3w, wzor\u00f3w i znak\u00f3w towarowych. (Dz.U. 1924 nr 31 poz. 306).<br><a href=\"https:\/\/isap.sejm.gov.pl\/isap.nsf\/download.xsp\/WDU19240310306\/O\/D19240306.pdf\">https:\/\/isap.sejm.gov.pl\/isap.nsf\/download.xsp\/WDU19240310306\/O\/D19240306.pdf<\/a><\/p>\n\n\n\n<p>Du Vall M. 100 lat znak\u00f3w towarowych w Polsce. 2018.<br><a href=\"https:\/\/radcaprawny.kirp.pl\/archiwum\/praktyka\/100-lat-znakow-towarowych-w-polsce\/\">https:\/\/radcaprawny.kirp.pl\/archiwum\/praktyka\/100-lat-znakow-towarowych-w-polsce\/<\/a><\/p>\n\n\n\n<p>Wiadomo\u015bci Urz\u0119du Patentowego. R.2, z. 12 (31 grudnia 1925). Wiadomo\u015bci Urz\u0119du Patentowego (1924-1943, 1946-1948).&nbsp; Biblioteka Jagiello\u0144ska, 101821 III. S. 1531.<br><a href=\"https:\/\/jbc.bj.uj.edu.pl\/dlibra\/publication\/413173\/edition\/388880\/content\">https:\/\/jbc.bj.uj.edu.pl\/dlibra\/publication\/413173\/edition\/388880\/content<\/a><\/p>\n\n\n\n<p>Corthesy N. Trade marks, country names and misappropriation of national identity. Journal of Intellectual Property Law &#038; Practice. 2017. 12(4).&nbsp; P. 297-306.<br><a href=\"https:\/\/doi.org\/10.1093\/JIPLP\/JPX005\">https:\/\/doi.org\/10.1093\/JIPLP\/JPX005<\/a><\/p>\n\n\n\n<p>Republic of Poland: Ustawa z dnia 10 czerwca 2014 r. o ochronie Znaku Polski Walcz\u0105cej (Dz.U. 2014 poz. 1062).<br><a href=\"https:\/\/isap.sejm.gov.pl\/isap.nsf\/download.xsp\/WDU20140001062\/O\/D20141062.pdf\">https:\/\/isap.sejm.gov.pl\/isap.nsf\/download.xsp\/WDU20140001062\/O\/D20141062.pdf<\/a><\/p>\n\n\n\n<p>Kowalewicz P. Znak Polski Walcz\u0105cej &#8211; historyczny symbol czy znak towarowy? 2021.<br><a href=\"https:\/\/legalnakultura.pl\/pl\/czytelnia-kulturalna\/wspolne-sprawy\/news\/3502,znak-polski-walczacej-historyczny-symbol-czy-znak-towarowy-1#gsc.tab=0\">https:\/\/legalnakultura.pl\/pl\/czytelnia-kulturalna\/wspolne-sprawy\/news\/3502,znak-polski-walczacej-historyczny-symbol-czy-znak-towarowy-1#gsc.tab=0<\/a><\/p>\n\n\n\n<p>WIPO. Article 6ter Express Database.<br><a href=\"https:\/\/6ter.wipo.int\/struct-search\">https:\/\/6ter.wipo.int\/struct-search<\/a><\/p>\n\n\n\n<p>\u0411\u043e\u0434\u0435\u043d\u0433\u0430\u0443\u0437\u0435\u043d \u0413. \u041f\u0430\u0440\u0438\u0437\u044c\u043a\u0430 \u043a\u043e\u043d\u0432\u0435\u043d\u0446\u0456\u044f \u0437 \u043e\u0445\u043e\u0440\u043e\u043d\u0438 \u043f\u0440\u043e\u043c\u0438\u0441\u043b\u043e\u0432\u043e\u0457 \u0432\u043b\u0430\u0441\u043d\u043e\u0441\u0442\u0456: \u043a\u043e\u043c\u0435\u043d\u0442\u0430\u0440 \/ \u043f\u0435\u0440. \u0437 \u0430\u043d\u0433\u043b., \u043f\u0435\u0440\u0435\u0434\u043c. \u0442\u0430 \u043d\u0430\u0443\u043a. \u0440\u0435\u0434. \u0413. \u041e. \u0410\u043d\u0434\u0440\u043e\u0449\u0443\u043a\u0430. \u041a\u0438\u0457\u0432 : \u041f\u0430\u0440\u043b\u0430\u043c\u0435\u043d\u0442\u0441\u044c\u043a\u0435 \u0432\u0438\u0434\u0430\u0432\u043d\u0438\u0446\u0442\u0432\u043e, 2018. 264 \u0441.<\/p>\n\n\n\n<p>Kruk M. W stulecie niepodleg\u0142o\u015bci warto zadba\u0107 o nasze symbole. 2018.<br><a href=\"https:\/\/www.rp.pl\/opinie-prawne\/art9538771-w-stulecie-niepodleglosci-warto-zadbac-o-nasze-symbole\">https:\/\/www.rp.pl\/opinie-prawne\/art9538771-w-stulecie-niepodleglosci-warto-zadbac-o-nasze-symbole<\/a><\/p>\n\n\n\n<p>European Union: Regulation (EU) 2017\/1001 of the European Parliament and of the Council of 14 June 2017 on the European Union trade mark (codification).<br><a href=\"https:\/\/eur-lex.europa.eu\/legal-content\/EN\/TXT\/?uri=CELEX%3A32017R1001\">https:\/\/eur-lex.europa.eu\/legal-content\/EN\/TXT\/?uri=CELEX%3A32017R1001<\/a><\/p>\n\n\n\n<p>Guidelines for examination European Union intellectual property office (EUIPO) Part B Examination Section 4 Absolute grounds for refusal. Pages 610-612.<br><a href=\"https:\/\/guidelines.euipo.europa.eu\/binary\/2214311\/2000150000\">https:\/\/guidelines.euipo.europa.eu\/binary\/2214311\/2000150000<\/a><\/p>\n<\/div>\n<\/div>\n","protected":false},"excerpt":{"rendered":"<p>Theory and practice of intellectual property\u2116 1 \/ 2025 ISSN (Print) 2308-0361ISSN (Online) 2519-2744 DOI: https:\/\/doi.org\/10.33731\/12025.324977 Submitted&nbsp; &nbsp;&nbsp; 2025-01-22Accepted &nbsp;&nbsp; &nbsp; 2025-02-10Published &nbsp;&nbsp;&nbsp;&nbsp;&nbsp;2025-03-18 Use of state symbolism in trademarks in the Republic of Poland Gennadiy AndroshchukPh.D. (Economics), Associate Professor, Chief Researcher of the Department of industrial property and commercialization of intellectual property objects of the [&hellip;]<\/p>\n","protected":false},"author":1,"featured_media":0,"parent":0,"menu_order":0,"comment_status":"closed","ping_status":"closed","template":"","meta":{"footnotes":""},"class_list":["post-7735","page","type-page","status-publish","hentry"],"_links":{"self":[{"href":"https:\/\/inprojournal.org\/en\/wp-json\/wp\/v2\/pages\/7735","targetHints":{"allow":["GET"]}}],"collection":[{"href":"https:\/\/inprojournal.org\/en\/wp-json\/wp\/v2\/pages"}],"about":[{"href":"https:\/\/inprojournal.org\/en\/wp-json\/wp\/v2\/types\/page"}],"author":[{"embeddable":true,"href":"https:\/\/inprojournal.org\/en\/wp-json\/wp\/v2\/users\/1"}],"replies":[{"embeddable":true,"href":"https:\/\/inprojournal.org\/en\/wp-json\/wp\/v2\/comments?post=7735"}],"version-history":[{"count":8,"href":"https:\/\/inprojournal.org\/en\/wp-json\/wp\/v2\/pages\/7735\/revisions"}],"predecessor-version":[{"id":8206,"href":"https:\/\/inprojournal.org\/en\/wp-json\/wp\/v2\/pages\/7735\/revisions\/8206"}],"wp:attachment":[{"href":"https:\/\/inprojournal.org\/en\/wp-json\/wp\/v2\/media?parent=7735"}],"curies":[{"name":"wp","href":"https:\/\/api.w.org\/{rel}","templated":true}]}}