{"id":11333,"date":"2026-03-24T17:11:32","date_gmt":"2026-03-24T15:11:32","guid":{"rendered":"https:\/\/inprojournal.org\/?page_id=11333"},"modified":"2026-03-24T17:11:32","modified_gmt":"2026-03-24T15:11:32","slug":"2026-1-2","status":"publish","type":"page","link":"https:\/\/inprojournal.org\/en\/2026-1-2\/","title":{"rendered":"2026-1-2"},"content":{"rendered":"\n<p><\/p>\n\n\n\n<div class=\"wp-block-columns is-layout-flex wp-container-core-columns-is-layout-9d6595d7 wp-block-columns-is-layout-flex\">\n<div class=\"wp-block-column is-layout-flow wp-block-column-is-layout-flow\" style=\"flex-basis:33.33%\">\n<figure class=\"wp-block-image size-large is-resized\"><img loading=\"lazy\" decoding=\"async\" width=\"734\" height=\"1024\" src=\"https:\/\/inprojournal.org\/wp-content\/uploads\/2023\/03\/018-cover-734x1024.jpg\" alt=\"\" class=\"wp-image-3609\" style=\"width:217px;height:302px\" srcset=\"https:\/\/inprojournal.org\/wp-content\/uploads\/2023\/03\/018-cover-734x1024.jpg 734w, https:\/\/inprojournal.org\/wp-content\/uploads\/2023\/03\/018-cover-215x300.jpg 215w, https:\/\/inprojournal.org\/wp-content\/uploads\/2023\/03\/018-cover-768x1071.jpg 768w, https:\/\/inprojournal.org\/wp-content\/uploads\/2023\/03\/018-cover-1101x1536.jpg 1101w, https:\/\/inprojournal.org\/wp-content\/uploads\/2023\/03\/018-cover-1468x2048.jpg 1468w, https:\/\/inprojournal.org\/wp-content\/uploads\/2023\/03\/018-cover-scaled.jpg 1835w\" sizes=\"auto, (max-width: 734px) 100vw, 734px\" \/><\/figure>\n\n\n\n<div style=\"height:26px\" aria-hidden=\"true\" class=\"wp-block-spacer\"><\/div>\n\n\n\n<p class=\"has-small-font-size\">Theory and practice of intellectual property<br>\u2116 1 \/ 2026<\/p>\n\n\n\n<p class=\"has-small-font-size\">ISSN (Print) 2308-0361<br>ISSN (Online) 2519-2744<\/p>\n\n\n\n<div class=\"wp-block-buttons has-custom-font-size is-content-justification-left is-layout-flex wp-container-core-buttons-is-layout-fdcfc74e wp-block-buttons-is-layout-flex\" style=\"font-size:10px\">\n<div class=\"wp-block-button is-style-outline is-style-outline--1\"><a class=\"wp-block-button__link has-black-color has-text-color has-custom-font-size wp-element-button\" href=\"https:\/\/drive.google.com\/file\/d\/1-MCqGweRC9eGCQs2_lsMB_SsvryQNDGC\/view\" style=\"border-radius:10px;font-size:10px\" target=\"_blank\" rel=\"noreferrer noopener\"><img loading=\"lazy\" decoding=\"async\" width=\"14\" height=\"14\" class=\"wp-image-362\" style=\"width: 14px;\" src=\"https:\/\/test.inprojournal.org\/wp-content\/uploads\/2023\/01\/free-icon-pdf-201153.png\" alt=\"\" srcset=\"https:\/\/inprojournal.org\/wp-content\/uploads\/2023\/01\/free-icon-pdf-201153.png 512w, https:\/\/inprojournal.org\/wp-content\/uploads\/2023\/01\/free-icon-pdf-201153-300x300.png 300w, https:\/\/inprojournal.org\/wp-content\/uploads\/2023\/01\/free-icon-pdf-201153-150x150.png 150w, https:\/\/inprojournal.org\/wp-content\/uploads\/2023\/01\/free-icon-pdf-201153-450x450.png 450w, https:\/\/inprojournal.org\/wp-content\/uploads\/2023\/01\/free-icon-pdf-201153-106x106.png 106w, https:\/\/inprojournal.org\/wp-content\/uploads\/2023\/01\/free-icon-pdf-201153-80x80.png 80w\" sizes=\"auto, (max-width: 14px) 100vw, 14px\" \/> PDF (Ukrainian)<\/a><\/div>\n<\/div>\n\n\n\n<div style=\"height:26px\" aria-hidden=\"true\" class=\"wp-block-spacer\"><\/div>\n\n\n\n<p class=\"has-small-font-size\">DOI: <a href=\"https:\/\/doi.org\/10.33731\/tpip.2026.1.2\">https:\/\/doi.org\/10.33731\/tpip.2026.1.2<\/a><\/p>\n\n\n\n<p class=\"has-small-font-size\">Submitted\u00a0 \u00a0\u00a0 2026-01-12<br>Accepted \u00a0\u00a0 \u00a0 2026-02-09<br>Published \u00a0\u00a0\u00a0\u00a0\u00a02026-03-12<\/p>\n\n\n\n<p class=\"has-small-font-size\"><\/p>\n\n\n\n<div style=\"height:8px\" aria-hidden=\"true\" class=\"wp-block-spacer\"><\/div>\n\n\n\n<figure class=\"wp-block-image size-full is-resized\"><img decoding=\"async\" src=\"https:\/\/inprojournal.org\/wp-content\/uploads\/2025\/11\/CC-2.png\" alt=\"\" class=\"wp-image-6960\" style=\"width:131px;height:auto\"\/><\/figure>\n\n\n\n<p class=\"has-small-font-size\"><\/p>\n\n\n\n<div style=\"height:26px\" aria-hidden=\"true\" class=\"wp-block-spacer\"><\/div>\n\n\n\n<p class=\"has-small-font-size\"><\/p>\n<\/div>\n\n\n\n<div class=\"wp-block-column is-layout-flow wp-block-column-is-layout-flow\" style=\"flex-basis:66.66%\">\n<p class=\"has-medium-font-size\"><strong>Dance notation systems as a mean of fixation of choreographic works<\/strong><\/p>\n\n\n\n<div style=\"height:40px\" aria-hidden=\"true\" class=\"wp-block-spacer\"><\/div>\n\n\n\n<p><strong>Artem Bakutin<\/strong><br>3rd-year PhD Student of the Department of Intellectual Property Law and Patent Justice, <br>National University \u201cOdesa Law Academy\u201d <br>Odesa, Ukraine<br><a href=\"https:\/\/orcid.org\/0009-0004-6857-6222\">https:\/\/orcid.org\/0009-0004-6857-6222<\/a><\/p>\n\n\n\n<div style=\"height:40px\" aria-hidden=\"true\" class=\"wp-block-spacer\"><\/div>\n\n\n\n<p><strong>Abstract<br><\/strong>The article studies the evolution of notation systems for choreographic works as tools for their material fixation, the transformation of dance recording methods from historical graphic schemes to the modern digital models based on artificial intelligence and motion capture technologies. The theoretical distinction between the \u2018recording\u2019 and \u2018notation\u2019 is revealed, with the latter defined as an analytical system for encoding the author&#8217;s intention. The key notation systems (Labanotation, Benesh Movement Notation) are analysed through their ability to serve as evidence in legal disputes. The article examines US precedents on choreography protection in the digital age and the current legislative framework. The result of the study is a justification of the notation\u2019s role as a mechanism for transforming ephemeral movement into structured data that embodies a choreographic work in an objective form on a medium and serves as evidence. The integration of classical systems with the latest technologies (blockchain, AI descriptors) allows the unique structure of a work to be identified to prove plagiarism. Modern notation is an effective legal tool that provides legal certainty for authors in the global digital environment.<\/p>\n\n\n\n<p><strong>Keywords: <\/strong>choreographic work, four-dimensional work, movement notation, recording of a work, Labanotation, copyright, artificial intelligence, digital preservation<\/p>\n\n\n\n<div style=\"height:40px\" aria-hidden=\"true\" class=\"wp-block-spacer\"><\/div>\n\n\n\n<p><strong>References<\/strong><\/p>\n\n\n\n<p>Arbeau, T. (1589). Orch\u00e9sographie: Et traict\u00e9 en forme de dialogue, par lequel toutes personnes peuvent facilement apprendre &#038; practiquer l\u2019honneste exercice des dances. Jehan des Preyz.<br><a href=\"https:\/\/www.loc.gov\/item\/55003658\/\">https:\/\/www.loc.gov\/item\/55003658\/<\/a><\/p>\n\n\n\n<p>Bernstein, N. A. (1996). On dexterity and its development: An approach to physical therapy. Human Kinetics.<br><a href=\"https:\/\/archive.org\/details\/dexterityitsdeve0000unse\">https:\/\/archive.org\/details\/dexterityitsdeve0000unse<\/a><\/p>\n\n\n\n<p>Feuillet, R.-A. (1700). Chor\u00e9graphie, ou l\u2019art de d\u00e9crire la danse par caract\u00e8res, figures et signes d\u00e9monstratifs. Chez l\u2019Auteur.<br><a href=\"https:\/\/www.libraryofdance.org\/manuals\/1700-Feuillet-Choregraphie_(BNF).pdf\">https:\/\/www.libraryofdance.org\/manuals\/1700-Feuillet-Choregraphie_(BNF).pdf<\/a><\/p>\n\n\n\n<p>Franko, M. (2002). The work of dance: Labor, movement, and identity in the 1930s. Wesleyan University Press.<\/p>\n\n\n\n<p>Gorman, R. A. (2006). Copyright law (2nd ed.). Federal Judicial Center.<br><a href=\"https:\/\/www.govinfo.gov\/content\/pkg\/GOVPUB-JU13-PURL-LPS72353\/pdf\/GOVPUB-JU13-PURL-LPS72353.pdf\">https:\/\/www.govinfo.gov\/content\/pkg\/GOVPUB-JU13-PURL-LPS72353\/pdf\/GOVPUB-JU13-PURL-LPS72353.pdf<\/a><\/p>\n\n\n\n<p>Guest, A. (1989). H. Choreographics: A Comparison of Dance Notation Systems from the Fifteenth Century to the Present. Routledge.<\/p>\n\n\n\n<p>Guest, A. H. (2005). Labanotation: The system of analyzing and recording movement (4th ed.). Routledge.<\/p>\n\n\n\n<p>Hilton, W. (1981). Dance of court and theater: The French noble style, 1690\u20131725. Princeton Book Company. <a href=\"https:\/\/archive.org\/details\/danceofcourtthea0000hilt\">https:\/\/archive.org\/details\/danceofcourtthea0000hilt<\/a><\/p>\n\n\n\n<p>Knust, A. (1979). Dictionary of kinetography Laban (Labanotation) (Vols. 1\u20132). Macdonald and Evans Ltd.<\/p>\n\n\n\n<p>Kraut, A. (2015). Choreographing copyright: Race, gender, and intellectual property rights in American dance. Oxford University Press.<br><a href=\"https:\/\/doi.org\/10.1093\/acprof:oso\/9780199360369.001.0001\">https:\/\/doi.org\/10.1093\/acprof:oso\/9780199360369.001.0001<\/a><\/p>\n\n\n\n<p>Laban, R. V. (1971). The mastery of movement. Macdonald &#038; Evans.<br><a href=\"https:\/\/archive.org\/details\/masteryofmovemen0000laba\">https:\/\/archive.org\/details\/masteryofmovemen0000laba<\/a><\/p>\n\n\n\n<p>Lakes, J. M. (2005). A pas de deux for choreography and copyright. New York University Law Review, 80(6), 1829\u20131859.<br><a href=\"https:\/\/www.nyulawreview.org\/wp-content\/uploads\/2018\/08\/NYULawReview-80-6-Lakes.pdf\">https:\/\/www.nyulawreview.org\/wp-content\/uploads\/2018\/08\/NYULawReview-80-6-Lakes.pdf<\/a><\/p>\n\n\n\n<p>Lepecki, A. (2004). Of the presence of the body: Essays on dance and performance theory. Wesleyan University Press.<br><a href=\"https:\/\/archive.org\/details\/ofpresenceofbody0000unse\">https:\/\/archive.org\/details\/ofpresenceofbody0000unse<\/a><\/p>\n\n\n\n<p>Nimmer, M. B. (2019). Nimmer on copyright: Treatise on the law of literary, musical, and artistic works (M. B. Nimmer &#038; D. Nimmer, Eds.). LexisNexis.<\/p>\n\n\n\n<p>Phelan, P. (1993). Afterword: Notes on hope. In Unmarked: The politics of performance. Routledge.<br><a href=\"https:\/\/doi.org\/10.4324\/9780203359433\">https:\/\/doi.org\/10.4324\/9780203359433<\/a><\/p>\n\n\n\n<p>Rameau, P. (1725). Le ma\u00eetre \u00e0 danser: Qui enseigne la mani\u00e8re de faire tous les diff\u00e9rens pas de danse dans toute la r\u00e9gularit\u00e9 de l\u2019art, &#038; de conduire les bras \u00e0 chaque pas. J. Villette.<br><a href=\"https:\/\/archive.org\/details\/lematredanserq00rameuoft\">https:\/\/archive.org\/details\/lematredanserq00rameuoft<\/a><\/p>\n\n\n\n<p>Singer, B. A. (1984). In search of adequate protection for choreographic works: Legislative and judicial alternatives vs. the custom of the dance community. University of Miami Law Review, 38(2), 287\u2013319.<br><a href=\"https:\/\/repository.law.miami.edu\/umlr\/vol38\/iss2\/5\">https:\/\/repository.law.miami.edu\/umlr\/vol38\/iss2\/5<\/a><\/p>\n\n\n\n<p>Zatsiorsky, V. M. (2002). Kinetics of human motion. Human Kinetics.<\/p>\n<\/div>\n<\/div>\n","protected":false},"excerpt":{"rendered":"<p>Theory and practice of intellectual property\u2116 1 \/ 2026 ISSN (Print) 2308-0361ISSN (Online) 2519-2744 DOI: https:\/\/doi.org\/10.33731\/tpip.2026.1.2 Submitted\u00a0 \u00a0\u00a0 2026-01-12Accepted \u00a0\u00a0 \u00a0 2026-02-09Published \u00a0\u00a0\u00a0\u00a0\u00a02026-03-12 Dance notation systems as a mean of fixation of choreographic works Artem Bakutin3rd-year PhD Student of the Department of Intellectual Property Law and Patent Justice, National University \u201cOdesa Law Academy\u201d Odesa, Ukrainehttps:\/\/orcid.org\/0009-0004-6857-6222 [&hellip;]<\/p>\n","protected":false},"author":1,"featured_media":0,"parent":0,"menu_order":0,"comment_status":"closed","ping_status":"closed","template":"","meta":{"footnotes":""},"class_list":["post-11333","page","type-page","status-publish","hentry"],"_links":{"self":[{"href":"https:\/\/inprojournal.org\/en\/wp-json\/wp\/v2\/pages\/11333","targetHints":{"allow":["GET"]}}],"collection":[{"href":"https:\/\/inprojournal.org\/en\/wp-json\/wp\/v2\/pages"}],"about":[{"href":"https:\/\/inprojournal.org\/en\/wp-json\/wp\/v2\/types\/page"}],"author":[{"embeddable":true,"href":"https:\/\/inprojournal.org\/en\/wp-json\/wp\/v2\/users\/1"}],"replies":[{"embeddable":true,"href":"https:\/\/inprojournal.org\/en\/wp-json\/wp\/v2\/comments?post=11333"}],"version-history":[{"count":2,"href":"https:\/\/inprojournal.org\/en\/wp-json\/wp\/v2\/pages\/11333\/revisions"}],"predecessor-version":[{"id":11336,"href":"https:\/\/inprojournal.org\/en\/wp-json\/wp\/v2\/pages\/11333\/revisions\/11336"}],"wp:attachment":[{"href":"https:\/\/inprojournal.org\/en\/wp-json\/wp\/v2\/media?parent=11333"}],"curies":[{"name":"wp","href":"https:\/\/api.w.org\/{rel}","templated":true}]}}