{"id":10744,"date":"2026-02-11T10:42:18","date_gmt":"2026-02-11T08:42:18","guid":{"rendered":"https:\/\/inprojournal.org\/?page_id=10744"},"modified":"2026-02-11T10:42:18","modified_gmt":"2026-02-11T08:42:18","slug":"2019-1-5","status":"publish","type":"page","link":"https:\/\/inprojournal.org\/en\/2019-1-5\/","title":{"rendered":"2019-1-5"},"content":{"rendered":"\n<p><\/p>\n\n\n\n<div class=\"wp-block-columns is-layout-flex wp-container-core-columns-is-layout-9d6595d7 wp-block-columns-is-layout-flex\">\n<div class=\"wp-block-column is-layout-flow wp-block-column-is-layout-flow\" style=\"flex-basis:33.33%\">\n<figure class=\"wp-block-image size-large is-resized\"><img loading=\"lazy\" decoding=\"async\" width=\"734\" height=\"1024\" src=\"https:\/\/inprojournal.org\/wp-content\/uploads\/2023\/03\/018-cover-734x1024.jpg\" alt=\"\" class=\"wp-image-3609\" style=\"width:217px;height:302px\" srcset=\"https:\/\/inprojournal.org\/wp-content\/uploads\/2023\/03\/018-cover-734x1024.jpg 734w, https:\/\/inprojournal.org\/wp-content\/uploads\/2023\/03\/018-cover-215x300.jpg 215w, https:\/\/inprojournal.org\/wp-content\/uploads\/2023\/03\/018-cover-768x1071.jpg 768w, https:\/\/inprojournal.org\/wp-content\/uploads\/2023\/03\/018-cover-1101x1536.jpg 1101w, https:\/\/inprojournal.org\/wp-content\/uploads\/2023\/03\/018-cover-1468x2048.jpg 1468w, https:\/\/inprojournal.org\/wp-content\/uploads\/2023\/03\/018-cover-scaled.jpg 1835w\" sizes=\"auto, (max-width: 734px) 100vw, 734px\" \/><\/figure>\n\n\n\n<div style=\"height:26px\" aria-hidden=\"true\" class=\"wp-block-spacer\"><\/div>\n\n\n\n<p class=\"has-small-font-size\">Theory and practice of intellectual property<br>\u2116 1 \/ 2019<\/p>\n\n\n\n<p class=\"has-small-font-size\">ISSN (Print) 2308-0361<br>ISSN (Online) 2519-2744<\/p>\n\n\n\n<div class=\"wp-block-buttons has-custom-font-size is-content-justification-left is-layout-flex wp-container-core-buttons-is-layout-fdcfc74e wp-block-buttons-is-layout-flex\" style=\"font-size:10px\">\n<div class=\"wp-block-button is-style-outline is-style-outline--1\"><a class=\"wp-block-button__link has-black-color has-text-color has-custom-font-size wp-element-button\" href=\"https:\/\/drive.google.com\/file\/d\/1cnASOG6ZZzXcTNFtkf3Mk0RwO-IFz4-J\/view\" style=\"border-radius:10px;font-size:10px\" target=\"_blank\" rel=\"noreferrer noopener\"><img loading=\"lazy\" decoding=\"async\" width=\"14\" height=\"14\" class=\"wp-image-362\" style=\"width: 14px;\" src=\"https:\/\/test.inprojournal.org\/wp-content\/uploads\/2023\/01\/free-icon-pdf-201153.png\" alt=\"\" srcset=\"https:\/\/inprojournal.org\/wp-content\/uploads\/2023\/01\/free-icon-pdf-201153.png 512w, https:\/\/inprojournal.org\/wp-content\/uploads\/2023\/01\/free-icon-pdf-201153-300x300.png 300w, https:\/\/inprojournal.org\/wp-content\/uploads\/2023\/01\/free-icon-pdf-201153-150x150.png 150w, https:\/\/inprojournal.org\/wp-content\/uploads\/2023\/01\/free-icon-pdf-201153-450x450.png 450w, https:\/\/inprojournal.org\/wp-content\/uploads\/2023\/01\/free-icon-pdf-201153-106x106.png 106w, https:\/\/inprojournal.org\/wp-content\/uploads\/2023\/01\/free-icon-pdf-201153-80x80.png 80w\" sizes=\"auto, (max-width: 14px) 100vw, 14px\" \/> PDF (Ukrainian)<\/a><\/div>\n<\/div>\n\n\n\n<div style=\"height:26px\" aria-hidden=\"true\" class=\"wp-block-spacer\"><\/div>\n\n\n\n<p class=\"has-small-font-size\">DOI: <a href=\"https:\/\/doi.org\/10.33731\/12019.162738\">https:\/\/doi.org\/10.33731\/12019.162738<\/a><\/p>\n\n\n\n<p class=\"has-small-font-size\">Published \u00a0\u00a0\u00a0\u00a0\u00a02019-02-28<\/p>\n\n\n\n<div style=\"height:8px\" aria-hidden=\"true\" class=\"wp-block-spacer\"><\/div>\n\n\n\n<figure class=\"wp-block-image size-full is-resized\"><img decoding=\"async\" src=\"https:\/\/inprojournal.org\/wp-content\/uploads\/2025\/11\/CC-2.png\" alt=\"\" class=\"wp-image-6960\" style=\"width:131px;height:auto\"\/><\/figure>\n\n\n\n<p class=\"has-small-font-size\"><\/p>\n\n\n\n<p class=\"has-small-font-size\"><\/p>\n<\/div>\n\n\n\n<div class=\"wp-block-column is-layout-flow wp-block-column-is-layout-flow\" style=\"flex-basis:66.66%\">\n<p class=\"has-medium-font-size\"><strong>An injunction as a measure of copyright enforcement<\/strong><\/p>\n\n\n\n<div style=\"height:40px\" aria-hidden=\"true\" class=\"wp-block-spacer\"><\/div>\n\n\n\n<p><strong>Kostiantyn Zerov<\/strong><br>Ukraine<\/p>\n\n\n\n<div style=\"height:40px\" aria-hidden=\"true\" class=\"wp-block-spacer\"><\/div>\n\n\n\n<p><strong>Abstract<br><\/strong>The article analyzes the content, peculiarities of application and types of an injunction as a measure of copyright enforcement and its impact on the level of copyright infringement with the use of the Internet. An injunction in copyright cases on works posted online may consist of, for example, removing work from a web page content or in a web-blocking. Since the injunction is a measure of enforcement established by law and therefore meets the first criterion of the permissibility of restricting the right to freedom of expression provided for in Part 2. Art. 10 of the Convention for the Protection of Human Rights and Fundamental Freedoms. At the same time, the injunction is measure of copyright enforcement and not a measure of liability, and therefore its application does not depend on the fact that the terms of limiting the liability of internet intermediaries and the existence of guilt in their acts are met. The applying for an injunction against intermediaries whose services are used by a third party to infringe an intellectual property right as a measure of copyright enforcement is possible within the scope of current legal regulation in Ukraine, since the possibility of using a an injunction (including web blocking) is expressly provided in the Agreement on the association. The use of web blocking as a type of injunction is an effective way of protecting and enforcing copyright and reduces the total number of visits to blocked sites, as evidenced by statistical studies.<\/p>\n\n\n\n<p><strong>Keywords: <\/strong>copyright protection, web blocking, injunction<\/p>\n\n\n\n<div style=\"height:40px\" aria-hidden=\"true\" class=\"wp-block-spacer\"><\/div>\n\n\n\n<p><strong>References<\/strong><\/p>\n\n\n\n<p>\u0428\u0442\u0435\u0444\u0430\u043d \u0410. \u0421. \u0426\u0438\u0432\u0456\u043b\u044c\u043d\u043e-\u043f\u0440\u0430\u0432\u043e\u0432\u0456 \u0441\u043f\u043e\u0441\u043e\u0431\u0438 \u0437\u0430\u0445\u0438\u0441\u0442\u0443 \u0430\u0432\u0442\u043e\u0440\u0441\u044c\u043a\u043e\u0433\u043e \u043f\u0440\u0430\u0432\u0430 \u0456 \u0441\u0443\u043c\u0456\u0436\u043d\u0438\u0445 \u043f\u0440\u0430\u0432. \u0422\u0435\u043e\u0440\u0456\u044f \u0456 \u043f\u0440\u0430\u043a\u0442\u0438\u043a\u0430 \u0456\u043d\u0442\u0435\u043b\u0435\u043a\u0442\u0443\u0430\u043b\u044c\u043d\u043e\u0457 \u0432\u043b\u0430\u0441\u043d\u043e\u0441\u0442\u0456. 2009. \u2116 2. \u0421. 41\u201351.<\/p>\n\n\n\n<p>Directive 2001\/29\/EC of the European Parliament and of the Council of 22 May 2001 on the harmonisation of certain aspects of copyright and related rights in the information society. <br><a href=\"http:\/\/eur-lex.europa.eu\/LexUriServ\/LexUriServ.do?uri=OJ:L:2001:167:0010:0019:EN:PDF\">http:\/\/eur-lex.europa.eu\/LexUriServ\/LexUriServ.do?uri=OJ:L:2001:167:0010:0019:EN:PDF<\/a><\/p>\n\n\n\n<p>Directive 2004\/48\/EC of the European Parliament and of the Council of 29 April 2004 on the enforcement of intellectual property rights. <br><a href=\"http:\/\/eurlex.europa.eu\/LexUriServ\/LexUriServ.do?uri=OJ:L:2004:195:0016:0025:en:PDF\">http:\/\/eurlex.europa.eu\/LexUriServ\/LexUriServ.do?uri=OJ:L:2004:195:0016:0025:en:PDF<\/a><\/p>\n\n\n\n<p>Association Agreement between the European Union and its Member States, of the one part, and Ukraine, of the other part. <br><a href=\"http:\/\/eur-lex.europa.eu\/legal-content\/EN\/TXT\/PDF\/?uri=OJ:L:2014:161:FULL&#038;from=EN\">http:\/\/eur-lex.europa.eu\/legal-content\/EN\/TXT\/PDF\/?uri=OJ:L:2014:161:FULL&#038;from=EN<\/a><\/p>\n\n\n\n<p>\u041f\u0440\u043e \u0442\u0435\u043b\u0435\u043a\u043e\u043c\u0443\u043d\u0456\u043a\u0430\u0446\u0456\u0457: \u0417\u0430\u043a\u043e\u043d \u0423\u043a\u0440\u0430\u0457\u043d\u0438 \u2116 1280-IV \u0432\u0456\u0434 18.11.2003 \u0440\u043e\u043a\u0443 (\u0437\u0456 \u0437\u043c\u0456\u043d\u0430\u043c\u0438). \u0412\u0456\u0434\u043e\u043c\u043e\u0441\u0442\u0456 \u0412\u0435\u0440\u0445\u043e\u0432\u043d\u043e\u0457 \u0420\u0430\u0434\u0438 \u0423\u043a\u0440\u0430\u0457\u043d\u0438. 2004. \u2116 1. \u0421\u0442. 155.<\/p>\n\n\n\n<p>Directive 2000\/31\/EC of the European Parliament and of the Council of 8 June 2000 on certain legal aspects of information society services, in particular electronic commerce, in the Internal Market (Directive on electronic commerce). <br><a href=\"http:\/\/eur-lex.europa.eu\/legal-content\/EN\/TXT\/?uri=celex:32000L0031\">http:\/\/eur-lex.europa.eu\/legal-content\/EN\/TXT\/?uri=celex:32000L0031<\/a><\/p>\n\n\n\n<p>\u0417\u0435\u0440\u043e\u0432 \u041a. \u041e. \u0412\u0435\u0431-\u0431\u043b\u043e\u043a\u0443\u0432\u0430\u043d\u043d\u044f \u044f\u043a \u0441\u043f\u043e\u0441\u0456\u0431 \u0437\u0430\u0445\u0438\u0441\u0442\u0443 \u0430\u0432\u0442\u043e\u0440\u0441\u044c\u043a\u0438\u0445 \u043f\u0440\u0430\u0432 \u043d\u0430 \u0442\u0432\u043e\u0440\u0438, \u0449\u043e \u0440\u043e\u0437\u043c\u0456\u0449\u0435\u043d\u0456 \u0432 \u043c\u0435\u0440\u0435\u0436\u0456 \u0406\u043d\u0442\u0435\u0440\u043d\u0435\u0442. \u0417\u0430\u043a\u043e\u043d\u043e\u0434\u0430\u0432\u0441\u0442\u0432\u043e \u0423\u043a\u0440\u0430\u0457\u043d\u0438 \u0443 \u0441\u0444\u0435\u0440\u0456 \u0456\u043d\u0442\u0435\u043b\u0435\u043a\u0442\u0443\u0430\u043b\u044c\u043d\u043e\u0457 \u0432\u043b\u0430\u0441\u043d\u043e\u0441\u0442\u0456 \u0442\u0430 \u0439\u043e\u0433\u043e \u043f\u0440\u0430\u0432\u043e\u0437\u0430\u0441\u0442\u043e\u0441\u0443\u0432\u0430\u043d\u043d\u044f: \u043d\u0430\u0446\u0456\u043e\u043d\u0430\u043b\u044c\u043d\u0456, \u0454\u0432\u0440\u043e\u043f\u0435\u0439\u0441\u044c\u043a\u0456 \u0442\u0430 \u043c\u0456\u0436\u043d\u0430\u0440\u043e\u0434\u043d\u0456 \u0432\u0438\u043c\u0456\u0440\u0438: \u0437\u0431\u0456\u0440\u043d\u0438\u043a \u043d\u0430\u0443\u043a\u043e\u0432\u0438\u0445 \u043f\u0440\u0430\u0446\u044c IV \u0412\u0441\u0435\u0443\u043a\u0440\u0430\u0457\u043d\u0441\u044c\u043a\u043e\u0457 \u043d\u0430\u0443\u043a\u043e\u0432\u043e-\u043f\u0440\u0430\u043a\u0442\u0438\u0447\u043d\u043e\u0457 \u043a\u043e\u043d\u0444\u0435\u0440\u0435\u043d\u0446\u0456\u0457 (\u043c. \u041a\u0438\u0457\u0432, 23.09.2016 \u0440\u043e\u043a\u0443). \u041a., 2016. \u0421. 84\u201393.<\/p>\n\n\n\n<p>Order of the Court (Eighth Chamber) of 19 February 2009. LSG-Gesellschaft zur Wahrnehmung von Leistungsschutzrechten GmbH v Tele2 Telecommunication GmbH. Case C-557\/07. ECLI:EU:C:2009:107. <br><a href=\"http:\/\/curia.europa.eu\/juris\/liste.jsf?language=en&#038;num=C-557\/07\">http:\/\/curia.europa.eu\/juris\/liste.jsf?language=en&#038;num=C-557\/07<\/a><\/p>\n\n\n\n<p>Judgment of the Court (Fourth Chamber), 27 March 2014 UPC Telekabel Wien GmbH v Constantin Film Verleih GmbH and Wega Filmproduktionsgesellschaft mbH. Case C\u2011314\/12. ECLI:EU:C:2014:192.<br><a href=\"http:\/\/curia.europa.eu\/juris\/liste.jsf?num=C-314\/12\">http:\/\/curia.europa.eu\/juris\/liste.jsf?num=C-314\/12<\/a><\/p>\n\n\n\n<p>\u0420\u0435\u0454\u0441\u0442\u0440 \u043e\u043f\u0435\u0440\u0430\u0442\u043e\u0440\u0456\u0432, \u043f\u0440\u043e\u0432\u0430\u0439\u0434\u0435\u0440\u0456\u0432 \u0442\u0435\u043b\u0435\u043a\u043e\u043c\u0443\u043d\u0456\u043a\u0430\u0446\u0456\u0439. <br><a href=\"http:\/\/nkrzi.gov.ua\/index.php?r=site\/index&#038;pg=55&#038;language=uk\">http:\/\/nkrzi.gov.ua\/index.php?r=site\/index&#038;pg=55&#038;language=uk<\/a>&nbsp;<\/p>\n\n\n\n<p>Ltd &#038; Ors v British Sky Broadcasting Ltd &#038; Ors [2014] EWHC 3444 (Ch) (23 October 2014). <br><a href=\"http:\/\/www.bailii.org\/ew\/cases\/EWHC\/Ch\/2014\/3444.html\">http:\/\/www.bailii.org\/ew\/cases\/EWHC\/Ch\/2014\/3444.html<\/a><\/p>\n\n\n\n<p>Bundesgerichtshof zur Haftung von Access-Providern f\u00fcr Urheberrechtsverletzungen Dritter Urteile vom 26. November 2015 I ZR 3\/14 und I ZR 174\/14. <br><a href=\"http:\/\/juris.bundesgerichtshof.de\/cgi-bin\/rechtsprechung\/document.py?Gericht=bgh&#038;Art=en&#038;Datum=Aktuell&#038;nr=72928&#038;linked=pm\">http:\/\/juris.bundesgerichtshof.de\/cgi-bin\/rechtsprechung\/document.py?Gericht=bgh&#038;Art=en&#038;Datum=Aktuell&#038;nr=72928&#038;linked=pm<\/a><\/p>\n\n\n\n<p>Danaher B. Website Blocking Revisited: The Effect of the UK November 2014 Blocks on Consumer Behavior. <br><a href=\"https:\/\/papers.ssrn.com\/sol3\/papers.cfm?abstract_id=2766795\">https:\/\/papers.ssrn.com\/sol3\/papers.cfm?abstract_id=2766795<\/a><\/p>\n\n\n\n<p>Liveinternet: \u0417\u0430 \u0433\u043e\u0434 \u00ab\u0432\u0435\u0447\u043d\u043e\u0439\u00bb \u0431\u043b\u043e\u043a\u0438\u0440\u043e\u0432\u043a\u0438 Rutracker \u043f\u043e\u0442\u0435\u0440\u044f\u043b \u0431\u043e\u043b\u0435\u0435 40% \u043f\u0440\u043e\u0441\u043c\u043e\u0442\u0440\u043e\u0432. <br><a href=\"https:\/\/vc.ru\/21413-rutracker-one-year-block\">https:\/\/vc.ru\/21413-rutracker-one-year-block<\/a><\/p>\n\n\n\n<p>Feiler L. Website Blocking Injunctions under EU and U.S. Copyright Law\u2014Slow Death of the Global Internet or Emergence of the Rule of National Copyright Law? <br><a href=\"https:\/\/law.stanford.edu\/wp-content\/uploads\/sites\/default\/files\/publication\/203758\/doc\/slspublic\/feiler_wp13.pdf\">https:\/\/law.stanford.edu\/wp-content\/uploads\/sites\/default\/files\/publication\/203758\/doc\/slspublic\/feiler_wp13.pdf<\/a><\/p>\n\n\n\n<p>Case of Akdeniz v. Turkey (dec.), Application no 20877\/10. <br><a href=\"http:\/\/hudoc.echr.coe.int\/eng?i=002-9493\">http:\/\/hudoc.echr.coe.int\/eng?i=002-9493<\/a>&nbsp;<\/p>\n\n\n\n<p>Case of Ahmet Y\u0131ld\u0131r\u0131m v. Turkey, Application no 3111\/10. ECLI:CE:ECHR:2012:1218JUD000311110. <br><a href=\"http:\/\/hudoc.echr.coe.int\/eng?i=001-115705\">http:\/\/hudoc.echr.coe.int\/eng?i=001-115705<\/a><\/p>\n\n\n\n<p>Case of Cengiz and others v. Turkey, applications nos. 48226\/10 and 14027\/11. ECLI:CE:ECHR:2015. <br><a href=\"http:\/\/hudoc.echr.coe.int\/eng?i=001-159188\">http:\/\/hudoc.echr.coe.int\/eng?i=001-159188<\/a><\/p>\n\n\n\n<p>Twentieth Century Fox Film Corp v British Telecommunications Plc [2011] EWHC 1981 (Ch) (28 July 2011). <br><a href=\"https:\/\/bbc.in\/2P1oFa0\">https:\/\/bbc.in\/2P1oFa0<\/a><\/p>\n\n\n\n<p>Wang F. Site-blocking Orders in the EU: Justifications and Feasibility. <br><a href=\"https:\/\/bit.ly\/2AyZMcE\">https:\/\/bit.ly\/2AyZMcE<\/a><\/p>\n<\/div>\n<\/div>\n","protected":false},"excerpt":{"rendered":"<p>Theory and practice of intellectual property\u2116 1 \/ 2019 ISSN (Print) 2308-0361ISSN (Online) 2519-2744 DOI: https:\/\/doi.org\/10.33731\/12019.162738 Published \u00a0\u00a0\u00a0\u00a0\u00a02019-02-28 An injunction as a measure of copyright enforcement Kostiantyn ZerovUkraine AbstractThe article analyzes the content, peculiarities of application and types of an injunction as a measure of copyright enforcement and its impact on the level of copyright [&hellip;]<\/p>\n","protected":false},"author":1,"featured_media":0,"parent":0,"menu_order":0,"comment_status":"closed","ping_status":"closed","template":"","meta":{"footnotes":""},"class_list":["post-10744","page","type-page","status-publish","hentry"],"_links":{"self":[{"href":"https:\/\/inprojournal.org\/en\/wp-json\/wp\/v2\/pages\/10744","targetHints":{"allow":["GET"]}}],"collection":[{"href":"https:\/\/inprojournal.org\/en\/wp-json\/wp\/v2\/pages"}],"about":[{"href":"https:\/\/inprojournal.org\/en\/wp-json\/wp\/v2\/types\/page"}],"author":[{"embeddable":true,"href":"https:\/\/inprojournal.org\/en\/wp-json\/wp\/v2\/users\/1"}],"replies":[{"embeddable":true,"href":"https:\/\/inprojournal.org\/en\/wp-json\/wp\/v2\/comments?post=10744"}],"version-history":[{"count":3,"href":"https:\/\/inprojournal.org\/en\/wp-json\/wp\/v2\/pages\/10744\/revisions"}],"predecessor-version":[{"id":10747,"href":"https:\/\/inprojournal.org\/en\/wp-json\/wp\/v2\/pages\/10744\/revisions\/10747"}],"wp:attachment":[{"href":"https:\/\/inprojournal.org\/en\/wp-json\/wp\/v2\/media?parent=10744"}],"curies":[{"name":"wp","href":"https:\/\/api.w.org\/{rel}","templated":true}]}}