{"id":10015,"date":"2026-02-06T10:53:33","date_gmt":"2026-02-06T08:53:33","guid":{"rendered":"https:\/\/inprojournal.org\/?page_id=10015"},"modified":"2026-02-06T10:54:13","modified_gmt":"2026-02-06T08:54:13","slug":"2020-5-7","status":"publish","type":"page","link":"https:\/\/inprojournal.org\/en\/2020-5-7\/","title":{"rendered":"2020-5-7"},"content":{"rendered":"\n<p><\/p>\n\n\n\n<div class=\"wp-block-columns is-layout-flex wp-container-core-columns-is-layout-9d6595d7 wp-block-columns-is-layout-flex\">\n<div class=\"wp-block-column is-layout-flow wp-block-column-is-layout-flow\" style=\"flex-basis:33.33%\">\n<figure class=\"wp-block-image size-large is-resized\"><img loading=\"lazy\" decoding=\"async\" width=\"734\" height=\"1024\" src=\"https:\/\/inprojournal.org\/wp-content\/uploads\/2023\/03\/018-cover-734x1024.jpg\" alt=\"\" class=\"wp-image-3609\" style=\"width:217px;height:302px\" srcset=\"https:\/\/inprojournal.org\/wp-content\/uploads\/2023\/03\/018-cover-734x1024.jpg 734w, https:\/\/inprojournal.org\/wp-content\/uploads\/2023\/03\/018-cover-215x300.jpg 215w, https:\/\/inprojournal.org\/wp-content\/uploads\/2023\/03\/018-cover-768x1071.jpg 768w, https:\/\/inprojournal.org\/wp-content\/uploads\/2023\/03\/018-cover-1101x1536.jpg 1101w, https:\/\/inprojournal.org\/wp-content\/uploads\/2023\/03\/018-cover-1468x2048.jpg 1468w, https:\/\/inprojournal.org\/wp-content\/uploads\/2023\/03\/018-cover-scaled.jpg 1835w\" sizes=\"auto, (max-width: 734px) 100vw, 734px\" \/><\/figure>\n\n\n\n<div style=\"height:26px\" aria-hidden=\"true\" class=\"wp-block-spacer\"><\/div>\n\n\n\n<p class=\"has-small-font-size\">Theory and practice of intellectual property<br>\u2116 5 \/ 2020<\/p>\n\n\n\n<p class=\"has-small-font-size\">ISSN (Print) 2308-0361<br>ISSN (Online) 2519-2744<\/p>\n\n\n\n<div class=\"wp-block-buttons has-custom-font-size is-content-justification-left is-layout-flex wp-container-core-buttons-is-layout-fdcfc74e wp-block-buttons-is-layout-flex\" style=\"font-size:10px\">\n<div class=\"wp-block-button is-style-outline is-style-outline--1\"><a class=\"wp-block-button__link has-black-color has-text-color has-custom-font-size wp-element-button\" href=\"https:\/\/drive.google.com\/file\/d\/1axdC-XKFQXCA8vKevq-Oz_oSjAdSu5A2\/view\" style=\"border-radius:10px;font-size:10px\" target=\"_blank\" rel=\"noreferrer noopener\"><img loading=\"lazy\" decoding=\"async\" width=\"14\" height=\"14\" class=\"wp-image-362\" style=\"width: 14px;\" src=\"https:\/\/test.inprojournal.org\/wp-content\/uploads\/2023\/01\/free-icon-pdf-201153.png\" alt=\"\" srcset=\"https:\/\/inprojournal.org\/wp-content\/uploads\/2023\/01\/free-icon-pdf-201153.png 512w, https:\/\/inprojournal.org\/wp-content\/uploads\/2023\/01\/free-icon-pdf-201153-300x300.png 300w, https:\/\/inprojournal.org\/wp-content\/uploads\/2023\/01\/free-icon-pdf-201153-150x150.png 150w, https:\/\/inprojournal.org\/wp-content\/uploads\/2023\/01\/free-icon-pdf-201153-450x450.png 450w, https:\/\/inprojournal.org\/wp-content\/uploads\/2023\/01\/free-icon-pdf-201153-106x106.png 106w, https:\/\/inprojournal.org\/wp-content\/uploads\/2023\/01\/free-icon-pdf-201153-80x80.png 80w\" sizes=\"auto, (max-width: 14px) 100vw, 14px\" \/> PDF (Ukrainian)<\/a><\/div>\n<\/div>\n\n\n\n<div style=\"height:26px\" aria-hidden=\"true\" class=\"wp-block-spacer\"><\/div>\n\n\n\n<p class=\"has-small-font-size\">DOI: <a href=\"https:\/\/doi.org\/10.33731\/52020.233739\">https:\/\/doi.org\/10.33731\/52020.233739<\/a><\/p>\n\n\n\n<p class=\"has-small-font-size\">Published \u00a0\u00a0\u00a0\u00a0\u00a02020-11-30<\/p>\n\n\n\n<div style=\"height:8px\" aria-hidden=\"true\" class=\"wp-block-spacer\"><\/div>\n\n\n\n<figure class=\"wp-block-image size-full is-resized\"><img decoding=\"async\" src=\"https:\/\/inprojournal.org\/wp-content\/uploads\/2025\/11\/CC-2.png\" alt=\"\" class=\"wp-image-6960\" style=\"width:131px;height:auto\"\/><\/figure>\n\n\n\n<p class=\"has-small-font-size\"><\/p>\n\n\n\n<p class=\"has-small-font-size\"><\/p>\n<\/div>\n\n\n\n<div class=\"wp-block-column is-layout-flow wp-block-column-is-layout-flow\" style=\"flex-basis:66.66%\">\n<p class=\"has-medium-font-size\"><strong>Unregistered industrial design: protection in the European Union and the problem of trolling in Ukraine<\/strong><\/p>\n\n\n\n<div style=\"height:40px\" aria-hidden=\"true\" class=\"wp-block-spacer\"><\/div>\n\n\n\n<p><strong>Yurii Kapitsa<\/strong><br>Ukraine<br><a href=\"https:\/\/orcid.org\/0000-0002-9449-8422\">https:\/\/orcid.org\/0000-0002-9449-8422<\/a><\/p>\n\n\n\n<p><\/p>\n\n\n\n<div style=\"height:40px\" aria-hidden=\"true\" class=\"wp-block-spacer\"><\/div>\n\n\n\n<p><strong>Abstract<br><\/strong>The article considers a new provisions concerning unregistered industrial design (hereinafter \u2014 UD), introduced by the Law of Ukraine No 815-IX of 21.07.2020.<\/p>\n\n\n\n<p>There is an incomplete reflection in the Association Agreement between the EU and Ukraine and in the adopted Law of the provisions of Council Regulation (EC) No 6\/2002 on Community designs, in particular the lack of implementation of Art. 85 (2) of the Regulation concerning the conditions under which courts consider UD to be valid; and the rulings of the Court of Justice that the right holder must provide evidence that the UD was copied by a third party, Case C-345\/13 etc.<\/p>\n\n\n\n<p>This may result in trolling in Ukraine with the use of UD to prohibit the use of known products or products created independently, bypassing trademarks.<\/p>\n\n\n\n<p>It is actual to:<br>&#8211; provide amendments to the Law of Ukraine \u00abOn protection of rights to industrial designs\u00bb concerning the provisions of Art. 85 (2) of Regulation No 6\/2002 and the case law of the Court of Justice;<br>&#8211; extend the competence of the Appeals Chamber to cases concerning the recognition of UD as invalid;<br>&#8211; amend the Law as well Art. 139, 140 of the Code of Civil Procedure of Ukraine and Art. 151, 153 of the Economic and Procedural Code of Ukraine regarding the provisions of Art. 50 TRIPS which stipulates that judicial authorities shall have the authority to require the applicant to provide any reasonably available evidence in order to satisfy themselves with a sufficient degree of certainty that the applicant is the right holder and that the applicant\u2019s right is being infringed or that such infringement is imminent.<\/p>\n\n\n\n<p>There is a danger of partial approximation not to the whole EU acquis governing the protection of relevant IP rights which may result in the difficulty of applying implemented provisions of EU acts and developing national case law which could contradict EU case law.<\/p>\n\n\n\n<p><strong>Keywords: <\/strong>unregistered industrial design, protection of intellectual property rights, approximation of legislation, trolling<\/p>\n\n\n\n<div style=\"height:40px\" aria-hidden=\"true\" class=\"wp-block-spacer\"><\/div>\n\n\n\n<p><strong>References<\/strong><\/p>\n\n\n\n<p>Council Regulation (EC) No 6\/2002 of 12 December 2001 on Community designs. OJ L 05.01.2002. P. 1.<\/p>\n\n\n\n<p>Commission Regulation (EC) No 2245\/2002 of 21 October 2002 implementing Council Regulation (EC) No 6\/2002 on Community designs. OJ L 341. 17.12.2002. P. 28.<\/p>\n\n\n\n<p>Legal review on industrial design protection in Europe. European Commission. 15 April 2016. 168 p.<\/p>\n\n\n\n<p>Church, O., Derclaye, E. &#038; Stupfler, G. An Empirical Analysis of the Design Case Law of the EU Member States. IIC 50, 685\u2013719 (2019).<\/p>\n\n\n\n<p>Court of Justice, Case C\u2013345\/13, Case C\u2013479\/12; German Federal Supreme Court, Case I ZR 23\/12; United Kingdom High Court, Case [2007] IEHC 449; Lietuvos Apeliacinis Teismas, Case 2A-73-823\/2018 \u0442\u043e\u0449\u043e.<\/p>\n\n\n\n<p>German Federal Supreme Court decision of December 13, 2012 \u2013 Case I ZR 23\/12 \u2013 Boleroj\u00e4ckchen.<\/p>\n\n\n\n<p>Case C 345\/13, Opinion of Advocate General Wathelet, Karen Millen Fashions Ltd v Dunnes Stores, 2014.<\/p>\n\n\n\n<p>Judgment of the Court (Third Chamber), 13.02.2014, Case C\u2013479\/12, H. Gautzsch Gro\u00dfhandel GmbH &#038; Co. KG v M\u00fcnchener Boulevard M\u00f6bel Joseph Duna GmbH.<\/p>\n\n\n\n<p>Judgment of the Court (Second Chamber), 19 June 2014, Case C\u2013345\/13 Karen Millen Fashions Ltd v Dunnes Stores, Dunnes Stores (Limerick) Ltd.<\/p>\n\n\n\n<p>\u041f\u0440\u043e \u0432\u043d\u0435\u0441\u0435\u043d\u043d\u044f \u0437\u043c\u0456\u043d \u0434\u043e \u0434\u0435\u044f\u043a\u0438\u0445 \u0437\u0430\u043a\u043e\u043d\u043e\u0434\u0430\u0432\u0447\u0438\u0445 \u0430\u043a\u0442\u0456\u0432 \u0423\u043a\u0440\u0430\u0457\u043d\u0438 \u0449\u043e\u0434\u043e \u043f\u043e\u0441\u0438\u043b\u0435\u043d\u043d\u044f \u043e\u0445\u043e\u0440\u043e\u043d\u0438 \u0456 \u0437\u0430\u0445\u0438\u0441\u0442\u0443 \u043f\u0440\u0430\u0432 \u043d\u0430 \u0442\u043e\u0440\u0433\u043e\u0432\u0435\u043b\u044c\u043d\u0456 \u043c\u0430\u0440\u043a\u0438 \u0456 \u043f\u0440\u043e\u043c\u0438\u0441\u043b\u043e\u0432\u0456 \u0437\u0440\u0430\u0437\u043a\u0438 \u0442\u0430 \u0431\u043e\u0440\u043e\u0442\u044c\u0431\u0438 \u0437 \u043f\u0430\u0442\u0435\u043d\u0442\u043d\u0438\u043c \u0442\u0440\u043e\u043b\u0456\u043d\u0433\u043e\u043c : \u041f\u0440\u043e\u0435\u043a\u0442 \u0417\u0430\u043a\u043e\u043d\u0443 \u0432\u0456\u0434 11.10.2019 No 2258.<\/p>\n\n\n\n<p>\u041a\u0430\u043f\u0456\u0446\u0430 \u042e. \u041c. \u041f\u0440\u0430\u0432\u043e \u0456\u043d\u0442\u0435\u043b\u0435\u043a\u0442\u0443\u0430\u043b\u044c\u043d\u043e\u0457 \u0432\u043b\u0430\u0441\u043d\u043e\u0441\u0442\u0456 \u0404\u0432\u0440\u043e\u043f\u0435\u0439\u0441\u044c\u043a\u043e\u0433\u043e \u0421\u043e\u044e\u0437\u0443: \u0444\u043e\u0440\u043c\u0443\u0432\u0430\u043d\u043d\u044f, \u0456\u043d\u0441\u0442\u0438\u0442\u0443\u0442\u0438, \u043d\u0430\u043f\u0440\u044f\u043c\u0438 \u0440\u043e\u0437\u0432\u0438\u0442\u043a\u0443. \u041d\u0410\u041d \u0423\u043a\u0440\u0430\u0457\u043d\u0438, \u0426\u0435\u043d\u0442\u0440 \u0434\u043e\u0441\u043b\u0456\u0434\u0436\u0435\u043d\u044c \u0456\u043d\u0442\u0435\u043b\u0435\u043a\u0442\u0443\u0430\u043b\u044c\u043d\u043e\u0457 \u0432\u043b\u0430\u0441\u043d\u043e\u0441\u0442\u0456 \u0442\u0430 \u0442\u0440\u0430\u043d\u0441\u0444\u0435\u0440\u0443 \u0442\u0435\u0445\u043d\u043e\u043b\u043e\u0433\u0456\u0439 \u041d\u0410\u041d \u0423\u043a\u0440\u0430\u0457\u043d\u0438. \u041a\u0438\u0457\u0432 : \u0410\u043a\u0430\u0434\u0435\u043c\u043f\u0435\u0440\u0456\u043e\u0434\u0438\u043a\u0430, 2017. \u0421. 449\u2013490.<\/p>\n<\/div>\n<\/div>\n","protected":false},"excerpt":{"rendered":"<p>Theory and practice of intellectual property\u2116 5 \/ 2020 ISSN (Print) 2308-0361ISSN (Online) 2519-2744 DOI: https:\/\/doi.org\/10.33731\/52020.233739 Published \u00a0\u00a0\u00a0\u00a0\u00a02020-11-30 Unregistered industrial design: protection in the European Union and the problem of trolling in Ukraine Yurii KapitsaUkrainehttps:\/\/orcid.org\/0000-0002-9449-8422 AbstractThe article considers a new provisions concerning unregistered industrial design (hereinafter \u2014 UD), introduced by the Law of Ukraine No [&hellip;]<\/p>\n","protected":false},"author":1,"featured_media":0,"parent":0,"menu_order":0,"comment_status":"closed","ping_status":"closed","template":"","meta":{"footnotes":""},"class_list":["post-10015","page","type-page","status-publish","hentry"],"_links":{"self":[{"href":"https:\/\/inprojournal.org\/en\/wp-json\/wp\/v2\/pages\/10015","targetHints":{"allow":["GET"]}}],"collection":[{"href":"https:\/\/inprojournal.org\/en\/wp-json\/wp\/v2\/pages"}],"about":[{"href":"https:\/\/inprojournal.org\/en\/wp-json\/wp\/v2\/types\/page"}],"author":[{"embeddable":true,"href":"https:\/\/inprojournal.org\/en\/wp-json\/wp\/v2\/users\/1"}],"replies":[{"embeddable":true,"href":"https:\/\/inprojournal.org\/en\/wp-json\/wp\/v2\/comments?post=10015"}],"version-history":[{"count":4,"href":"https:\/\/inprojournal.org\/en\/wp-json\/wp\/v2\/pages\/10015\/revisions"}],"predecessor-version":[{"id":10020,"href":"https:\/\/inprojournal.org\/en\/wp-json\/wp\/v2\/pages\/10015\/revisions\/10020"}],"wp:attachment":[{"href":"https:\/\/inprojournal.org\/en\/wp-json\/wp\/v2\/media?parent=10015"}],"curies":[{"name":"wp","href":"https:\/\/api.w.org\/{rel}","templated":true}]}}