{"id":10000,"date":"2026-02-05T15:27:26","date_gmt":"2026-02-05T13:27:26","guid":{"rendered":"https:\/\/inprojournal.org\/?page_id=10000"},"modified":"2026-02-05T15:28:37","modified_gmt":"2026-02-05T13:28:37","slug":"2020-5-5","status":"publish","type":"page","link":"https:\/\/inprojournal.org\/en\/2020-5-5\/","title":{"rendered":"2020-5-5"},"content":{"rendered":"\n<p><\/p>\n\n\n\n<div class=\"wp-block-columns is-layout-flex wp-container-core-columns-is-layout-9d6595d7 wp-block-columns-is-layout-flex\">\n<div class=\"wp-block-column is-layout-flow wp-block-column-is-layout-flow\" style=\"flex-basis:33.33%\">\n<figure class=\"wp-block-image size-large is-resized\"><img loading=\"lazy\" decoding=\"async\" width=\"734\" height=\"1024\" src=\"https:\/\/inprojournal.org\/wp-content\/uploads\/2023\/03\/018-cover-734x1024.jpg\" alt=\"\" class=\"wp-image-3609\" style=\"width:217px;height:302px\" srcset=\"https:\/\/inprojournal.org\/wp-content\/uploads\/2023\/03\/018-cover-734x1024.jpg 734w, https:\/\/inprojournal.org\/wp-content\/uploads\/2023\/03\/018-cover-215x300.jpg 215w, https:\/\/inprojournal.org\/wp-content\/uploads\/2023\/03\/018-cover-768x1071.jpg 768w, https:\/\/inprojournal.org\/wp-content\/uploads\/2023\/03\/018-cover-1101x1536.jpg 1101w, https:\/\/inprojournal.org\/wp-content\/uploads\/2023\/03\/018-cover-1468x2048.jpg 1468w, https:\/\/inprojournal.org\/wp-content\/uploads\/2023\/03\/018-cover-scaled.jpg 1835w\" sizes=\"auto, (max-width: 734px) 100vw, 734px\" \/><\/figure>\n\n\n\n<div style=\"height:26px\" aria-hidden=\"true\" class=\"wp-block-spacer\"><\/div>\n\n\n\n<p class=\"has-small-font-size\">Theory and practice of intellectual property<br>\u2116 5 \/ 2020<\/p>\n\n\n\n<p class=\"has-small-font-size\">ISSN (Print) 2308-0361<br>ISSN (Online) 2519-2744<\/p>\n\n\n\n<div class=\"wp-block-buttons has-custom-font-size is-content-justification-left is-layout-flex wp-container-core-buttons-is-layout-fdcfc74e wp-block-buttons-is-layout-flex\" style=\"font-size:10px\">\n<div class=\"wp-block-button is-style-outline is-style-outline--1\"><a class=\"wp-block-button__link has-black-color has-text-color has-custom-font-size wp-element-button\" href=\"https:\/\/drive.google.com\/file\/d\/1vXpUkpGQyStzdlZkC5-HBaKahj3h8Wh2\/view\" style=\"border-radius:10px;font-size:10px\" target=\"_blank\" rel=\"noreferrer noopener\"><img loading=\"lazy\" decoding=\"async\" width=\"14\" height=\"14\" class=\"wp-image-362\" style=\"width: 14px;\" src=\"https:\/\/test.inprojournal.org\/wp-content\/uploads\/2023\/01\/free-icon-pdf-201153.png\" alt=\"\" srcset=\"https:\/\/inprojournal.org\/wp-content\/uploads\/2023\/01\/free-icon-pdf-201153.png 512w, https:\/\/inprojournal.org\/wp-content\/uploads\/2023\/01\/free-icon-pdf-201153-300x300.png 300w, https:\/\/inprojournal.org\/wp-content\/uploads\/2023\/01\/free-icon-pdf-201153-150x150.png 150w, https:\/\/inprojournal.org\/wp-content\/uploads\/2023\/01\/free-icon-pdf-201153-450x450.png 450w, https:\/\/inprojournal.org\/wp-content\/uploads\/2023\/01\/free-icon-pdf-201153-106x106.png 106w, https:\/\/inprojournal.org\/wp-content\/uploads\/2023\/01\/free-icon-pdf-201153-80x80.png 80w\" sizes=\"auto, (max-width: 14px) 100vw, 14px\" \/> PDF (Ukrainian)<\/a><\/div>\n<\/div>\n\n\n\n<div style=\"height:26px\" aria-hidden=\"true\" class=\"wp-block-spacer\"><\/div>\n\n\n\n<p class=\"has-small-font-size\">DOI: <a href=\"https:\/\/doi.org\/10.33731\/52020.233733\">https:\/\/doi.org\/10.33731\/52020.233733<\/a><\/p>\n\n\n\n<p class=\"has-small-font-size\">Published &nbsp;&nbsp;&nbsp;&nbsp;&nbsp;2020-11-30<\/p>\n\n\n\n<div style=\"height:8px\" aria-hidden=\"true\" class=\"wp-block-spacer\"><\/div>\n\n\n\n<figure class=\"wp-block-image size-full is-resized\"><img decoding=\"async\" src=\"https:\/\/inprojournal.org\/wp-content\/uploads\/2025\/11\/CC-2.png\" alt=\"\" class=\"wp-image-6960\" style=\"width:131px;height:auto\"\/><\/figure>\n\n\n\n<p class=\"has-small-font-size\"><\/p>\n\n\n\n<p class=\"has-small-font-size\"><\/p>\n<\/div>\n\n\n\n<div class=\"wp-block-column is-layout-flow wp-block-column-is-layout-flow\" style=\"flex-basis:66.66%\">\n<p class=\"has-medium-font-size\"><strong>Catch-up and Time shift as ways to use copyright and related rights<\/strong><\/p>\n\n\n\n<div style=\"height:40px\" aria-hidden=\"true\" class=\"wp-block-spacer\"><\/div>\n\n\n\n<p><strong>Kostiantyn Zerov<\/strong><br>Ukraine<br><a href=\"https:\/\/orcid.org\/0000-0003-2916-7528\">https:\/\/orcid.org\/0000-0003-2916-7528<\/a><\/p>\n\n\n\n<p><\/p>\n\n\n\n<div style=\"height:40px\" aria-hidden=\"true\" class=\"wp-block-spacer\"><\/div>\n\n\n\n<p><strong>Abstract<br><\/strong>Based on the provisions of the current Ukrainian legislation and the legislation of the European Union, the legal nature of the Catch-up right and the Time Shift right is investigated, and their place among other ways of using objects of copyright and related rights is determined as a combination of the right of reproduction and the right of communication to the public. The right of reproduction is applicable in the case of Catch-up right and Time Shift because when recording on the server of the software service provider of the broadcasting and (or) broadcasting program, their new fixation is created. The right of communication to the public is applicable in the case of Catch-up right and Time Shift because it combines \u00aban act of communication\u00bb \u2014 uses a specific technical means different from that of the original communication, and is aimed at the \u00abpublic.\u00bb In the case of Catch-up right and Time Shift, it is irrelevant whether the potential recipients access the communicated objects through a one-to-one connection because this technique does not prevent a large number of persons from having access to the same work at the same time.<\/p>\n\n\n\n<p>It was determined that these rights are granted to program service providers and other persons who retransmit programs of a broadcasting organization based on license agreements, which are paid and additional to the main contract for retransmission of a broadcasting organization&#8217;s program. Moreover, the rights to Catch-up and Time Shift are limited in time (usually up to 7 calendar days for Catch-up and 24 hours for Time Shift from the moment of live broadcast). In the absence in the agreement of the conditions regarding the type of license, territory, and term of the agreement, the general provisions set out in Part 4 of Art. 1109, part 7 of Art. 1109 and part 3. Art. 1110 of the Civil Code of Ukraine, are appliable respectively. But usually these conditions may be different and more limited from the main license agreement for retransmission, for example Catch-up and Time Shift are geo-targeted to a specific area.<\/p>\n\n\n\n<p><strong>Keywords: <\/strong>Catch-up, Time Shift, communication to the public, reproduction, IPTV<\/p>\n\n\n\n<div style=\"height:40px\" aria-hidden=\"true\" class=\"wp-block-spacer\"><\/div>\n\n\n\n<p><strong>References<\/strong><\/p>\n\n\n\n<p>\u041f\u0440\u043e \u0430\u0432\u0442\u043e\u0440\u0441\u044c\u043a\u0435 \u043f\u0440\u0430\u0432\u043e \u0456 \u0441\u0443\u043c\u0456\u0436\u043d\u0456 \u043f\u0440\u0430\u0432\u0430 : \u0417\u0430\u043a\u043e\u043d \u0423\u043a\u0440\u0430\u0457\u043d\u0438 \u0432\u0456\u0434 23 \u0433\u0440\u0443\u0434\u043d\u044f 1993 \u0440\u043e\u043a\u0443 No 3792-XII. \u0412\u0456\u0434\u043e\u043c\u043e\u0441\u0442\u0456 \u0412\u0435\u0440\u0445\u043e\u0432\u043d\u043e\u0457 \u0420\u0430\u0434\u0438 \u0423\u043a\u0440\u0430\u0457\u043d\u0438. 1994. No 13. \u0421\u0442. 64.<\/p>\n\n\n\n<p>\u0426\u0438\u0432\u0456\u043b\u044c\u043d\u0438\u0439 \u043a\u043e\u0434\u0435\u043a\u0441 \u0423\u043a\u0440\u0430\u0457\u043d\u0438 : \u0417\u0430\u043a\u043e\u043d \u0423\u043a\u0440\u0430\u0457\u043d\u0438 \u0432\u0456\u0434 16 \u0441\u0456\u0447\u043d\u044f 2003 \u0440\u043e\u043a\u0443 No 435-IV. \u0412\u0456\u0434\u043e\u043c\u043e\u0441\u0442\u0456 \u0412\u0435\u0440\u0445\u043e\u0432\u043d\u043e\u0457 \u0420\u0430\u0434\u0438 \u0423\u043a\u0440\u0430\u0457\u043d\u0438. 2003. No 40\u221244. \u0421\u0442. 356.<\/p>\n\n\n\n<p>Association Agreement between the European Union and its Member States, of the one part, and Ukraine, of the other part.<br><a href=\"http:\/\/eur-lex.europa.eu\/legal-content\/EN\/TXT\/PDF\/?uri=OJ:L:2014:161:FULL&#038;from=EN\">http:\/\/eur-lex.europa.eu\/legal-content\/EN\/TXT\/PDF\/?uri=OJ:L:2014:161:FULL&#038;from=EN<\/a><\/p>\n\n\n\n<p>Judgment of the Court of 4 October 2011. Football Association Premier League Ltd and Others v QC Leisure and Others (C-403\/08) and Karen Murphy v Media Protection Services Ltd (C-429\/08). ECLI:EU:C:2011:631.<br><a href=\"https:\/\/bit.ly\/2RomnOW\">https:\/\/bit.ly\/2RomnOW<\/a><\/p>\n\n\n\n<p>Judgment of the Court (Fourth Chamber), 7 March 2013 ITV Broadcasting Ltd and Others v TVCatchUp Ltd. Case C-607\/11. ECLI:EU:C:2013:147.<br><a href=\"https:\/\/bit.ly\/2DafjSQ\">https:\/\/bit.ly\/2DafjSQ<\/a><\/p>\n\n\n\n<p>Judgment of the Court (Third Chamber), 15 March 2012 Societ\u00e0 Consortile Fonografici (SCF) v Marco Del Corso. Case C-135\/10. ECLI:EU:C:2012:140.<br><a href=\"https:\/\/bit.ly\/2CLtfl4\">https:\/\/bit.ly\/2CLtfl4<\/a><\/p>\n\n\n\n<p>Judgment of the Court (Third Chamber) of 2 June 2005. Mediakabel BV v Commissariaat voor de Media. Case C-89\/04. ECLI:EU:C:2005:348.<br><a href=\"http:\/\/curia.europa.eu\/juris\/liste.jsf?language=en&#038;num=C-89\/04\">http:\/\/curia.europa.eu\/juris\/liste.jsf?language=en&#038;num=C-89\/04<\/a><\/p>\n\n\n\n<p>Judgment of the Court (Third Chamber) of 14 July 2005. Lagard\u00e8re Active Broadcast v Soci\u00e9t\u00e9 pour la perception de la r\u00e9mun\u00e9ration \u00e9quitable (SPRE) and Gesellschaft zur Verwertung von Leistungsschutzrechten mbH (GVL). Case C-192\/04. ECLI:EU:C:2005:475.<br><a href=\"https:\/\/bit.ly\/2AyWXIB\">https:\/\/bit.ly\/2AyWXIB<\/a><\/p>\n\n\n\n<p>Judgment of the Court (Third Chamber) of 7 December 2006. Sociedad General de Autores y Editores de Espa\u00f1a (SGAE) v Rafael Hoteles SA. Case C-306\/05. ECLI:EU:C:2006:764.<br><a href=\"https:\/\/bit.ly\/2PqsGUI\">https:\/\/bit.ly\/2PqsGUI<\/a><\/p>\n<\/div>\n<\/div>\n","protected":false},"excerpt":{"rendered":"<p>Theory and practice of intellectual property\u2116 5 \/ 2020 ISSN (Print) 2308-0361ISSN (Online) 2519-2744 DOI: https:\/\/doi.org\/10.33731\/52020.233733 Published &nbsp;&nbsp;&nbsp;&nbsp;&nbsp;2020-11-30 Catch-up and Time shift as ways to use copyright and related rights Kostiantyn ZerovUkrainehttps:\/\/orcid.org\/0000-0003-2916-7528 AbstractBased on the provisions of the current Ukrainian legislation and the legislation of the European Union, the legal nature of the Catch-up right [&hellip;]<\/p>\n","protected":false},"author":1,"featured_media":0,"parent":0,"menu_order":0,"comment_status":"closed","ping_status":"closed","template":"","meta":{"footnotes":""},"class_list":["post-10000","page","type-page","status-publish","hentry"],"_links":{"self":[{"href":"https:\/\/inprojournal.org\/en\/wp-json\/wp\/v2\/pages\/10000","targetHints":{"allow":["GET"]}}],"collection":[{"href":"https:\/\/inprojournal.org\/en\/wp-json\/wp\/v2\/pages"}],"about":[{"href":"https:\/\/inprojournal.org\/en\/wp-json\/wp\/v2\/types\/page"}],"author":[{"embeddable":true,"href":"https:\/\/inprojournal.org\/en\/wp-json\/wp\/v2\/users\/1"}],"replies":[{"embeddable":true,"href":"https:\/\/inprojournal.org\/en\/wp-json\/wp\/v2\/comments?post=10000"}],"version-history":[{"count":7,"href":"https:\/\/inprojournal.org\/en\/wp-json\/wp\/v2\/pages\/10000\/revisions"}],"predecessor-version":[{"id":10008,"href":"https:\/\/inprojournal.org\/en\/wp-json\/wp\/v2\/pages\/10000\/revisions\/10008"}],"wp:attachment":[{"href":"https:\/\/inprojournal.org\/en\/wp-json\/wp\/v2\/media?parent=10000"}],"curies":[{"name":"wp","href":"https:\/\/api.w.org\/{rel}","templated":true}]}}